{"id":155633,"date":"2023-09-19T19:11:25","date_gmt":"2023-09-19T11:11:25","guid":{"rendered":"https:\/\/www.grab.com\/vn\/?page_id=155633"},"modified":"2023-09-20T11:34:27","modified_gmt":"2023-09-20T03:34:27","slug":"tan-lam-ve-nha-co-grabcar-don","status":"publish","type":"page","link":"https:\/\/www.grab.com\/vn\/tan-lam-ve-nha-co-grabcar-don\/","title":{"rendered":"Tan l\u00e0m \u0111\u1eb7t GrabCar \u0111\u00f3n"},"content":{"rendered":"<p><img loading=\"lazy\" decoding=\"async\" width=\"1200\" height=\"600\" class=\"alignnone size-full wp-image-155682\" src=\"https:\/\/assets.grab.com\/wp-content\/uploads\/sites\/11\/2023\/09\/20113355\/GC_1200x600_19092023.jpg\" alt=\"\" srcset=\"https:\/\/assets.grab.com\/wp-content\/uploads\/sites\/11\/2023\/09\/20113355\/GC_1200x600_19092023.jpg 1200w, https:\/\/assets.grab.com\/wp-content\/uploads\/sites\/11\/2023\/09\/20113355\/GC_1200x600_19092023-250x125.jpg 250w, https:\/\/assets.grab.com\/wp-content\/uploads\/sites\/11\/2023\/09\/20113355\/GC_1200x600_19092023-700x350.jpg 700w, https:\/\/assets.grab.com\/wp-content\/uploads\/sites\/11\/2023\/09\/20113355\/GC_1200x600_19092023-768x384.jpg 768w, https:\/\/assets.grab.com\/wp-content\/uploads\/sites\/11\/2023\/09\/20113355\/GC_1200x600_19092023-18x9.jpg 18w, https:\/\/assets.grab.com\/wp-content\/uploads\/sites\/11\/2023\/09\/20113355\/GC_1200x600_19092023-120x60.jpg 120w\" sizes=\"(max-width: 1200px) 100vw, 1200px\" \/><\/p>\n<p>\ud83e\udd71 Th\u1eddi ti\u1ebft \u1ea9m \u01b0\u01a1ng, n\u1eafng m\u01b0a th\u1ea5t th\u01b0\u1eddng, tan l\u00e0m b\u1ea1n GrabCar \u0111\u00f3n cho kho\u1ebb.<br \/>\n\ud83d\ude97 \u01afu \u0111\u00e3i \u0111\u1ed3ng gi\u00e1 30.000\u0111 \u00e1p d\u1ee5ng c\u00e1c chuy\u1ebfn xe GrabCar ho\u1eb7c GrabCar Plus c\u00f3 c\u01b0\u1edbc ph\u00ed d\u01b0\u1edbi ho\u1eb7c b\u1eb1ng 45.000\u0111*<\/p>\n<p><strong>\u0110i\u1ec1u ki\u1ec7n \u0111i\u1ec1u kho\u1ea3n \u00e1p d\u1ee5ng:\u00a0<\/strong><br \/>\n&#8211; V\u1edbi c\u00e1c chuy\u1ebfn xe c\u00f3 c\u01b0\u1edbc ph\u00ed t\u1eeb 46.000\u0111 tr\u1edf l\u00ean, \u01b0u \u0111\u1ed1i t\u1ed1i \u0111a 15.000\u0111.<\/p>\n<p>&#8211; \u01afu \u0111\u00e3i \u00e1p d\u1ee5ng trong khung gi\u1edd t\u1eeb 16:00 \u0111\u1ebfn 20:00.<\/p>\n<p>&#8211; M\u1ed7i ng\u01b0\u1eddi d\u00f9ng \u0111\u01b0\u1ee3c s\u1eed d\u1ee5ng t\u1ed1i \u0111a 03 l\u1ea7n trong su\u1ed1t th\u1eddi gian di\u1ec5n ra ch\u01b0\u01a1ng tr\u00ecnh.<\/p>\n<p>&#8211; \u00c1p d\u1ee5ng t\u1ea1i th\u00e0nh ph\u1ed1 H\u1ed3 Ch\u00ed Minh v\u00e0 H\u00e0 N\u1ed9i.<\/p>\n<p>&#8211; \u00c1p d\u1ee5ng cho m\u1ecdi ph\u01b0\u01a1ng th\u1ee9c thanh to\u00e1n.<\/p>\n<p>&#8211; \u01afu \u0111\u00e3i kh\u00f4ng bao g\u1ed3m ph\u1ee5 ph\u00ed, ng\u01b0\u1eddi d\u00f9ng vui l\u00f2ng thanh to\u00e1n ph\u1ee5 ph\u00ed (n\u1ebfu c\u00f3) v\u1edbi \u0110\u1ed1i t\u00e1c t\u00e0i x\u1ebf.<\/p>\n<p>&#8211; Ch\u1ec9 \u00e1p d\u1ee5ng v\u1edbi phi\u00ean b\u1ea3n app m\u1edbi nh\u1ea5t.<\/p>\n<p>&#8211; S\u1ed1 l\u01b0\u1ee3ng \u01b0u \u0111\u00e3i gi\u1edbi h\u1ea1n m\u1ed7i ng\u00e0y.<\/p>\n<p><img loading=\"lazy\" decoding=\"async\" width=\"325\" height=\"99\" class=\"size-full wp-image-155466 aligncenter\" src=\"https:\/\/assets.grab.com\/wp-content\/uploads\/sites\/11\/2023\/09\/18141113\/DAT-XE-NGAY.png\" alt=\"\" srcset=\"https:\/\/assets.grab.com\/wp-content\/uploads\/sites\/11\/2023\/09\/18141113\/DAT-XE-NGAY.png 325w, https:\/\/assets.grab.com\/wp-content\/uploads\/sites\/11\/2023\/09\/18141113\/DAT-XE-NGAY-250x76.png 250w, https:\/\/assets.grab.com\/wp-content\/uploads\/sites\/11\/2023\/09\/18141113\/DAT-XE-NGAY-18x5.png 18w, https:\/\/assets.grab.com\/wp-content\/uploads\/sites\/11\/2023\/09\/18141113\/DAT-XE-NGAY-120x37.png 120w\" sizes=\"(max-width: 325px) 100vw, 325px\" \/><\/p>\n","protected":false},"excerpt":{"rendered":"\ud83e\udd71 Th\u1eddi ti\u1ebft \u1ea9m \u01b0\u01a1ng, n\u1eafng m\u01b0a th\u1ea5t th\u01b0\u1eddng, tan l\u00e0m b\u1ea1n GrabCar \u0111\u00f3n cho kho\u1ebb. \ud83d\ude97 \u01afu \u0111\u00e3i \u0111\u1ed3ng gi\u00e1 30.000\u0111 \u00e1p d\u1ee5ng c\u00e1c chuy\u1ebfn xe GrabCar ho\u1eb7c GrabCar Plus c\u00f3 c\u01b0\u1edbc ph\u00ed d\u01b0\u1edbi ho\u1eb7c b\u1eb1ng 45.000\u0111* \u0110i\u1ec1u ki\u1ec7n \u0111i\u1ec1u kho\u1ea3n \u00e1p d\u1ee5ng:\u00a0 &#8211; V\u1edbi c\u00e1c chuy\u1ebfn xe c\u00f3 c\u01b0\u1edbc ph\u00ed t\u1eeb 46.000\u0111 tr\u1edf [&hellip;]","protected":false},"author":1428,"featured_media":0,"parent":0,"menu_order":0,"comment_status":"closed","ping_status":"closed","template":"","meta":{"_acf_changed":false,"footnotes":""},"acf":[],"_links":{"self":[{"href":"https:\/\/www.grab.com\/vn\/wp-json\/wp\/v2\/pages\/155633"}],"collection":[{"href":"https:\/\/www.grab.com\/vn\/wp-json\/wp\/v2\/pages"}],"about":[{"href":"https:\/\/www.grab.com\/vn\/wp-json\/wp\/v2\/types\/page"}],"author":[{"embeddable":true,"href":"https:\/\/www.grab.com\/vn\/wp-json\/wp\/v2\/users\/1428"}],"replies":[{"embeddable":true,"href":"https:\/\/www.grab.com\/vn\/wp-json\/wp\/v2\/comments?post=155633"}],"version-history":[{"count":3,"href":"https:\/\/www.grab.com\/vn\/wp-json\/wp\/v2\/pages\/155633\/revisions"}],"predecessor-version":[{"id":156467,"href":"https:\/\/www.grab.com\/vn\/wp-json\/wp\/v2\/pages\/155633\/revisions\/156467"}],"wp:attachment":[{"href":"https:\/\/www.grab.com\/vn\/wp-json\/wp\/v2\/media?parent=155633"}],"curies":[{"name":"wp","href":"https:\/\/api.w.org\/{rel}","templated":true}]}}