{"id":15531,"date":"2017-10-06T12:05:04","date_gmt":"2017-10-06T04:05:04","guid":{"rendered":"https:\/\/www.grab.com\/vn\/?page_id=15531"},"modified":"2017-11-24T17:22:59","modified_gmt":"2017-11-24T09:22:59","slug":"grabcar-thu-vien-chuong-trinh-thuong","status":"publish","type":"page","link":"https:\/\/www.grab.com\/vn\/grabcar-thu-vien-chuong-trinh-thuong\/","title":{"rendered":"[GrabCar] Danh S\u00e1ch Ch\u01b0\u01a1ng Tr\u00ecnh Th\u01b0\u1edfng"},"content":{"rendered":"<p style=\"text-align: left\"><span style=\"color: #000000\"><em>Th\u00e2n g\u1eedi Qu\u00fd \u0110\u1ed1i t\u00e1c,<\/em><\/span><\/p>\n<p style=\"text-align: left\"><strong><span style=\"color: #000000\">I. C\u00e1c ch\u01b0\u01a1ng tr\u00ecnh th\u01b0\u1edfng c\u00f3 th\u1ec3 \u0111\u01b0\u1ee3c \u00e1p d\u1ee5ng nh\u01b0 sau:<\/span><\/strong><\/p>\n<p style=\"text-align: left\"><strong><a href=\"https:\/\/www.grab.com\/vn\/thuong-dam-bao-thu-nhap-cho-moi-gio-hoat-dong\/\"><span style=\"color: #00953a\">1. Th\u01b0\u1edfng \u0111\u1ea3m b\u1ea3o thu nh\u1eadp cho m\u1ed7i gi\u1edd ho\u1ea1t \u0111\u1ed9ng.\u00a0<\/span><\/a><\/strong><\/p>\n<p><strong><a href=\"https:\/\/www.grab.com\/vn\/thuong-phi-su-dung-ung-dung-theo-khung-gio\/\"><span style=\"color: #00953a\">2. Th\u01b0\u1edfng gi\u00e1 c\u01b0\u1edbc cu\u1ed1c xe theo khung gi\u1edd.<\/span><\/a><\/strong><\/p>\n<p><a href=\"https:\/\/www.grab.com\/vn\/grabcar-thuong-nhan-gia-gio-cao-diem\/\"><strong><span style=\"color: #00953a\">3. Th\u01b0\u1edfng nh\u00e2n gi\u00e1 gi\u1edd cao \u0111i\u1ec3m.<\/span><\/strong><\/a><\/p>\n<p><a href=\"https:\/\/www.grab.com\/vn\/grabcar-thuong-cuoc-ngan\/\"><strong><span style=\"color: #00953a\">4. Th\u01b0\u1edfng \u0111\u1ea3m b\u1ea3o doanh thu.<\/span><\/strong><\/a><\/p>\n<p><a href=\"https:\/\/www.grab.com\/vn\/grabcar-chuong-trinh-thuong-grabshare\/\"><strong><span style=\"color: #00953a\">5. Th\u01b0\u1edfng GrabShare.<\/span><\/strong><\/a><\/p>\n<p><strong><a href=\"https:\/\/www.grab.com\/vn\/grabcar-hcm-thuong-doanh-thu-binh-quan\/\"><span style=\"color: #00953a\">6. Th\u01b0\u1edfng \u0111\u1ea3m b\u1ea3o doanh thu b\u00ecnh qu\u00e2n.\u00a0<\/span><\/a><\/strong><\/p>\n<p><strong><span style=\"color: #000000\">II. C\u00e1c ti\u00eau ch\u00ed (*)tr\u1edf th\u00e0nh \u0110\u1ed1i t\u00e1c chuy\u00ean nghi\u1ec7p v\u1edbi Grab t\u1ea1i TP HCM (**)<\/span><\/strong><\/p>\n<ul>\n<li><span style=\"color: #000000\">T\u1ef7 l\u1ec7 nh\u1eadn cu\u1ed1c &gt;= 80%<\/span><\/li>\n<li><span style=\"color: #000000\">T\u1ef7 l\u1ec7 h\u1ee7y cu\u1ed1c &lt;=20%<\/span><\/li>\n<li><span style=\"color: #000000\">Th\u1eddi gian ho\u1ea1t \u0111\u1ed9ng (***) trong tu\u1ea7n &gt;=40 gi\u1edd.<\/span><\/li>\n<\/ul>\n<p><span style=\"color: #000000\"><em>Ghi ch\u00fa:<\/em><\/span><\/p>\n<p><span style=\"color: #000000\">*: \u0110\u1ed1i t\u00e1c c\u1ea7n duy tr\u00ec c\u00e1c ti\u00eau ch\u00ed n\u00e0y trong th\u1eddi gian 4 tu\u1ea7n li\u00ean t\u1ee5c. H\u1eb1ng tu\u1ea7n h\u1ec7 th\u1ed1ng s\u1ebd d\u1ef1a v\u00e0o d\u1eef li\u1ec7u ho\u1ea1t \u0111\u1ed9ng c\u1ee7a\u0110\u1ed1i t\u00e1c trong 4 tu\u1ea7n li\u00ean t\u1ee5c \u0111\u1ec3 ph\u00e2n h\u1ea1ng \u0110\u1ed1i t\u00e1c theo t\u1eebng nh\u00f3m kh\u00e1c nhau.<\/span><\/p>\n<p><span style=\"color: #000000\">**: Ti\u00eau ch\u00ed n\u00e0y ch\u1ec9 \u00e1p d\u1ee5ng cho TP HCM \u1edf th\u1eddi \u0111i\u1ec3m hi\u1ec7n t\u1ea1i v\u00e0 c\u00f3 th\u1ec3 thay \u0111\u1ed5i trong t\u01b0\u01a1ng lai (t\u00f9y theo t\u00ecnh h\u00ecnh th\u1ecb tr\u01b0\u1eddng v\u00e0 s\u1ebd \u0111\u01b0\u1ee3c th\u00f4ng b\u00e1o \u0111\u1ebfn \u0110\u1ed1i t\u00e1c n\u1ebfu c\u00f3 thay \u0111\u1ed5i).<\/span><\/p>\n<p><span style=\"color: #000000\">***: Th\u1eddi gian ho\u1ea1t \u0111\u1ed9ng l\u00e0 th\u1eddi gian m\u00e0 \u0110\u1ed1i t\u00e1c c\u00f3 m\u1edf \u201c\u1ee8ng d\u1ee5ng c\u1ee7a T\u00e0i x\u1ebf\u201d, \u1edf ch\u1ebf \u0111\u1ed9 \u201cs\u1eb5n s\u00e0ng nh\u1eadn cu\u1ed1c\u201d v\u00e0 h\u1ec7 th\u1ed1ng s\u1ebd ghi nh\u1eadn d\u1eef li\u1ec7u n\u00e0y.<\/span><\/p>\n<p><strong><span style=\"color: #000000\">III.\u00a0 C\u00e1c ti\u00eau ch\u00ed tr\u1edf th\u00e0nh \u0110\u1ed1i t\u00e1c chuy\u00ean nghi\u1ec7p <\/span><span style=\"color: #000000\">v\u00e0 xu\u1ea5t s\u1eafc<\/span><span style=\"color: #000000\"> v\u1edbi Grab t\u1ea1i H\u00e0 N\u1ed9i<\/span><\/strong><\/p>\n<ol>\n<li><strong><span style=\"color: #000000\">Ti\u00eau ch\u00ed tr\u1edf th\u00e0nh \u0110\u1ed1i t\u00e1c chuy\u00ean nghi\u1ec7p<\/span><\/strong><\/li>\n<\/ol>\n<p><span style=\"font-weight: 400;color: #000000\">&#8211; Th\u1eddi gian ho\u1ea1t \u0111\u1ed9ng:<\/span><\/p>\n<ul>\n<li><span style=\"font-weight: 400;color: #000000\">\u00a0 &gt;= 160 gi\u1edd \/ th\u00e1ng, ho\u1eb7c<\/span><\/li>\n<li><span style=\"font-weight: 400;color: #000000\">s\u1ed1 ng\u00e0y ho\u1ea1t \u0111\u1ed9ng trong tu\u1ea7n &gt;= 5 ng\u00e0y v\u00e0 s\u1ed1 gi\u1edd ho\u1ea1t \u0111\u1ed9ng m\u1ed7i ng\u00e0y &gt;= 7 gi\u1edd.<\/span><\/li>\n<\/ul>\n<ol start=\"2\">\n<li><strong><span style=\"color: #000000\"> Ti\u00eau ch\u00ed tr\u1edf th\u00e0nh \u0110\u1ed1i t\u00e1c xu\u1ea5t s\u1eafc <\/span><\/strong><\/li>\n<\/ol>\n<p><span style=\"font-weight: 400;color: #000000\">-T\u1ef7 l\u1ec7 nh\u1eadn cu\u1ed1c &gt;= 95%<\/span><\/p>\n<p><span style=\"font-weight: 400;color: #000000\">-T\u1ef7 l\u1ec7 h\u1ee7y cu\u1ed1c &lt;= 20%<\/span><\/p>\n<p><span style=\"font-weight: 400;color: #000000\">-T\u1ef7 l\u1ec7 sao &gt;= 4.8<\/span><\/p>\n<p><span style=\"font-weight: 400;color: #000000\">-Th\u1eddi gian ho\u1ea1t \u0111\u1ed9ng:<\/span><\/p>\n<ul>\n<li><span style=\"font-weight: 400;color: #000000\">\u00a0&gt;= 160 gi\u1edd \/ th\u00e1ng, ho\u1eb7c<\/span><\/li>\n<li><span style=\"font-weight: 400;color: #000000\">s\u1ed1 ng\u00e0y ho\u1ea1t \u0111\u1ed9ng trong tu\u1ea7n &gt;= 5 ng\u00e0y v\u00e0 s\u1ed1 gi\u1edd ho\u1ea1t \u0111\u1ed9ng m\u1ed7i ng\u00e0y &gt;= 7 gi\u1edd.<\/span><\/li>\n<\/ul>\n<p><span style=\"color: #000000\"><em>Ghi ch\u00fa:<\/em><\/span><\/p>\n<p><span style=\"font-weight: 400;color: #000000\">\u0110\u1ed1i t\u00e1c c\u1ea7n duy tr\u00ec c\u00e1c ti\u00eau ch\u00ed n\u00e0y trong th\u1eddi gian 4 tu\u1ea7n li\u00ean t\u1ee5c. H\u1eb1ng tu\u1ea7n, h\u1ec7 th\u1ed1ng s\u1ebd d\u1ef1a v\u00e0o d\u1eef li\u1ec7u ho\u1ea1t \u0111\u1ed9ng c\u1ee7a \u0110\u1ed1i t\u00e1c trong 4 tu\u1ea7n li\u00ean t\u1ee5c g\u1ea7n nh\u1ea5t \u0111\u1ec3 ph\u00e2n h\u1ea1ng \u0110\u1ed1i t\u00e1c theo t\u1eebng nh\u00f3m kh\u00e1c nhau.<\/span><\/p>\n<p><span style=\"font-weight: 400;color: #000000\">Ti\u00eau ch\u00ed n\u00e0y ch\u1ec9 \u00e1p d\u1ee5ng cho TP HN \u1edf th\u1eddi \u0111i\u1ec3m hi\u1ec7n t\u1ea1i v\u00e0 c\u00f3 th\u1ec3 thay \u0111\u1ed5i trong t\u01b0\u01a1ng lai (t\u00f9y theo t\u00ecnh h\u00ecnh th\u1ecb tr\u01b0\u1eddng v\u00e0 s\u1ebd \u0111\u01b0\u1ee3c th\u00f4ng b\u00e1o \u0111\u1ebfn \u0110\u1ed1i t\u00e1c n\u1ebfu c\u00f3 thay \u0111\u1ed5i).<\/span><\/p>\n<p><span style=\"font-weight: 400;color: #000000\">Th\u1eddi gian ho\u1ea1t \u0111\u1ed9ng l\u00e0 th\u1eddi gian m\u00e0 \u0110\u1ed1i t\u00e1c m\u1edf \u201c\u1ee8ng d\u1ee5ng T\u00e0i x\u1ebf\u201d, \u1edf ch\u1ebf \u0111\u1ed9 \u201cS\u1eb5n s\u00e0ng nh\u1eadn cu\u1ed1c\u201d v\u00e0 h\u1ec7 th\u1ed1ng s\u1ebd ghi nh\u1eadn d\u1eef li\u1ec7u n\u00e0y.<\/span><\/p>\n<p><img loading=\"lazy\" decoding=\"async\" class=\"aligncenter wp-image-15806 size-full\" src=\"https:\/\/www.grab.com\/vn\/wp-content\/uploads\/sites\/11\/2017\/10\/Screen-Shot-2017-10-10-at-10.41.10-AM.png\" alt=\"\" width=\"602\" height=\"272\" srcset=\"https:\/\/www.grab.com\/vn\/wp-content\/uploads\/sites\/11\/2017\/10\/Screen-Shot-2017-10-10-at-10.41.10-AM.png 602w, https:\/\/www.grab.com\/vn\/wp-content\/uploads\/sites\/11\/2017\/10\/Screen-Shot-2017-10-10-at-10.41.10-AM-250x113.png 250w, https:\/\/www.grab.com\/vn\/wp-content\/uploads\/sites\/11\/2017\/10\/Screen-Shot-2017-10-10-at-10.41.10-AM-120x54.png 120w\" sizes=\"(max-width: 602px) 100vw, 602px\" \/><\/p>\n<p style=\"text-align: left\">\u00a0<strong><span style=\"color: #00953a\">Tr\u00e2n tr\u1ecdng,<\/span><\/strong><\/p>\n<p><strong><span style=\"color: #00953a\">\u0110\u1ed9i ng\u0169 GrabCar.<\/span><\/strong><\/p>\n","protected":false},"excerpt":{"rendered":"Th\u00e2n g\u1eedi Qu\u00fd \u0110\u1ed1i t\u00e1c, I. C\u00e1c ch\u01b0\u01a1ng tr\u00ecnh th\u01b0\u1edfng c\u00f3 th\u1ec3 \u0111\u01b0\u1ee3c \u00e1p d\u1ee5ng nh\u01b0 sau: 1. Th\u01b0\u1edfng \u0111\u1ea3m b\u1ea3o thu nh\u1eadp cho m\u1ed7i gi\u1edd ho\u1ea1t \u0111\u1ed9ng.\u00a0 2. Th\u01b0\u1edfng gi\u00e1 c\u01b0\u1edbc cu\u1ed1c xe theo khung gi\u1edd. 3. Th\u01b0\u1edfng nh\u00e2n gi\u00e1 gi\u1edd cao \u0111i\u1ec3m. 4. Th\u01b0\u1edfng \u0111\u1ea3m b\u1ea3o doanh thu. 5. Th\u01b0\u1edfng GrabShare. 6. Th\u01b0\u1edfng [&hellip;]","protected":false},"author":592,"featured_media":0,"parent":0,"menu_order":0,"comment_status":"closed","ping_status":"closed","template":"tpl\/tpl-page-elements.php","meta":{"_acf_changed":false,"footnotes":""},"acf":[],"_links":{"self":[{"href":"https:\/\/www.grab.com\/vn\/wp-json\/wp\/v2\/pages\/15531"}],"collection":[{"href":"https:\/\/www.grab.com\/vn\/wp-json\/wp\/v2\/pages"}],"about":[{"href":"https:\/\/www.grab.com\/vn\/wp-json\/wp\/v2\/types\/page"}],"author":[{"embeddable":true,"href":"https:\/\/www.grab.com\/vn\/wp-json\/wp\/v2\/users\/592"}],"replies":[{"embeddable":true,"href":"https:\/\/www.grab.com\/vn\/wp-json\/wp\/v2\/comments?post=15531"}],"version-history":[{"count":3,"href":"https:\/\/www.grab.com\/vn\/wp-json\/wp\/v2\/pages\/15531\/revisions"}],"predecessor-version":[{"id":17404,"href":"https:\/\/www.grab.com\/vn\/wp-json\/wp\/v2\/pages\/15531\/revisions\/17404"}],"wp:attachment":[{"href":"https:\/\/www.grab.com\/vn\/wp-json\/wp\/v2\/media?parent=15531"}],"curies":[{"name":"wp","href":"https:\/\/api.w.org\/{rel}","templated":true}]}}