{"id":153719,"date":"2023-08-29T11:26:11","date_gmt":"2023-08-29T03:26:11","guid":{"rendered":"https:\/\/www.grab.com\/vn\/?page_id=153719"},"modified":"2023-08-29T11:31:01","modified_gmt":"2023-08-29T03:31:01","slug":"dat-grabbike-khong-lo-doi-lau","status":"publish","type":"page","link":"https:\/\/www.grab.com\/vn\/dat-grabbike-khong-lo-doi-lau\/","title":{"rendered":"\u0110\u1eb7t GrabBike kh\u00f4ng lo \u0111\u1ee3i l\u00e2u"},"content":{"rendered":"<p><img loading=\"lazy\" decoding=\"async\" width=\"1200\" height=\"600\" class=\"alignnone size-full wp-image-153722\" src=\"https:\/\/assets.grab.com\/wp-content\/uploads\/sites\/11\/2023\/08\/29111623\/1200x600_TPT_2508.jpg\" alt=\"\" srcset=\"https:\/\/assets.grab.com\/wp-content\/uploads\/sites\/11\/2023\/08\/29111623\/1200x600_TPT_2508.jpg 1200w, https:\/\/assets.grab.com\/wp-content\/uploads\/sites\/11\/2023\/08\/29111623\/1200x600_TPT_2508-250x125.jpg 250w, https:\/\/assets.grab.com\/wp-content\/uploads\/sites\/11\/2023\/08\/29111623\/1200x600_TPT_2508-700x350.jpg 700w, https:\/\/assets.grab.com\/wp-content\/uploads\/sites\/11\/2023\/08\/29111623\/1200x600_TPT_2508-768x384.jpg 768w, https:\/\/assets.grab.com\/wp-content\/uploads\/sites\/11\/2023\/08\/29111623\/1200x600_TPT_2508-18x9.jpg 18w, https:\/\/assets.grab.com\/wp-content\/uploads\/sites\/11\/2023\/08\/29111623\/1200x600_TPT_2508-120x60.jpg 120w\" sizes=\"(max-width: 1200px) 100vw, 1200px\" \/><\/p>\n<p><span style=\"color: #339966\"><strong>Em ng\u1ea1i \u0111\u1ee3i l\u00e2u \u0111\u00fang kh\u00f4ng? \ud83d\ude0c<br \/>\n<\/strong><\/span><span style=\"color: #339966\"><strong>.<\/strong><\/span><br \/>\n<span style=\"color: #339966\"><strong>.<\/strong><\/span><br \/>\n<span style=\"color: #339966\"><strong>.<\/strong><\/span><br \/>\n<span style=\"color: #339966\"><strong>.<\/strong><\/span><br \/>\n<span style=\"color: #339966\"><strong>.<\/strong><\/span><br \/>\n<span style=\"color: #339966\"><strong>N\u1ebfu \u0111\u00fang, \u0111\u1eb7t GrabBike, kh\u00f4ng lo \u0111\u1ee3i l\u00e2u! <\/strong><\/span>\ud83d\udef5<\/p>\n<p><a href=\"https:\/\/grab.onelink.me\/2695613898?pid=Blog&amp;c=VN19GRPDT2ATA5MIN&amp;is_retargeting=true&amp;af_dp=grab%3A%2F%2Fopen%3FscreenType%3DBOOKING%26vertical%3DBike&amp;af_web_dp=https%3A%2F%2Fwww.grab.com%2Fvn%2Fblog%2Fgrabbike-moilucmoinoi%2F\"><img loading=\"lazy\" decoding=\"async\" class=\" wp-image-32895 aligncenter\" src=\"https:\/\/assets.grab.com\/wp-content\/uploads\/sites\/11\/2019\/06\/05125637\/Button-06.png\" alt=\"\" width=\"325\" height=\"99\" \/><\/a><\/p>\n<p><strong>\ud83d\udccc \u0110i\u1ec1u ki\u1ec7n \u00e1p d\u1ee5ng \u01b0u \u0111\u00e3i:\u00a0<\/strong><\/p>\n<p>\u2705 Nh\u1eadp m\u00e3 TOILIEN nh\u1eadn \u01b0u \u0111\u00e3i \u0111\u1ed3ng gi\u00e1 20.000\u0111 cho c\u00e1c chuy\u1ebfn xe GrabBike\/ GrabBike Plus c\u00f3 c\u01b0\u1edbc ph\u00ed d\u01b0\u1edbi ho\u1eb7c b\u1eb1ng 40.000\u0111.<br \/>\n\u2705 V\u1edbi c\u00e1c chuy\u1ebfn xe c\u00f3 c\u01b0\u1edbc ph\u00ed t\u1eeb 41.000\u0111 tr\u1edf l\u00ean, \u01b0u \u0111\u00e3i gi\u1ea3m t\u1ed1i \u0111a 20.000\u0111.<br \/>\n\u2705\u01afu \u0111\u00e3i \u00e1p d\u1ee5ng t\u1ea1i c\u00e1c khu v\u1ef1c sau:<br \/>\n\ud83d\udccd H\u00e0 N\u1ed9i: c\u00e1c qu\u1eadn C\u1ea7u Gi\u1ea5y, \u0110\u1ed1ng \u0110a, Nam T\u1eeb Li\u00eam, Ba \u0110\u00ecnh, Ho\u00e0ng Mai, Ho\u00e0n Ki\u1ebfm, Hai Ba Tr\u01b0ng v\u00e0 Thanh Xu\u00e2n.<br \/>\n\ud83d\udccd H\u1ed3 Ch\u00ed Minh: Qu\u1eadn B\u00ecnh Th\u1ea1nh, Qu\u1eadn 9, Qu\u1eadn 2 v\u00e0 Qu\u1eadn 7.<br \/>\n\u2705 \u00c1p d\u1ee5ng m\u1ecdi ph\u01b0\u01a1ng th\u1ee9c thanh to\u00e1n.<br \/>\n\u2705 \u01afu \u0111\u00e3i kh\u00f4ng bao g\u1ed3m ph\u1ee5 ph\u00ed, ng\u01b0\u1eddi d\u00f9ng vui l\u00f2ng thanh to\u00e1n ph\u1ee5 ph\u00ed (n\u1ebfu c\u00f3) v\u1edbi \u0110\u1ed1i t\u00e1c t\u00e0i x\u1ebf.<br \/>\n\u2705 M\u1ed7i ng\u01b0\u1eddi d\u00f9ng \u0111\u01b0\u1ee3c s\u1eed d\u1ee5ng 01 l\u1ea7n su\u1ed1t th\u1eddi gian di\u1ec5n ra ch\u01b0\u01a1ng tr\u00ecnh.<br \/>\n\u2705 Ch\u1ec9 \u00e1p d\u1ee5ng v\u1edbi phi\u00ean b\u1ea3n app m\u1edbi nh\u1ea5t.<br \/>\n\u2705\u00a0Th\u1eddi h\u1ea1n s\u1eed d\u1ee5ng t\u1eeb ng\u00e0y 30\/08\/2023 &#8211; 10\/09\/2023.<br \/>\n\u2705 S\u1ed1 l\u01b0\u1ee3ng \u01b0u \u0111\u00e3i c\u00f3 gi\u1edbi h\u1ea1n m\u1ed7i ng\u00e0y.<\/p>\n<p>&nbsp;<\/p>\n","protected":false},"excerpt":{"rendered":"Em ng\u1ea1i \u0111\u1ee3i l\u00e2u \u0111\u00fang kh\u00f4ng? \ud83d\ude0c . . . . . N\u1ebfu \u0111\u00fang, \u0111\u1eb7t GrabBike, kh\u00f4ng lo \u0111\u1ee3i l\u00e2u! \ud83d\udef5 \ud83d\udccc \u0110i\u1ec1u ki\u1ec7n \u00e1p d\u1ee5ng \u01b0u \u0111\u00e3i:\u00a0 \u2705 Nh\u1eadp m\u00e3 TOILIEN nh\u1eadn \u01b0u \u0111\u00e3i \u0111\u1ed3ng gi\u00e1 20.000\u0111 cho c\u00e1c chuy\u1ebfn xe GrabBike\/ GrabBike Plus c\u00f3 c\u01b0\u1edbc ph\u00ed d\u01b0\u1edbi ho\u1eb7c b\u1eb1ng 40.000\u0111. \u2705 V\u1edbi c\u00e1c [&hellip;]","protected":false},"author":1428,"featured_media":0,"parent":0,"menu_order":0,"comment_status":"closed","ping_status":"closed","template":"","meta":{"_acf_changed":false,"footnotes":""},"acf":[],"_links":{"self":[{"href":"https:\/\/www.grab.com\/vn\/wp-json\/wp\/v2\/pages\/153719"}],"collection":[{"href":"https:\/\/www.grab.com\/vn\/wp-json\/wp\/v2\/pages"}],"about":[{"href":"https:\/\/www.grab.com\/vn\/wp-json\/wp\/v2\/types\/page"}],"author":[{"embeddable":true,"href":"https:\/\/www.grab.com\/vn\/wp-json\/wp\/v2\/users\/1428"}],"replies":[{"embeddable":true,"href":"https:\/\/www.grab.com\/vn\/wp-json\/wp\/v2\/comments?post=153719"}],"version-history":[{"count":3,"href":"https:\/\/www.grab.com\/vn\/wp-json\/wp\/v2\/pages\/153719\/revisions"}],"predecessor-version":[{"id":155465,"href":"https:\/\/www.grab.com\/vn\/wp-json\/wp\/v2\/pages\/153719\/revisions\/155465"}],"wp:attachment":[{"href":"https:\/\/www.grab.com\/vn\/wp-json\/wp\/v2\/media?parent=153719"}],"curies":[{"name":"wp","href":"https:\/\/api.w.org\/{rel}","templated":true}]}}