{"id":153659,"date":"2023-08-28T11:25:59","date_gmt":"2023-08-28T03:25:59","guid":{"rendered":"https:\/\/www.grab.com\/vn\/?page_id=153659"},"modified":"2023-08-28T11:25:59","modified_gmt":"2023-08-28T03:25:59","slug":"thu-thach-di-grab-bao-re-nhan-qua-bao-da","status":"publish","type":"page","link":"https:\/\/www.grab.com\/vn\/thu-thach-di-grab-bao-re-nhan-qua-bao-da\/","title":{"rendered":"Th\u1eed th\u00e1ch \u0110i Grab bao r\u1ebb, nh\u1eadn qu\u00e0 bao \u0111\u00e3"},"content":{"rendered":"","protected":false},"excerpt":{"rendered":"","protected":false},"author":1428,"featured_media":0,"parent":0,"menu_order":0,"comment_status":"closed","ping_status":"closed","template":"","meta":{"_acf_changed":false,"footnotes":""},"acf":[],"_links":{"self":[{"href":"https:\/\/www.grab.com\/vn\/wp-json\/wp\/v2\/pages\/153659"}],"collection":[{"href":"https:\/\/www.grab.com\/vn\/wp-json\/wp\/v2\/pages"}],"about":[{"href":"https:\/\/www.grab.com\/vn\/wp-json\/wp\/v2\/types\/page"}],"author":[{"embeddable":true,"href":"https:\/\/www.grab.com\/vn\/wp-json\/wp\/v2\/users\/1428"}],"replies":[{"embeddable":true,"href":"https:\/\/www.grab.com\/vn\/wp-json\/wp\/v2\/comments?post=153659"}],"version-history":[{"count":1,"href":"https:\/\/www.grab.com\/vn\/wp-json\/wp\/v2\/pages\/153659\/revisions"}],"predecessor-version":[{"id":153660,"href":"https:\/\/www.grab.com\/vn\/wp-json\/wp\/v2\/pages\/153659\/revisions\/153660"}],"wp:attachment":[{"href":"https:\/\/www.grab.com\/vn\/wp-json\/wp\/v2\/media?parent=153659"}],"curies":[{"name":"wp","href":"https:\/\/api.w.org\/{rel}","templated":true}]}}