{"id":149810,"date":"2023-07-05T14:35:03","date_gmt":"2023-07-05T06:35:03","guid":{"rendered":"https:\/\/www.grab.com\/vn\/?page_id=149810"},"modified":"2023-07-05T14:35:03","modified_gmt":"2023-07-05T06:35:03","slug":"di-xe-rong-hien-dai-cung-grabcar-plus","status":"publish","type":"page","link":"https:\/\/www.grab.com\/vn\/di-xe-rong-hien-dai-cung-grabcar-plus\/","title":{"rendered":"\u0110i xe r\u1ed9ng, hi\u1ec7n \u0111\u1ea1i c\u00f9ng GrabCar Plus"},"content":{"rendered":"<p><em>&#8211; Nh\u1eadp m\u00e3 PLUS nh\u1eadn \u01b0u \u0111\u00e3i gi\u1ea3m 15% t\u1ed1i \u0111a 30.000\u0111<\/em><\/p>\n<p><i><span style=\"font-weight: 400\">&#8211;\u00a0 \u00c1p d\u1ee5ng cho d\u1ecbch v\u1ee5 GrabCar Plus.<\/span><\/i><\/p>\n<p><i><span style=\"font-weight: 400\">&#8211; \u00c1p d\u1ee5ng t\u1ea1i th\u00e0nh ph\u1ed1 H\u1ed3 Ch\u00ed Minh v\u00e0 H\u00e0 N\u1ed9i.<\/span><\/i><\/p>\n<p><i><span style=\"font-weight: 400\">&#8211; \u00c1p d\u1ee5ng cho m\u1ecdi h\u00ecnh th\u1ee9c thanh to\u00e1n.<\/span><\/i><\/p>\n<p><i><span style=\"font-weight: 400\">&#8211; M\u1ed7i ng\u01b0\u1eddi d\u00f9ng \u0111\u01b0\u1ee3c s\u1eed d\u1ee5ng t\u1ed1i \u0111a 02 l\u1ea7n trong su\u1ed1t th\u1eddi gian di\u1ec5n ra ch\u01b0\u01a1ng tr\u00ecnh (tr\u01b0\u1edbc ng\u00e0y 31\/12\/2023).<\/span><\/i><\/p>\n<p><i><span style=\"font-weight: 400\">&#8211; \u01afu \u0111\u00e3i kh\u00f4ng bao g\u1ed3m ph\u1ee5 ph\u00ed, ng\u01b0\u1eddi d\u00f9ng vui l\u00f2ng thanh to\u00e1n ph\u1ee5 ph\u00ed (n\u1ebfu c\u00f3) v\u1edbi \u0110\u1ed1i t\u00e1c t\u00e0i x\u1ebf.<\/span><\/i><\/p>\n<p><i><span style=\"font-weight: 400\">&#8211; Ch\u1ec9 \u00e1p d\u1ee5ng v\u1edbi phi\u00ean b\u1ea3n app m\u1edbi nh\u1ea5t.<\/span><\/i><\/p>\n","protected":false},"excerpt":{"rendered":"&#8211; Nh\u1eadp m\u00e3 PLUS nh\u1eadn \u01b0u \u0111\u00e3i gi\u1ea3m 15% t\u1ed1i \u0111a 30.000\u0111 &#8211;\u00a0 \u00c1p d\u1ee5ng cho d\u1ecbch v\u1ee5 GrabCar Plus. &#8211; \u00c1p d\u1ee5ng t\u1ea1i th\u00e0nh ph\u1ed1 H\u1ed3 Ch\u00ed Minh v\u00e0 H\u00e0 N\u1ed9i. &#8211; \u00c1p d\u1ee5ng cho m\u1ecdi h\u00ecnh th\u1ee9c thanh to\u00e1n. &#8211; M\u1ed7i ng\u01b0\u1eddi d\u00f9ng \u0111\u01b0\u1ee3c s\u1eed d\u1ee5ng t\u1ed1i \u0111a 02 l\u1ea7n trong su\u1ed1t th\u1eddi [&hellip;]","protected":false},"author":1427,"featured_media":0,"parent":0,"menu_order":0,"comment_status":"closed","ping_status":"closed","template":"","meta":{"_acf_changed":false,"footnotes":""},"acf":[],"_links":{"self":[{"href":"https:\/\/www.grab.com\/vn\/wp-json\/wp\/v2\/pages\/149810"}],"collection":[{"href":"https:\/\/www.grab.com\/vn\/wp-json\/wp\/v2\/pages"}],"about":[{"href":"https:\/\/www.grab.com\/vn\/wp-json\/wp\/v2\/types\/page"}],"author":[{"embeddable":true,"href":"https:\/\/www.grab.com\/vn\/wp-json\/wp\/v2\/users\/1427"}],"replies":[{"embeddable":true,"href":"https:\/\/www.grab.com\/vn\/wp-json\/wp\/v2\/comments?post=149810"}],"version-history":[{"count":1,"href":"https:\/\/www.grab.com\/vn\/wp-json\/wp\/v2\/pages\/149810\/revisions"}],"predecessor-version":[{"id":149811,"href":"https:\/\/www.grab.com\/vn\/wp-json\/wp\/v2\/pages\/149810\/revisions\/149811"}],"wp:attachment":[{"href":"https:\/\/www.grab.com\/vn\/wp-json\/wp\/v2\/media?parent=149810"}],"curies":[{"name":"wp","href":"https:\/\/api.w.org\/{rel}","templated":true}]}}