{"id":149545,"date":"2023-07-01T08:34:59","date_gmt":"2023-07-01T00:34:59","guid":{"rendered":"https:\/\/www.grab.com\/vn\/?page_id=149545"},"modified":"2023-07-01T08:34:59","modified_gmt":"2023-07-01T00:34:59","slug":"dich-vu-grabcar","status":"publish","type":"page","link":"https:\/\/www.grab.com\/vn\/dich-vu-grabcar\/","title":{"rendered":"D\u1ecaCH V\u1ee4 GRABCAR"},"content":{"rendered":"<p><b>Qu\u00fd Ng\u01b0\u1eddi d\u00f9ng th\u00e2n m\u1ebfn,\u00a0<\/b><\/p>\n<p><span style=\"font-weight: 400\">Th\u1ef1c hi\u1ec7n theo <\/span><a href=\"https:\/\/xaydungchinhsach.chinhphu.vn\/toan-van-nghi-dinh-44-2023-nd-cp-ve-giam-thue-gia-tri-gia-tang-119230630185610998.htm\"><span style=\"font-weight: 400\">Ngh\u1ecb \u0111\u1ecbnh s\u1ed1 44\/2023\/N\u0110-CP<\/span><\/a><span style=\"font-weight: 400\"> (Ngh\u1ecb \u0111\u1ecbnh 44) quy \u0111\u1ecbnh ch\u00ednh s\u00e1ch gi\u1ea3m thu\u1ebf gi\u00e1 tr\u1ecb gia t\u0103ng theo Ngh\u1ecb quy\u1ebft s\u1ed1 101\/2023\/QH15 ng\u00e0y 24 th\u00e1ng 6 n\u0103m 2023 c\u1ee7a Qu\u1ed1c h\u1ed9i, thu\u1ebf su\u1ea5t Thu\u1ebf GTGT \u0111\u1ed1i v\u1edbi d\u1ecbch v\u1ee5 v\u1eadn t\u1ea3i h\u00e0nh kh\u00e1ch m\u00e0 qu\u00fd Ng\u01b0\u1eddi D\u00f9ng c\u00f3 ngh\u0129a v\u1ee5 thanh to\u00e1n s\u1ebd \u0111\u01b0\u1ee3c <\/span><b>gi\u1ea3m t\u1eeb 10% xu\u1ed1ng c\u00f2n 8%.<\/b><span style=\"font-weight: 400\"> Th\u1eddi gian \u00e1p d\u1ee5ng: t\u1eeb ng\u00e0y <\/span><b>04\/07\/2023<\/b><span style=\"font-weight: 400\"> \u0111\u1ebfn h\u1ebft ng\u00e0y <\/span><b>31\/12\/2023<\/b><span style=\"font-weight: 400\">. Vui l\u00f2ng tham kh\u1ea3o danh s\u00e1ch d\u1ecbch v\u1ee5 \u0111\u01b0\u1ee3c \u00e1p d\u1ee5ng c\u1ee5 th\u1ec3 nh\u01b0 sau:<\/span><\/p>\n<p><b>D\u1ecaCH V\u1ee4 GRABCAR<\/b><\/p>\n<ol>\n<li style=\"font-weight: 400\"><span style=\"font-weight: 400\">C\u00e1c d\u1ecbch v\u1ee5 GrabCar t\u1ea1i TP. H\u1ed3 Ch\u00ed Minh v\u00e0 H\u00e0 N\u1ed9i<\/span><\/li>\n<\/ol>\n<table>\n<tbody>\n<tr>\n<td rowspan=\"2\"><b>Th\u00e0nh Ph\u1ed1\/ T\u1ec9nh<\/b><\/td>\n<td rowspan=\"2\"><b>D\u1ecbch v\u1ee5<\/b><\/td>\n<td colspan=\"3\"><b>Gi\u00e1 c\u01b0\u1edbc<\/b><\/td>\n<\/tr>\n<tr>\n<td><b>Gi\u00e1 c\u01b0\u1edbc t\u1ed1i thi\u1ec3u 2km \u0111\u1ea7u ti\u00ean<\/b><\/td>\n<td><b>Gi\u00e1 c\u01b0\u1edbc m\u1ed7i km ti\u1ebfp theo<\/b><\/td>\n<td><b>Gi\u00e1 c\u01b0\u1edbc t\u00ednh theo th\u1eddi gian di chuy\u1ec3n (sau 2km \u0111\u1ea7u ti\u00ean)<\/b><\/td>\n<\/tr>\n<tr>\n<td rowspan=\"5\"><span style=\"font-weight: 400\">H\u00e0 N\u1ed9i<\/span><\/td>\n<td><span style=\"font-weight: 400\">GrabCar 4 ch\u1ed7<\/span><\/td>\n<td><span style=\"font-weight: 400\">28.473<\/span><\/td>\n<td><span style=\"font-weight: 400\">9.818<\/span><\/td>\n<td><span style=\"font-weight: 400\">442<\/span><\/td>\n<\/tr>\n<tr>\n<td><span style=\"font-weight: 400\">GrabCar 7 ch\u1ed7<\/span><\/td>\n<td><span style=\"font-weight: 400\">33.382<\/span><\/td>\n<td><span style=\"font-weight: 400\">12.764<\/span><\/td>\n<td><span style=\"font-weight: 400\">540<\/span><\/td>\n<\/tr>\n<tr>\n<td><span style=\"font-weight: 400\">GrabCar Doanh Nghi\u1ec7p<\/span><\/td>\n<td><span style=\"font-weight: 400\">28.473<\/span><\/td>\n<td><span style=\"font-weight: 400\">10.996<\/span><\/td>\n<td><span style=\"font-weight: 400\">422<\/span><\/td>\n<\/tr>\n<tr>\n<td><span style=\"font-weight: 400\">GrabCar Economy<\/span><\/td>\n<td><span style=\"font-weight: 400\">26.215<\/span><\/td>\n<td><span style=\"font-weight: 400\">8.935<\/span><\/td>\n<td><span style=\"font-weight: 400\">363<\/span><\/td>\n<\/tr>\n<tr>\n<td><span style=\"font-weight: 400\">GrabCar Plus<\/span><\/td>\n<td><span style=\"font-weight: 400\">33.578<\/span><\/td>\n<td><span style=\"font-weight: 400\">12.371<\/span><\/td>\n<td><span style=\"font-weight: 400\">520<\/span><\/td>\n<\/tr>\n<tr>\n<td rowspan=\"5\"><span style=\"font-weight: 400\">Tp. H\u1ed3 Ch\u00ed Minh<\/span><\/td>\n<td><span style=\"font-weight: 400\">GrabCar 4 ch\u1ed7<\/span><\/td>\n<td><span style=\"font-weight: 400\">28.473<\/span><\/td>\n<td><span style=\"font-weight: 400\">9.818<\/span><\/td>\n<td><span style=\"font-weight: 400\">442<\/span><\/td>\n<\/tr>\n<tr>\n<td><span style=\"font-weight: 400\">GrabCar 7 ch\u1ed7<\/span><\/td>\n<td><span style=\"font-weight: 400\">33.382<\/span><\/td>\n<td><span style=\"font-weight: 400\">12.764<\/span><\/td>\n<td><span style=\"font-weight: 400\">540<\/span><\/td>\n<\/tr>\n<tr>\n<td><span style=\"font-weight: 400\">GrabCar Doanh Nghi\u1ec7p<\/span><\/td>\n<td><span style=\"font-weight: 400\">28.473<\/span><\/td>\n<td><span style=\"font-weight: 400\">10.996<\/span><\/td>\n<td><span style=\"font-weight: 400\">422<\/span><\/td>\n<\/tr>\n<tr>\n<td><span style=\"font-weight: 400\">GrabCar Economy<\/span><\/td>\n<td><span style=\"font-weight: 400\">26.215<\/span><\/td>\n<td><span style=\"font-weight: 400\">8.935<\/span><\/td>\n<td><span style=\"font-weight: 400\">363<\/span><\/td>\n<\/tr>\n<tr>\n<td><span style=\"font-weight: 400\">GrabCar Plus<\/span><\/td>\n<td><span style=\"font-weight: 400\">33.578<\/span><\/td>\n<td><span style=\"font-weight: 400\">12.371<\/span><\/td>\n<td><span style=\"font-weight: 400\">520<\/span><\/td>\n<\/tr>\n<\/tbody>\n<\/table>\n<p><\/p>\n","protected":false},"excerpt":{"rendered":"Qu\u00fd Ng\u01b0\u1eddi d\u00f9ng th\u00e2n m\u1ebfn,\u00a0 Th\u1ef1c hi\u1ec7n theo Ngh\u1ecb \u0111\u1ecbnh s\u1ed1 44\/2023\/N\u0110-CP (Ngh\u1ecb \u0111\u1ecbnh 44) quy \u0111\u1ecbnh ch\u00ednh s\u00e1ch gi\u1ea3m thu\u1ebf gi\u00e1 tr\u1ecb gia t\u0103ng theo Ngh\u1ecb quy\u1ebft s\u1ed1 101\/2023\/QH15 ng\u00e0y 24 th\u00e1ng 6 n\u0103m 2023 c\u1ee7a Qu\u1ed1c h\u1ed9i, thu\u1ebf su\u1ea5t Thu\u1ebf GTGT \u0111\u1ed1i v\u1edbi d\u1ecbch v\u1ee5 v\u1eadn t\u1ea3i h\u00e0nh kh\u00e1ch m\u00e0 qu\u00fd Ng\u01b0\u1eddi D\u00f9ng [&hellip;]","protected":false},"author":1427,"featured_media":0,"parent":0,"menu_order":0,"comment_status":"closed","ping_status":"closed","template":"","meta":{"_acf_changed":false,"footnotes":""},"acf":[],"_links":{"self":[{"href":"https:\/\/www.grab.com\/vn\/wp-json\/wp\/v2\/pages\/149545"}],"collection":[{"href":"https:\/\/www.grab.com\/vn\/wp-json\/wp\/v2\/pages"}],"about":[{"href":"https:\/\/www.grab.com\/vn\/wp-json\/wp\/v2\/types\/page"}],"author":[{"embeddable":true,"href":"https:\/\/www.grab.com\/vn\/wp-json\/wp\/v2\/users\/1427"}],"replies":[{"embeddable":true,"href":"https:\/\/www.grab.com\/vn\/wp-json\/wp\/v2\/comments?post=149545"}],"version-history":[{"count":1,"href":"https:\/\/www.grab.com\/vn\/wp-json\/wp\/v2\/pages\/149545\/revisions"}],"predecessor-version":[{"id":149546,"href":"https:\/\/www.grab.com\/vn\/wp-json\/wp\/v2\/pages\/149545\/revisions\/149546"}],"wp:attachment":[{"href":"https:\/\/www.grab.com\/vn\/wp-json\/wp\/v2\/media?parent=149545"}],"curies":[{"name":"wp","href":"https:\/\/api.w.org\/{rel}","templated":true}]}}