{"id":149424,"date":"2023-06-29T18:10:27","date_gmt":"2023-06-29T10:10:27","guid":{"rendered":"https:\/\/www.grab.com\/vn\/?page_id=149424"},"modified":"2023-07-27T11:34:05","modified_gmt":"2023-07-27T03:34:05","slug":"3-buoi-di-grab-nhe-vi","status":"publish","type":"page","link":"https:\/\/www.grab.com\/vn\/3-buoi-di-grab-nhe-vi\/","title":{"rendered":"3 bu\u1ed5i \u0111i Grab &#8220;nh\u1eb9 v\u00ed&#8221;"},"content":{"rendered":"<p><img loading=\"lazy\" decoding=\"async\" width=\"1200\" height=\"600\" class=\"alignnone size-full wp-image-149425\" src=\"https:\/\/assets.grab.com\/wp-content\/uploads\/sites\/11\/2023\/06\/29180723\/1200x600_TPT_BAORE_2706.jpg\" alt=\"\" srcset=\"https:\/\/assets.grab.com\/wp-content\/uploads\/sites\/11\/2023\/06\/29180723\/1200x600_TPT_BAORE_2706.jpg 1200w, https:\/\/assets.grab.com\/wp-content\/uploads\/sites\/11\/2023\/06\/29180723\/1200x600_TPT_BAORE_2706-250x125.jpg 250w, https:\/\/assets.grab.com\/wp-content\/uploads\/sites\/11\/2023\/06\/29180723\/1200x600_TPT_BAORE_2706-700x350.jpg 700w, https:\/\/assets.grab.com\/wp-content\/uploads\/sites\/11\/2023\/06\/29180723\/1200x600_TPT_BAORE_2706-768x384.jpg 768w, https:\/\/assets.grab.com\/wp-content\/uploads\/sites\/11\/2023\/06\/29180723\/1200x600_TPT_BAORE_2706-120x60.jpg 120w\" sizes=\"(max-width: 1200px) 100vw, 1200px\" \/><\/p>\n<p>Ng\u00e0y 3 bu\u1ed5i, \u0111i \u0111\u00e2u \u0111\u1eb7t Grab nh\u1eadn ngay \u01b0u \u0111\u00e3i gi\u1ea3m 50%<br \/>\n\u0110i l\u00e0m, g\u1eb7p \u0111\u1ed1i t\u00e1c hay xu\u1ed1ng ph\u1ed1 c\u00f9ng b\u1ea1n b\u00e8 \u0111\u1ec1u &#8220;nh\u1eb9 v\u00ed&#8221; v\u00f4 c\u00f9ng!<\/p>\n<p>\u27a1\ufe0f Nh\u1eadp m\u00e3 BAORE nh\u1eadn \u01b0u \u0111\u00e3i gi\u1ea3m 50% t\u1ed1i \u0111a 50.000\u0111 khi di chuy\u1ec3n c\u00f9ng Grab.<br \/>\n\u27a1\ufe0f \u0110i 1 chuy\u1ebfn nh\u1eadn th\u00eam 10 \u01b0u \u0111\u00e3i t\u01b0\u01a1ng t\u1ef1.<\/p>\n<p>Ti\u1ebft ki\u1ec7m \u0111\u1ebfn v\u1eady ng\u1ea1i g\u00ec kh\u00f4ng \u0111i!<br \/>\nM\u1ed7i ng\u00e0y mu\u00f4n ph\u1ea7n nh\u1eb9 nh\u00e0ng, tho\u1ea3i m\u00e1i v\u00ec b\u1ea1n ch\u1ec9 c\u1ea7n ng\u1ed3i sau, Grab ch\u1edf b\u1ea1n \u0111\u1ebfn n\u01a1i!<\/p>\n<p>\u0110i\u1ec1u ki\u1ec7n \u0111i\u1ec1u kho\u1ea3n:<\/p>\n<p>-\u01afu \u0111\u00e3i gi\u1ea3m 50% t\u1ed1i \u0111a 50.000\u0111 \u00e1p d\u1ee5ng v\u1edbi t\u1ea5t c\u1ea3 c\u00e1c d\u1ecbch v\u1ee5 GrabBike\/GrabBike Plus\/ GrabBike Economy\/GrabCar\/GrabCar Plus\/GrabCar Economy<br \/>\n-\u00c1p d\u1ee5ng t\u1ea1i Th\u00e0nh ph\u1ed1 H\u1ed3 Ch\u00ed Minh, H\u00e0 N\u1ed9i, T\u1ec9nh Kh\u00e1nh Ho\u00e0, B\u00ecnh D\u01b0\u01a1ng, \u0110\u1ed3ng Nai, H\u1ea3i Ph\u00f2ng, C\u1ea7n Th\u01a1, L\u00e2m \u0110\u1ed3ng, Dak Lak<br \/>\n-\u00c1p d\u1ee5ng m\u1ecdi ph\u01b0\u01a1ng th\u1ee9c thanh to\u00e1n.<br \/>\n-\u01afu \u0111\u00e3i kh\u00f4ng bao g\u1ed3m ph\u1ee5 ph\u00ed, ng\u01b0\u1eddi d\u00f9ng vui l\u00f2ng thanh to\u00e1n ph\u1ee5 ph\u00ed (n\u1ebfu c\u00f3) v\u1edbi \u0110\u1ed1i t\u00e1c t\u00e0i x\u1ebf.<br \/>\n-M\u1ed7i ng\u01b0\u1eddi d\u00f9ng \u0111\u01b0\u1ee3c s\u1eed d\u1ee5ng 01 l\u1ea7n su\u1ed1t th\u1eddi gian di\u1ec5n ra ch\u01b0\u01a1ng tr\u00ecnh.<br \/>\n-Ch\u1ec9 \u00e1p d\u1ee5ng v\u1edbi phi\u00ean b\u1ea3n app m\u1edbi nh\u1ea5t.<br \/>\n-Ng\u00e0y k\u1ebft th\u00fac \u01b0u \u0111\u00e3i: 31\/08\/2023<br \/>\nSau khi ho\u00e0n th\u00e0nh chuy\u1ebfn xe v\u1edbi \u01b0u \u0111\u00e3i gi\u1ea3m 50% n\u00e0y, nh\u1eadn ngay th\u00eam 10 \u01b0u \u0111\u00e3i 20% (T\u1ed1i \u0111a 15.000\u0111) c\u00f3 th\u1eddi h\u1ea1n s\u1eed d\u1ee5ng trong 07ng\u00e0y sau khi ho\u00e0n th\u00e0nh chuy\u1ebfn xe. V\u00e0o m\u1ee5c &#8220;My Rewards\/ \u01afu \u0111\u00e3i c\u1ee7a t\u00f4i&#8221; \u0111\u1ec3 s\u1eed d\u1ee5ng \u01b0u \u0111\u00e3i.<\/p>\n","protected":false},"excerpt":{"rendered":"Ng\u00e0y 3 bu\u1ed5i, \u0111i \u0111\u00e2u \u0111\u1eb7t Grab nh\u1eadn ngay \u01b0u \u0111\u00e3i gi\u1ea3m 50% \u0110i l\u00e0m, g\u1eb7p \u0111\u1ed1i t\u00e1c hay xu\u1ed1ng ph\u1ed1 c\u00f9ng b\u1ea1n b\u00e8 \u0111\u1ec1u &#8220;nh\u1eb9 v\u00ed&#8221; v\u00f4 c\u00f9ng! \u27a1\ufe0f Nh\u1eadp m\u00e3 BAORE nh\u1eadn \u01b0u \u0111\u00e3i gi\u1ea3m 50% t\u1ed1i \u0111a 50.000\u0111 khi di chuy\u1ec3n c\u00f9ng Grab. \u27a1\ufe0f \u0110i 1 chuy\u1ebfn nh\u1eadn th\u00eam 10 \u01b0u \u0111\u00e3i [&hellip;]","protected":false},"author":1427,"featured_media":0,"parent":0,"menu_order":0,"comment_status":"closed","ping_status":"closed","template":"","meta":{"_acf_changed":false,"footnotes":""},"acf":[],"_links":{"self":[{"href":"https:\/\/www.grab.com\/vn\/wp-json\/wp\/v2\/pages\/149424"}],"collection":[{"href":"https:\/\/www.grab.com\/vn\/wp-json\/wp\/v2\/pages"}],"about":[{"href":"https:\/\/www.grab.com\/vn\/wp-json\/wp\/v2\/types\/page"}],"author":[{"embeddable":true,"href":"https:\/\/www.grab.com\/vn\/wp-json\/wp\/v2\/users\/1427"}],"replies":[{"embeddable":true,"href":"https:\/\/www.grab.com\/vn\/wp-json\/wp\/v2\/comments?post=149424"}],"version-history":[{"count":6,"href":"https:\/\/www.grab.com\/vn\/wp-json\/wp\/v2\/pages\/149424\/revisions"}],"predecessor-version":[{"id":151932,"href":"https:\/\/www.grab.com\/vn\/wp-json\/wp\/v2\/pages\/149424\/revisions\/151932"}],"wp:attachment":[{"href":"https:\/\/www.grab.com\/vn\/wp-json\/wp\/v2\/media?parent=149424"}],"curies":[{"name":"wp","href":"https:\/\/api.w.org\/{rel}","templated":true}]}}