{"id":148671,"date":"2023-06-19T11:36:06","date_gmt":"2023-06-19T03:36:06","guid":{"rendered":"https:\/\/www.grab.com\/vn\/?page_id=148671"},"modified":"2023-06-22T15:04:28","modified_gmt":"2023-06-22T07:04:28","slug":"thu-thach-di-grabcar-trung-voucher-skyjoy-klook-cuc-da","status":"publish","type":"page","link":"https:\/\/www.grab.com\/vn\/thu-thach-di-grabcar-trung-voucher-skyjoy-klook-cuc-da\/","title":{"rendered":"Th\u1eed th\u00e1ch \u0111i GrabCar tr\u00fang voucher SkyJoy &amp; Klook c\u1ef1c \u0111\u00e3!"},"content":{"rendered":"<p><img loading=\"lazy\" decoding=\"async\" width=\"1600\" height=\"800\" class=\"alignnone size-full wp-image-148807\" src=\"https:\/\/assets.grab.com\/wp-content\/uploads\/sites\/11\/2023\/06\/19174537\/WhatsApp-Image-2023-06-19-at-16.42.54.jpeg\" alt=\"\" srcset=\"https:\/\/assets.grab.com\/wp-content\/uploads\/sites\/11\/2023\/06\/19174537\/WhatsApp-Image-2023-06-19-at-16.42.54.jpeg 1600w, https:\/\/assets.grab.com\/wp-content\/uploads\/sites\/11\/2023\/06\/19174537\/WhatsApp-Image-2023-06-19-at-16.42.54-250x125.jpeg 250w, https:\/\/assets.grab.com\/wp-content\/uploads\/sites\/11\/2023\/06\/19174537\/WhatsApp-Image-2023-06-19-at-16.42.54-700x350.jpeg 700w, https:\/\/assets.grab.com\/wp-content\/uploads\/sites\/11\/2023\/06\/19174537\/WhatsApp-Image-2023-06-19-at-16.42.54-768x384.jpeg 768w, https:\/\/assets.grab.com\/wp-content\/uploads\/sites\/11\/2023\/06\/19174537\/WhatsApp-Image-2023-06-19-at-16.42.54-1536x768.jpeg 1536w, https:\/\/assets.grab.com\/wp-content\/uploads\/sites\/11\/2023\/06\/19174537\/WhatsApp-Image-2023-06-19-at-16.42.54-120x60.jpeg 120w\" sizes=\"(max-width: 1600px) 100vw, 1600px\" \/><\/p>\n<h2>\ud83e\udd47Nh\u1eadn voucher vui ch\u01a1i Klook \u0111\u1ebfn 500.000\u0111 &amp; 60.000 \u0111i\u1ec3m SkyPoint \u0111\u1ed5i v\u00e9 m\u00e1y bay c\u1ef1c \u0111\u00e3!<\/h2>\n<p><b>1. C\u00e1ch th\u1ee9c tham gia<\/b><span style=\"font-weight: 400\">: ch\u1ec9 v\u1edbi 2 b\u01b0\u1edbc:<\/span><\/p>\n<ul>\n<li style=\"font-weight: 400\"><span style=\"font-weight: 400\">B\u01b0\u1edbc 1: Ch\u1ecdn m\u1ee5c \u201cTh\u1eed th\u00e1ch\u201d trong \u1ee9ng d\u1ee5ng Grab.<\/span><\/li>\n<li style=\"font-weight: 400\"><span style=\"font-weight: 400\">B\u01b0\u1edbc 2: Ch\u1ecdn Th\u1eed th\u00e1ch \u0111i GrabCar nh\u1eadn voucher Klook &amp; m\u00e3 n\u1ea1p \u0111i\u1ec3m Vietjet SkyJoy, sau \u0111\u00f3 ch\u1ecdn \u201cCh\u1ea5p nh\u1eadn th\u1eed th\u00e1ch\u201d v\u00e0 ho\u00e0n th\u00e0nh c\u00e1c m\u1ed1c th\u1eed th\u00e1ch tr\u01b0\u1edbc 23h59\u2019 ng\u00e0y 31\/07\/2023.<\/span><\/li>\n<\/ul>\n<p><b>2. \u0110\u1ecba \u0111i\u1ec3m \u00e1p d\u1ee5ng: <\/b><span style=\"font-weight: 400\">ch\u01b0\u01a1ng tr\u00ecnh \u00e1p d\u1ee5ng t\u1ea1i c\u00e1c th\u00e0nh ph\u1ed1 H\u1ed3 Ch\u00ed Minh, H\u00e0 N\u1ed9i v\u00e0 \u0110\u00e0 N\u1eb5ng.<\/span><\/p>\n<ul>\n<li><b>Th\u1eed th\u00e1ch c\u00f3 3 c\u1ea5p \u0111\u1ed9 nh\u01b0 sau:<\/b><\/li>\n<\/ul>\n<ul>\n<li style=\"font-weight: 400\"><span style=\"font-weight: 400\">C\u1ea5p \u0111\u1ed9 1: Ho\u00e0n th\u00e0nh 05 chuy\u1ebfn xe GrabCar\/ GrabCar Plus\/ GrabCar Economy c\u00f3 c\u01b0\u1edbc ph\u00ed (sau khi \u00e1p d\u1ee5ng m\u00e3 \u01b0u \u0111\u00e3i n\u1ebfu c\u00f3) t\u1ed1i thi\u1ec3u t\u1eeb 100.000\u0111 &#8211; Nh\u1eadn 01 m\u00e3 n\u1ea1p 11.000 \u0111i\u1ec3m SkyPoint v\u00e0 01 voucher Klook gi\u1ea3m 12% t\u1ed1i \u0111a 500.000\u0111.\u00a0<\/span><\/li>\n<li style=\"font-weight: 400\"><span style=\"font-weight: 400\">C\u1ea5p \u0111\u1ed9 2: Ho\u00e0n th\u00e0nh th\u00eam 05 chuy\u1ebfn xe GrabCar\/ GrabCar Plus\/ GrabCar Economy c\u00f3 c\u01b0\u1edbc ph\u00ed (sau khi \u00e1p d\u1ee5ng m\u00e3 \u01b0u \u0111\u00e3i n\u1ebfu c\u00f3) t\u1ed1i thi\u1ec3u t\u1eeb 100.000\u0111 &#8211; Nh\u1eadn 01 m\u00e3 n\u1ea1p 17.000 \u0111i\u1ec3m SkyPoint v\u00e0 01 voucher Klook gi\u1ea3m 12% t\u1ed1i \u0111a 500.000\u0111.\u00a0<\/span><\/li>\n<li style=\"font-weight: 400\"><span style=\"font-weight: 400\">C\u1ea5p \u0111\u1ed9 3: Ho\u00e0n th\u00e0nh th\u00eam 05 chuy\u1ebfn xe GrabCar\/ GrabCar Plus\/ GrabCar Economy c\u00f3 c\u01b0\u1edbc ph\u00ed (sau khi \u00e1p d\u1ee5ng m\u00e3 \u01b0u \u0111\u00e3i n\u1ebfu c\u00f3) t\u1ed1i thi\u1ec3u t\u1eeb 100.000\u0111 &#8211; Nh\u1eadn 01 m\u00e3 n\u1ea1p 32.000 \u0111i\u1ec3m SkyPoint v\u00e0 01 voucher Klook gi\u1ea3m 12% t\u1ed1i \u0111a 500.000\u0111.\u00a0<\/span><\/li>\n<\/ul>\n<p><b>3. Th\u1ec3 l\u1ec7 v\u00e0 \u0111i\u1ec1u ki\u1ec7n tham gia:<\/b><\/p>\n<ul>\n<li style=\"font-weight: 400\"><span style=\"font-weight: 400\">Th\u1eed th\u00e1ch ch\u1ec9 \u00e1p d\u1ee5ng cho ng\u01b0\u1eddi ch\u01a1i \u0111\u01b0\u1ee3c hi\u1ec3n th\u1ecb Th\u1eed th\u00e1ch \u0111i GrabCar nh\u1eadn voucher Klook &amp; m\u00e3 n\u1ea1p \u0111i\u1ec3m Vietjet SkyJoy trong m\u1ee5c \u201cTh\u1eed Th\u00e1ch\u201d tr\u00ean \u1ee9ng d\u1ee5ng Grab t\u1eeb ng\u00e0y 22\/06\/2023. Theo \u0111\u00f3, ng\u01b0\u1eddi ch\u01a1i c\u1ea7n ch\u1ecdn \u201cCh\u1ea5p nh\u1eadn th\u1eed th\u00e1ch\u201d \u0111\u1ec3 tham gia ch\u01b0\u01a1ng tr\u00ecnh.<\/span><\/li>\n<li><span style=\"font-weight: 400\">Th\u1eed th\u00e1ch k\u00e9o d\u00e0i t\u1eeb ng\u00e0y 22\/06\/2023 \u0111\u1ebfn 23h59\u2019 ng\u00e0y 31\/07\/2023.<\/span><\/li>\n<li><span style=\"font-weight: 400\">Th\u1eed th\u00e1ch \u00e1p d\u1ee5ng cho m\u1ecdi h\u00ecnh th\u1ee9c thanh to\u00e1n v\u1edbi chuy\u1ebfn xe c\u00f3 c\u01b0\u1edbc ph\u00ed t\u1ed1i thi\u1ec3u 100.000\u0111.<\/span><\/li>\n<li style=\"font-weight: 400\"><span style=\"font-weight: 400\">Th\u1eed th\u00e1ch s\u1ebd kh\u00f4ng \u0111\u01b0\u1ee3c th\u1ef1c hi\u1ec7n d\u01b0\u1edbi h\u00ecnh th\u1ee9c chia s\u1ebb. M\u1ed7i Th\u1eed th\u00e1ch ch\u1ec9 d\u00e0nh cho m\u1ed9t t\u00e0i kho\u1ea3n Grab, d\u1ef1a tr\u00ean quy\u1ec1n truy c\u1eadp Th\u1eed th\u00e1ch hi\u1ec3n th\u1ecb tr\u00ean \u1ee9ng d\u1ee5ng.<\/span><\/li>\n<li style=\"font-weight: 400\"><span style=\"font-weight: 400\">Th\u1eed th\u00e1ch n\u00e0y kh\u00f4ng th\u1ec3 \u0111\u01b0\u1ee3c th\u1ef1c hi\u1ec7n l\u1ea1i sau khi \u0111\u00e3 ho\u00e0n th\u00e0nh ho\u1eb7c th\u1eddi gian quy \u0111\u1ecbnh \u0111\u00e3 k\u1ebft th\u00fac.<\/span><\/li>\n<li style=\"font-weight: 400\"><span style=\"font-weight: 400\">Vietjet SkyJoy l\u00e0 ch\u01b0\u01a1ng tr\u00ecnh kh\u00e1ch h\u00e0ng th\u00e2n thi\u1ebft c\u1ee7a h\u00e3ng h\u00e0ng kh\u00f4ng Vietjet. \u01afu \u0111\u00e3i \u0111i\u1ec3m SkyPoint s\u1ebd \u0111\u01b0\u1ee3c \u0111\u1ed5i th\u00e0nh v\u00e9 m\u00e1y bay Vietjet t\u1ea1i website <\/span><a href=\"https:\/\/skyjoy.vietjetair.com\/redemption\/\"><span style=\"font-weight: 400\">https:\/\/skyjoy.vietjetair.com\/redemption\/<\/span><\/a><span style=\"font-weight: 400\">\u00a0\u00a0<\/span><\/li>\n<li style=\"font-weight: 400\"><span style=\"font-weight: 400\">\u0110\u1ec3 nh\u1eadp m\u00e3 n\u1ea1p \u0111i\u1ec3m n\u00e0y, h\u00e3y t\u1ea3i \u1ee9ng d\u1ee5ng\u00a0 SkyJoy t\u1ea1i <\/span><a href=\"https:\/\/onelink.to\/4845mn\"><span style=\"font-weight: 400\">https:\/\/onelink.to\/4845mn<\/span><\/a><span style=\"font-weight: 400\">\u00a0 ho\u1eb7c t\u1ea3i qua Apple Store\/ Google Play Store v\u00e0 \u0111\u0103ng k\u00fd t\u00e0i kho\u1ea3n H\u1ed9i vi\u00ean Vietjet SkyJoy<\/span><\/li>\n<li style=\"font-weight: 400\"><span style=\"font-weight: 400\">Xem h\u01b0\u1edbng d\u1eabn chi ti\u1ebft c\u00e1ch \u0111\u1ed5i \u0111i\u1ec3m SkyPoint t\u1ea1i <\/span><a href=\"https:\/\/www.youtube.com\/shorts\/hIgjmBh-63\"><span style=\"font-weight: 400\">https:\/\/www.youtube.com\/shorts\/hIgjmBh-63<\/span><\/a><span style=\"font-weight: 400\">\u00a0<\/span><\/li>\n<li style=\"font-weight: 400\"><span style=\"font-weight: 400\">Danh s\u00e1ch c\u00e1c \u0111\u01b0\u1eddng bay \u00e1p d\u1ee5ng \u0111\u1ed5i th\u01b0\u1edfng: <\/span><a href=\"https:\/\/skyjoy.vietjetair.com\/danh-sach-cac-duong-bay-ap-dung-doi-thuong-ve-may-bay-fixed-point\/\"><span style=\"font-weight: 400\">https:\/\/skyjoy.vietjetair.com\/danh-sach-cac-duong-bay-ap-dung-doi-thuong-ve-may-bay-fixed-point\/<\/span><\/a><span style=\"font-weight: 400\">\u00a0<\/span><\/li>\n<li style=\"font-weight: 400\"><span style=\"font-weight: 400\">Th\u1eddi h\u1ea1n k\u00edch ho\u1ea1t m\u00e3 n\u1ea1p \u0111i\u1ec3m SkyPoint \u0111\u1ebfn h\u1ebft ng\u00e0y 31\/08\/2023. Sau khi n\u1ea1p \u0111i\u1ec3m th\u00e0nh c\u00f4ng, \u0111i\u1ec3m SkyPoint s\u1ebd c\u00f3 hi\u1ec7u l\u1ef1c v\u00f4 th\u1eddi h\u1ea1n.<\/span><\/li>\n<li style=\"font-weight: 400\"><span style=\"font-weight: 400\">\u01afu \u0111\u00e3i Klook gi\u1ea3m 12% t\u1ed1i \u0111a 500.000\u0111 \u00e1p d\u1ee5ng khi mua c\u00e1c d\u1ecbch v\u1ee5 tr\u1ea3i nghi\u1ec7m vui ch\u01a1i tr\u00ean website\/\u1ee9ng d\u1ee5ng di \u0111\u1ed9ng Klook c\u00f3 gi\u00e1 tr\u1ecb t\u1eeb 800.000\u0111. \u01afu \u0111\u00e3i \u0111\u01b0\u1ee3c \u00e1p d\u1ee5ng cho to\u00e0n b\u1ed9 c\u00e1c d\u1ecbch v\u1ee5 tr\u1ea3i nghi\u1ec7m vui ch\u01a1i tr\u00ean Klook ngo\u1ea1i tr\u1eeb c\u00e1c d\u1ecbch v\u1ee5 c\u00f3 trong danh s\u00e1ch n\u00e0y v\u00e0 c\u00e1c d\u1ecbch v\u1ee5 t\u1ea1i Sun World ho\u1eb7c VinWonders. Th\u1eddi h\u1ea1n s\u1eed d\u1ee5ng \u01b0u \u0111\u00e3i s\u1ebd \u0111\u1ebfn h\u1ebft ng\u00e0y 31\/08\/2023.<\/span><\/li>\n<li style=\"font-weight: 400\"><span style=\"font-weight: 400\">Sau khi ho\u00e0n th\u00e0nh t\u1eebng c\u1ea5p \u0111\u1ed9, ng\u01b0\u1eddi ch\u01a1i th\u1ef1c hi\u1ec7n theo c\u00e1c b\u01b0\u1edbc sau \u0111\u1ec3 nh\u1eadn gi\u1ea3i th\u01b0\u1edfng l\u00e0 m\u00e3 \u01b0u \u0111\u00e3i: ng\u01b0\u1eddi ch\u01a1i c\u00f3 th\u1ec3 v\u00e0o m\u1ee5c \u201c\u01afu \u0111\u00e3i c\u1ee7a t\u00f4i\/ My Rewards\u201d tr\u00ean \u1ee9ng d\u1ee5ng Grab \u0111\u1ec3 s\u1eed d\u1ee5ng.\u00a0<\/span><\/li>\n<\/ul>\n<p><b>4. Th\u00f4ng tin gi\u1ea3i th\u01b0\u1edfng:\u00a0<\/b><\/p>\n<ul>\n<li style=\"font-weight: 400\"><span style=\"font-weight: 400\">308 gi\u1ea3i th\u01b0\u1edfng cho 308 ng\u01b0\u1eddi ch\u01a1i ho\u00e0n th\u00e0nh c\u1ea5p \u0111\u1ed9 1 s\u1edbm nh\u1ea5t, m\u1ed7i gi\u1ea3i l\u00e0 01 m\u00e3 n\u1ea1p \u0111i\u1ec3m Vietjet SkyJoy t\u01b0\u01a1ng \u0111\u01b0\u01a1ng 11.000 \u0111i\u1ec3m SkyPoint v\u00e0 01 \u01b0u \u0111\u00e3i Klook gi\u1ea3m 12% t\u1ed1i \u0111a 500.000\u0111.\u00a0<\/span><\/li>\n<li style=\"font-weight: 400\"><span style=\"font-weight: 400\">300 gi\u1ea3i th\u01b0\u1edfng cho 300 ng\u01b0\u1eddi ch\u01a1i ho\u00e0n th\u00e0nh c\u1ea5p \u0111\u1ed9 2 s\u1edbm nh\u1ea5t, m\u1ed7i gi\u1ea3i l\u00e0 01 m\u00e3 n\u1ea1p \u0111i\u1ec3m Vietjet SkyJoy t\u01b0\u01a1ng \u0111\u01b0\u01a1ng 17.000 \u0111i\u1ec3m SkyPoint v\u00e0 01 \u01b0u \u0111\u00e3i Klook gi\u1ea3m 12% t\u1ed1i \u0111a 500.000\u0111.<\/span><\/li>\n<li style=\"font-weight: 400\"><span style=\"font-weight: 400\">20 gi\u1ea3i th\u01b0\u1edfng cho 20 ng\u01b0\u1eddi ch\u01a1i ho\u00e0n th\u00e0nh c\u1ea5p \u0111\u1ed9 3 s\u1edbm nh\u1ea5t, m\u1ed7i gi\u1ea3i l\u00e0 01 m\u00e3 n\u1ea1p \u0111i\u1ec3m Vietjet SkyJoy t\u01b0\u01a1ng \u0111\u01b0\u01a1ng 32.000 \u0111i\u1ec3m SkyPoint v\u00e0 01 \u01b0u \u0111\u00e3i Klook gi\u1ea3m 12% t\u1ed1i \u0111a 500.000\u0111.\u00a0<\/span><\/li>\n<\/ul>\n<p><b>5. C\u00e1c th\u1ec3 l\u1ec7 &amp; quy \u0111\u1ecbnh kh\u00e1c:\u00a0<\/b><\/p>\n<ul>\n<li style=\"font-weight: 400\"><span style=\"font-weight: 400\">B\u1eb1ng vi\u1ec7c ch\u1ea5p nh\u1eadn tham gia Th\u1eed th\u00e1ch, ng\u01b0\u1eddi ch\u01a1i hi\u1ec3u, \u0111\u1ed3ng \u00fd v\u00e0 cho ph\u00e9p Grab s\u1eed d\u1ee5ng\/c\u00f4ng b\u1ed1 th\u00f4ng tin li\u00ean quan \u0111\u1ebfn ng\u01b0\u1eddi ch\u01a1i, bao g\u1ed3m<\/span><span style=\"font-weight: 400\"><br \/>\n<\/span><span style=\"font-weight: 400\">(i) t\u00ean t\u00e0i kho\u1ea3n \u0111\u0103ng k\u00fd v\u1edbi Grab v\u00e0 (ii) ba (03) s\u1ed1 \u0111u\u00f4i s\u1ed1 \u0111i\u1ec7n tho\u1ea1i, cho m\u1ee5c \u0111\u00edch th\u00f4ng b\u00e1o k\u1ebft qu\u1ea3.<\/span><\/li>\n<li style=\"font-weight: 400\"><span style=\"font-weight: 400\">Gi\u1ea3i th\u01b0\u1edfng ch\u1ec9 d\u00e0nh cho ng\u01b0\u1eddi ch\u01a1i th\u01b0\u1eddng tr\u00fa tr\u00ean \u0111\u1ecba b\u00e0n Tp. H\u1ed3 Ch\u00ed MInh, H\u00e0 N\u1ed9i v\u00e0 \u0110\u00e0 N\u1eb5ng.<\/span><\/li>\n<li style=\"font-weight: 400\"><span style=\"font-weight: 400\">Grab c\u00f3 to\u00e0n quy\u1ec1n t\u1eeb ch\u1ed1i trao gi\u1ea3i, t\u01b0\u1edbc quy\u1ec1n tham d\u1ef1 n\u1ebfu nghi ng\u1edd ho\u1eb7c ph\u00e1t hi\u1ec7n ng\u01b0\u1eddi ch\u01a1i th\u1ef1c hi\u1ec7n b\u1ea5t k\u1ef3 h\u00e0nh vi gian l\u1eadn, gi\u1ea3 m\u1ea1o n\u00e0o trong qu\u00e1 tr\u00ecnh tham d\u1ef1 ch\u01b0\u01a1ng tr\u00ecnh d\u01b0\u1edbi b\u1ea5t k\u1ef3 h\u00ecnh th\u1ee9c n\u00e0o ho\u1eb7c qu\u00e1 tr\u00ecnh tham gia ch\u01b0\u01a1ng tr\u00ecnh vi ph\u1ea1m c\u00e1c quy \u0111\u1ecbnh ph\u00e1p lu\u1eadt hi\u1ec7n h\u00e0nh kh\u00e1c v\u00e0\/ ho\u1eb7c quy \u0111\u1ecbnh, ch\u00ednh s\u00e1ch Grab.<\/span><\/li>\n<li style=\"font-weight: 400\"><span style=\"font-weight: 400\">Grab c\u00f3 to\u00e0n quy\u1ec1n quy\u1ebft \u0111\u1ecbnh \u0111i\u1ec1u ki\u1ec7n, x\u00e1c \u0111\u1ecbnh ng\u01b0\u1eddi th\u1eafng gi\u1ea3i, thay \u0111\u1ed5i th\u1ec3 l\u1ec7 v\u00e0 \u0111i\u1ec1u kho\u1ea3n c\u1ee7a ch\u01b0\u01a1ng tr\u00ecnh n\u00e0y v\u00e0 c\u00f3 th\u00f4ng b\u00e1o tr\u01b0\u1edbc \u0111\u1ebfn ng\u01b0\u1eddi ch\u01a1i. C\u00e1c n\u1ed9i dung \u0111\u01b0\u1ee3c thay \u0111\u1ed5i n\u00e0y \u0111\u1ea3m b\u1ea3o kh\u00f4ng g\u00e2y b\u1ea5t l\u1ee3i cho ng\u01b0\u1eddi ch\u01a1i v\u00e0 s\u1ebd m\u1eb7c nhi\u00ean c\u00f3 hi\u1ec7u l\u1ef1c v\u00e0 \u0111\u01b0\u1ee3c \u00e1p d\u1ee5ng \u0111\u1ec3 \u0111i\u1ec1u ch\u1ec9nh c\u00e1c v\u1ea5n \u0111\u1ec1 li\u00ean quan \u0111\u1ebfn ch\u01b0\u01a1ng tr\u00ecnh.\u00a0<\/span><\/li>\n<li style=\"font-weight: 400\"><span style=\"font-weight: 400\">T\u1ea5t c\u1ea3 c\u00e1c \u01b0u \u0111\u00e3i\/gi\u1ea3i th\u01b0\u1edfng \u0111\u1ec1u kh\u00f4ng c\u00f3 gi\u00e1 tr\u1ecb chuy\u1ec3n nh\u01b0\u1ee3ng v\u00e0 quy \u0111\u1ed5i th\u00e0nh ti\u1ec1n m\u1eb7t ho\u1eb7c t\u00edn d\u1ee5ng c\u00f3 gi\u00e1 tr\u1ecb t\u01b0\u01a1ng \u0111\u01b0\u01a1ng n\u00e0o.<\/span><\/li>\n<li style=\"font-weight: 400\"><span style=\"font-weight: 400\">Ng\u01b0\u1eddi ch\u01a1i \u0111\u1ed3ng \u00fd r\u1eb1ng quy\u1ebft \u0111\u1ecbnh c\u1ee7a Grab l\u00e0 quy\u1ebft \u0111\u1ecbnh cu\u1ed1i c\u00f9ng v\u00e0 c\u00f3 hi\u1ec7u l\u1ef1c \u00e1p d\u1ee5ng. M\u1ecdi tranh ch\u1ea5p gi\u1eefa Grab v\u00e0 ng\u01b0\u1eddi ch\u01a1i ph\u00e1t sinh t\u1eeb ho\u1eb7c li\u00ean quan \u0111\u1ebfn ch\u01b0\u01a1ng tr\u00ecnh (n\u1ebfu c\u00f3) s\u1ebd \u0111\u01b0\u1ee3c gi\u1ea3i quy\u1ebft theo quy tr\u00ecnh do Grab c\u00f4ng b\u1ed1 v\u00e0 \u00e1p d\u1ee5ng t\u1ea1i t\u1eebng th\u1eddi \u0111i\u1ec3m.<\/span><\/li>\n<li style=\"font-weight: 400\"><span style=\"font-weight: 400\">Ng\u01b0\u1eddi tr\u00fang th\u01b0\u1edfng ph\u1ea3i \u0111\u1ed5i\/nh\u1eadn t\u1ea5t c\u1ea3 gi\u1ea3i th\u01b0\u1edfng trong th\u1eddi h\u1ea1n \u0111\u01b0\u1ee3c th\u00f4ng b\u00e1o b\u1edfi Grab. M\u1ecdi ph\u1ea7n th\u01b0\u1edfng kh\u00f4ng \u0111\u01b0\u1ee3c \u0111\u1ed5i\/nh\u1eadn trong th\u1eddi gian n\u00e0y s\u1ebd \u0111\u01b0\u1ee3c thu h\u1ed3i ho\u1eb7c ti\u00eau h\u1ee7y ho\u1eb7c quy\u00ean g\u00f3p ho\u1eb7c h\u00ecnh th\u1ee9c kh\u00e1c theo to\u00e0n quy\u1ec1n quy\u1ebft \u0111\u1ecbnh c\u1ee7a Grab ho\u1eb7c theo quy \u0111\u1ecbnh c\u1ee7a ph\u00e1p lu\u1eadt hi\u1ec7n h\u00e0nh. Grab s\u1ebd kh\u00f4ng gi\u1ea3i quy\u1ebft b\u1ea5t k\u00ec khi\u1ebfu n\u1ea1i ho\u1eb7c y\u00eau c\u1ea7u b\u1ed3i th\u01b0\u1eddng n\u00e0o li\u00ean quan \u0111\u1ebfn tr\u01b0\u1eddng h\u1ee3p n\u00e0y.<\/span><\/li>\n<li style=\"font-weight: 400\"><span style=\"font-weight: 400\">B\u1eb1ng vi\u1ec7c tham gia ch\u01b0\u01a1ng tr\u00ecnh n\u00e0y, b\u1ea1n x\u00e1c nh\u1eadn \u0111\u00e3 hi\u1ec3u v\u00e0 ch\u1ea5p thu\u1eadn to\u00e0n b\u1ed9 \u0111i\u1ec1u kho\u1ea3n v\u00e0 \u0111i\u1ec1u ki\u1ec7n quy \u0111\u1ecbnh t\u1ea1i th\u1ec3 l\u1ec7 n\u00e0y.<\/span><\/li>\n<li style=\"font-weight: 400\"><span style=\"font-weight: 400\">Nh\u1eefng \u0111i\u1ec1u kho\u1ea3n v\u00e0 \u0111i\u1ec1u ki\u1ec7n c\u1ee7a ch\u01b0\u01a1ng tr\u00ecnh n\u00e0y \u0111\u01b0\u1ee3c \u0111i\u1ec1u ch\u1ec9nh b\u1edfi ph\u00e1p lu\u1eadt c\u1ee7a Vi\u1ec7t Nam. Trong tr\u01b0\u1eddng h\u1ee3p c\u00f3 tranh ch\u1ea5p, C\u00e1c B\u00ean s\u1ebd \u01b0u ti\u00ean gi\u1ea3i quy\u1ebft b\u1eb1ng h\u00f2a gi\u1ea3i v\u00e0 th\u01b0\u01a1ng l\u01b0\u1ee3ng. Trong tr\u01b0\u1eddng h\u1ee3p C\u00e1c B\u00ean kh\u00f4ng th\u1ecfa thu\u1eadn \u0111\u01b0\u1ee3c v\u1edbi nhau v\u1ec1 vi\u1ec7c gi\u1ea3i quy\u1ebft tranh ch\u1ea5p trong v\u00f2ng 30 (ba m\u01b0\u01a1i) ng\u00e0y k\u1ec3 t\u1eeb ng\u00e0y x\u1ea3y ra Tranh Ch\u1ea5p, C\u00e1c B\u00ean c\u00f3 quy\u1ec1n y\u00eau c\u1ea7u Trung t\u00e2m tr\u1ecdng t\u00e0i qu\u1ed1c t\u1ebf Vi\u1ec7t Nam (\u201cVIAC\u201d) b\u00ean c\u1ea1nh Ph\u00f2ng Th\u01b0\u01a1ng m\u1ea1i v\u00e0 C\u00f4ng nghi\u1ec7p Vi\u1ec7t Nam (\u201cVCCI\u201d) gi\u1ea3i quy\u1ebft theo th\u1ee7 t\u1ee5c t\u1ed1 t\u1ee5ng c\u1ee7a c\u01a1 quan tr\u1ecdng t\u00e0i n\u00e0y. N\u01a1i gi\u1ea3i quy\u1ebft tranh ch\u1ea5p s\u1ebd t\u1ea1i Th\u00e0nh ph\u1ed1 H\u1ed3 Ch\u00ed Minh. Ng\u00f4n ng\u1eef gi\u1ea3i quy\u1ebft tranh ch\u1ea5p s\u1ebd b\u1eb1ng Ti\u1ebfng Vi\u1ec7t.\u00a0<\/span><\/li>\n<li style=\"font-weight: 400\"><span style=\"font-weight: 400\">Th\u00f4ng tin li\u00ean h\u1ec7 v\u1ec1 t\u00e0i kho\u1ea3n h\u1ed9i vi\u00ean, m\u00e3 n\u1ea1p \u0111i\u1ec3m v\u00e0 ch\u01b0\u01a1ng tr\u00ecnh Vietjet SkyJoy<\/span>\n<ul>\n<li style=\"font-weight: 400\"><span style=\"font-weight: 400\">T\u1ed5ng \u0111\u00e0i Vietjet SkyJoy: 1900 638 380<\/span><\/li>\n<li style=\"font-weight: 400\"><span style=\"font-weight: 400\">Email: care@skyjoy.vn<\/span><\/li>\n<li style=\"font-weight: 400\"><span style=\"font-weight: 400\">Gi\u1edd l\u00e0m vi\u1ec7c: Th\u1ee9 2 &#8211; Th\u1ee9 6: 8:00 AM &#8211; 5:00 PM<\/span><\/li>\n<\/ul>\n<\/li>\n<\/ul>\n","protected":false},"excerpt":{"rendered":"\ud83e\udd47Nh\u1eadn voucher vui ch\u01a1i Klook \u0111\u1ebfn 500.000\u0111 &amp; 60.000 \u0111i\u1ec3m SkyPoint \u0111\u1ed5i v\u00e9 m\u00e1y bay c\u1ef1c \u0111\u00e3! 1. C\u00e1ch th\u1ee9c tham gia: ch\u1ec9 v\u1edbi 2 b\u01b0\u1edbc: B\u01b0\u1edbc 1: Ch\u1ecdn m\u1ee5c \u201cTh\u1eed th\u00e1ch\u201d trong \u1ee9ng d\u1ee5ng Grab. B\u01b0\u1edbc 2: Ch\u1ecdn Th\u1eed th\u00e1ch \u0111i GrabCar nh\u1eadn voucher Klook &amp; m\u00e3 n\u1ea1p \u0111i\u1ec3m Vietjet SkyJoy, sau \u0111\u00f3 ch\u1ecdn [&hellip;]","protected":false},"author":1407,"featured_media":0,"parent":0,"menu_order":0,"comment_status":"closed","ping_status":"closed","template":"","meta":{"_acf_changed":false,"footnotes":""},"acf":[],"_links":{"self":[{"href":"https:\/\/www.grab.com\/vn\/wp-json\/wp\/v2\/pages\/148671"}],"collection":[{"href":"https:\/\/www.grab.com\/vn\/wp-json\/wp\/v2\/pages"}],"about":[{"href":"https:\/\/www.grab.com\/vn\/wp-json\/wp\/v2\/types\/page"}],"author":[{"embeddable":true,"href":"https:\/\/www.grab.com\/vn\/wp-json\/wp\/v2\/users\/1407"}],"replies":[{"embeddable":true,"href":"https:\/\/www.grab.com\/vn\/wp-json\/wp\/v2\/comments?post=148671"}],"version-history":[{"count":5,"href":"https:\/\/www.grab.com\/vn\/wp-json\/wp\/v2\/pages\/148671\/revisions"}],"predecessor-version":[{"id":149108,"href":"https:\/\/www.grab.com\/vn\/wp-json\/wp\/v2\/pages\/148671\/revisions\/149108"}],"wp:attachment":[{"href":"https:\/\/www.grab.com\/vn\/wp-json\/wp\/v2\/media?parent=148671"}],"curies":[{"name":"wp","href":"https:\/\/api.w.org\/{rel}","templated":true}]}}