{"id":147945,"date":"2023-06-12T15:12:57","date_gmt":"2023-06-12T07:12:57","guid":{"rendered":"https:\/\/www.grab.com\/vn\/?page_id=147945"},"modified":"2023-06-14T14:24:46","modified_gmt":"2023-06-14T06:24:46","slug":"digrabbuoisang","status":"publish","type":"page","link":"https:\/\/www.grab.com\/vn\/digrabbuoisang\/","title":{"rendered":"\u0110i Grab bu\u1ed5i s\u00e1ng, ti\u1ebft ki\u1ec7m \u0111\u1ebfn 50%"},"content":{"rendered":"<p><img loading=\"lazy\" decoding=\"async\" width=\"1200\" height=\"600\" class=\"alignnone size-full wp-image-147977\" src=\"https:\/\/assets.grab.com\/wp-content\/uploads\/sites\/11\/2023\/06\/12162512\/GB_1200x600_12062023.jpg\" alt=\"\" srcset=\"https:\/\/assets.grab.com\/wp-content\/uploads\/sites\/11\/2023\/06\/12162512\/GB_1200x600_12062023.jpg 1200w, https:\/\/assets.grab.com\/wp-content\/uploads\/sites\/11\/2023\/06\/12162512\/GB_1200x600_12062023-250x125.jpg 250w, https:\/\/assets.grab.com\/wp-content\/uploads\/sites\/11\/2023\/06\/12162512\/GB_1200x600_12062023-700x350.jpg 700w, https:\/\/assets.grab.com\/wp-content\/uploads\/sites\/11\/2023\/06\/12162512\/GB_1200x600_12062023-768x384.jpg 768w, https:\/\/assets.grab.com\/wp-content\/uploads\/sites\/11\/2023\/06\/12162512\/GB_1200x600_12062023-120x60.jpg 120w\" sizes=\"(max-width: 1200px) 100vw, 1200px\" \/><\/p>\n<p>\ud83d\udc49 \u01afu \u0111\u00e3i gi\u1ea3m 45% (t\u1ed1i \u0111a 50.000\u0111) \u00e1p d\u1ee5ng cho d\u1ecbch v\u1ee5 GrabBike\/GrabBike Economy\/GrabBike Plus v\u00e0 ti\u1ebft ki\u1ec7m l\u00ean \u0111\u1ebfn 10% (so v\u1edbi GrabBike) khi s\u1eed d\u1ee5ng d\u1ecbch v\u1ee5 GrabBike Economy.<\/p>\n<p>\ud83d\udc49 \u0110i\u1ec1u ki\u1ec7n \u0111i\u1ec1u kho\u1ea3n s\u1eed d\u1ee5ng \u01b0u \u0111\u00e3i gi\u1ea3m 45% (t\u1ed1i \u0111a 50.000\u0111)<\/p>\n<p>\ud83d\udc49 \u00c1p d\u1ee5ng trong khung gi\u1edd 6:00-9:00 t\u1eeb th\u1ee9 hai \u0111\u1ebfn th\u1ee9 s\u00e1u.<\/p>\n<p>\ud83d\udc49 \u00c1p d\u1ee5ng t\u1ea1i Th\u00e0nh ph\u1ed1 H\u1ed3 Ch\u00ed Minh v\u00e0 H\u00e0 N\u1ed9i.<\/p>\n<p>\ud83d\udc49 \u00c1p d\u1ee5ng m\u1ecdi ph\u01b0\u01a1ng th\u1ee9c thanh to\u00e1n .<\/p>\n<p>\ud83d\udc49 \u01afu \u0111\u00e3i kh\u00f4ng bao g\u1ed3m ph\u1ee5 ph\u00ed, ng\u01b0\u1eddi d\u00f9ng vui l\u00f2ng thanh to\u00e1n ph\u1ee5 ph\u00ed (n\u1ebfu c\u00f3) v\u1edbi \u0110\u1ed1i t\u00e1c t\u00e0i x\u1ebf.<\/p>\n<p>\ud83d\udc49 M\u1ed7i ng\u01b0\u1eddi d\u00f9ng \u0111\u01b0\u1ee3c s\u1eed d\u1ee5ng 01 l\u1ea7n su\u1ed1t th\u1eddi gian di\u1ec5n ra ch\u01b0\u01a1ng tr\u00ecnh.<\/p>\n<p>\ud83d\udc49 Ch\u1ec9 \u00e1p d\u1ee5ng v\u1edbi phi\u00ean b\u1ea3n app m\u1edbi nh\u1ea5t.<\/p>\n<p>\ud83d\udc49 Ng\u00e0y k\u1ebft th\u00fac \u01b0u \u0111\u00e3i: 30\/06\/2023<\/p>\n<p>\ud83d\udc49 Sau khi ho\u00e0n th\u00e0nh chuy\u1ebfn xe v\u1edbi \u01b0u \u0111\u00e3i gi\u1ea3m 45% n\u00e0y, nh\u1eadn ngay th\u00eam 7 \u01b0u \u0111\u00e3i 45% (T\u1ed1i \u0111a 50.000\u0111) \u00e1p d\u1ee5ng trong khung gi\u1edd t\u1eeb 6:00-22:00 v\u00e0 c\u00f3 th\u1eddi h\u1ea1n s\u1eed d\u1ee5ng trong 14 ng\u00e0y sau khi ho\u00e0n th\u00e0nh chuy\u1ebfn xe. V\u00e0o m\u1ee5c &#8220;My Rewards\/ \u01afu \u0111\u00e3i c\u1ee7a t\u00f4i&#8221; \u0111\u1ec3 s\u1eed d\u1ee5ng \u01b0u \u0111\u00e3i.<\/p>\n","protected":false},"excerpt":{"rendered":"\ud83d\udc49 \u01afu \u0111\u00e3i gi\u1ea3m 45% (t\u1ed1i \u0111a 50.000\u0111) \u00e1p d\u1ee5ng cho d\u1ecbch v\u1ee5 GrabBike\/GrabBike Economy\/GrabBike Plus v\u00e0 ti\u1ebft ki\u1ec7m l\u00ean \u0111\u1ebfn 10% (so v\u1edbi GrabBike) khi s\u1eed d\u1ee5ng d\u1ecbch v\u1ee5 GrabBike Economy. \ud83d\udc49 \u0110i\u1ec1u ki\u1ec7n \u0111i\u1ec1u kho\u1ea3n s\u1eed d\u1ee5ng \u01b0u \u0111\u00e3i gi\u1ea3m 45% (t\u1ed1i \u0111a 50.000\u0111) \ud83d\udc49 \u00c1p d\u1ee5ng trong khung gi\u1edd 6:00-9:00 t\u1eeb th\u1ee9 [&hellip;]","protected":false},"author":1427,"featured_media":0,"parent":0,"menu_order":0,"comment_status":"closed","ping_status":"closed","template":"","meta":{"_acf_changed":false,"footnotes":""},"acf":[],"_links":{"self":[{"href":"https:\/\/www.grab.com\/vn\/wp-json\/wp\/v2\/pages\/147945"}],"collection":[{"href":"https:\/\/www.grab.com\/vn\/wp-json\/wp\/v2\/pages"}],"about":[{"href":"https:\/\/www.grab.com\/vn\/wp-json\/wp\/v2\/types\/page"}],"author":[{"embeddable":true,"href":"https:\/\/www.grab.com\/vn\/wp-json\/wp\/v2\/users\/1427"}],"replies":[{"embeddable":true,"href":"https:\/\/www.grab.com\/vn\/wp-json\/wp\/v2\/comments?post=147945"}],"version-history":[{"count":7,"href":"https:\/\/www.grab.com\/vn\/wp-json\/wp\/v2\/pages\/147945\/revisions"}],"predecessor-version":[{"id":148111,"href":"https:\/\/www.grab.com\/vn\/wp-json\/wp\/v2\/pages\/147945\/revisions\/148111"}],"wp:attachment":[{"href":"https:\/\/www.grab.com\/vn\/wp-json\/wp\/v2\/media?parent=147945"}],"curies":[{"name":"wp","href":"https:\/\/api.w.org\/{rel}","templated":true}]}}