{"id":147790,"date":"2023-06-09T11:31:14","date_gmt":"2023-06-09T03:31:14","guid":{"rendered":"https:\/\/www.grab.com\/vn\/?page_id=147790"},"modified":"2023-06-09T14:25:44","modified_gmt":"2023-06-09T06:25:44","slug":"kham-pha-quan-dat-danh-hieu-michelin-khong-lo-gui-xe","status":"publish","type":"page","link":"https:\/\/www.grab.com\/vn\/kham-pha-quan-dat-danh-hieu-michelin-khong-lo-gui-xe\/","title":{"rendered":"Kh\u00e1m ph\u00e1 qu\u00e1n \u0111\u1ea1t danh hi\u1ec7u Michelin kh\u00f4ng lo g\u1eedi xe"},"content":{"rendered":"<p><img loading=\"lazy\" decoding=\"async\" class=\"alignnone wp-image-147791 size-full\" src=\"https:\/\/assets.grab.com\/wp-content\/uploads\/sites\/11\/2023\/06\/09112535\/1200x600_Michelin_TPT_fix0906.jpg\" alt=\"\" width=\"2000\" height=\"1000\" srcset=\"https:\/\/assets.grab.com\/wp-content\/uploads\/sites\/11\/2023\/06\/09112535\/1200x600_Michelin_TPT_fix0906.jpg 2000w, https:\/\/assets.grab.com\/wp-content\/uploads\/sites\/11\/2023\/06\/09112535\/1200x600_Michelin_TPT_fix0906-250x125.jpg 250w, https:\/\/assets.grab.com\/wp-content\/uploads\/sites\/11\/2023\/06\/09112535\/1200x600_Michelin_TPT_fix0906-700x350.jpg 700w, https:\/\/assets.grab.com\/wp-content\/uploads\/sites\/11\/2023\/06\/09112535\/1200x600_Michelin_TPT_fix0906-768x384.jpg 768w, https:\/\/assets.grab.com\/wp-content\/uploads\/sites\/11\/2023\/06\/09112535\/1200x600_Michelin_TPT_fix0906-1536x768.jpg 1536w, https:\/\/assets.grab.com\/wp-content\/uploads\/sites\/11\/2023\/06\/09112535\/1200x600_Michelin_TPT_fix0906-120x60.jpg 120w\" sizes=\"(max-width: 2000px) 100vw, 2000px\" \/><\/p>\n<p>\u2728 \u0110i Grab \u0111\u1ebfn kh\u00e1m ph\u00e1 ngay c\u00e1c qu\u00e1n \u0103n \u0111\u1ea1t danh hi\u1ec7u Michelin m\u00e0 kh\u00f4ng lo g\u1eedi xe.<\/p>\n<p>\ud83d\ude97\ud83d\udef5 \u0110\u1eebng qu\u00ean nh\u1eadp m\u00e3 MICHELIN gi\u1ea3m t\u1edbi 50% t\u1ed1i \u0111a 50.000\u0111, \u00e1p d\u1ee5ng cho c\u00e1c chuy\u1ebfn xe \u0111\u1ebfn c\u00e1c \u0111\u1ecba \u0111i\u1ec3m qu\u00e1n \u0103n n\u1eb1m trong danh s\u00e1ch \u0111\u1ea1t danh hi\u1ec7u Michelin.<\/p>\n<p>\ud83d\udc49\ud83c\udffb \u0110\u1eb7t xe ngay!<\/p>\n<p>\ud83d\udcccXem chi ti\u1ebft ch\u01b0\u01a1ng tr\u00ecnh \u01b0u \u0111\u00e3i t\u1ea1i \u0111\u00e2y:<\/p>\n<ul>\n<li>\u01afu \u0111\u00e3i 50% t\u1ed1i \u0111a 50.000\u0111 cho c\u00e1c chuy\u1ebfn xe GrabBike\/GrabBike Plus\/ GrabCar\/GrabCar Plus c\u00f3 \u0111i\u1ec3m \u0111\u00f3n v\u00e0 tr\u1ea3 kh\u00e1ch t\u1ea1i c\u00e1c qu\u00e1n \u0111\u1ea1t danh hi\u1ec7u Michelin.<\/li>\n<li>\u01afu \u0111\u00e3i \u0111\u01b0\u1ee3c \u00e1p d\u1ee5ng t\u1eeb 10\/6\/2023 \u0111\u1ebfn h\u1ebft ng\u00e0y 30\/6\/2023.<\/li>\n<li>S\u1ed1 l\u01b0\u1ee3ng \u01b0u \u0111\u00e3i c\u00f3 gi\u1edbi h\u1ea1n.<\/li>\n<li>\u00c1p d\u1ee5ng cho m\u1ecdi ph\u01b0\u01a1ng th\u1ee9c thanh to\u00e1n.<\/li>\n<li>\u00c1p d\u1ee5ng t\u1ea1i khu v\u1ef1c th\u00e0nh ph\u1ed1 H\u1ed3 Ch\u00ed Minh v\u00e0 th\u00e0nh ph\u1ed1 H\u00e0 N\u1ed9i.<\/li>\n<li>\u00c1p d\u1ee5ng cho phi\u00ean b\u1ea3n \u1ee9ng d\u1ee5ng Grab m\u1edbi nh\u1ea5t.<\/li>\n<\/ul>\n","protected":false},"excerpt":{"rendered":"\u2728 \u0110i Grab \u0111\u1ebfn kh\u00e1m ph\u00e1 ngay c\u00e1c qu\u00e1n \u0103n \u0111\u1ea1t danh hi\u1ec7u Michelin m\u00e0 kh\u00f4ng lo g\u1eedi xe. \ud83d\ude97\ud83d\udef5 \u0110\u1eebng qu\u00ean nh\u1eadp m\u00e3 MICHELIN gi\u1ea3m t\u1edbi 50% t\u1ed1i \u0111a 50.000\u0111, \u00e1p d\u1ee5ng cho c\u00e1c chuy\u1ebfn xe \u0111\u1ebfn c\u00e1c \u0111\u1ecba \u0111i\u1ec3m qu\u00e1n \u0103n n\u1eb1m trong danh s\u00e1ch \u0111\u1ea1t danh hi\u1ec7u Michelin. \ud83d\udc49\ud83c\udffb \u0110\u1eb7t xe ngay! [&hellip;]","protected":false},"author":1407,"featured_media":0,"parent":0,"menu_order":0,"comment_status":"closed","ping_status":"closed","template":"","meta":{"_acf_changed":false,"footnotes":""},"acf":[],"_links":{"self":[{"href":"https:\/\/www.grab.com\/vn\/wp-json\/wp\/v2\/pages\/147790"}],"collection":[{"href":"https:\/\/www.grab.com\/vn\/wp-json\/wp\/v2\/pages"}],"about":[{"href":"https:\/\/www.grab.com\/vn\/wp-json\/wp\/v2\/types\/page"}],"author":[{"embeddable":true,"href":"https:\/\/www.grab.com\/vn\/wp-json\/wp\/v2\/users\/1407"}],"replies":[{"embeddable":true,"href":"https:\/\/www.grab.com\/vn\/wp-json\/wp\/v2\/comments?post=147790"}],"version-history":[{"count":5,"href":"https:\/\/www.grab.com\/vn\/wp-json\/wp\/v2\/pages\/147790\/revisions"}],"predecessor-version":[{"id":147798,"href":"https:\/\/www.grab.com\/vn\/wp-json\/wp\/v2\/pages\/147790\/revisions\/147798"}],"wp:attachment":[{"href":"https:\/\/www.grab.com\/vn\/wp-json\/wp\/v2\/media?parent=147790"}],"curies":[{"name":"wp","href":"https:\/\/api.w.org\/{rel}","templated":true}]}}