{"id":147749,"date":"2023-06-08T19:01:53","date_gmt":"2023-06-08T11:01:53","guid":{"rendered":"https:\/\/www.grab.com\/vn\/?page_id=147749"},"modified":"2023-06-14T11:35:18","modified_gmt":"2023-06-14T03:35:18","slug":"trua-nang-di-grabcar-uu-dai-toi-50-000d","status":"publish","type":"page","link":"https:\/\/www.grab.com\/vn\/trua-nang-di-grabcar-uu-dai-toi-50-000d\/","title":{"rendered":"Tr\u01b0a n\u1eafng \u0111i GrabCar, \u01b0u \u0111\u00e3i t\u1edbi 50.000\u0111"},"content":{"rendered":"<p><strong>H\u01b0\u1edbng d\u1eabn nh\u1eadn \u01b0u \u0111\u00e3i:<\/strong><\/p>\n<p>Ch\u1ec9 4 b\u01b0\u1edbc n\u1eefa th\u00f4i, b\u1ea1n s\u1ebd nh\u1eadn \u0111\u01b0\u1ee3c \u01b0u \u0111\u00e3i 30% t\u1ed1i \u0111a 50.000\u0111 t\u1eeb GrabCar\/ GrabCar Plus<\/p>\n<ul>\n<li>B\u01b0\u1edbc 1: Scan QR code, \u1ea5n \u0111\u1ed5i \u01b0u \u0111\u00e3i &#8220;Tr\u01b0a n\u1eafng \u0111i GrabCar&#8221;<\/li>\n<li>B\u01b0\u1edbc 2: Ng\u01b0\u1eddi d\u00f9ng nh\u1ea5n v\u00e0o &#8220;\u0110\u1ed5i ngay \/ Redeem&#8221;, sau \u0111\u00f3 li\u00ean h\u1ec7 PG<\/li>\n<li>B\u01b0\u1edbc 3: PG nh\u1ea5n &#8220;Use now \/ S\u1eed d\u1ee5ng&#8221;, nh\u1eadp m\u00e3 4-digit PIN \u0111\u1ec3 l\u1ea5y \u01b0u \u0111\u00e3i &#8220;Tr\u01b0a \u0111i GrabCar, \u01b0u \u0111\u00e3i t\u1edbi 50.000\u0111&#8221; s\u1ebd \u0111\u01b0\u1ee3c g\u1eedi v\u00e0o &#8220;My Rewards \/ \u01afu \u0111\u00e3i c\u1ee7a t\u00f4i&#8221;<\/li>\n<li>B\u01b0\u1edbc 4: Ng\u01b0\u1eddi d\u00f9ng v\u00e0o Tile &#8220;Rewards \/ \u01afu \u0111\u00e3i&#8221;, ch\u1ecdn &#8220;My Rewards \/ \u01afu \u0111\u00e3i c\u1ee7a t\u00f4i&#8221; \u0111\u1ec3 ki\u1ec3m tra \u01b0u \u0111\u00e3i \u0111\u00e3 nh\u1eadn \u0111\u01b0\u1ee3c.<\/li>\n<\/ul>\n<p>* Vui l\u00f2ng xem \u0111i\u1ec1u ki\u1ec7n v\u00e0 \u0111i\u1ec1u kho\u1ea3n \u00e1p d\u1ee5ng tr\u00ean \u01b0u \u0111\u00e3i \u0111\u00e3 nh\u1eadn \u0111\u01b0\u1ee3c \u0111\u1ec3 s\u1eed d\u1ee5ng.<\/p>\n<p><strong>\u0110i\u1ec1u kho\u1ea3n &amp; \u0111i\u1ec1u ki\u1ec7n \u00e1p d\u1ee5ng c\u1ee7a \u01b0u \u0111\u00e3i &#8220;Tr\u01b0a n\u1eafng \u0111i GrabCar, \u01b0u \u0111\u00e3i t\u1edbi 50.000\u0111&#8221;<\/strong><br \/>\n* \u01afu \u0111\u00e3i 30% t\u1ed1i \u0111a 50.000\u0111.<br \/>\n* \u00c1p d\u1ee5ng cho GrabCar\/ GrabCar Plus t\u1ea1i t\u1ea5t c\u1ea3 c\u00e1c khu v\u1ef1c \u1edf Tp. H\u00e0 N\u1ed9i.<br \/>\n* \u00c1p d\u1ee5ng cho m\u1ecdi ph\u01b0\u01a1ng th\u1ee9c thanh to\u00e1n.<br \/>\n* \u01afu \u0111\u00e3i kh\u00f4ng bao g\u1ed3m ph\u1ee5 ph\u00ed, ng\u01b0\u1eddi d\u00f9ng vui l\u00f2ng thanh to\u00e1n ph\u1ee5 ph\u00ed (n\u1ebfu c\u00f3) v\u1edbi \u0110\u1ed1i t\u00e1c t\u00e0i x\u1ebf.<br \/>\n* M\u1ed7i ng\u01b0\u1eddi d\u00f9ng \u0111\u01b0\u1ee3c s\u1eed d\u1ee5ng t\u1ed1i \u0111a 02 l\u1ea7n.<\/p>\n<p>&nbsp;<\/p>\n","protected":false},"excerpt":{"rendered":"H\u01b0\u1edbng d\u1eabn nh\u1eadn \u01b0u \u0111\u00e3i: Ch\u1ec9 4 b\u01b0\u1edbc n\u1eefa th\u00f4i, b\u1ea1n s\u1ebd nh\u1eadn \u0111\u01b0\u1ee3c \u01b0u \u0111\u00e3i 30% t\u1ed1i \u0111a 50.000\u0111 t\u1eeb GrabCar\/ GrabCar Plus B\u01b0\u1edbc 1: Scan QR code, \u1ea5n \u0111\u1ed5i \u01b0u \u0111\u00e3i &#8220;Tr\u01b0a n\u1eafng \u0111i GrabCar&#8221; B\u01b0\u1edbc 2: Ng\u01b0\u1eddi d\u00f9ng nh\u1ea5n v\u00e0o &#8220;\u0110\u1ed5i ngay \/ Redeem&#8221;, sau \u0111\u00f3 li\u00ean h\u1ec7 PG B\u01b0\u1edbc 3: PG [&hellip;]","protected":false},"author":1407,"featured_media":0,"parent":0,"menu_order":0,"comment_status":"closed","ping_status":"closed","template":"","meta":{"_acf_changed":false,"footnotes":""},"acf":[],"_links":{"self":[{"href":"https:\/\/www.grab.com\/vn\/wp-json\/wp\/v2\/pages\/147749"}],"collection":[{"href":"https:\/\/www.grab.com\/vn\/wp-json\/wp\/v2\/pages"}],"about":[{"href":"https:\/\/www.grab.com\/vn\/wp-json\/wp\/v2\/types\/page"}],"author":[{"embeddable":true,"href":"https:\/\/www.grab.com\/vn\/wp-json\/wp\/v2\/users\/1407"}],"replies":[{"embeddable":true,"href":"https:\/\/www.grab.com\/vn\/wp-json\/wp\/v2\/comments?post=147749"}],"version-history":[{"count":4,"href":"https:\/\/www.grab.com\/vn\/wp-json\/wp\/v2\/pages\/147749\/revisions"}],"predecessor-version":[{"id":148110,"href":"https:\/\/www.grab.com\/vn\/wp-json\/wp\/v2\/pages\/147749\/revisions\/148110"}],"wp:attachment":[{"href":"https:\/\/www.grab.com\/vn\/wp-json\/wp\/v2\/media?parent=147749"}],"curies":[{"name":"wp","href":"https:\/\/api.w.org\/{rel}","templated":true}]}}