{"id":147734,"date":"2023-06-08T16:01:38","date_gmt":"2023-06-08T08:01:38","guid":{"rendered":"https:\/\/www.grab.com\/vn\/?page_id=147734"},"modified":"2023-06-08T16:01:38","modified_gmt":"2023-06-08T08:01:38","slug":"di-grab-buoi-sang-tiet-kiem-len-den-50","status":"publish","type":"page","link":"https:\/\/www.grab.com\/vn\/di-grab-buoi-sang-tiet-kiem-len-den-50\/","title":{"rendered":"\u0110i Grab bu\u1ed5i s\u00e1ng, ti\u1ebft ki\u1ec7m l\u00ean \u0111\u1ebfn 50%"},"content":{"rendered":"<p>Bu\u1ed5i s\u00e1ng \u00f4i th\u00f4i, th\u1eadt t\u1ea5t b\u1eadt qu\u00e1! V\u1ed9i v\u00e3 th\u1ee9c d\u1eady r\u1ed3i ph\u1ea3i nhanh ch\u00f3ng \u0111i xe \u0111\u1ebfn c\u00f4ng ty. M\u1edbi n\u1eeda \u0111\u01b0\u1eddng m\u00e0 \u0111\u00e3 m\u1ec7t b\u1edf h\u01a1i tai, sao m\u00e0 n\u1eafng, sao m\u00e0 k\u1eb9t xe qu\u00e1.<\/p>\n<p>Kh\u00f4ng c\u1ea7n \u01b0\u1edbc, v\u00ec Grab xu\u1ea5t hi\u1ec7n ngay \u0111\u00e2y! \u01afu \u0111\u00e3i ti\u1ebft ki\u1ec7m \u0111\u1ebfn 50% v\u1edbi:<br \/>\n\u27a1\ufe0f GrabBike Economy\/ GrabCar Economy ti\u1ebft ki\u1ec7m l\u00ean \u0111\u1ebfn 10%<br \/>\n\u27a1\ufe0f \u01afu \u0111\u00e3i th\u00eam 45% khi \u0111i Grab<\/p>\n<p>T\u1eeb nay m\u1ed7i bu\u1ed5i s\u00e1ng mu\u00f4n ph\u1ea7n nh\u1eb9 nh\u00e0ng, tho\u1ea3i m\u00e1i v\u00ec b\u1ea1n ch\u1ec9 c\u1ea7n ng\u1ed3i sau, Grab ch\u1edf b\u1ea1n \u0111\u1ebfn n\u01a1i!<\/p>\n","protected":false},"excerpt":{"rendered":"Bu\u1ed5i s\u00e1ng \u00f4i th\u00f4i, th\u1eadt t\u1ea5t b\u1eadt qu\u00e1! V\u1ed9i v\u00e3 th\u1ee9c d\u1eady r\u1ed3i ph\u1ea3i nhanh ch\u00f3ng \u0111i xe \u0111\u1ebfn c\u00f4ng ty. M\u1edbi n\u1eeda \u0111\u01b0\u1eddng m\u00e0 \u0111\u00e3 m\u1ec7t b\u1edf h\u01a1i tai, sao m\u00e0 n\u1eafng, sao m\u00e0 k\u1eb9t xe qu\u00e1. Kh\u00f4ng c\u1ea7n \u01b0\u1edbc, v\u00ec Grab xu\u1ea5t hi\u1ec7n ngay \u0111\u00e2y! \u01afu \u0111\u00e3i ti\u1ebft ki\u1ec7m \u0111\u1ebfn 50% v\u1edbi: \u27a1\ufe0f [&hellip;]","protected":false},"author":1427,"featured_media":0,"parent":0,"menu_order":0,"comment_status":"closed","ping_status":"closed","template":"","meta":{"_acf_changed":false,"footnotes":""},"acf":[],"_links":{"self":[{"href":"https:\/\/www.grab.com\/vn\/wp-json\/wp\/v2\/pages\/147734"}],"collection":[{"href":"https:\/\/www.grab.com\/vn\/wp-json\/wp\/v2\/pages"}],"about":[{"href":"https:\/\/www.grab.com\/vn\/wp-json\/wp\/v2\/types\/page"}],"author":[{"embeddable":true,"href":"https:\/\/www.grab.com\/vn\/wp-json\/wp\/v2\/users\/1427"}],"replies":[{"embeddable":true,"href":"https:\/\/www.grab.com\/vn\/wp-json\/wp\/v2\/comments?post=147734"}],"version-history":[{"count":1,"href":"https:\/\/www.grab.com\/vn\/wp-json\/wp\/v2\/pages\/147734\/revisions"}],"predecessor-version":[{"id":147735,"href":"https:\/\/www.grab.com\/vn\/wp-json\/wp\/v2\/pages\/147734\/revisions\/147735"}],"wp:attachment":[{"href":"https:\/\/www.grab.com\/vn\/wp-json\/wp\/v2\/media?parent=147734"}],"curies":[{"name":"wp","href":"https:\/\/api.w.org\/{rel}","templated":true}]}}