{"id":147422,"date":"2023-06-06T18:59:45","date_gmt":"2023-06-06T10:59:45","guid":{"rendered":"https:\/\/www.grab.com\/vn\/?page_id=147422"},"modified":"2023-06-06T18:59:45","modified_gmt":"2023-06-06T10:59:45","slug":"147422-2","status":"publish","type":"page","link":"https:\/\/www.grab.com\/vn\/147422-2\/","title":{"rendered":""},"content":{"rendered":"<p><span style=\"font-weight: 400\"><img loading=\"lazy\" decoding=\"async\" width=\"1920\" height=\"1080\" class=\"alignnone size-full wp-image-147417\" src=\"https:\/\/assets.grab.com\/wp-content\/uploads\/sites\/11\/2023\/06\/06185744\/Grab_BCEco_1920x1080_16032023-2.jpg\" alt=\"\" srcset=\"https:\/\/assets.grab.com\/wp-content\/uploads\/sites\/11\/2023\/06\/06185744\/Grab_BCEco_1920x1080_16032023-2.jpg 1920w, https:\/\/assets.grab.com\/wp-content\/uploads\/sites\/11\/2023\/06\/06185744\/Grab_BCEco_1920x1080_16032023-2-250x141.jpg 250w, https:\/\/assets.grab.com\/wp-content\/uploads\/sites\/11\/2023\/06\/06185744\/Grab_BCEco_1920x1080_16032023-2-700x394.jpg 700w, https:\/\/assets.grab.com\/wp-content\/uploads\/sites\/11\/2023\/06\/06185744\/Grab_BCEco_1920x1080_16032023-2-768x432.jpg 768w, https:\/\/assets.grab.com\/wp-content\/uploads\/sites\/11\/2023\/06\/06185744\/Grab_BCEco_1920x1080_16032023-2-1536x864.jpg 1536w, https:\/\/assets.grab.com\/wp-content\/uploads\/sites\/11\/2023\/06\/06185744\/Grab_BCEco_1920x1080_16032023-2-120x68.jpg 120w\" sizes=\"(max-width: 1920px) 100vw, 1920px\" \/><img loading=\"lazy\" decoding=\"async\" width=\"1920\" height=\"1080\" class=\"alignnone size-full wp-image-147418\" src=\"https:\/\/assets.grab.com\/wp-content\/uploads\/sites\/11\/2023\/06\/06185759\/Grab_BCEco_1920x1080_16032023-2-1.jpg\" alt=\"\" srcset=\"https:\/\/assets.grab.com\/wp-content\/uploads\/sites\/11\/2023\/06\/06185759\/Grab_BCEco_1920x1080_16032023-2-1.jpg 1920w, https:\/\/assets.grab.com\/wp-content\/uploads\/sites\/11\/2023\/06\/06185759\/Grab_BCEco_1920x1080_16032023-2-1-250x141.jpg 250w, https:\/\/assets.grab.com\/wp-content\/uploads\/sites\/11\/2023\/06\/06185759\/Grab_BCEco_1920x1080_16032023-2-1-700x394.jpg 700w, https:\/\/assets.grab.com\/wp-content\/uploads\/sites\/11\/2023\/06\/06185759\/Grab_BCEco_1920x1080_16032023-2-1-768x432.jpg 768w, https:\/\/assets.grab.com\/wp-content\/uploads\/sites\/11\/2023\/06\/06185759\/Grab_BCEco_1920x1080_16032023-2-1-1536x864.jpg 1536w, https:\/\/assets.grab.com\/wp-content\/uploads\/sites\/11\/2023\/06\/06185759\/Grab_BCEco_1920x1080_16032023-2-1-120x68.jpg 120w\" sizes=\"(max-width: 1920px) 100vw, 1920px\" \/><img loading=\"lazy\" decoding=\"async\" width=\"1920\" height=\"1080\" class=\"alignnone size-full wp-image-147418\" src=\"https:\/\/assets.grab.com\/wp-content\/uploads\/sites\/11\/2023\/06\/06185759\/Grab_BCEco_1920x1080_16032023-2-1.jpg\" alt=\"\" srcset=\"https:\/\/assets.grab.com\/wp-content\/uploads\/sites\/11\/2023\/06\/06185759\/Grab_BCEco_1920x1080_16032023-2-1.jpg 1920w, https:\/\/assets.grab.com\/wp-content\/uploads\/sites\/11\/2023\/06\/06185759\/Grab_BCEco_1920x1080_16032023-2-1-250x141.jpg 250w, https:\/\/assets.grab.com\/wp-content\/uploads\/sites\/11\/2023\/06\/06185759\/Grab_BCEco_1920x1080_16032023-2-1-700x394.jpg 700w, https:\/\/assets.grab.com\/wp-content\/uploads\/sites\/11\/2023\/06\/06185759\/Grab_BCEco_1920x1080_16032023-2-1-768x432.jpg 768w, https:\/\/assets.grab.com\/wp-content\/uploads\/sites\/11\/2023\/06\/06185759\/Grab_BCEco_1920x1080_16032023-2-1-1536x864.jpg 1536w, https:\/\/assets.grab.com\/wp-content\/uploads\/sites\/11\/2023\/06\/06185759\/Grab_BCEco_1920x1080_16032023-2-1-120x68.jpg 120w\" sizes=\"(max-width: 1920px) 100vw, 1920px\" \/><\/span><span style=\"font-weight: 400\">Grab tri\u1ec3n khai th\u1eed nghi\u1ec7m d\u1ecbch v\u1ee5 GrabBike Economy v\u00e0 GrabCar Economy t\u1ea1i TP. H\u00e0 N\u1ed9i v\u00e0 TP. H\u1ed3 Ch\u00ed Minh trong khung gi\u1edd nh\u1ea5t \u0111\u1ecbnh, v\u1edbi mong mu\u1ed1n mang l\u1ea1i tr\u1ea3i nghi\u1ec7m d\u1ecbch v\u1ee5 ti\u1ebft ki\u1ec7m h\u01a1n cho ng\u01b0\u1eddi d\u00f9ng.<\/span><\/p>\n<p>Khung gi\u1edd ho\u1ea1t \u0111\u1ed9ng: 6:00-16:00 m\u1ed7i ng\u00e0y<\/p>\n<p><b>L\u01b0u \u00fd:<\/b><\/p>\n<ul>\n<li style=\"font-weight: 400\"><span style=\"font-weight: 400\">GrabBike Economy t\u1ea1i TP.H\u1ed3 Ch\u00ed Minh la\u0300 di\u0323ch vu\u0323 th\u1eed nghi\u1ec7m da\u0300nh cho ng\u01b0\u1eddi d\u00f9ng co\u0301 nhu c\u00e2\u0300u di chuy\u00ea\u0309n b\u1eb1ng GrabBike cu\u0300ng m\u01b0\u0301c phi\u0301 <\/span><b>ti\u00ea\u0301t ki\u00ea\u0323m l\u00ean \u0111\u1ebfn 10%<\/b><span style=\"font-weight: 400\"> so v\u01a1\u0301i d\u1ecbch v\u1ee5 GrabBike th\u00f4ng th\u01b0\u01a1\u0300ng. T\u1ea1i TP.H\u1ed3 Ch\u00ed Minh, d\u1ecbch v\u1ee5 GrabBike Economy ch\u1ec9 \u00e1p d\u1ee5ng v\u1edbi qu\u1ea3ng \u0111\u01b0\u1eddng d\u01b0\u1edbi 25km.<\/span><\/li>\n<li style=\"font-weight: 400\"><span style=\"font-weight: 400\">C\u01b0\u1edbc ph\u00ed GrabCar Economy hi\u1ec3n th\u1ecb tr\u00ean \u1ee9ng d\u1ee5ng Grab <\/span><b>ch\u01b0a bao g\u1ed3m<\/b><span style=\"font-weight: 400\"> l\u1ec7 ph\u00ed c\u1ea7u \u0111\u01b0\u1eddng, ph\u00ed ra v\u00e0o s\u00e2n bay v\u00e0 c\u00e1c lo\u1ea1i ph\u1ee5 ph\u00ed (n\u1ebfu c\u00f3). Vui l\u00f2ng tham kh\u1ea3o th\u00eam th\u00f4ng tin chi ti\u1ebft t\u1ea1i <\/span><a href=\"https:\/\/www.grab.com\/vn\/blog\/bang-thong-tin-cac-dich-vu-tren-ung-dung-grab\/\"><span style=\"font-weight: 400\">\u0111\u00e2y<\/span><\/a><\/li>\n<li style=\"font-weight: 400\"><span style=\"font-weight: 400\">Trong tr\u01b0\u1eddng h\u1ee3p ng\u01b0\u1eddi d\u00f9ng quy\u1ebft \u0111\u1ecbnh xu\u1ed1ng xe tr\u01b0\u1edbc khi \u0111\u1ebfn \u0111i\u1ec3m \u0111\u1ebfn \u0111\u00e3 \u0111\u1eb7t tr\u00ean \u1ee9ng d\u1ee5ng, <\/span><b>100% c\u01b0\u1edbc ph\u00ed chuy\u1ebfn xe<\/b><span style=\"font-weight: 400\"> s\u1ebd \u0111\u01b0\u1ee3c \u00e1p d\u1ee5ng.<\/span><\/li>\n<\/ul>\n","protected":false},"excerpt":{"rendered":"Grab tri\u1ec3n khai th\u1eed nghi\u1ec7m d\u1ecbch v\u1ee5 GrabBike Economy v\u00e0 GrabCar Economy t\u1ea1i TP. H\u00e0 N\u1ed9i v\u00e0 TP. H\u1ed3 Ch\u00ed Minh trong khung gi\u1edd nh\u1ea5t \u0111\u1ecbnh, v\u1edbi mong mu\u1ed1n mang l\u1ea1i tr\u1ea3i nghi\u1ec7m d\u1ecbch v\u1ee5 ti\u1ebft ki\u1ec7m h\u01a1n cho ng\u01b0\u1eddi d\u00f9ng. Khung gi\u1edd ho\u1ea1t \u0111\u1ed9ng: 6:00-16:00 m\u1ed7i ng\u00e0y L\u01b0u \u00fd: GrabBike Economy t\u1ea1i TP.H\u1ed3 Ch\u00ed [&hellip;]","protected":false},"author":1427,"featured_media":0,"parent":0,"menu_order":0,"comment_status":"closed","ping_status":"closed","template":"","meta":{"_acf_changed":false,"footnotes":""},"acf":[],"_links":{"self":[{"href":"https:\/\/www.grab.com\/vn\/wp-json\/wp\/v2\/pages\/147422"}],"collection":[{"href":"https:\/\/www.grab.com\/vn\/wp-json\/wp\/v2\/pages"}],"about":[{"href":"https:\/\/www.grab.com\/vn\/wp-json\/wp\/v2\/types\/page"}],"author":[{"embeddable":true,"href":"https:\/\/www.grab.com\/vn\/wp-json\/wp\/v2\/users\/1427"}],"replies":[{"embeddable":true,"href":"https:\/\/www.grab.com\/vn\/wp-json\/wp\/v2\/comments?post=147422"}],"version-history":[{"count":1,"href":"https:\/\/www.grab.com\/vn\/wp-json\/wp\/v2\/pages\/147422\/revisions"}],"predecessor-version":[{"id":147423,"href":"https:\/\/www.grab.com\/vn\/wp-json\/wp\/v2\/pages\/147422\/revisions\/147423"}],"wp:attachment":[{"href":"https:\/\/www.grab.com\/vn\/wp-json\/wp\/v2\/media?parent=147422"}],"curies":[{"name":"wp","href":"https:\/\/api.w.org\/{rel}","templated":true}]}}