{"id":146692,"date":"2023-05-26T16:07:13","date_gmt":"2023-05-26T08:07:13","guid":{"rendered":"https:\/\/www.grab.com\/vn\/?page_id=146692"},"modified":"2023-05-26T16:27:31","modified_gmt":"2023-05-26T08:27:31","slug":"146692-2","status":"publish","type":"page","link":"https:\/\/www.grab.com\/vn\/146692-2\/","title":{"rendered":""},"content":{"rendered":"<div>\n<p><strong><span style=\"color: #009d3b\">B\u1ea1n th\u00e2n m\u1ebfn,<\/span><\/strong><\/p>\n<p>Grab tri\u1ec3n khai th\u1eed nghi\u1ec7m t\u00ednh n\u0103ng an to\u00e0n <strong><span style=\"color: #009d3b\">AudioProtect<\/span><\/strong> v\u1edbi mong mu\u1ed1n gi\u00fap h\u00e0nh tr\u00ecnh di chuy\u1ec3n c\u1ee7a ng\u01b0\u1eddi d\u00f9ng an to\u00e0n h\u01a1n.<\/p>\n<p>T\u00ednh n\u0103ng an to\u00e0n <strong><span style=\"color: #009d3b\">AudioProtect<\/span><\/strong> cho ph\u00e9p \u0110\u1ed1i t\u00e1c t\u00e0i x\u1ebf v\u00e0 ng\u01b0\u1eddi d\u00f9ng th\u1ef1c hi\u1ec7n ghi \u00e2m tr\u00ean chuy\u1ebfn xe. B\u1ea3n ghi \u00e2m s\u1ebd \u0111\u01b0\u1ee3c s\u1eed d\u1ee5ng v\u1edbi m\u1ee5c \u0111\u00edch h\u1ed7 tr\u1ee3 gi\u1ea3i quy\u1ebft khi c\u00f3 s\u1ef1 c\u1ed1 li\u00ean quan \u0111\u1ebfn an to\u00e0n x\u1ea3y ra tr\u00ean chuy\u1ebfn xe.<\/p>\n<p>D\u01b0\u1edbi \u0111\u00e2y l\u00e0 m\u1ed9t v\u00e0i l\u01b0u \u00fd li\u00ean quan \u0111\u1ebfn t\u00ednh n\u0103ng an to\u00e0n <strong><span style=\"color: #009d3b\">AudioProtect<\/span><\/strong>:<\/p>\n<p>\u2705 Nh\u1eefng chuy\u1ebfn \u0111i s\u1ebd t\u1ef1 \u0111\u1ed9ng \u0111\u01b0\u1ee3c ghi \u00e2m khi c\u1ea3 b\u1ea1n v\u00e0 \u0111\u1ed1i t\u00e1c t\u00e0i x\u1ebf c\u00f9ng th\u1ef1c hi\u1ec7n k\u00edch ho\u1ea1t t\u00ednh n\u0103ng an to\u00e0n AudioProtect tr\u00ean \u1ee9ng d\u1ee5ng Grab.<br \/>\n\u2705 T\u00ednh n\u0103ng \u0111\u01b0\u1ee3c tri\u1ec3n khai th\u1eed nghi\u1ec7m cho c\u00e1c d\u1ecbch v\u1ee5 GrabCar\/ GrabCar Plus t\u1ea1i t\u1ec9nh Ki\u00ean Giang v\u00e0 t\u1ec9nh Kh\u00e1nh Ho\u00e0.<br \/>\n\u2705 C\u00e1c t\u1ec7p \u00e2m thanh s\u1ebd \u0111\u01b0\u1ee3c m\u00e3 h\u00f3a v\u00e0 l\u01b0u tr\u1eef tr\u00ean \u1ee9ng d\u1ee5ng Grab c\u1ee7a b\u1ea1n trong v\u00f2ng 5 ng\u00e0y.<br \/>\n\u2705 Sau th\u1eddi gian n\u00e0y, c\u00e1c t\u1eadp \u00e2m thanh s\u1ebd \u0111\u01b0\u1ee3c t\u1ef1 \u0111\u1ed9ng x\u00f3a n\u1ebfu kh\u00f4ng c\u00f3 s\u1ef1 vi\u1ec7c li\u00ean quan \u0111\u1ebfn an to\u00e0n n\u00e0o \u0111\u01b0\u1ee3c b\u00e1o c\u00e1o.<br \/>\n\u2705 C\u1ea3 b\u1ea1n v\u00e0 \u0111\u1ed1i t\u00e1c t\u00e0i x\u1ebf \u0111\u1ec1u kh\u00f4ng th\u1ec3 truy c\u1eadp c\u00e1c t\u1ec7p tin n\u00e0y.<br \/>\n\u2705 Grab s\u1ebd kh\u00f4ng t\u1ea3i l\u00ean ho\u1eb7c truy c\u1eadp c\u00e1c t\u1ec7p ghi \u00e2m n\u00e0y trong b\u1ea5t k\u1ef3 tr\u01b0\u1eddng h\u1ee3p n\u00e0o, tr\u1eeb khi c\u00f3 s\u1ef1 vi\u1ec7c li\u00ean quan \u0111\u1ebfn an to\u00e0n \u0111\u01b0\u1ee3c ghi nh\u1eadn.<br \/>\n\u2705 T\u00ednh n\u0103ng \u00e1p d\u1ee5ng v\u1edbi phi\u00ean b\u1ea3n \u1ee9ng d\u1ee5ng Grab 5.255.0 (iOS)\/ 5.253.0 (ADR)<\/p>\n<p>\u0110\u1ec3 tr\u1ea3i nghi\u1ec7m t\u00ednh n\u0103ng an to\u00e0n AudioProtect, h\u00e3y c\u00f9ng Grab xem qua h\u01b0\u1edbng d\u1eabn b\u00ean d\u01b0\u1edbi nh\u00e9:<\/p>\n<\/div>\n<p style=\"text-align: center\"><span style=\"color: #ffffff\"><strong><span style=\"background-color: #003333\">\ud83d\udfe2 K\u00edch ho\u1ea1t t\u00ednh n\u0103ng AudioProtect \ud83d\udfe2<\/span><\/strong><\/span><\/p>\n<div style=\"float: left\">\n<p>Khi th\u1ef1c hi\u1ec7n \u0111\u1eb7t xe, ng\u01b0\u1eddi d\u00f9ng s\u1ebd nh\u1eadn \u0111\u01b0\u1ee3c th\u00f4ng b\u00e1o gi\u1edbi thi\u1ec7u t\u00ednh n\u0103ng nh\u01b0 h\u00ecnh \u1ea3nh b\u00ean d\u01b0\u1edbi. Ng\u01b0\u1eddi d\u00f9ng l\u1ef1a ch\u1ecdn K\u00edch ho\u1ea1t \u0111\u1ec3 b\u1eadt t\u00ednh n\u0103ng an to\u00e0n <strong><span style=\"color: #009d3b\">AudioProtect<\/span><\/strong><\/p>\n<p><img decoding=\"async\" style=\"width: 100%\" src=\"https:\/\/assets.grab.com\/wp-content\/uploads\/sites\/11\/2023\/05\/26154344\/AudioProtect_1_230523-1-1.jpg\" \/><\/p>\n<p>Ngo\u00e0i ra, ng\u01b0\u1eddi d\u00f9ng c\u00f3 th\u1ec3 k\u00edch ho\u1ea1t t\u00ednh n\u0103ng an to\u00e0n <strong><span style=\"color: #009d3b\">AudioProtect<\/span><\/strong> b\u1eb1ng c\u00e1ch truy c\u1eadp \u1ee9ng d\u1ee5ng Grab c\u1ee7a b\u1ea1n &gt; ch\u1ecdn T\u00e0i kho\u1ea3n &gt; ch\u1ecdn C\u00e0i \u0111\u1eb7t an to\u00e0n &gt; chuy\u1ec3n t\u00ednh n\u0103ng an to\u00e0n <strong><span style=\"color: #009d3b\">AudioProtect<\/span> <\/strong>sang ch\u1ebf \u0111\u1ed9 <strong><span style=\"color: #00000\">K\u00edch ho\u1ea1t<\/span> <\/strong>&gt; b\u1ea5m <strong><span style=\"color: #00000\">K\u00edch ho\u1ea1t<\/span><\/strong> \u0111\u1ec3 b\u1eadt t\u00ednh n\u0103ng an to\u00e0n <strong><span style=\"color: #009d3b\">AudioProtect<\/span><\/strong> cho t\u1ea5t c\u1ea3 c\u00e1c chuy\u1ebfn \u0111i.<\/p>\n<p><img decoding=\"async\" style=\"width: 100%\" src=\"https:\/\/assets.grab.com\/wp-content\/uploads\/sites\/11\/2023\/05\/26154344\/AudioProtect_1_230523-1-1.jpg\" \/><\/p>\n<p>Sau khi k\u00edch ho\u1ea1t, ng\u01b0\u1eddi d\u00f9ng \u0111\u00e3 \u0111\u1ed3ng \u00fd th\u00f4ng qua t\u00ednh n\u0103ng an to\u00e0n <strong><span style=\"color: #009d3b\">AudioProtect<\/span><\/strong> \u0111\u1ec3 ghi \u00e2m l\u1ea1i \u0111o\u1ea1n h\u1ed9i tho\u1ea1i tr\u00ean chuy\u1ebfn xe ti\u1ebfp theo. Vi\u1ec7c ghi \u00e2m s\u1ebd ch\u1ec9 \u0111\u01b0\u1ee3c th\u1ef1c hi\u1ec7n khi chuy\u1ebfn \u0111i b\u1eaft \u0111\u1ea7u v\u00e0 s\u1ebd k\u1ebft th\u00fac khi b\u1ea1n ho\u00e0n th\u00e0nh chuy\u1ebfn \u0111i.<\/p>\n<\/div>\n<div>\n<p style=\"text-align: center\"><strong><span style=\"color: #ffffff\"><span style=\"background-color: #003333\">\ud83d\udfe2T\u1eaft t\u00ednh n\u0103ng AudioProtect\ud83d\udfe2<\/span><\/span><\/strong><\/p>\n<\/div>\n<div>\n<p>\u0110\u1ec3 t\u1eaft ho\u00e0n to\u00e0n t\u00ednh n\u0103ng an to\u00e0n <strong><span style=\"color: #009d3b\">AudioProtect<\/span><\/strong>, l\u00e0m theo c\u00e1c b\u01b0\u1edbc sau:<\/p>\n<p>\u2705M\u1edf \u1ee9ng d\u1ee5ng Grab v\u00e0 ch\u1ecdn T\u00e0i kho\u1ea3n &gt; Ch\u1ecdn C\u00e0i \u0111\u1eb7t an to\u00e0n v\u00e0 chuy\u1ec3n t\u00ednh n\u0103ng an to\u00e0n<br \/>\n<strong><span style=\"color: #009d3b\">AudioProtect<\/span><\/strong> sang ch\u1ebf \u0111\u1ed9 T\u1eaft &gt; Ch\u1ecdn X\u00e1c nh\u1eadn \u0111\u1ec3 t\u1eaft <strong><span style=\"color: #009d3b\">AudioProtect<\/span><\/strong>.<\/p>\n<p>\u2705T\u00ednh n\u0103ng n\u00e0y s\u1ebd b\u1ecb t\u1eaft cho t\u1ea5t c\u1ea3 c\u00e1c chuy\u1ebfn \u0111i cho \u0111\u1ebfn khi \u0111\u01b0\u1ee3c k\u00edch ho\u1ea1t l\u1ea1i.<\/p>\n<p>C\u1ea3m \u01a1n b\u1ea1n \u0111\u00e3 l\u1ef1a ch\u1ecdn v\u00e0 s\u1eed d\u1ee5ng Grab.<\/p>\n<p><span style='font-weight: 600;color: #009d3b'>Tr\u00e2n tr\u1ecdng,<br \/>\n\u0110\u1ed9i ng\u0169 Grab.<\/p>\n","protected":false},"excerpt":{"rendered":"B\u1ea1n th\u00e2n m\u1ebfn, Grab tri\u1ec3n khai th\u1eed nghi\u1ec7m t\u00ednh n\u0103ng an to\u00e0n AudioProtect v\u1edbi mong mu\u1ed1n gi\u00fap h\u00e0nh tr\u00ecnh di chuy\u1ec3n c\u1ee7a ng\u01b0\u1eddi d\u00f9ng an to\u00e0n h\u01a1n. T\u00ednh n\u0103ng an to\u00e0n AudioProtect cho ph\u00e9p \u0110\u1ed1i t\u00e1c t\u00e0i x\u1ebf v\u00e0 ng\u01b0\u1eddi d\u00f9ng th\u1ef1c hi\u1ec7n ghi \u00e2m tr\u00ean chuy\u1ebfn xe. B\u1ea3n ghi \u00e2m s\u1ebd \u0111\u01b0\u1ee3c s\u1eed d\u1ee5ng [&hellip;]","protected":false},"author":1427,"featured_media":0,"parent":0,"menu_order":0,"comment_status":"closed","ping_status":"closed","template":"","meta":{"_acf_changed":false,"footnotes":""},"acf":[],"_links":{"self":[{"href":"https:\/\/www.grab.com\/vn\/wp-json\/wp\/v2\/pages\/146692"}],"collection":[{"href":"https:\/\/www.grab.com\/vn\/wp-json\/wp\/v2\/pages"}],"about":[{"href":"https:\/\/www.grab.com\/vn\/wp-json\/wp\/v2\/types\/page"}],"author":[{"embeddable":true,"href":"https:\/\/www.grab.com\/vn\/wp-json\/wp\/v2\/users\/1427"}],"replies":[{"embeddable":true,"href":"https:\/\/www.grab.com\/vn\/wp-json\/wp\/v2\/comments?post=146692"}],"version-history":[{"count":3,"href":"https:\/\/www.grab.com\/vn\/wp-json\/wp\/v2\/pages\/146692\/revisions"}],"predecessor-version":[{"id":146695,"href":"https:\/\/www.grab.com\/vn\/wp-json\/wp\/v2\/pages\/146692\/revisions\/146695"}],"wp:attachment":[{"href":"https:\/\/www.grab.com\/vn\/wp-json\/wp\/v2\/media?parent=146692"}],"curies":[{"name":"wp","href":"https:\/\/api.w.org\/{rel}","templated":true}]}}