{"id":146103,"date":"2023-05-12T17:23:45","date_gmt":"2023-05-12T09:23:45","guid":{"rendered":"https:\/\/www.grab.com\/vn\/?page_id=146103"},"modified":"2023-06-18T09:04:35","modified_gmt":"2023-06-18T01:04:35","slug":"hanoidi1tang1","status":"publish","type":"page","link":"https:\/\/www.grab.com\/vn\/hanoidi1tang1\/","title":{"rendered":"Tr\u01b0a h\u00e8 H\u00e0 N\u1ed9i, Grab \u0111\u00e2u c\u0169ng kho\u1ebb"},"content":{"rendered":"<p><strong><img loading=\"lazy\" decoding=\"async\" width=\"1200\" height=\"600\" class=\"alignnone size-full wp-image-148612\" src=\"https:\/\/assets.grab.com\/wp-content\/uploads\/sites\/11\/2023\/06\/18090229\/1200x600_TPT_HN_1005-2-3.jpg\" alt=\"\" srcset=\"https:\/\/assets.grab.com\/wp-content\/uploads\/sites\/11\/2023\/06\/18090229\/1200x600_TPT_HN_1005-2-3.jpg 1200w, https:\/\/assets.grab.com\/wp-content\/uploads\/sites\/11\/2023\/06\/18090229\/1200x600_TPT_HN_1005-2-3-250x125.jpg 250w, https:\/\/assets.grab.com\/wp-content\/uploads\/sites\/11\/2023\/06\/18090229\/1200x600_TPT_HN_1005-2-3-700x350.jpg 700w, https:\/\/assets.grab.com\/wp-content\/uploads\/sites\/11\/2023\/06\/18090229\/1200x600_TPT_HN_1005-2-3-768x384.jpg 768w, https:\/\/assets.grab.com\/wp-content\/uploads\/sites\/11\/2023\/06\/18090229\/1200x600_TPT_HN_1005-2-3-120x60.jpg 120w\" sizes=\"(max-width: 1200px) 100vw, 1200px\" \/><\/strong><\/p>\n<p><strong>\ud83d\udd25\u00a0Tr\u01b0a h\u00e8 H\u00e0 N\u1ed9i c\u00f3 v\u1ed9i \u0111i \u0103n tr\u01b0a c\u00f9ng \u0111\u1ed3ng nghi\u1ec7p hay g\u1eb7p \u0111\u1ed1i t\u00e1c c\u1ee9 ph\u1ea3i \u0111\u1eb7t Grab cho kho\u1ebb.<\/strong><\/p>\n<p>\ud83d\udc9a\u00a0Nh\u1eadp m\u00e3\u00a0<strong>SIEURE<\/strong>\u00a0\u0111\u1ec3 t\u1eadn h\u01b0\u1edfng \u01b0u \u0111\u00e3i gi\u1ea3m 20% t\u1ed1i \u0111a 50.000\u0111 cho chuy\u1ebfn \u0111i v\u00e0o khung gi\u1edd 10h-13h00. Ngay sau khi ho\u00e0n th\u00e0nh chuy\u1ebfn xe, nh\u1eadn th\u00eam \u01b0u \u0111\u00e3i chuy\u1ebfn v\u1ec1 gi\u1ea3m 40% t\u1ed1i \u0111a 50.000\u0111 s\u1eed d\u1ee5ng trong ng\u00e0y.<\/p>\n<p>\ud83d\udc49C\u00f2n lo g\u00ec h\u00e8 n\u1eafng \u201cch\u00e1y da\u201d hay nh\u1eefng l\u1ea7n v\u1eadt v\u00e3 d\u1eaft v\u1ed9i chi\u1ebfc xe n\u1eefa! \u0110\u1eb7t Grab ngay th\u00f4i.<\/p>\n<p><strong>\u0110i\u1ec1u ki\u1ec7n \u0111i\u1ec1u kho\u1ea3n \u00e1p d\u1ee5ng c\u1ee7a \u01b0u \u0111\u00e3i:<\/strong><\/p>\n<p><span data-sheets-formula-bar-text-style=\"font-size:12px;color:#000000;font-weight:normal;text-decoration:none;font-family:'docs-Proxima Nova';font-style:normal;text-decoration-skip-ink:none;\">\u2705\u01afu \u0111\u00e3i gi\u1ea3m 20% t\u1ed1i \u0111a 50.000\u0111 \u00e1p d\u1ee5ng trong khung gi\u1edd 10:00 \u2013 13:00.<\/span><\/p>\n<p><span data-sheets-formula-bar-text-style=\"font-size:12px;color:#000000;font-weight:normal;text-decoration:none;font-family:'docs-Proxima Nova';font-style:normal;text-decoration-skip-ink:none;\">\u2705\u00c1p d\u1ee5ng d\u1ecbch v\u1ee5 GrabCar, GrabCar Plus, GrabCar Doanh Nghi\u1ec7p, GrabCar Economy, GrabBike, GrabBike Plus, GrabBike Economy.<\/span><\/p>\n<p>\u2705M\u1ed7i ng\u01b0\u1eddi d\u00f9ng c\u00f3 c\u01a1 h\u1ed9i nh\u1eadn \u0111\u01b0\u1ee3c 01 \u01b0u \u0111\u00e3i m\u1ed7i ng\u00e0y, 10 \u01b0u \u0111\u00e3i trong su\u1ed1t th\u1eddi gian di\u1ec5n ra ch\u01b0\u01a1ng tr\u00ecnh.<\/p>\n<p>\u2705\u00c1p d\u1ee5ng t\u1ea1i Th\u00e0nh Ph\u1ed1 H\u00e0 N\u1ed9i.<\/p>\n<p>\u2705\u00c1p d\u1ee5ng v\u1edbi m\u1ecdi h\u00ecnh th\u1ee9c thanh to\u00e1n.<\/p>\n<p>\u2705\u01afu \u0111\u00e3i c\u00f3 hi\u1ec7u l\u1ef1c \u0111\u1ebfn h\u1ebft 30\/06\/2023<\/p>\n<p><span data-sheets-formula-bar-text-style=\"font-size:12px;color:#000000;font-weight:normal;text-decoration:none;font-family:'docs-Proxima Nova';font-style:normal;text-decoration-skip-ink:none;\">\u2705Sau khi s\u1eed d\u1ee5ng m\u00e3 \u01b0u \u0111\u00e3i b\u00ean tr\u00ean, ng\u01b0\u1eddi d\u00f9ng \u0111\u01b0\u1ee3c t\u1eb7ng th\u00eam 01 m\u00e3 \u01b0u \u0111\u00e3i gi\u1ea3m 40% t\u1ed1i \u0111a 50.000\u0111 s\u1eed d\u1ee5ng trong ng\u00e0y. V\u00e0o \u201cMy reward\/ \u01afu \u0111\u00e3i c\u1ee7a t\u00f4i\u201d \u0111\u1ec3 s\u1eed d\u1ee5ng \u01b0u \u0111\u00e3i.<\/span><\/p>\n","protected":false},"excerpt":{"rendered":"\ud83d\udd25\u00a0Tr\u01b0a h\u00e8 H\u00e0 N\u1ed9i c\u00f3 v\u1ed9i \u0111i \u0103n tr\u01b0a c\u00f9ng \u0111\u1ed3ng nghi\u1ec7p hay g\u1eb7p \u0111\u1ed1i t\u00e1c c\u1ee9 ph\u1ea3i \u0111\u1eb7t Grab cho kho\u1ebb. \ud83d\udc9a\u00a0Nh\u1eadp m\u00e3\u00a0SIEURE\u00a0\u0111\u1ec3 t\u1eadn h\u01b0\u1edfng \u01b0u \u0111\u00e3i gi\u1ea3m 20% t\u1ed1i \u0111a 50.000\u0111 cho chuy\u1ebfn \u0111i v\u00e0o khung gi\u1edd 10h-13h00. Ngay sau khi ho\u00e0n th\u00e0nh chuy\u1ebfn xe, nh\u1eadn th\u00eam \u01b0u \u0111\u00e3i chuy\u1ebfn v\u1ec1 gi\u1ea3m 40% [&hellip;]","protected":false},"author":1427,"featured_media":0,"parent":0,"menu_order":0,"comment_status":"closed","ping_status":"closed","template":"","meta":{"_acf_changed":false,"footnotes":""},"acf":[],"_links":{"self":[{"href":"https:\/\/www.grab.com\/vn\/wp-json\/wp\/v2\/pages\/146103"}],"collection":[{"href":"https:\/\/www.grab.com\/vn\/wp-json\/wp\/v2\/pages"}],"about":[{"href":"https:\/\/www.grab.com\/vn\/wp-json\/wp\/v2\/types\/page"}],"author":[{"embeddable":true,"href":"https:\/\/www.grab.com\/vn\/wp-json\/wp\/v2\/users\/1427"}],"replies":[{"embeddable":true,"href":"https:\/\/www.grab.com\/vn\/wp-json\/wp\/v2\/comments?post=146103"}],"version-history":[{"count":4,"href":"https:\/\/www.grab.com\/vn\/wp-json\/wp\/v2\/pages\/146103\/revisions"}],"predecessor-version":[{"id":148610,"href":"https:\/\/www.grab.com\/vn\/wp-json\/wp\/v2\/pages\/146103\/revisions\/148610"}],"wp:attachment":[{"href":"https:\/\/www.grab.com\/vn\/wp-json\/wp\/v2\/media?parent=146103"}],"curies":[{"name":"wp","href":"https:\/\/api.w.org\/{rel}","templated":true}]}}