{"id":144824,"date":"2023-04-19T17:11:29","date_gmt":"2023-04-19T09:11:29","guid":{"rendered":"https:\/\/www.grab.com\/vn\/?page_id=144824"},"modified":"2023-04-19T17:15:43","modified_gmt":"2023-04-19T09:15:43","slug":"ting-ting-luong-ve-grab-gop-deal-thich-me","status":"publish","type":"page","link":"https:\/\/www.grab.com\/vn\/ting-ting-luong-ve-grab-gop-deal-thich-me\/","title":{"rendered":"Ting ting l\u01b0\u01a1ng v\u1ec1, Grab g\u00f3p deal th\u00edch m\u00ea"},"content":{"rendered":"<p><img loading=\"lazy\" decoding=\"async\" class=\"aligncenter wp-image-144825 size-full\" src=\"https:\/\/assets.grab.com\/wp-content\/uploads\/sites\/11\/2023\/04\/19161055\/1200x600_Grab_LuongVe-1.jpg\" alt=\"\" width=\"1200\" height=\"600\" srcset=\"https:\/\/assets.grab.com\/wp-content\/uploads\/sites\/11\/2023\/04\/19161055\/1200x600_Grab_LuongVe-1.jpg 1200w, https:\/\/assets.grab.com\/wp-content\/uploads\/sites\/11\/2023\/04\/19161055\/1200x600_Grab_LuongVe-1-250x125.jpg 250w, https:\/\/assets.grab.com\/wp-content\/uploads\/sites\/11\/2023\/04\/19161055\/1200x600_Grab_LuongVe-1-700x350.jpg 700w, https:\/\/assets.grab.com\/wp-content\/uploads\/sites\/11\/2023\/04\/19161055\/1200x600_Grab_LuongVe-1-768x384.jpg 768w, https:\/\/assets.grab.com\/wp-content\/uploads\/sites\/11\/2023\/04\/19161055\/1200x600_Grab_LuongVe-1-120x60.jpg 120w\" sizes=\"(max-width: 1200px) 100vw, 1200px\" \/><\/p>\n<p>&nbsp;<\/p>\n<p>\ud83d\ude0d Th\u1eddi kh\u1eafc t\u1ea5t c\u1ea3 c\u00f9ng ch\u1edd \u0111\u1ee3i \u0111\u00e3 t\u1edbi, bung x\u00f5a sau nh\u1eefng ng\u00e0y c\u00e0y cu\u1ed1c v\u1ea5t v\u1ea3 th\u00f4i anh ch\u1ecb em \u01a1i!<br \/>\nH\u00f2a c\u00f9ng kh\u00f4ng kh\u00ed r\u1ed9n r\u00e0ng n\u00e0y, Grab g\u00f3p \u0111\u1ee7 deal th\u00edch m\u00ea cho b\u1ea1n iu tha h\u1ed3 \u0103n u\u1ed1ng ph\u1ee7 ph\u00ea, di chuy\u1ec3n d\u1ec5 d\u00e0ng nha!<\/p>\n<p>\ud83d\ude97 \u01afu \u0111\u00e3i di chuy\u1ec3n 15% t\u1ed1i \u0111a 50.000\u0111 khi nh\u1eadp m\u00e3 LUONGVE cho chuy\u1ebfn GrabBike, GrabCar t\u1eeb 25.000\u0111.<br \/>\n\ud83c\udf5c \u01afu \u0111\u00e3i 50.000\u0111 cho \u0111\u01a1n GrabFood t\u1eeb 100.000\u0111, tha h\u1ed3 t\u1eadn h\u01b0\u1edfng tri\u1ec7u m\u00f3n ngon.<br \/>\n\ud83d\udc9a Combo 02 m\u00e3 \u01b0u \u0111\u00e3i \u0111\u1ebfn 60.000\u0111 \u0111\u1eb7t GrabFood, GrabCar, GrabBike cho l\u1ea7n \u0111\u1ea7u li\u00ean k\u1ebft v\u00ed ZaloPay v\u00e0o Grab \u0111\u1ec3 tr\u1ea3i nghi\u1ec7m thanh to\u00e1n kh\u00f4ng ti\u1ec1n m\u1eb7t. Li\u00ean k\u1ebft ngay: <a href=\"https:\/\/grb.to\/LienKetZaloPay\">https:\/\/grb.to\/LienKetZaloPay<\/a><br \/>\n\ud83d\udc9a Combo 6 m\u00e3 \u01b0u \u0111\u00e3i tr\u1ecb gi\u00e1 300.00\u0111 \u0111\u1eb7t Grab khi l\u1ea7n \u0111\u1ea7u li\u00ean k\u1ebft th\u1ebb ng\u00e2n h\u00e0ng v\u00e0o Grab. Xem chi ti\u1ebft t\u1ea1i: <a href=\"https:\/\/grb.to\/LienKetThe\">https:\/\/grb.to\/LienKetThe<\/a><\/p>\n<p>\ud83d\udc49 M\u1edf Grab v\u00e0 t\u1eadn h\u01b0\u1edfng ng\u00e0y l\u01b0\u01a1ng v\u1ec1 li\u1ec1n!<\/p>\n<p>&nbsp;<\/p>\n<p>\ud83d\udccc Xem chi ti\u1ebft c\u00e1c deal th\u00edch m\u00ea t\u1ea1i \u0111\u00e2y:<\/p>\n<p><span style=\"font-weight: 400\">\u0110i\u1ec1u ki\u1ec7n \u0111i\u1ec1u kho\u1ea3n \u00e1p d\u1ee5ng m\u00e3 <\/span><b>LUONGVE<\/b><span style=\"font-weight: 400\">:<\/span><\/p>\n<ul>\n<li style=\"font-weight: 400\"><span style=\"font-weight: 400\">\u01afu \u0111\u00e3i 15% t\u1ed1i \u0111a 50.000\u0111 cho chuy\u1ebfn xe t\u1eeb 25.000\u0111 \u00c1p d\u1ee5ng t\u1ea1i H\u1ed3 Ch\u00ed Minh, H\u00e0 N\u1ed9i, \u0110\u00e0 N\u1eb5ng, Kh\u00e1nh H\u00f2a, B\u00ecnh D\u01b0\u01a1ng, \u0110\u1ed3ng Nai, H\u1ea3i Ph\u00f2ng, C\u1ea7n Th\u01a1.<\/span><\/li>\n<li style=\"font-weight: 400\"><span style=\"font-weight: 400\">\u00c1p d\u1ee5ng cho d\u1ecbch v\u1ee5 GrabBike\/GrabBike Plus\/ GrabBike Economy v\u00e0 GrabCar\/ GrabCar Plus\/ GrabCar Economy.<\/span><\/li>\n<li style=\"font-weight: 400\"><span style=\"font-weight: 400\">\u00c1p d\u1ee5ng m\u1ecdi ph\u01b0\u01a1ng th\u1ee9c thanh to\u00e1n.<\/span><\/li>\n<li style=\"font-weight: 400\"><span style=\"font-weight: 400\">\u01afu \u0111\u00e3i kh\u00f4ng bao g\u1ed3m ph\u1ee5 ph\u00ed, ng\u01b0\u1eddi d\u00f9ng vui l\u00f2ng thanh to\u00e1n ph\u1ee5 ph\u00ed (n\u1ebfu c\u00f3) v\u1edbi \u0110\u1ed1i t\u00e1c t\u00e0i x\u1ebf.<\/span><\/li>\n<li style=\"font-weight: 400\"><span style=\"font-weight: 400\">M\u1ed7i ng\u01b0\u1eddi d\u00f9ng \u0111\u01b0\u1ee3c s\u1eed d\u1ee5ng 02 l\u1ea7n su\u1ed1t th\u1eddi gian di\u1ec5n ra ch\u01b0\u01a1ng tr\u00ecnh.<\/span><\/li>\n<li style=\"font-weight: 400\"><span style=\"font-weight: 400\">Ch\u1ec9 \u00e1p d\u1ee5ng v\u1edbi phi\u00ean b\u1ea3n app m\u1edbi nh\u1ea5t.<\/span><\/li>\n<\/ul>\n<p><span style=\"font-weight: 400\">\u0110i\u1ec1u ki\u1ec7n \u0111i\u1ec1u kho\u1ea3n \u00e1p d\u1ee5ng \u01b0u \u0111\u00e3i GrabFood:\u00a0<\/span><\/p>\n<ul>\n<li style=\"font-weight: 400\"><span style=\"font-weight: 400\">\u01afu \u0111\u00e3i 50.000\u0111 cho \u0111\u01a1n h\u00e0ng t\u1eeb 100.000\u0111.<\/span><\/li>\n<li style=\"font-weight: 400\"><span style=\"font-weight: 400\">\u00c1p d\u1ee5ng cho c\u00e1c c\u1eeda h\u00e0ng c\u00f3 hi\u1ec3n th\u1ecb \u01b0u \u0111\u00e3i tr\u00ean <strong>GrabFood<\/strong>.<\/span><\/li>\n<li style=\"font-weight: 400\"><span style=\"font-weight: 400\">Ch\u1ec9 \u00e1p d\u1ee5ng tr\u00ean gi\u00e1 tr\u1ecb \u0111\u01a1n h\u00e0ng, kh\u00f4ng \u00e1p d\u1ee5ng tr\u00ean ph\u00ed giao h\u00e0ng.<\/span><\/li>\n<li style=\"font-weight: 400\"><span style=\"font-weight: 400\">S\u1ed1 l\u01b0\u1ee3ng \u01b0u \u0111\u00e3i gi\u1edbi h\u1ea1n m\u1ed7i ng\u00e0y.<\/span><\/li>\n<li style=\"font-weight: 400\"><span style=\"font-weight: 400\">\u0110\u01b0\u1ee3c \u00e1p d\u1ee5ng \u0111\u1ed3ng th\u1eddi v\u1edbi c\u00e1c \u01b0u \u0111\u00e3i kh\u00e1c.<\/span><\/li>\n<li style=\"font-weight: 400\"><span style=\"font-weight: 400\">\u01afu \u0111\u00e3i kh\u00f4ng \u00e1p d\u1ee5ng cho \u0111\u01a1n h\u00e0ng l\u1ea5y t\u1ea1i qu\u00e1n.<\/span><\/li>\n<\/ul>\n","protected":false},"excerpt":{"rendered":"&nbsp; \ud83d\ude0d Th\u1eddi kh\u1eafc t\u1ea5t c\u1ea3 c\u00f9ng ch\u1edd \u0111\u1ee3i \u0111\u00e3 t\u1edbi, bung x\u00f5a sau nh\u1eefng ng\u00e0y c\u00e0y cu\u1ed1c v\u1ea5t v\u1ea3 th\u00f4i anh ch\u1ecb em \u01a1i! H\u00f2a c\u00f9ng kh\u00f4ng kh\u00ed r\u1ed9n r\u00e0ng n\u00e0y, Grab g\u00f3p \u0111\u1ee7 deal th\u00edch m\u00ea cho b\u1ea1n iu tha h\u1ed3 \u0103n u\u1ed1ng ph\u1ee7 ph\u00ea, di chuy\u1ec3n d\u1ec5 d\u00e0ng nha! \ud83d\ude97 \u01afu \u0111\u00e3i [&hellip;]","protected":false},"author":1407,"featured_media":0,"parent":0,"menu_order":0,"comment_status":"closed","ping_status":"closed","template":"","meta":{"_acf_changed":false,"footnotes":""},"acf":[],"_links":{"self":[{"href":"https:\/\/www.grab.com\/vn\/wp-json\/wp\/v2\/pages\/144824"}],"collection":[{"href":"https:\/\/www.grab.com\/vn\/wp-json\/wp\/v2\/pages"}],"about":[{"href":"https:\/\/www.grab.com\/vn\/wp-json\/wp\/v2\/types\/page"}],"author":[{"embeddable":true,"href":"https:\/\/www.grab.com\/vn\/wp-json\/wp\/v2\/users\/1407"}],"replies":[{"embeddable":true,"href":"https:\/\/www.grab.com\/vn\/wp-json\/wp\/v2\/comments?post=144824"}],"version-history":[{"count":6,"href":"https:\/\/www.grab.com\/vn\/wp-json\/wp\/v2\/pages\/144824\/revisions"}],"predecessor-version":[{"id":144848,"href":"https:\/\/www.grab.com\/vn\/wp-json\/wp\/v2\/pages\/144824\/revisions\/144848"}],"wp:attachment":[{"href":"https:\/\/www.grab.com\/vn\/wp-json\/wp\/v2\/media?parent=144824"}],"curies":[{"name":"wp","href":"https:\/\/api.w.org\/{rel}","templated":true}]}}