{"id":144815,"date":"2023-04-19T12:55:14","date_gmt":"2023-04-19T04:55:14","guid":{"rendered":"https:\/\/www.grab.com\/vn\/?page_id=144815"},"modified":"2023-04-24T16:37:03","modified_gmt":"2023-04-24T08:37:03","slug":"uudailuongve-2","status":"publish","type":"page","link":"https:\/\/www.grab.com\/vn\/uudailuongve-2\/","title":{"rendered":"TING TING L\u01af\u01a0NG V\u1ec0!"},"content":{"rendered":"<p><img loading=\"lazy\" decoding=\"async\" width=\"1200\" height=\"600\" class=\"alignnone size-full wp-image-145089\" src=\"https:\/\/assets.grab.com\/wp-content\/uploads\/sites\/11\/2023\/04\/24163651\/1200x600_Grab_LuongVe_1804.jpg\" alt=\"\" srcset=\"https:\/\/assets.grab.com\/wp-content\/uploads\/sites\/11\/2023\/04\/24163651\/1200x600_Grab_LuongVe_1804.jpg 1200w, https:\/\/assets.grab.com\/wp-content\/uploads\/sites\/11\/2023\/04\/24163651\/1200x600_Grab_LuongVe_1804-250x125.jpg 250w, https:\/\/assets.grab.com\/wp-content\/uploads\/sites\/11\/2023\/04\/24163651\/1200x600_Grab_LuongVe_1804-700x350.jpg 700w, https:\/\/assets.grab.com\/wp-content\/uploads\/sites\/11\/2023\/04\/24163651\/1200x600_Grab_LuongVe_1804-768x384.jpg 768w, https:\/\/assets.grab.com\/wp-content\/uploads\/sites\/11\/2023\/04\/24163651\/1200x600_Grab_LuongVe_1804-120x60.jpg 120w\" sizes=\"(max-width: 1200px) 100vw, 1200px\" \/><\/p>\n<p>Nh\u1eadp m\u00e3 LUONGVE \u0111\u1ec3 nh\u1eadn ngay \u01b0u \u0111\u00e3i.<\/p>\n<ul>\n<li>Gi\u1ea3m 15% t\u1ed1i \u0111a\u00a0 50.000\u0111 v\u1edbi chuy\u1ebfn xe c\u00f3 c\u01b0\u1edbc ph\u00ed t\u1ed1i thi\u1ec3u 25.000\u0111.<\/li>\n<li>\u00c1p d\u1ee5ng t\u1ea1i H\u1ed3 Ch\u00ed Minh, H\u00e0 N\u1ed9i, \u0110\u00e0 N\u1eb5ng, Kh\u00e1nh H\u00f2a, B\u00ecnh D\u01b0\u01a1ng, \u0110\u1ed3ng Nai, H\u1ea3i Ph\u00f2ng, C\u1ea7n Th\u01a1.<\/li>\n<li>\u00c1p d\u1ee5ng cho d\u1ecbch v\u1ee5 GrabBike\/GrabBike Plus\/ GrabBike Economy v\u00e0 GrabCar\/ GrabCar Plus\/ GrabCar Economy.<\/li>\n<li>\u00c1p d\u1ee5ng m\u1ecdi ph\u01b0\u01a1ng th\u1ee9c thanh to\u00e1n.<\/li>\n<li>\u01afu \u0111\u00e3i kh\u00f4ng bao g\u1ed3m ph\u1ee5 ph\u00ed, ng\u01b0\u1eddi d\u00f9ng vui l\u00f2ng thanh to\u00e1n ph\u1ee5 ph\u00ed (n\u1ebfu c\u00f3) v\u1edbi \u0110\u1ed1i t\u00e1c t\u00e0i x\u1ebf.<\/li>\n<li>M\u1ed7i ng\u01b0\u1eddi d\u00f9ng \u0111\u01b0\u1ee3c s\u1eed d\u1ee5ng 02 l\u1ea7n su\u1ed1t th\u1eddi gian di\u1ec5n ra ch\u01b0\u01a1ng tr\u00ecnh.<\/li>\n<li>Ch\u1ec9 \u00e1p d\u1ee5ng v\u1edbi phi\u00ean b\u1ea3n app m\u1edbi\u00a0nh\u1ea5t.<\/li>\n<\/ul>\n","protected":false},"excerpt":{"rendered":"Nh\u1eadp m\u00e3 LUONGVE \u0111\u1ec3 nh\u1eadn ngay \u01b0u \u0111\u00e3i. Gi\u1ea3m 15% t\u1ed1i \u0111a\u00a0 50.000\u0111 v\u1edbi chuy\u1ebfn xe c\u00f3 c\u01b0\u1edbc ph\u00ed t\u1ed1i thi\u1ec3u 25.000\u0111. \u00c1p d\u1ee5ng t\u1ea1i H\u1ed3 Ch\u00ed Minh, H\u00e0 N\u1ed9i, \u0110\u00e0 N\u1eb5ng, Kh\u00e1nh H\u00f2a, B\u00ecnh D\u01b0\u01a1ng, \u0110\u1ed3ng Nai, H\u1ea3i Ph\u00f2ng, C\u1ea7n Th\u01a1. \u00c1p d\u1ee5ng cho d\u1ecbch v\u1ee5 GrabBike\/GrabBike Plus\/ GrabBike Economy v\u00e0 GrabCar\/ GrabCar Plus\/ [&hellip;]","protected":false},"author":1427,"featured_media":0,"parent":0,"menu_order":0,"comment_status":"closed","ping_status":"closed","template":"","meta":{"_acf_changed":false,"footnotes":""},"acf":[],"_links":{"self":[{"href":"https:\/\/www.grab.com\/vn\/wp-json\/wp\/v2\/pages\/144815"}],"collection":[{"href":"https:\/\/www.grab.com\/vn\/wp-json\/wp\/v2\/pages"}],"about":[{"href":"https:\/\/www.grab.com\/vn\/wp-json\/wp\/v2\/types\/page"}],"author":[{"embeddable":true,"href":"https:\/\/www.grab.com\/vn\/wp-json\/wp\/v2\/users\/1427"}],"replies":[{"embeddable":true,"href":"https:\/\/www.grab.com\/vn\/wp-json\/wp\/v2\/comments?post=144815"}],"version-history":[{"count":3,"href":"https:\/\/www.grab.com\/vn\/wp-json\/wp\/v2\/pages\/144815\/revisions"}],"predecessor-version":[{"id":145090,"href":"https:\/\/www.grab.com\/vn\/wp-json\/wp\/v2\/pages\/144815\/revisions\/145090"}],"wp:attachment":[{"href":"https:\/\/www.grab.com\/vn\/wp-json\/wp\/v2\/media?parent=144815"}],"curies":[{"name":"wp","href":"https:\/\/api.w.org\/{rel}","templated":true}]}}