{"id":144693,"date":"2023-04-17T18:07:22","date_gmt":"2023-04-17T10:07:22","guid":{"rendered":"https:\/\/www.grab.com\/vn\/?page_id=144693"},"modified":"2023-04-24T10:00:13","modified_gmt":"2023-04-24T02:00:13","slug":"grabcarchuyenxa","status":"publish","type":"page","link":"https:\/\/www.grab.com\/vn\/grabcarchuyenxa\/","title":{"rendered":"\u01afu \u0111\u00e3i t\u1eb7ng b\u1ea1n khi s\u1eed d\u1ee5ng d\u1ecbch v\u1ee5 GrabCar Chuy\u1ebfn Xa"},"content":{"rendered":"<p><img loading=\"lazy\" decoding=\"async\" width=\"1242\" height=\"464\" class=\"alignnone size-full wp-image-144930\" src=\"https:\/\/assets.grab.com\/wp-content\/uploads\/sites\/11\/2023\/04\/20185557\/1242x464_TPT_GC_1804.jpg\" alt=\"\" srcset=\"https:\/\/assets.grab.com\/wp-content\/uploads\/sites\/11\/2023\/04\/20185557\/1242x464_TPT_GC_1804.jpg 1242w, https:\/\/assets.grab.com\/wp-content\/uploads\/sites\/11\/2023\/04\/20185557\/1242x464_TPT_GC_1804-250x93.jpg 250w, https:\/\/assets.grab.com\/wp-content\/uploads\/sites\/11\/2023\/04\/20185557\/1242x464_TPT_GC_1804-700x262.jpg 700w, https:\/\/assets.grab.com\/wp-content\/uploads\/sites\/11\/2023\/04\/20185557\/1242x464_TPT_GC_1804-768x287.jpg 768w, https:\/\/assets.grab.com\/wp-content\/uploads\/sites\/11\/2023\/04\/20185557\/1242x464_TPT_GC_1804-120x45.jpg 120w\" sizes=\"(max-width: 1242px) 100vw, 1242px\" \/><\/p>\n<ul>\n<li>\u01afu \u0111\u00e3i gi\u1ea3m 20% t\u1ed1i \u0111a 300.000\u0111.<\/li>\n<li>\u00c1p d\u1ee5ng v\u1edbi ng\u01b0\u1eddi d\u00f9ng l\u1ea7n \u0111\u1ea7u s\u1eed d\u1ee5ng d\u1ecbch v\u1ee5 GrabCar Chuy\u1ebfn Xa 4 ch\u1ed7 (1 chi\u1ec1u)\/ 7 ch\u1ed7(1 chi\u1ec1u)<\/li>\n<li>\u00c1p d\u1ee5ng v\u1edbi m\u1ecdi h\u00ecnh th\u1ee9c thanh to\u00e1n.<\/li>\n<li>\u01afu \u0111\u00e3i c\u00f3 h\u1ea1n s\u1eed d\u1ee5ng t\u1eeb th\u1eddi \u0111i\u1ec3m nh\u1eadn \u0111\u1ebfn h\u1ebft 30\/09\/2023.<\/li>\n<\/ul>\n","protected":false},"excerpt":{"rendered":"\u01afu \u0111\u00e3i gi\u1ea3m 20% t\u1ed1i \u0111a 300.000\u0111. \u00c1p d\u1ee5ng v\u1edbi ng\u01b0\u1eddi d\u00f9ng l\u1ea7n \u0111\u1ea7u s\u1eed d\u1ee5ng d\u1ecbch v\u1ee5 GrabCar Chuy\u1ebfn Xa 4 ch\u1ed7 (1 chi\u1ec1u)\/ 7 ch\u1ed7(1 chi\u1ec1u) \u00c1p d\u1ee5ng v\u1edbi m\u1ecdi h\u00ecnh th\u1ee9c thanh to\u00e1n. \u01afu \u0111\u00e3i c\u00f3 h\u1ea1n s\u1eed d\u1ee5ng t\u1eeb th\u1eddi \u0111i\u1ec3m nh\u1eadn \u0111\u1ebfn h\u1ebft 30\/09\/2023.","protected":false},"author":1427,"featured_media":0,"parent":0,"menu_order":0,"comment_status":"closed","ping_status":"closed","template":"","meta":{"_acf_changed":false,"footnotes":""},"acf":[],"_links":{"self":[{"href":"https:\/\/www.grab.com\/vn\/wp-json\/wp\/v2\/pages\/144693"}],"collection":[{"href":"https:\/\/www.grab.com\/vn\/wp-json\/wp\/v2\/pages"}],"about":[{"href":"https:\/\/www.grab.com\/vn\/wp-json\/wp\/v2\/types\/page"}],"author":[{"embeddable":true,"href":"https:\/\/www.grab.com\/vn\/wp-json\/wp\/v2\/users\/1427"}],"replies":[{"embeddable":true,"href":"https:\/\/www.grab.com\/vn\/wp-json\/wp\/v2\/comments?post=144693"}],"version-history":[{"count":5,"href":"https:\/\/www.grab.com\/vn\/wp-json\/wp\/v2\/pages\/144693\/revisions"}],"predecessor-version":[{"id":145044,"href":"https:\/\/www.grab.com\/vn\/wp-json\/wp\/v2\/pages\/144693\/revisions\/145044"}],"wp:attachment":[{"href":"https:\/\/www.grab.com\/vn\/wp-json\/wp\/v2\/media?parent=144693"}],"curies":[{"name":"wp","href":"https:\/\/api.w.org\/{rel}","templated":true}]}}