{"id":141375,"date":"2023-02-10T10:38:14","date_gmt":"2023-02-10T02:38:14","guid":{"rendered":"https:\/\/www.grab.com\/vn\/?page_id=141375"},"modified":"2023-02-10T10:38:14","modified_gmt":"2023-02-10T02:38:14","slug":"huong-dan-don-grabcar-tai-san-bay-tan-son-nhat","status":"publish","type":"page","link":"https:\/\/www.grab.com\/vn\/huong-dan-don-grabcar-tai-san-bay-tan-son-nhat\/","title":{"rendered":"H\u01b0\u1edbng d\u1eabn \u0111\u00f3n GrabCar t\u1ea1i s\u00e2n bay T\u00e2n S\u01a1n Nh\u1ea5t"},"content":{"rendered":"<p><span style=\"font-weight: 400\">B\u1ea1n th\u00e2n m\u1ebfn,<\/span><\/p>\n<p><span style=\"font-weight: 400\">Theo th\u00f4ng b\u00e1o s\u1ed1 112\/CHKQTTSN ng\u00e0y 12\/01\/2023 c\u1ee7a C\u1ea3ng h\u00e0ng kh\u00f4ng qu\u1ed1c t\u1ebf T\u00e2n S\u01a1n Nh\u1ea5t, k\u1ec3 t\u1eeb 00h00\u2019 ng\u00e0y 13\/01\/2023, c\u00e1c chuy\u1ebfn xe GrabCar s\u1ebd \u0111\u01b0\u1ee3c \u0111\u00f3n kh\u00e1ch <\/span><b>t\u1ea1i t\u1ea5t c\u1ea3 v\u1ecb tr\u00ed c\u1ee7a l\u00e0n D1 &#8211; Ga Qu\u1ed1c n\u1ed9i s\u00e2n bay T\u00e2n S\u01a1n Nh\u1ea5t<\/b><span style=\"font-weight: 400\">. V\u00ec v\u1eady, b\u1ea1n c\u00f3 th\u1ec3 \u0111\u1eb7t d\u1ecbch v\u1ee5 GrabCar v\u1edbi \u0111i\u1ec3m \u0111\u00f3n t\u1ea1i t\u1ea5t c\u1ea3 c\u00e1c c\u1ed9t c\u1ee7a l\u00e0n D1 &#8211; Ga qu\u1ed1c n\u1ed9i s\u00e2n bay T\u00e2n S\u01a1n Nh\u1ea5t, c\u1ee5 th\u1ec3 <\/span><b>t\u1eeb c\u1ed9t L5 \u0111\u1ebfn c\u1ed9t A5<\/b><span style=\"font-weight: 400\"> (t\u1eeb \u00f4 s\u1ed1 1 \u0111\u1ebfn \u00f4 s\u1ed1 12).\u00a0<\/span><\/p>\n<p>&nbsp;<\/p>\n<p><img loading=\"lazy\" decoding=\"async\" width=\"1560\" height=\"1011\" class=\"alignnone size-full wp-image-141372\" src=\"https:\/\/assets.grab.com\/wp-content\/uploads\/sites\/11\/2023\/02\/10103445\/TSNa.png\" alt=\"\" srcset=\"https:\/\/assets.grab.com\/wp-content\/uploads\/sites\/11\/2023\/02\/10103445\/TSNa.png 1560w, https:\/\/assets.grab.com\/wp-content\/uploads\/sites\/11\/2023\/02\/10103445\/TSNa-250x162.png 250w, https:\/\/assets.grab.com\/wp-content\/uploads\/sites\/11\/2023\/02\/10103445\/TSNa-700x454.png 700w, https:\/\/assets.grab.com\/wp-content\/uploads\/sites\/11\/2023\/02\/10103445\/TSNa-768x498.png 768w, https:\/\/assets.grab.com\/wp-content\/uploads\/sites\/11\/2023\/02\/10103445\/TSNa-1536x995.png 1536w, https:\/\/assets.grab.com\/wp-content\/uploads\/sites\/11\/2023\/02\/10103445\/TSNa-120x78.png 120w\" sizes=\"(max-width: 1560px) 100vw, 1560px\" \/><\/p>\n<p><b>**Tips: <\/b><span style=\"font-weight: 400\">Tr\u01b0\u1eddng h\u1ee3p b\u1ea1n ch\u01b0a bi\u1ebft h\u01b0\u1edbng di chuy\u1ec3n \u0111\u1ebfn \u0111i\u1ec3m \u0111\u00f3n sau khi \u0111\u00e3 \u0111\u1eb7t xe, h\u00e3y nh\u1ea5n v\u00e0o v\u1ecb tr\u00ed \u0111\u00f3n xe b\u1ea1n \u0111\u00e3 ch\u1ecdn, \u1ee9ng d\u1ee5ng Grab s\u1ebd hi\u1ec3n th\u1ecb h\u01b0\u1edbng d\u1eabn \u0111\u1ec3 b\u1ea1n di chuy\u1ec3n \u0111\u1ebfn \u0111i\u1ec3m \u0111\u00f3n:<\/span><img loading=\"lazy\" decoding=\"async\" class=\"wp-image-141373 aligncenter\" src=\"https:\/\/assets.grab.com\/wp-content\/uploads\/sites\/11\/2023\/02\/10103512\/TSNb.png\" alt=\"\" width=\"856\" height=\"746\" srcset=\"https:\/\/assets.grab.com\/wp-content\/uploads\/sites\/11\/2023\/02\/10103512\/TSNb.png 1152w, https:\/\/assets.grab.com\/wp-content\/uploads\/sites\/11\/2023\/02\/10103512\/TSNb-250x218.png 250w, https:\/\/assets.grab.com\/wp-content\/uploads\/sites\/11\/2023\/02\/10103512\/TSNb-700x610.png 700w, https:\/\/assets.grab.com\/wp-content\/uploads\/sites\/11\/2023\/02\/10103512\/TSNb-768x669.png 768w, https:\/\/assets.grab.com\/wp-content\/uploads\/sites\/11\/2023\/02\/10103512\/TSNb-120x105.png 120w\" sizes=\"(max-width: 856px) 100vw, 856px\" \/><\/p>\n<p><span style=\"font-weight: 400\">*<\/span><b>\u0110\u1eb7c bi\u1ec7t, Grab d\u00e0nh t\u1eb7ng b\u1ea1n \u01b0u \u0111\u00e3i 20%, gi\u1ea3m t\u1ed1i \u0111a 200.000\u0111 v\u1edbi chuy\u1ebfn xe c\u00f3 c\u01b0\u1edbc ph\u00ed t\u1ed1i thi\u1ec3u 100.000\u0111, \u00e1p d\u1ee5ng khi s\u1eed d\u1ee5ng d\u1ecbch v\u1ee5 GrabCar c\u00f3 \u0111i\u1ec3m \u0111\u1ebfn ho\u1eb7c \u0111i\u1ec3m \u0111\u00f3n t\u1ea1i s\u00e2n bay T\u00e2n S\u01a1n Nh\u1ea5t. <\/b><span style=\"font-weight: 400\">\u0110\u1ec3 bi\u1ebft th\u00eam \u0111i\u1ec1u ki\u1ec7n v\u00e0 \u0111i\u1ec1u kho\u1ea3n c\u1ee7a ch\u01b0\u01a1ng tr\u00ecnh \u01b0u \u0111\u00e3i n\u00e0y, b\u1ea1n vui l\u00f2ng xem th\u00eam t\u1ea1i \u0111\u01b0\u1eddng d\u1eabn<\/span> <a href=\"https:\/\/www.grab.com\/vn\/ve-nha-don-tet-co-grab-don-dua\/\"><i><span style=\"font-weight: 400\">https:\/\/www.grab.com\/vn\/ve-nha-don-tet-co-grab-don-dua\/<\/span><\/i><\/a><i><span style=\"font-weight: 400\">\u00a0<\/span><\/i><\/p>\n<p><img loading=\"lazy\" decoding=\"async\" width=\"967\" height=\"196\" class=\"size-full wp-image-141374 aligncenter\" src=\"https:\/\/assets.grab.com\/wp-content\/uploads\/sites\/11\/2023\/02\/10103543\/TSNd.jpg\" alt=\"\" srcset=\"https:\/\/assets.grab.com\/wp-content\/uploads\/sites\/11\/2023\/02\/10103543\/TSNd.jpg 967w, https:\/\/assets.grab.com\/wp-content\/uploads\/sites\/11\/2023\/02\/10103543\/TSNd-250x51.jpg 250w, https:\/\/assets.grab.com\/wp-content\/uploads\/sites\/11\/2023\/02\/10103543\/TSNd-700x142.jpg 700w, https:\/\/assets.grab.com\/wp-content\/uploads\/sites\/11\/2023\/02\/10103543\/TSNd-768x156.jpg 768w, https:\/\/assets.grab.com\/wp-content\/uploads\/sites\/11\/2023\/02\/10103543\/TSNd-120x24.jpg 120w\" sizes=\"(max-width: 967px) 100vw, 967px\" \/><\/p>\n<p>&nbsp;<\/p>\n<p>&nbsp;<\/p>\n<p><span style=\"font-weight: 400\">L\u01b0u \u00fd:<\/span><\/p>\n<p><span style=\"font-weight: 400\">\ud83d\udd39 B\u1ea1n vui l\u00f2ng \u0111\u1ebfn \u0111\u00fang khu v\u1ef1c c\u1ed9t\/ tr\u1ee5 \u0111\u00e3 ch\u1ecdn t\u1ea1i l\u00e0n D1 &#8211; Ga qu\u1ed1c n\u1ed9i \u0111\u1ec3 ch\u1edd b\u00e1c t\u00e0i.<\/span><\/p>\n<p><span style=\"font-weight: 400\">\ud83d\udd39 Theo quy \u0111\u1ecbnh c\u1ee7a s\u00e2n bay T\u00e2n S\u01a1n Nh\u1ea5t, b\u00e1c t\u00e0i kh\u00f4ng \u0111\u01b0\u1ee3c ph\u00e9p d\u1eebng xe \u0111\u00f3n\/ tr\u1ea3 kh\u00e1ch qu\u00e1 03 ph\u00fat. B\u1ea1n h\u00e3y nhanh ch\u00f3ng di chuy\u1ec3n \u0111\u1ebfn \u0111i\u1ec3m \u0111\u00f3n \u0111\u1ec3 g\u1eb7p b\u00e1c t\u00e0i \u0111\u00fang gi\u1edd v\u00e0 tr\u00e1nh g\u00e2y \u00f9n t\u1eafc nh\u00e9!<\/span><\/p>\n<p><span style=\"font-weight: 400\">\ud83d\udd39 Vi\u1ec7c th\u1ef1c hi\u1ec7n m\u1ed9t s\u1ed1 quy \u0111\u1ecbnh \u0111\u1ec3 \u0111\u1ea3m b\u1ea3o an to\u00e0n, an ninh t\u1ea1i s\u00e2n bay c\u00f3 th\u1ec3 khi\u1ebfn \u0111\u1ed1i t\u00e1c t\u00e0i x\u1ebf m\u1ea5t nhi\u1ec1u th\u1eddi gian h\u01a1n \u0111\u1ec3 \u0111\u00f3n b\u1ea1n. Mong b\u1ea1n th\u00f4ng c\u1ea3m v\u00e0 l\u01b0u \u00fd th\u1eadt k\u1ef9 \u0111\u1ec3 c\u00f3 tr\u1ea3i nghi\u1ec7m d\u1ecbch v\u1ee5 th\u1eadt t\u1ed1t c\u00f9ng Grab nh\u00e9 b\u1ea1n \u01a1i!<\/span><\/p>\n<p><span style=\"font-weight: 400\">C\u1ea3m \u01a1n b\u1ea1n \u0111\u00e3 tin t\u01b0\u1edfng v\u00e0 l\u1ef1a ch\u1ecdn d\u1ecbch v\u1ee5 di chuy\u1ec3n c\u1ee7a Grab.<\/span><\/p>\n<p><span style=\"font-weight: 400\">Tr\u00e2n tr\u1ecdng,<\/span><\/p>\n<p><span style=\"font-weight: 400\">\u0110\u1ed9i ng\u0169 Grab.<\/span><\/p>\n","protected":false},"excerpt":{"rendered":"B\u1ea1n th\u00e2n m\u1ebfn, Theo th\u00f4ng b\u00e1o s\u1ed1 112\/CHKQTTSN ng\u00e0y 12\/01\/2023 c\u1ee7a C\u1ea3ng h\u00e0ng kh\u00f4ng qu\u1ed1c t\u1ebf T\u00e2n S\u01a1n Nh\u1ea5t, k\u1ec3 t\u1eeb 00h00\u2019 ng\u00e0y 13\/01\/2023, c\u00e1c chuy\u1ebfn xe GrabCar s\u1ebd \u0111\u01b0\u1ee3c \u0111\u00f3n kh\u00e1ch t\u1ea1i t\u1ea5t c\u1ea3 v\u1ecb tr\u00ed c\u1ee7a l\u00e0n D1 &#8211; Ga Qu\u1ed1c n\u1ed9i s\u00e2n bay T\u00e2n S\u01a1n Nh\u1ea5t. V\u00ec v\u1eady, b\u1ea1n c\u00f3 th\u1ec3 \u0111\u1eb7t [&hellip;]","protected":false},"author":1427,"featured_media":0,"parent":0,"menu_order":0,"comment_status":"closed","ping_status":"closed","template":"","meta":{"_acf_changed":false,"footnotes":""},"acf":[],"_links":{"self":[{"href":"https:\/\/www.grab.com\/vn\/wp-json\/wp\/v2\/pages\/141375"}],"collection":[{"href":"https:\/\/www.grab.com\/vn\/wp-json\/wp\/v2\/pages"}],"about":[{"href":"https:\/\/www.grab.com\/vn\/wp-json\/wp\/v2\/types\/page"}],"author":[{"embeddable":true,"href":"https:\/\/www.grab.com\/vn\/wp-json\/wp\/v2\/users\/1427"}],"replies":[{"embeddable":true,"href":"https:\/\/www.grab.com\/vn\/wp-json\/wp\/v2\/comments?post=141375"}],"version-history":[{"count":1,"href":"https:\/\/www.grab.com\/vn\/wp-json\/wp\/v2\/pages\/141375\/revisions"}],"predecessor-version":[{"id":141376,"href":"https:\/\/www.grab.com\/vn\/wp-json\/wp\/v2\/pages\/141375\/revisions\/141376"}],"wp:attachment":[{"href":"https:\/\/www.grab.com\/vn\/wp-json\/wp\/v2\/media?parent=141375"}],"curies":[{"name":"wp","href":"https:\/\/api.w.org\/{rel}","templated":true}]}}