{"id":140668,"date":"2023-01-18T12:15:33","date_gmt":"2023-01-18T04:15:33","guid":{"rendered":"https:\/\/www.grab.com\/vn\/?page_id=140668"},"modified":"2023-01-18T12:15:57","modified_gmt":"2023-01-18T04:15:57","slug":"uu-dai-dat-phong-booking-com-qua-grab","status":"publish","type":"page","link":"https:\/\/www.grab.com\/vn\/uu-dai-dat-phong-booking-com-qua-grab\/","title":{"rendered":"\ud83c\udf89 \u01afu \u0111\u00e3i \u0111\u1eb7t ph\u00f2ng Booking.com qua \u1ee9ng d\u1ee5ng Grab"},"content":{"rendered":"<p><img loading=\"lazy\" decoding=\"async\" width=\"1200\" height=\"600\" class=\"alignnone size-full wp-image-140669\" src=\"https:\/\/assets.grab.com\/wp-content\/uploads\/sites\/11\/2023\/01\/18121014\/Grab_1200x600_17012023.png\" alt=\"\" srcset=\"https:\/\/assets.grab.com\/wp-content\/uploads\/sites\/11\/2023\/01\/18121014\/Grab_1200x600_17012023.png 1200w, https:\/\/assets.grab.com\/wp-content\/uploads\/sites\/11\/2023\/01\/18121014\/Grab_1200x600_17012023-250x125.png 250w, https:\/\/assets.grab.com\/wp-content\/uploads\/sites\/11\/2023\/01\/18121014\/Grab_1200x600_17012023-700x350.png 700w, https:\/\/assets.grab.com\/wp-content\/uploads\/sites\/11\/2023\/01\/18121014\/Grab_1200x600_17012023-768x384.png 768w, https:\/\/assets.grab.com\/wp-content\/uploads\/sites\/11\/2023\/01\/18121014\/Grab_1200x600_17012023-120x60.png 120w\" sizes=\"(max-width: 1200px) 100vw, 1200px\" \/><\/p>\n<p>\ud83d\ude18 \u0110\u1ea7u n\u0103m h\u1ed9i x\u00ea d\u1ecbch r\u1ee5c r\u1ecbch l\u00ean k\u1ebf ho\u1ea1ch \u0111i ch\u01a1i \u0111i \u0111\u00f3, nh\u1eadn ngay \u01b0u \u0111\u00e3i ho\u00e0n ti\u1ec1n khi \u0111\u1eb7t ph\u00f2ng kh\u00e1ch s\u1ea1n n\u00e8!<\/p>\n<p>\u2708\ufe0f T\u1eeb h\u00f4m nay \u0111\u1ebfn h\u1ebft ng\u00e0y 25\/01\/2022, m\u1ed7i l\u01b0\u1ee3t \u0111\u1eb7t ph\u00f2ng th\u00f4ng qua Booking.com tr\u00ean \u1ee9ng d\u1ee5ng Grab, b\u1ea1n s\u1ebd nh\u1eadn \u0111\u01b0\u1ee3c ngay \u01b0u \u0111\u00e3i HO\u00c0N TI\u1ec0N L\u00caN \u0110\u1ebeN 10%.<\/p>\n<p>\ud83d\udc9a Ti\u1ebft ki\u1ec7m th\u00eam m\u1ed9t ch\u00fat chi ph\u00ed cho chuy\u1ebfn du h\u00ed, gh\u00e9 Grab \u0111\u1eb7t ph\u00f2ng Booking.com l\u00e0 h\u1ebft \u00fd nha!<\/p>\n<p>\ud83d\udc49\ud83d\udc49 Du l\u1ecbch c\u00f9ng Grab v\u00e0 Booking.com, xem th\u00eam th\u00f4ng tin chi ti\u1ebft t\u1ea1i \u0111\u00e2y: https:\/\/grb.to\/Bcom<\/p>\n<p>&nbsp;<\/p>\n<p>\u0110i\u1ec1u ki\u1ec7n v\u00e0 \u0111i\u1ec1u kho\u1ea3n \u00e1p d\u1ee5ng:<\/p>\n<ul>\n<li><span style=\"font-weight: 400\">Ho\u00e0n ti\u1ec1n l\u00ean t\u1edbi 10% khi \u0111\u1eb7t ch\u1ed7 ngh\u1ec9 t\u1ea1i c\u00e1c kh\u00e1ch s\u1ea1n \u1edf Vi\u1ec7t Nam, ch\u1ec9 d\u00e0nh cho ng\u01b0\u1eddi d\u00f9ng c\u00f3 IP Grab Vi\u1ec7t Nam s\u1eed d\u1ee5ng \u00f4 kh\u00e1ch s\u1ea1n tr\u00ean \u1ee8ng d\u1ee5ng Grab v\u1edbi ng\u00e0y \u0111\u1eb7t ph\u00f2ng t\u1eeb 29\/12\/2022 &#8211; 25\/01\/2023.<\/span><\/li>\n<li><span style=\"font-weight: 400\">\u0110\u1ec3 s\u1eed d\u1ee5ng \u01b0u \u0111\u00e3i, h\u00e3y nh\u1ea5p v\u00e0o bi\u1ec3u t\u01b0\u1ee3ng Kh\u00e1ch s\u1ea1n trong \u1ee9ng d\u1ee5ng Grab r\u1ed3i ch\u1ecdn Booking.com v\u00e0 ti\u1ebfn h\u00e0nh c\u00e1c b\u01b0\u1edbc sau:<\/span><\/li>\n<li><span style=\"font-weight: 400\">\u1ee8ng d\u1ee5ng Grab s\u1ebd t\u1ef1 \u0111\u1ed9ng \u0111\u0103ng nh\u1eadp b\u1ea1n v\u00e0o trang tr\u00ean di d\u1ed9ng c\u1ee7a Booking.com tr\u00ean Grab<\/span><\/li>\n<li><span style=\"font-weight: 400\">T\u00ecm ch\u1ed7 ngh\u1ec9 v\u00e0 ch\u1ecdn ng\u00e0y \u0111i\u00a0<\/span><\/li>\n<li><span style=\"font-weight: 400\">Ch\u1ecdn ch\u1ed7 ngh\u1ec9 v\u00e0 lo\u1ea1i ph\u00f2ng mong mu\u1ed1n \u0111\u1ec3 xem m\u1ee9c gi\u00e1 v\u00e0 \u01b0\u1edbc t\u00ednh gi\u00e1 tr\u1ecb ho\u00e0n ti\u1ec1n<\/span><\/li>\n<li><span style=\"font-weight: 400\">\u0110\u00e1nh d\u1ea5u v\u00e0o \u00f4 tr\u00ean trang Thanh to\u00e1n \u0111\u1ec3 cho ph\u00e9p ho\u00e0n ti\u1ec1n v\u00e0o th\u1ebb\u00a0<\/span><\/li>\n<li><span style=\"font-weight: 400\">Nh\u1eefng \u0111\u1eb7t ph\u00f2ng \u0111\u01b0\u1ee3c th\u1ef1c hi\u1ec7n tr\u00ean \u1ee9ng d\u1ee5ng Booking.com kh\u00f4ng \u0111\u1ee7 \u0111i\u1ec1u ki\u1ec7n tham gia ch\u01b0\u01a1ng tr\u00ecnh khuy\u1ebfn m\u00e3i n\u00e0y.<\/span><\/li>\n<li><span style=\"font-weight: 400\">C\u00e1c \u0111\u1eb7t ph\u00f2ng \u0111\u00e3 h\u1ee7y v\u00e0 \u201cv\u1eafng m\u1eb7t\u201d s\u1ebd kh\u00f4ng \u0111\u1ee7 \u0111i\u1ec1u ki\u1ec7n tham gia.<\/span><\/li>\n<li><span style=\"font-weight: 400\">T\u1eb7ng th\u01b0\u1edfng s\u1ebd \u0111\u01b0\u1ee3c ghi c\u00f3 sau \u00edt nh\u1ea5t 67 ng\u00e0y l\u00e0m vi\u1ec7c t\u1eeb sau khi ho\u00e0n th\u00e0nh vi\u1ec7c l\u01b0u tr\u00fa t\u1ea1i ch\u1ed7 ngh\u1ec9 trong T\u1eb7ng th\u01b0\u1edfng c\u1ee7a t\u00f4i tr\u00ean Booking.com<\/span><\/li>\n<li><span style=\"font-weight: 400\">T\u1eb7ng th\u01b0\u1edfng s\u1ebd \u0111\u01b0\u1ee3c ghi d\u01b0\u1edbi d\u1ea1ng t\u00edn d\u1ee5ng trong ph\u1ea7n T\u1eb7ng th\u01b0\u1edfng c\u1ee7a t\u00f4i tr\u00ean Booking.com c\u1ee7a ng\u01b0\u1eddi d\u00f9ng. T\u1eb7ng th\u01b0\u1edfng c\u00f3 th\u1ec3 \u0111\u01b0\u1ee3c chuy\u1ec3n v\u00e0o th\u1ebb t\u00edn d\u1ee5ng \/ th\u1ebb ghi n\u1ee3 h\u1ee3p l\u1ec7.\u00a0<\/span><\/li>\n<li><span style=\"font-weight: 400\">Chuy\u1ec3n v\u00e0o th\u1ebb t\u00edn d\u1ee5ng \/ th\u1ebb ghi n\u1ee3 h\u1ee3p l\u1ec7:<\/span><\/li>\n<li><span style=\"font-weight: 400\">Ng\u01b0\u1eddi d\u00f9ng ph\u1ea3i c\u00f3 t\u00e0i kho\u1ea3n h\u1ee3p l\u1ec7 tr\u00ean Booking.com v\u00e0 n\u1ebfu t\u1eb7ng th\u01b0\u1edfng \u0111\u01b0\u1ee3c tr\u1ea3 v\u00e0o th\u1ebb t\u00edn d\u1ee5ng, h\u1ecd ph\u1ea3i c\u00f3 th\u00f4ng tin th\u1ebb t\u00edn d\u1ee5ng h\u1ee3p l\u1ec7 c\u1eadp nh\u1eadt \u0111\u01b0\u1ee3c th\u00eam v\u00e0o t\u00e0i kho\u1ea3n.<\/span><\/li>\n<li><span style=\"font-weight: 400\">Nh\u1eefng ch\u1ed7 ngh\u1ec9 kh\u00f4ng ch\u1ea5p nh\u1eadn th\u1ebb t\u00edn d\u1ee5ng s\u1ebd kh\u00f4ng \u0111\u1ee7 \u0111i\u1ec1u ki\u1ec7n nh\u1eadn \u01b0u \u0111\u00e3i. \u0110\u00e2y l\u00e0 nh\u1eefng ch\u1ed7 ngh\u1ec9 ch\u1ec9 ch\u1ea5p nh\u1eadn ti\u1ec1n m\u1eb7t l\u00e0m ph\u01b0\u01a1ng th\u1ee9c thanh to\u00e1n v\u00e0 kh\u00f4ng c\u00f3 huy hi\u1ec7u &#8220;ho\u00e0n ti\u1ec1n&#8221; \u0111\u01b0\u1ee3c hi\u1ec3n th\u1ecb tr\u00ean \u0111\u0103ng k\u00fd ch\u1ed7 ngh\u1ec9 c\u1ee7a h\u1ecd.<\/span><\/li>\n<li><span style=\"font-weight: 400\">\u01afu \u0111\u00e3i n\u00e0y tu\u00e2n theo c\u00e1c \u0111i\u1ec1u kho\u1ea3n v\u00e0 \u0111i\u1ec1u ki\u1ec7n c\u1ee7a Booking.com. Trong tr\u01b0\u1eddng h\u1ee3p c\u00f3 tranh ch\u1ea5p, quy\u1ebft \u0111\u1ecbnh c\u1ee7a Booking.com v\u00e0 Grab s\u1ebd l\u00e0 quy\u1ebft \u0111\u1ecbnh cu\u1ed1i c\u00f9ng.<\/span><\/li>\n<li><span style=\"font-weight: 400\">T\u1ea5t c\u1ea3 c\u00e1c \u0111i\u1ec1u ki\u1ec7n c\u1ee7a ch\u01b0\u01a1ng tr\u00ecnh khuy\u1ebfn m\u00e3i ph\u1ea3i \u0111\u01b0\u1ee3c th\u1ecfa m\u00e3n t\u1ea1i th\u1eddi \u0111i\u1ec3m th\u1ef1c hi\u1ec7n \u0111\u1eb7t ph\u00f2ng; kh\u00f4ng cho ph\u00e9p b\u1ea5t c\u1ee9 khi\u1ebfu n\u1ea1i h\u1ed3i t\u1ed1 n\u00e0o.<\/span><\/li>\n<li><span style=\"font-weight: 400\">T\u00edn d\u1ee5ng V\u00ed ch\u1ec9 c\u00f3 th\u1ec3 \u0111\u01b0\u1ee3c quy \u0111\u1ed5i \u0111\u1ed1i v\u1edbi c\u00e1c ch\u1ed7 ngh\u1ec9 c\u00f3 ch\u1ea5p nh\u1eadn thanh to\u00e1n qua V\u00ed Booking.\u00a0<\/span><\/li>\n<li><span style=\"font-weight: 400\">Nh\u1eefng \u0111\u1eb7t ph\u00f2ng \u0111\u01b0\u1ee3c thanh to\u00e1n b\u1eb1ng t\u00edn d\u1ee5ng V\u00ed tr\u01b0\u1edbc \u0111\u00f3 c\u00f3 th\u1ec3 kh\u00f4ng \u0111\u1ee7 \u0111i\u1ec1u ki\u1ec7n t\u00edch th\u00eam t\u00edn d\u1ee5ng.<\/span><\/li>\n<li><span style=\"font-weight: 400\">S\u1ed1 t\u00edn d\u1ee5ng V\u00ed t\u1ed1i \u0111a m\u00e0 Booking.com B.V. s\u1ebd trao t\u1eb7ng l\u00e0 1.000 EUR cho m\u1ed7i \u0111\u1eb7t ph\u00f2ng.\u00a0<\/span><\/li>\n<li><span style=\"font-weight: 400\">T\u00edn d\u1ee5ng V\u00ed s\u1ebd ch\u1ec9 \u0111\u01b0\u1ee3c c\u1ea5p cho ng\u01b0\u1eddi d\u00f9ng \u0111\u00e3 \u0111\u1eb7t ph\u00f2ng.\u00a0<\/span><\/li>\n<li><span style=\"font-weight: 400\">T\u00edn d\u1ee5ng V\u00ed c\u00f3 th\u1eddi gian h\u1ebft h\u1ea1n t\u00f9y t\u1eebng th\u1eddi \u0111i\u1ec3m do Booking.com quy\u1ebft \u0111\u1ecbnh. C\u00e1c th\u1eddi gian h\u1ebft h\u1ea1n kh\u00e1c nhau c\u00f3 th\u1ec3 \u0111\u01b0\u1ee3c \u00e1p d\u1ee5ng cho c\u00e1c kho\u1ea3n t\u00edn d\u1ee5ng kh\u00e1c nhau. Ng\u00e0y h\u1ebft h\u1ea1n c\u1ee7a m\u1ed7i T\u00edn d\u1ee5ng \u0111\u01b0\u1ee3c hi\u1ec3n th\u1ecb tr\u00ean www.booking.com trong ph\u1ea7n c\u00e0i \u0111\u1eb7t t\u00e0i kho\u1ea3n ng\u01b0\u1eddi d\u00f9ng<\/span><\/li>\n<li><span style=\"font-weight: 400\">T\u00edn d\u1ee5ng V\u00ed c\u1ee7a Booking.com kh\u00f4ng th\u1ec3 \u0111\u01b0\u1ee3c chuy\u1ec3n nh\u01b0\u1ee3ng, quy \u0111\u1ed5i th\u00e0nh ti\u1ec1n m\u1eb7t, ho\u1eb7c \u0111\u01b0\u1ee3c s\u1eed d\u1ee5ng c\u00f9ng v\u1edbi b\u1ea5t k\u1ef3 ch\u01b0\u01a1ng tr\u00ecnh gi\u1ea3m gi\u00e1, khuy\u1ebfn m\u00e3i, m\u1eb7t h\u00e0ng gi\u1ea3m gi\u00e1 v\u00e0 gi\u00e1 c\u1ed1 \u0111\u1ecbnh n\u00e0o tr\u1eeb khi c\u00f3 quy \u0111\u1ecbnh kh\u00e1c.<\/span><\/li>\n<li><span style=\"font-weight: 400\">Kh\u00e1ch s\u1ebd \u0111\u01b0\u1ee3c th\u00f4ng b\u00e1o b\u1eb1ng email t\u1eeb <\/span><a href=\"mailto:noreply@booking.com\"><span style=\"font-weight: 400\">noreply@booking.com<\/span><\/a><span style=\"font-weight: 400\"> \u0111\u1ebfn \u0111\u1ecba ch\u1ec9 email \u0111\u00e3 \u0111\u0103ng k\u00fd khi tr\u1ea3 ph\u00f2ng r\u1eb1ng t\u1eb7ng th\u01b0\u1edfng \u0111\u00f3 \u0111\u00e3 \u0111\u01b0\u1ee3c chuy\u1ec3n th\u00e0nh c\u00f4ng v\u00e0o th\u1ebb\/v\u00ed.<\/span><\/li>\n<li><span style=\"font-weight: 400\">\u0110i\u1ec1u ki\u1ec7n s\u1eed d\u1ee5ng ho\u00e0n ch\u1ec9nh c\u1ee7a V\u00ed Booking.com v\u00e0 T\u00edn d\u1ee5ng V\u00ed \u0111\u01b0\u1ee3c ghi \u1edf <\/span><a href=\"https:\/\/secure.booking.com\/mybookingpay\/terms_conditions.html\"><span style=\"font-weight: 400\">\u0111\u00e2y<\/span><\/a><span style=\"font-weight: 400\">(y\u00eau c\u1ea7u \u0111\u0103ng nh\u1eadp). Trong tr\u01b0\u1eddng h\u1ee3p c\u00f3 s\u1ef1 m\u00e2u thu\u1eabn ho\u1eb7c kh\u00e1c bi\u1ec7t v\u1ec1 n\u1ed9i dung c\u1ee7a c\u00e1c \u0111i\u1ec1u ki\u1ec7n s\u1eed d\u1ee5ng t\u00f3m t\u1eaft n\u00e0y th\u00ec c\u00e1c \u0111i\u1ec1u ki\u1ec7n s\u1eed d\u1ee5ng ho\u00e0n ch\u1ec9nh, trong ph\u1ea1m vi \u0111\u01b0\u1ee3c ph\u00e1p lu\u1eadt cho ph\u00e9p, s\u1ebd \u0111\u01b0\u1ee3c \u00e1p d\u1ee5ng, \u0111\u01b0\u1ee3c \u01b0u ti\u00ean \u00e1p d\u1ee5ng v\u00e0 mang t\u00ednh quy\u1ebft \u0111\u1ecbnh.<\/span><\/li>\n<li><span style=\"font-weight: 400\">N\u1ebfu b\u1ea1n c\u00f3 th\u1eafc m\u1eafc n\u00e0o v\u1ec1 \u01b0u \u0111\u00e3i, b\u1ea1n c\u00f3 th\u1ec3 g\u1ecdi cho D\u1ecbch v\u1ee5 Kh\u00e1ch h\u00e0ng c\u1ee7a Booking.com \u1edf \u0111\u00e2y<\/span><a href=\"https:\/\/www.booking.com\/content\/contact-us.html\"><span style=\"font-weight: 400\">https:\/\/www.booking.com\/content\/contact-us.html<\/span><\/a><\/li>\n<\/ul>\n","protected":false},"excerpt":{"rendered":"\ud83d\ude18 \u0110\u1ea7u n\u0103m h\u1ed9i x\u00ea d\u1ecbch r\u1ee5c r\u1ecbch l\u00ean k\u1ebf ho\u1ea1ch \u0111i ch\u01a1i \u0111i \u0111\u00f3, nh\u1eadn ngay \u01b0u \u0111\u00e3i ho\u00e0n ti\u1ec1n khi \u0111\u1eb7t ph\u00f2ng kh\u00e1ch s\u1ea1n n\u00e8! \u2708\ufe0f T\u1eeb h\u00f4m nay \u0111\u1ebfn h\u1ebft ng\u00e0y 25\/01\/2022, m\u1ed7i l\u01b0\u1ee3t \u0111\u1eb7t ph\u00f2ng th\u00f4ng qua Booking.com tr\u00ean \u1ee9ng d\u1ee5ng Grab, b\u1ea1n s\u1ebd nh\u1eadn \u0111\u01b0\u1ee3c ngay \u01b0u \u0111\u00e3i HO\u00c0N TI\u1ec0N [&hellip;]","protected":false},"author":1428,"featured_media":0,"parent":0,"menu_order":0,"comment_status":"closed","ping_status":"closed","template":"","meta":{"_acf_changed":false,"footnotes":""},"acf":[],"_links":{"self":[{"href":"https:\/\/www.grab.com\/vn\/wp-json\/wp\/v2\/pages\/140668"}],"collection":[{"href":"https:\/\/www.grab.com\/vn\/wp-json\/wp\/v2\/pages"}],"about":[{"href":"https:\/\/www.grab.com\/vn\/wp-json\/wp\/v2\/types\/page"}],"author":[{"embeddable":true,"href":"https:\/\/www.grab.com\/vn\/wp-json\/wp\/v2\/users\/1428"}],"replies":[{"embeddable":true,"href":"https:\/\/www.grab.com\/vn\/wp-json\/wp\/v2\/comments?post=140668"}],"version-history":[{"count":1,"href":"https:\/\/www.grab.com\/vn\/wp-json\/wp\/v2\/pages\/140668\/revisions"}],"predecessor-version":[{"id":140670,"href":"https:\/\/www.grab.com\/vn\/wp-json\/wp\/v2\/pages\/140668\/revisions\/140670"}],"wp:attachment":[{"href":"https:\/\/www.grab.com\/vn\/wp-json\/wp\/v2\/media?parent=140668"}],"curies":[{"name":"wp","href":"https:\/\/api.w.org\/{rel}","templated":true}]}}