{"id":139834,"date":"2023-01-06T12:23:13","date_gmt":"2023-01-06T04:23:13","guid":{"rendered":"https:\/\/www.grab.com\/vn\/?page_id=139834"},"modified":"2023-01-13T17:12:45","modified_gmt":"2023-01-13T09:12:45","slug":"khaixuandigrab","status":"publish","type":"page","link":"https:\/\/www.grab.com\/vn\/khaixuandigrab\/","title":{"rendered":"\u2728 Khai xu\u00e2n \u0111\u1eb7t Grab, di chuy\u1ec3n nh\u01b0 \u00fd"},"content":{"rendered":"<p><img loading=\"lazy\" decoding=\"async\" width=\"1200\" height=\"600\" class=\"alignnone size-full wp-image-140276\" src=\"https:\/\/assets.grab.com\/wp-content\/uploads\/sites\/11\/2023\/01\/13171232\/1200x600_TPT_KHAIXUAN.jpg\" alt=\"\" srcset=\"https:\/\/assets.grab.com\/wp-content\/uploads\/sites\/11\/2023\/01\/13171232\/1200x600_TPT_KHAIXUAN.jpg 1200w, https:\/\/assets.grab.com\/wp-content\/uploads\/sites\/11\/2023\/01\/13171232\/1200x600_TPT_KHAIXUAN-250x125.jpg 250w, https:\/\/assets.grab.com\/wp-content\/uploads\/sites\/11\/2023\/01\/13171232\/1200x600_TPT_KHAIXUAN-700x350.jpg 700w, https:\/\/assets.grab.com\/wp-content\/uploads\/sites\/11\/2023\/01\/13171232\/1200x600_TPT_KHAIXUAN-768x384.jpg 768w, https:\/\/assets.grab.com\/wp-content\/uploads\/sites\/11\/2023\/01\/13171232\/1200x600_TPT_KHAIXUAN-120x60.jpg 120w\" sizes=\"(max-width: 1200px) 100vw, 1200px\" \/><\/p>\n<p>\ud83d\udd25 H\u1ebft T\u1ebft r\u1ed3i, d\u1eady \u0111i l\u00e0m \u0111i h\u1ecdc th\u00f4i c\u1ea3 nh\u00e0 \u01a1i!<br \/>\n\ud83d\udc9aNg\u00e0y \u0111i l\u00e0m \u0111\u1ea7u ti\u00ean c\u1ee7a n\u0103m m\u1edbi, \u0111\u1eb7t Grab \u0111\u01b0a \u0111\u00f3n v\u1eeba kh\u1ecfe v\u1eeba ti\u1ebft ki\u1ec7m n\u00e8!<\/p>\n<p>\u2705 Ch\u1ec9 c\u1ea7n nh\u1eadp m\u00e3 KHAIXUAN, nh\u1eadn ngay \u01b0u \u0111\u00e3i 30% t\u1ed1i \u0111a 50.000\u0111 m\u1ed7i chuy\u1ebfn.<\/p>\n<p>\ud83e\udd70 Kh\u1edfi \u0111\u1ea7u n\u0103m m\u1edbi may m\u1eafn khi c\u00f3 \u01b0u \u0111\u00e3i \u0111\u1eb7t xe, \u0111\u01b0a \u0111\u00f3n \u0111\u00fang n\u01a1i, t\u1edbi \u0111\u00fang gi\u1edd, \u0111i \u0111\u00e2u c\u0169ng \u0111\u00fang \u00fd.<\/p>\n<p>\ud83d\udc49 L\u01b0u m\u00e3 v\u00e0 \u0111\u1eb7t Grab \u0111\u00f3n li\u1ec1n!<\/p>\n<p>\u0110i\u1ec1u ki\u1ec7n \u0111i\u1ec1u kho\u1ea3n \u00e1p d\u1ee5ng:<\/p>\n<ul>\n<li>\u01afu \u0111\u00e3i 15% t\u1ed1i \u0111a 50.000\u0111 cho chuy\u1ebfn xe t\u1eeb 25.000\u0111<\/li>\n<li>\u00c1p d\u1ee5ng cho d\u1ecbch v\u1ee5 GrabBike\/GrabBike Plus\/GrabBike Economy v\u00e0 GrabCar\/ GrabCar Plus\/ GrabCar Economy tr\u00ean to\u00e0n qu\u1ed1c<\/li>\n<li>\u00c1p d\u1ee5ng m\u1ecdi ph\u01b0\u01a1ng th\u1ee9c thanh to\u00e1n<\/li>\n<li>\u01afu \u0111\u00e3i kh\u00f4ng bao g\u1ed3m ph\u1ee5 ph\u00ed, ng\u01b0\u1eddi d\u00f9ng vui l\u00f2ng thanh to\u00e1n ph\u1ee5 ph\u00ed (n\u1ebfu c\u00f3) v\u1edbi \u0110\u1ed1i t\u00e1c t\u00e0i x\u1ebf.<\/li>\n<li>M\u1ed7i ng\u01b0\u1eddi d\u00f9ng \u0111\u01b0\u1ee3c s\u1eed d\u1ee5ng 01 l\u1ea7n\/ ng\u00e0y v\u00e0 t\u1ed1i \u0111a 08 l\u1ea7n trong su\u1ed1t th\u1eddi gian di\u1ec5n ra ch\u01b0\u01a1ng tr\u00ecnh.<\/li>\n<li>Ch\u1ec9 \u00e1p d\u1ee5ng v\u1edbi phi\u00ean b\u1ea3n app m\u1edbi nh\u1ea5t.<\/li>\n<\/ul>\n","protected":false},"excerpt":{"rendered":"\ud83d\udd25 H\u1ebft T\u1ebft r\u1ed3i, d\u1eady \u0111i l\u00e0m \u0111i h\u1ecdc th\u00f4i c\u1ea3 nh\u00e0 \u01a1i! \ud83d\udc9aNg\u00e0y \u0111i l\u00e0m \u0111\u1ea7u ti\u00ean c\u1ee7a n\u0103m m\u1edbi, \u0111\u1eb7t Grab \u0111\u01b0a \u0111\u00f3n v\u1eeba kh\u1ecfe v\u1eeba ti\u1ebft ki\u1ec7m n\u00e8! \u2705 Ch\u1ec9 c\u1ea7n nh\u1eadp m\u00e3 KHAIXUAN, nh\u1eadn ngay \u01b0u \u0111\u00e3i 30% t\u1ed1i \u0111a 50.000\u0111 m\u1ed7i chuy\u1ebfn. \ud83e\udd70 Kh\u1edfi \u0111\u1ea7u n\u0103m m\u1edbi may m\u1eafn khi [&hellip;]","protected":false},"author":1427,"featured_media":0,"parent":0,"menu_order":0,"comment_status":"closed","ping_status":"closed","template":"","meta":{"_acf_changed":false,"footnotes":""},"acf":[],"_links":{"self":[{"href":"https:\/\/www.grab.com\/vn\/wp-json\/wp\/v2\/pages\/139834"}],"collection":[{"href":"https:\/\/www.grab.com\/vn\/wp-json\/wp\/v2\/pages"}],"about":[{"href":"https:\/\/www.grab.com\/vn\/wp-json\/wp\/v2\/types\/page"}],"author":[{"embeddable":true,"href":"https:\/\/www.grab.com\/vn\/wp-json\/wp\/v2\/users\/1427"}],"replies":[{"embeddable":true,"href":"https:\/\/www.grab.com\/vn\/wp-json\/wp\/v2\/comments?post=139834"}],"version-history":[{"count":3,"href":"https:\/\/www.grab.com\/vn\/wp-json\/wp\/v2\/pages\/139834\/revisions"}],"predecessor-version":[{"id":140277,"href":"https:\/\/www.grab.com\/vn\/wp-json\/wp\/v2\/pages\/139834\/revisions\/140277"}],"wp:attachment":[{"href":"https:\/\/www.grab.com\/vn\/wp-json\/wp\/v2\/media?parent=139834"}],"curies":[{"name":"wp","href":"https:\/\/api.w.org\/{rel}","templated":true}]}}