{"id":139830,"date":"2023-01-06T11:22:53","date_gmt":"2023-01-06T03:22:53","guid":{"rendered":"https:\/\/www.grab.com\/vn\/?page_id=139830"},"modified":"2023-01-11T12:17:19","modified_gmt":"2023-01-11T04:17:19","slug":"tro-lai-ron-rang-co-grab-don-dua","status":"publish","type":"page","link":"https:\/\/www.grab.com\/vn\/tro-lai-ron-rang-co-grab-don-dua\/","title":{"rendered":"Tr\u1edf l\u1ea1i r\u1ed9n r\u00e0ng, c\u00f3 Grab \u0111\u00f3n \u0111\u01b0a"},"content":{"rendered":"<p><img loading=\"lazy\" decoding=\"async\" width=\"1200\" height=\"600\" class=\"alignnone size-full wp-image-140066\" src=\"https:\/\/assets.grab.com\/wp-content\/uploads\/sites\/11\/2023\/01\/11113502\/GBikeCar_BenxeSanbay_1200x600_10012023.jpg\" alt=\"\" srcset=\"https:\/\/assets.grab.com\/wp-content\/uploads\/sites\/11\/2023\/01\/11113502\/GBikeCar_BenxeSanbay_1200x600_10012023.jpg 1200w, https:\/\/assets.grab.com\/wp-content\/uploads\/sites\/11\/2023\/01\/11113502\/GBikeCar_BenxeSanbay_1200x600_10012023-250x125.jpg 250w, https:\/\/assets.grab.com\/wp-content\/uploads\/sites\/11\/2023\/01\/11113502\/GBikeCar_BenxeSanbay_1200x600_10012023-700x350.jpg 700w, https:\/\/assets.grab.com\/wp-content\/uploads\/sites\/11\/2023\/01\/11113502\/GBikeCar_BenxeSanbay_1200x600_10012023-768x384.jpg 768w, https:\/\/assets.grab.com\/wp-content\/uploads\/sites\/11\/2023\/01\/11113502\/GBikeCar_BenxeSanbay_1200x600_10012023-120x60.jpg 120w\" sizes=\"(max-width: 1200px) 100vw, 1200px\" \/><\/p>\n<p><span style=\"font-weight: 400\">\ud83d\udcaa\ud83c\udffbSau bao ng\u00e0y t\u1eadn h\u01b0\u1edfng T\u1ebft no say, qua bao phi\u00ean th\u1ecbt m\u1ee1 d\u01b0a h\u00e0nh th\u00ec gi\u1edd \u0111\u00e3 \u0111\u1ebfn l\u00fac kh\u0103n g\u00f3i l\u00ean \u0111\u01b0\u1eddng quay l\u1ea1i c\u00f4ng vi\u1ec7c r\u1ed3i. M\u1ecdi ng\u01b0\u1eddi chu\u1ea9n b\u1ecb xong h\u1ebft ch\u01b0a n\u00e0ooo?<\/span><\/p>\n<p><span style=\"font-weight: 400\">\ud83d\udef5\ud83d\ude99 L\u00ean xe, l\u00ean xe, Grab \u201ct\u00e0i tr\u1ee3\u201d \u01b0u \u0111\u00e3i \u0111i 1 t\u1eb7ng 1 n\u1ea1p th\u00eam n\u0103ng l\u01b0\u1ee3ng, r\u01b0\u1edbc anh ch\u1ecb em m\u00ecnh tr\u1edf l\u1ea1i l\u00e0m vi\u1ec7c nha.<\/span><\/p>\n<p><span style=\"font-weight: 400\">\ud83c\udf81 Nh\u1eadp m\u00e3 SANBAY ho\u1eb7c BENXE \u01b0u \u0111\u00e3i \u0111\u1ebfn 200.000\u0111 khi \u0111\u1eb7t Grab \u0111\u1ebfn c\u00e1c nh\u00e0 xe, s\u00e2n bay, nh\u00e0 ga kh\u1edfi h\u00e0nh*.\u00a0<\/span><\/p>\n<p><span style=\"font-weight: 400\">\ud83d\udcf1X\u1ebfp \u0111\u1ed3 v\u00e0o ba l\u00f4, \u201calo\u201d Grab \u0111\u1ebfn r\u1ed3i m\u00ecnh l\u1ea1i b\u1eaft \u0111\u1ea7u m\u1ed9t n\u0103m l\u00e0m vi\u1ec7c thi\u1ec7t ch\u0103m ch\u1ec9 v\u00e0 h\u1ee9ng kh\u1edfi nha!<\/span><\/p>\n<p><a href=\"https:\/\/grab.onelink.me\/2695613898?pid=Facebook&amp;c=VN__KCT-KCTALL_PAX_GM_ALL_3122021_AW-MARA-REACH_3PL__VN21GMPBM2DDAY1212_GrabMartDoubleDay12.12&amp;is_retargeting=true&amp;af_dp=grab%3A%2F%2Fopen%3FscreenType%3DBOOKING&amp;af_force_deeplink=true&amp;af_sub5=social-paid&amp;af_ad=VN__KCT-KCTALL_PAX_GM_ALL_3122021_AW-MARA-REACH_3PL__VN21GMPBM2DDAY1212_appusers_ImageAd_ImageAd-_VN21GMPBM2DDAY1212&amp;af_adset=VN__KCT-KCTALL_PAX_GM_ALL_3122021_AW-MARA-REACH_3PL__VN21GMPBM2DDAY1212_appusers&amp;af_siteID=&amp;af_web_dp=https%3A%2F%2Fwww.grab.com%2Fvn%2Fdownload&amp;af_ios_url=https%3A%2F%2Fwww.grab.com%2Fvn%2Fdownload\"><img loading=\"lazy\" decoding=\"async\" width=\"230\" height=\"52\" class=\"size-full wp-image-108589 aligncenter\" src=\"https:\/\/assets.grab.com\/wp-content\/uploads\/sites\/11\/2022\/01\/13174751\/Screen-Shot-2022-01-13-at-16.47.33.png\" alt=\"\" \/><\/a><\/p>\n<p><span style=\"font-weight: 400\">\u0110\u1eb7t <strong>Grab<\/strong>, nh\u1edb tr\u1ea3 <strong>th\u1ebb\/ v\u00ed Moca<\/strong> \u0111\u1ec3 lu\u00f4n an to\u00e0n v\u00e0 h\u01b0\u1edfng \u01b0u \u0111\u00e3i t\u1ed1t h\u01a1n nha.<\/span><\/p>\n<p><span style=\"font-weight: 400\"><strong>K\u00edch ho\u1ea1t V\u00ed Moca<\/strong>: <\/span><a href=\"https:\/\/grb.to\/KichHoatViMoca\"><span style=\"font-weight: 400\">https:\/\/grb.to\/KichHoatViMoca<\/span><\/a><\/p>\n<p><span style=\"font-weight: 400\">ho\u1eb7c<strong> li\u00ean k\u1ebft th\u1ebb v\u00e0o Grab<\/strong> ngay:<\/span><a href=\"https:\/\/grb.to\/GanTheThanhToanTT\"><span style=\"font-weight: 400\">https:\/\/grb.to\/GanTheThanhToanTT<\/span><\/a><\/p>\n<p>&nbsp;<\/p>\n<p style=\"text-align: left\"><strong>*M\u00e3 SANBAY:\u00a0<\/strong><\/p>\n<ul>\n<li style=\"text-align: left\">\u01afu \u0111\u00e3i 20% (t\u1ed1i \u0111a 200.000\u0111) \u00e1p d\u1ee5ng cho c\u00e1c chuy\u1ebfn xe c\u00f3 c\u01b0\u1edbc ph\u00ed t\u1eeb 100.000\u0111 tr\u1edf l\u00ean cho c\u00e1c d\u1ecbch v\u1ee5 di chuy\u1ec3n GrabCar\/GrabCar Protect\/ GrabCar Doanh Nghi\u1ec7p\/ GrabCar Plus\/ GrabCar Economy c\u00f3 \u0111i\u1ec3m \u0111\u00f3n ho\u1eb7c \u0111\u1ebfn t\u1ea1i s\u00e2n bay T\u00e2n S\u01a1n Nh\u1ea5t.<\/li>\n<li style=\"text-align: left\">\u01afu \u0111\u00e3i 20% t\u1ed1i \u0111a 50.000\u0111 cho chuy\u1ebfn xe GrabCar t\u1eeb 200.000\u0111 \u00e1p d\u1ee5ng cho c\u00e1c d\u1ecbch v\u1ee5 GrabCar\/GrabCar Protect\/ GrabCar Doanh Nghi\u1ec7p\/ GrabCar Plus\/ GrabCar Economy cho c\u00e1c chuy\u1ebfn xe c\u00f3 \u0111i\u1ec3m \u0111\u00f3n ho\u1eb7c \u0111\u1ebfn t\u1ea1i S\u00e2n Bay N\u1ed9i B\u00e0i.<\/li>\n<li>\u01afu \u0111\u00e3i 20% t\u1ed1i \u0111a 15.000\u0111 cho chuy\u1ebfn xe GrabCar t\u1eeb 50.000\u0111 \u00e1p d\u1ee5ng cho c\u00e1c d\u1ecbch v\u1ee5 GrabCar\/GrabCar Plus\/GrabCar Doanh Nghi\u1ec7p cho c\u00e1c chuy\u1ebfn xe c\u00f3 \u0111i\u1ec3m \u0111\u00f3n ho\u1eb7c \u0111\u1ebfn \u00a0t\u1ea1i s\u00e2n bay t\u1ea1i c\u00e1c th\u00e0nh ph\u1ed1C\u1ea7n Th\u01a1, \u0110\u00e0 N\u1eb5ng, Bu\u00f4n Ma Thu\u1ed9t, Pleiku, C\u00e1t Bi, Vinh, Chu Lai, V\u00e2n \u0110\u1ed3n, Ph\u00fa B\u00e0i.<\/li>\n<li>\u01afu \u0111\u00e3i 20% (t\u1ed1i \u0111a 200.000\u0111) \u00e1p d\u1ee5ng cho c\u00e1c d\u1ecbch v\u1ee5 di chuy\u1ec3n GrabCar 4 ch\u1ed7\/GrabCar 7 ch\u1ed7\/GrabCar Plus c\u00f3 \u0111i\u1ec3m \u0111\u00f3n ho\u1eb7c \u0111i\u1ec3m \u0111\u1ebfn t\u1ea1i c\u00e1c s\u00e2n bay: C\u1ea7n Th\u01a1, \u0110\u00e0 N\u1eb5ng, Bu\u00f4n Ma Thu\u1ed9t, Pleiku, C\u00e1t Bi, Vinh, Chu Lai, V\u00e2n \u0110\u1ed3n, Ph\u00fa B\u00e0i.<\/li>\n<li>\u01afu \u0111\u00e3i ch\u1ec9 \u00e1p d\u1ee5ng khi thanh to\u00e1n kh\u00f4ng ti\u1ec1n m\u1eb7t (qua V\u00ed Moca ho\u1eb7c Th\u1ebb ng\u00e2n h\u00e0ng).<\/li>\n<li>\u01afu \u0111\u00e3i kh\u00f4ng bao g\u1ed3m ph\u1ee5 ph\u00ed, ng\u01b0\u1eddi d\u00f9ng vui l\u00f2ng thanh to\u00e1n ph\u1ee5 ph\u00ed (n\u1ebfu c\u00f3) v\u1edbi \u0110\u1ed1i t\u00e1c t\u00e0i x\u1ebf.<\/li>\n<li>S\u1ed1 l\u01b0\u1ee3ng \u01b0u \u0111\u00e3i c\u00f3 gi\u1edbi h\u1ea1n v\u00e0 ch\u01b0\u01a1ng tr\u00ecnh c\u00f3 th\u1ec3 k\u1ebft th\u00fac s\u1edbm h\u01a1n d\u1ef1 ki\u1ebfn.<\/li>\n<li>Ch\u1ec9 \u00e1p d\u1ee5ng cho ng\u01b0\u1eddi d\u00f9ng nh\u1eadn \u0111\u01b0\u1ee3c th\u00f4ng b\u00e1o v\u00e0 v\u1edbi phi\u00ean b\u1ea3n app m\u1edbi nh\u1ea5t.<\/li>\n<\/ul>\n<p><strong>*M\u00e3 BENXE:\u00a0<\/strong><\/p>\n<ul>\n<li>\u01afu \u0111\u00e3i 20% (t\u1ed1i \u0111a 15.000\u0111) cho c\u00e1c d\u1ecbch v\u1ee5 GrabBike\/ GrabCar \/GrabCar Protect c\u00f3 \u0111i\u1ec3m \u0111\u00f3n v\u00e0 \u0111\u1ebfn t\u1ea1i b\u1ebfn xe t\u1ea1i th\u00e0nh ph\u1ed1 \u0110\u00e0 N\u1eb5ng, Hu\u1ebf, Qu\u1ea3ng Nam, Qu\u1ea3ng Ng\u00e3i.<\/li>\n<li>\u01afu \u0111\u00e3i 20% (t\u1ed1i \u0111a 20.000\u0111) cho c\u00e1c d\u1ecbch v\u1ee5 GrabBike\/ GrabCar \/GrabCar Protect c\u00f3 \u0111i\u1ec3m \u0111\u00f3n v\u00e0 \u0111\u1ebfn t\u1ea1i b\u1ebfn xe t\u1ea1i th\u00e0nh ph\u1ed1 H\u1ed3 Ch\u00ed Minh, H\u00e0 N\u1ed9i, B\u00ecnh D\u01b0\u01a1ng, \u0110\u1ed3ng Nai.<\/li>\n<li>\u00c1p d\u1ee5ng cho m\u1ecdi ph\u01b0\u01a1ng th\u1ee9c thanh to\u00e1n.<\/li>\n<li>\u01afu \u0111\u00e3i kh\u00f4ng bao g\u1ed3m ph\u1ee5 ph\u00ed, ng\u01b0\u1eddi d\u00f9ng vui l\u00f2ng thanh to\u00e1n ph\u1ee5 ph\u00ed (n\u1ebfu c\u00f3) v\u1edbi \u0110\u1ed1i t\u00e1c t\u00e0i x\u1ebf.<\/li>\n<li>S\u1ed1 l\u01b0\u1ee3ng khuy\u1ebfn m\u00e3i c\u00f3 h\u1ea1n, ch\u01b0\u01a1ng tr\u00ecnh c\u00f3 th\u1ec3 k\u1ebft th\u00fac s\u1edbm h\u01a1n d\u1ef1 ki\u1ebfn.<\/li>\n<li>M\u1ed7i ng\u01b0\u1eddi d\u00f9ng \u0111\u01b0\u1ee3c s\u1eed d\u1ee5ng t\u1ed1i \u0111a 2 l\u1ea7n\/ th\u00e1ng trong su\u1ed1t th\u1eddi gian di\u1ec5n ra ch\u01b0\u01a1ng tr\u00ecnh.<\/li>\n<li>Ch\u1ec9 \u00e1p d\u1ee5ng cho ng\u01b0\u1eddi d\u00f9ng nh\u1eadn \u0111\u01b0\u1ee3c th\u00f4ng b\u00e1o v\u00e0 v\u1edbi phi\u00ean b\u1ea3n app m\u1edbi nh\u1ea5t.<\/li>\n<\/ul>\n<p>&nbsp;<\/p>\n<p>#GrabCar #GrabBike<\/p>\n","protected":false},"excerpt":{"rendered":"\ud83d\udcaa\ud83c\udffbSau bao ng\u00e0y t\u1eadn h\u01b0\u1edfng T\u1ebft no say, qua bao phi\u00ean th\u1ecbt m\u1ee1 d\u01b0a h\u00e0nh th\u00ec gi\u1edd \u0111\u00e3 \u0111\u1ebfn l\u00fac kh\u0103n g\u00f3i l\u00ean \u0111\u01b0\u1eddng quay l\u1ea1i c\u00f4ng vi\u1ec7c r\u1ed3i. M\u1ecdi ng\u01b0\u1eddi chu\u1ea9n b\u1ecb xong h\u1ebft ch\u01b0a n\u00e0ooo? \ud83d\udef5\ud83d\ude99 L\u00ean xe, l\u00ean xe, Grab \u201ct\u00e0i tr\u1ee3\u201d \u01b0u \u0111\u00e3i \u0111i 1 t\u1eb7ng 1 n\u1ea1p th\u00eam n\u0103ng l\u01b0\u1ee3ng, [&hellip;]","protected":false},"author":1428,"featured_media":0,"parent":0,"menu_order":0,"comment_status":"closed","ping_status":"closed","template":"","meta":{"_acf_changed":false,"footnotes":""},"acf":[],"_links":{"self":[{"href":"https:\/\/www.grab.com\/vn\/wp-json\/wp\/v2\/pages\/139830"}],"collection":[{"href":"https:\/\/www.grab.com\/vn\/wp-json\/wp\/v2\/pages"}],"about":[{"href":"https:\/\/www.grab.com\/vn\/wp-json\/wp\/v2\/types\/page"}],"author":[{"embeddable":true,"href":"https:\/\/www.grab.com\/vn\/wp-json\/wp\/v2\/users\/1428"}],"replies":[{"embeddable":true,"href":"https:\/\/www.grab.com\/vn\/wp-json\/wp\/v2\/comments?post=139830"}],"version-history":[{"count":4,"href":"https:\/\/www.grab.com\/vn\/wp-json\/wp\/v2\/pages\/139830\/revisions"}],"predecessor-version":[{"id":140072,"href":"https:\/\/www.grab.com\/vn\/wp-json\/wp\/v2\/pages\/139830\/revisions\/140072"}],"wp:attachment":[{"href":"https:\/\/www.grab.com\/vn\/wp-json\/wp\/v2\/media?parent=139830"}],"curies":[{"name":"wp","href":"https:\/\/api.w.org\/{rel}","templated":true}]}}