{"id":139474,"date":"2022-12-30T12:45:24","date_gmt":"2022-12-30T04:45:24","guid":{"rendered":"https:\/\/www.grab.com\/vn\/?page_id=139474"},"modified":"2023-01-05T12:15:18","modified_gmt":"2023-01-05T04:15:18","slug":"xung-xinh-du-xuan-grab-di-ngai-gi","status":"publish","type":"page","link":"https:\/\/www.grab.com\/vn\/xung-xinh-du-xuan-grab-di-ngai-gi\/","title":{"rendered":"X\u00fang x\u00ednh du xu\u00e2n, Grab \u0111i ng\u1ea1i g\u00ec!"},"content":{"rendered":"<p><img loading=\"lazy\" decoding=\"async\" width=\"1200\" height=\"600\" class=\"alignnone size-full wp-image-139476\" src=\"https:\/\/assets.grab.com\/wp-content\/uploads\/sites\/11\/2022\/12\/30130118\/Grab_PreTet_1200x600_30122022.jpg\" alt=\"\" srcset=\"https:\/\/assets.grab.com\/wp-content\/uploads\/sites\/11\/2022\/12\/30130118\/Grab_PreTet_1200x600_30122022.jpg 1200w, https:\/\/assets.grab.com\/wp-content\/uploads\/sites\/11\/2022\/12\/30130118\/Grab_PreTet_1200x600_30122022-250x125.jpg 250w, https:\/\/assets.grab.com\/wp-content\/uploads\/sites\/11\/2022\/12\/30130118\/Grab_PreTet_1200x600_30122022-700x350.jpg 700w, https:\/\/assets.grab.com\/wp-content\/uploads\/sites\/11\/2022\/12\/30130118\/Grab_PreTet_1200x600_30122022-768x384.jpg 768w, https:\/\/assets.grab.com\/wp-content\/uploads\/sites\/11\/2022\/12\/30130118\/Grab_PreTet_1200x600_30122022-120x60.jpg 120w\" sizes=\"(max-width: 1200px) 100vw, 1200px\" \/><\/p>\n<h2>\ud83d\udd25\ud83e\udd73\u00a0X\u00fang x\u00ednh du xu\u00e2n, Grab \u0111\u00f3n t\u1eadn c\u1eeda<\/h2>\n<p><span style=\"font-weight: 400\">\ud83c\udf38\ud83c\udf3c Du xu\u00e2n x\u00fang x\u00ednh \u00e1o qu\u1ea7n, n\u1ebfu m\u00e0 \u0111i Grab mu\u00f4n ph\u1ea7n \u0111\u1eb9p xinh. V\u00ec Grab \u0111\u01b0a \u0111\u00f3n t\u1eadn c\u1eeda, gi\u1eef di\u1ec7n m\u1ea1o ch\u1ec9n chu nguy\u00ean m\u00f9a L\u1ec5 T\u1ebft lu\u00f4n n\u00e8!<\/span><\/p>\n<p><span style=\"font-weight: 400\">\ud83e\udd73 Nh\u1eadp m\u00e3 GRABDUHI \u0111\u1ec3 nh\u1eadn ngay \u01b0u \u0111\u00e3i 20% t\u1ed1i \u0111a 20.000\u0111 cho chuy\u1ebfn Grab \u0111ang \u0111i v\u00e0 rinh th\u00eam 05 m\u00e3 \u01b0u \u0111\u00e3i gi\u1ea3m t\u1ed1i \u0111a 20.000\u0111 cho c\u00e1c cu\u1ed1c xe ti\u1ebfp theo.<\/span><\/p>\n<p><span style=\"font-weight: 400\">\ud83c\udf38\ud83c\udf3c Du xu\u00e2n x\u00fang x\u00ednh \u00e1o qu\u1ea7n, n\u1ebfu m\u00e0 \u0111i Grab s\u1ebd mu\u00f4n ph\u1ea7n \u0111\u1eb9p xinh\u00a0<\/span><\/p>\n<p><span style=\"font-weight: 400\">\ud83d\udc49 \u0110\u1eebng qu\u00ean m\u00e3 GRABDUHI &#8211; gi\u1ea3m 20% (t\u1ed1i \u0111a 20.000\u0111) x 05 chuy\u1ebfn Grab c\u00f3 t\u1ed5ng gi\u00e1 tr\u1ecb \u0111\u1ebfn 100.000\u0111 sau l\u1ea7n \u0111\u1ea7u ti\u00ean nh\u1eadp m\u00e3 th\u00e0nh c\u00f4ng.\u00a0<\/span><\/p>\n<p style=\"text-align: center\"><strong><span style=\"color: #ffffff\"><a style=\"background-color: #4caf50;border: none;color: #ffffff;padding: 15px 32px;text-align: center;text-decoration: none;font-size: 16px\" href=\"https:\/\/grab.onelink.me\/2695613898?pid=Facebook&amp;c=VN20Transport_NewUser&amp;is_retargeting=true&amp;af_dp=grab%3A%2F%2Fopen%3FscreenType%3DBOOKING&amp;af_web_dp=https%3A%2F%2Fwww.grab.com%2Fdownload\">GRAB NGAY TH\u00d4I!<\/a><\/span><\/strong><\/p>\n<h3><strong>\ud83d\udcccChi ti\u1ebft \u01b0u \u0111\u00e3i:<br \/>\n<\/strong><\/h3>\n<p><strong>\u2705\u00a0\u0110i\u1ec1u ki\u1ec7n\/ \u0110i\u1ec1u kho\u1ea3n \u00e1p d\u1ee5ng \u01b0u \u0111\u00e3i GRADUHI t\u1ea1i \u0110\u00e0 N\u1eb5ng, Nha Trang, \u0110\u00e0 L\u1ea1t v\u00e0 V\u0169ng T\u00e0u:<\/strong><\/p>\n<ul>\n<li><span data-sheets-value=\"{&quot;1&quot;:2,&quot;2&quot;:&quot;- \u01afu \u0111\u00e3i 20% (t\u1ed1i \u0111a 20.000\u0111) \u00e1p d\u1ee5ng cho d\u1ecbch v\u1ee5 GrabBike\/ GrabBike Plus\/ GrabCar. &lt;br&gt; - \u00c1p d\u1ee5ng t\u1ea1i th\u00e0nh ph\u1ed1 \u0110\u00e0 N\u1eb5ng. &lt;br&gt; - \u00c1p d\u1ee5ng cho m\u1ecdi h\u00ecnh th\u1ee9c thanh to\u00e1n. &lt;br&gt; - Nh\u1eadp m\u00e3 \u01b0u \u0111\u00e3i \u0111\u1ea7u ti\u00ean th\u00e0nh c\u00f4ng cho chuy\u1ebfn xe \u0111\u1ea7u ti\u00ean s\u1ebd nh\u1eadn th\u00eam 5 m\u00e3 \u01b0u \u0111\u00e3i c\u00f3 t\u1ed5ng gi\u00e1 tr\u1ecb l\u00ean t\u1edbi 100.000\u0111 v\u00e0 c\u00f3 gi\u00e1 tr\u1ecb s\u1eed d\u1ee5ng trong v\u00f2ng 07 ng\u00e0y k\u1ec3 t\u1eeb ng\u00e0y nh\u1eadn. M\u1ed7i ng\u01b0\u1eddi d\u00f9ng ch\u1ec9 nh\u1eadn c\u00e1c m\u00e3 t\u1eb7ng k\u00e8m m\u1ed9t l\u1ea7n trong su\u1ed1t th\u1eddi gian di\u1ec5n ra ch\u01b0\u01a1ng tr\u00ecnh. &lt;br&gt; - \u01afu \u0111\u00e3i kh\u00f4ng bao g\u1ed3m ph\u1ee5 ph\u00ed, ng\u01b0\u1eddi d\u00f9ng vui l\u00f2ng thanh to\u00e1n ph\u1ee5 ph\u00ed (n\u1ebfu c\u00f3) v\u1edbi \u0110\u1ed1i t\u00e1c t\u00e0i x\u1ebf. &lt;br&gt; - M\u1ed7i ng\u01b0\u1eddi d\u00f9ng \u0111\u01b0\u1ee3c s\u1eed d\u1ee5ng t\u1ed1i \u0111a 01\/ng\u00e0y v\u00e0 02 l\u1ea7n trong su\u1ed1t th\u1eddi gian di\u1ec5n ra ch\u01b0\u01a1ng tr\u00ecnh. &lt;br&gt; - Ch\u1ec9 \u00e1p d\u1ee5ng cho ng\u01b0\u1eddi d\u00f9ng nh\u1eadn \u0111\u01b0\u1ee3c th\u00f4ng b\u00e1o. &lt;br&gt; - Ch\u1ec9 \u00e1p d\u1ee5ng v\u1edbi phi\u00ean b\u1ea3n app m\u1edbi nh\u1ea5t.&lt;br&gt;&quot;}\" data-sheets-userformat=\"{&quot;2&quot;:13249,&quot;3&quot;:{&quot;1&quot;:0},&quot;9&quot;:0,&quot;10&quot;:1,&quot;11&quot;:4,&quot;12&quot;:0,&quot;15&quot;:&quot;Proxima Nova&quot;,&quot;16&quot;:9}\">\u01afu \u0111\u00e3i 20% (t\u1ed1i \u0111a 20.000\u0111) \u00e1p d\u1ee5ng cho d\u1ecbch v\u1ee5 GrabBike\/ GrabBike Plus\/ GrabCar.<\/span><\/li>\n<li><span data-sheets-value=\"{&quot;1&quot;:2,&quot;2&quot;:&quot;- \u01afu \u0111\u00e3i 20% (t\u1ed1i \u0111a 20.000\u0111) \u00e1p d\u1ee5ng cho d\u1ecbch v\u1ee5 GrabBike\/ GrabBike Plus\/ GrabCar. &lt;br&gt; - \u00c1p d\u1ee5ng t\u1ea1i th\u00e0nh ph\u1ed1 \u0110\u00e0 N\u1eb5ng. &lt;br&gt; - \u00c1p d\u1ee5ng cho m\u1ecdi h\u00ecnh th\u1ee9c thanh to\u00e1n. &lt;br&gt; - Nh\u1eadp m\u00e3 \u01b0u \u0111\u00e3i \u0111\u1ea7u ti\u00ean th\u00e0nh c\u00f4ng cho chuy\u1ebfn xe \u0111\u1ea7u ti\u00ean s\u1ebd nh\u1eadn th\u00eam 5 m\u00e3 \u01b0u \u0111\u00e3i c\u00f3 t\u1ed5ng gi\u00e1 tr\u1ecb l\u00ean t\u1edbi 100.000\u0111 v\u00e0 c\u00f3 gi\u00e1 tr\u1ecb s\u1eed d\u1ee5ng trong v\u00f2ng 07 ng\u00e0y k\u1ec3 t\u1eeb ng\u00e0y nh\u1eadn. M\u1ed7i ng\u01b0\u1eddi d\u00f9ng ch\u1ec9 nh\u1eadn c\u00e1c m\u00e3 t\u1eb7ng k\u00e8m m\u1ed9t l\u1ea7n trong su\u1ed1t th\u1eddi gian di\u1ec5n ra ch\u01b0\u01a1ng tr\u00ecnh. &lt;br&gt; - \u01afu \u0111\u00e3i kh\u00f4ng bao g\u1ed3m ph\u1ee5 ph\u00ed, ng\u01b0\u1eddi d\u00f9ng vui l\u00f2ng thanh to\u00e1n ph\u1ee5 ph\u00ed (n\u1ebfu c\u00f3) v\u1edbi \u0110\u1ed1i t\u00e1c t\u00e0i x\u1ebf. &lt;br&gt; - M\u1ed7i ng\u01b0\u1eddi d\u00f9ng \u0111\u01b0\u1ee3c s\u1eed d\u1ee5ng t\u1ed1i \u0111a 01\/ng\u00e0y v\u00e0 02 l\u1ea7n trong su\u1ed1t th\u1eddi gian di\u1ec5n ra ch\u01b0\u01a1ng tr\u00ecnh. &lt;br&gt; - Ch\u1ec9 \u00e1p d\u1ee5ng cho ng\u01b0\u1eddi d\u00f9ng nh\u1eadn \u0111\u01b0\u1ee3c th\u00f4ng b\u00e1o. &lt;br&gt; - Ch\u1ec9 \u00e1p d\u1ee5ng v\u1edbi phi\u00ean b\u1ea3n app m\u1edbi nh\u1ea5t.&lt;br&gt;&quot;}\" data-sheets-userformat=\"{&quot;2&quot;:13249,&quot;3&quot;:{&quot;1&quot;:0},&quot;9&quot;:0,&quot;10&quot;:1,&quot;11&quot;:4,&quot;12&quot;:0,&quot;15&quot;:&quot;Proxima Nova&quot;,&quot;16&quot;:9}\">\u00c1p d\u1ee5ng t\u1ea1i th\u00e0nh ph\u1ed1 \u0110\u00e0 N\u1eb5ng, Nha Trang, \u0110\u00e0 L\u1ea1t, V\u0169ng T\u00e0u.\u00a0<\/span><\/li>\n<li><span data-sheets-value=\"{&quot;1&quot;:2,&quot;2&quot;:&quot;- \u01afu \u0111\u00e3i 20% (t\u1ed1i \u0111a 20.000\u0111) \u00e1p d\u1ee5ng cho d\u1ecbch v\u1ee5 GrabBike\/ GrabBike Plus\/ GrabCar. &lt;br&gt; - \u00c1p d\u1ee5ng t\u1ea1i th\u00e0nh ph\u1ed1 \u0110\u00e0 N\u1eb5ng. &lt;br&gt; - \u00c1p d\u1ee5ng cho m\u1ecdi h\u00ecnh th\u1ee9c thanh to\u00e1n. &lt;br&gt; - Nh\u1eadp m\u00e3 \u01b0u \u0111\u00e3i \u0111\u1ea7u ti\u00ean th\u00e0nh c\u00f4ng cho chuy\u1ebfn xe \u0111\u1ea7u ti\u00ean s\u1ebd nh\u1eadn th\u00eam 5 m\u00e3 \u01b0u \u0111\u00e3i c\u00f3 t\u1ed5ng gi\u00e1 tr\u1ecb l\u00ean t\u1edbi 100.000\u0111 v\u00e0 c\u00f3 gi\u00e1 tr\u1ecb s\u1eed d\u1ee5ng trong v\u00f2ng 07 ng\u00e0y k\u1ec3 t\u1eeb ng\u00e0y nh\u1eadn. M\u1ed7i ng\u01b0\u1eddi d\u00f9ng ch\u1ec9 nh\u1eadn c\u00e1c m\u00e3 t\u1eb7ng k\u00e8m m\u1ed9t l\u1ea7n trong su\u1ed1t th\u1eddi gian di\u1ec5n ra ch\u01b0\u01a1ng tr\u00ecnh. &lt;br&gt; - \u01afu \u0111\u00e3i kh\u00f4ng bao g\u1ed3m ph\u1ee5 ph\u00ed, ng\u01b0\u1eddi d\u00f9ng vui l\u00f2ng thanh to\u00e1n ph\u1ee5 ph\u00ed (n\u1ebfu c\u00f3) v\u1edbi \u0110\u1ed1i t\u00e1c t\u00e0i x\u1ebf. &lt;br&gt; - M\u1ed7i ng\u01b0\u1eddi d\u00f9ng \u0111\u01b0\u1ee3c s\u1eed d\u1ee5ng t\u1ed1i \u0111a 01\/ng\u00e0y v\u00e0 02 l\u1ea7n trong su\u1ed1t th\u1eddi gian di\u1ec5n ra ch\u01b0\u01a1ng tr\u00ecnh. &lt;br&gt; - Ch\u1ec9 \u00e1p d\u1ee5ng cho ng\u01b0\u1eddi d\u00f9ng nh\u1eadn \u0111\u01b0\u1ee3c th\u00f4ng b\u00e1o. &lt;br&gt; - Ch\u1ec9 \u00e1p d\u1ee5ng v\u1edbi phi\u00ean b\u1ea3n app m\u1edbi nh\u1ea5t.&lt;br&gt;&quot;}\" data-sheets-userformat=\"{&quot;2&quot;:13249,&quot;3&quot;:{&quot;1&quot;:0},&quot;9&quot;:0,&quot;10&quot;:1,&quot;11&quot;:4,&quot;12&quot;:0,&quot;15&quot;:&quot;Proxima Nova&quot;,&quot;16&quot;:9}\">\u00c1p d\u1ee5ng cho m\u1ecdi h\u00ecnh th\u1ee9c thanh to\u00e1n.\u00a0<\/span><\/li>\n<li><span data-sheets-value=\"{&quot;1&quot;:2,&quot;2&quot;:&quot;- \u01afu \u0111\u00e3i 20% (t\u1ed1i \u0111a 20.000\u0111) \u00e1p d\u1ee5ng cho d\u1ecbch v\u1ee5 GrabBike\/ GrabBike Plus\/ GrabCar. &lt;br&gt; - \u00c1p d\u1ee5ng t\u1ea1i th\u00e0nh ph\u1ed1 \u0110\u00e0 N\u1eb5ng. &lt;br&gt; - \u00c1p d\u1ee5ng cho m\u1ecdi h\u00ecnh th\u1ee9c thanh to\u00e1n. &lt;br&gt; - Nh\u1eadp m\u00e3 \u01b0u \u0111\u00e3i \u0111\u1ea7u ti\u00ean th\u00e0nh c\u00f4ng cho chuy\u1ebfn xe \u0111\u1ea7u ti\u00ean s\u1ebd nh\u1eadn th\u00eam 5 m\u00e3 \u01b0u \u0111\u00e3i c\u00f3 t\u1ed5ng gi\u00e1 tr\u1ecb l\u00ean t\u1edbi 100.000\u0111 v\u00e0 c\u00f3 gi\u00e1 tr\u1ecb s\u1eed d\u1ee5ng trong v\u00f2ng 07 ng\u00e0y k\u1ec3 t\u1eeb ng\u00e0y nh\u1eadn. M\u1ed7i ng\u01b0\u1eddi d\u00f9ng ch\u1ec9 nh\u1eadn c\u00e1c m\u00e3 t\u1eb7ng k\u00e8m m\u1ed9t l\u1ea7n trong su\u1ed1t th\u1eddi gian di\u1ec5n ra ch\u01b0\u01a1ng tr\u00ecnh. &lt;br&gt; - \u01afu \u0111\u00e3i kh\u00f4ng bao g\u1ed3m ph\u1ee5 ph\u00ed, ng\u01b0\u1eddi d\u00f9ng vui l\u00f2ng thanh to\u00e1n ph\u1ee5 ph\u00ed (n\u1ebfu c\u00f3) v\u1edbi \u0110\u1ed1i t\u00e1c t\u00e0i x\u1ebf. &lt;br&gt; - M\u1ed7i ng\u01b0\u1eddi d\u00f9ng \u0111\u01b0\u1ee3c s\u1eed d\u1ee5ng t\u1ed1i \u0111a 01\/ng\u00e0y v\u00e0 02 l\u1ea7n trong su\u1ed1t th\u1eddi gian di\u1ec5n ra ch\u01b0\u01a1ng tr\u00ecnh. &lt;br&gt; - Ch\u1ec9 \u00e1p d\u1ee5ng cho ng\u01b0\u1eddi d\u00f9ng nh\u1eadn \u0111\u01b0\u1ee3c th\u00f4ng b\u00e1o. &lt;br&gt; - Ch\u1ec9 \u00e1p d\u1ee5ng v\u1edbi phi\u00ean b\u1ea3n app m\u1edbi nh\u1ea5t.&lt;br&gt;&quot;}\" data-sheets-userformat=\"{&quot;2&quot;:13249,&quot;3&quot;:{&quot;1&quot;:0},&quot;9&quot;:0,&quot;10&quot;:1,&quot;11&quot;:4,&quot;12&quot;:0,&quot;15&quot;:&quot;Proxima Nova&quot;,&quot;16&quot;:9}\">Nh\u1eadp m\u00e3 \u01b0u \u0111\u00e3i \u0111\u1ea7u ti\u00ean th\u00e0nh c\u00f4ng cho chuy\u1ebfn xe \u0111\u1ea7u ti\u00ean s\u1ebd nh\u1eadn th\u00eam 5 m\u00e3 \u01b0u \u0111\u00e3i c\u00f3 t\u1ed5ng gi\u00e1 tr\u1ecb l\u00ean t\u1edbi 100.000\u0111 v\u00e0 c\u00f3 gi\u00e1 tr\u1ecb s\u1eed d\u1ee5ng trong v\u00f2ng 07 ng\u00e0y k\u1ec3 t\u1eeb ng\u00e0y nh\u1eadn. M\u1ed7i ng\u01b0\u1eddi d\u00f9ng ch\u1ec9 nh\u1eadn c\u00e1c m\u00e3 t\u1eb7ng k\u00e8m m\u1ed9t l\u1ea7n trong su\u1ed1t th\u1eddi gian di\u1ec5n ra ch\u01b0\u01a1ng tr\u00ecnh.\u00a0<\/span><\/li>\n<li><span data-sheets-value=\"{&quot;1&quot;:2,&quot;2&quot;:&quot;- \u01afu \u0111\u00e3i 20% (t\u1ed1i \u0111a 20.000\u0111) \u00e1p d\u1ee5ng cho d\u1ecbch v\u1ee5 GrabBike\/ GrabBike Plus\/ GrabCar. &lt;br&gt; - \u00c1p d\u1ee5ng t\u1ea1i th\u00e0nh ph\u1ed1 \u0110\u00e0 N\u1eb5ng. &lt;br&gt; - \u00c1p d\u1ee5ng cho m\u1ecdi h\u00ecnh th\u1ee9c thanh to\u00e1n. &lt;br&gt; - Nh\u1eadp m\u00e3 \u01b0u \u0111\u00e3i \u0111\u1ea7u ti\u00ean th\u00e0nh c\u00f4ng cho chuy\u1ebfn xe \u0111\u1ea7u ti\u00ean s\u1ebd nh\u1eadn th\u00eam 5 m\u00e3 \u01b0u \u0111\u00e3i c\u00f3 t\u1ed5ng gi\u00e1 tr\u1ecb l\u00ean t\u1edbi 100.000\u0111 v\u00e0 c\u00f3 gi\u00e1 tr\u1ecb s\u1eed d\u1ee5ng trong v\u00f2ng 07 ng\u00e0y k\u1ec3 t\u1eeb ng\u00e0y nh\u1eadn. M\u1ed7i ng\u01b0\u1eddi d\u00f9ng ch\u1ec9 nh\u1eadn c\u00e1c m\u00e3 t\u1eb7ng k\u00e8m m\u1ed9t l\u1ea7n trong su\u1ed1t th\u1eddi gian di\u1ec5n ra ch\u01b0\u01a1ng tr\u00ecnh. &lt;br&gt; - \u01afu \u0111\u00e3i kh\u00f4ng bao g\u1ed3m ph\u1ee5 ph\u00ed, ng\u01b0\u1eddi d\u00f9ng vui l\u00f2ng thanh to\u00e1n ph\u1ee5 ph\u00ed (n\u1ebfu c\u00f3) v\u1edbi \u0110\u1ed1i t\u00e1c t\u00e0i x\u1ebf. &lt;br&gt; - M\u1ed7i ng\u01b0\u1eddi d\u00f9ng \u0111\u01b0\u1ee3c s\u1eed d\u1ee5ng t\u1ed1i \u0111a 01\/ng\u00e0y v\u00e0 02 l\u1ea7n trong su\u1ed1t th\u1eddi gian di\u1ec5n ra ch\u01b0\u01a1ng tr\u00ecnh. &lt;br&gt; - Ch\u1ec9 \u00e1p d\u1ee5ng cho ng\u01b0\u1eddi d\u00f9ng nh\u1eadn \u0111\u01b0\u1ee3c th\u00f4ng b\u00e1o. &lt;br&gt; - Ch\u1ec9 \u00e1p d\u1ee5ng v\u1edbi phi\u00ean b\u1ea3n app m\u1edbi nh\u1ea5t.&lt;br&gt;&quot;}\" data-sheets-userformat=\"{&quot;2&quot;:13249,&quot;3&quot;:{&quot;1&quot;:0},&quot;9&quot;:0,&quot;10&quot;:1,&quot;11&quot;:4,&quot;12&quot;:0,&quot;15&quot;:&quot;Proxima Nova&quot;,&quot;16&quot;:9}\">\u01afu \u0111\u00e3i kh\u00f4ng bao g\u1ed3m ph\u1ee5 ph\u00ed, ng\u01b0\u1eddi d\u00f9ng vui l\u00f2ng thanh to\u00e1n ph\u1ee5 ph\u00ed (n\u1ebfu c\u00f3) v\u1edbi \u0110\u1ed1i t\u00e1c t\u00e0i x\u1ebf.\u00a0<\/span><\/li>\n<li><span data-sheets-value=\"{&quot;1&quot;:2,&quot;2&quot;:&quot;- \u01afu \u0111\u00e3i 20% (t\u1ed1i \u0111a 20.000\u0111) \u00e1p d\u1ee5ng cho d\u1ecbch v\u1ee5 GrabBike\/ GrabBike Plus\/ GrabCar. &lt;br&gt; - \u00c1p d\u1ee5ng t\u1ea1i th\u00e0nh ph\u1ed1 \u0110\u00e0 N\u1eb5ng. &lt;br&gt; - \u00c1p d\u1ee5ng cho m\u1ecdi h\u00ecnh th\u1ee9c thanh to\u00e1n. &lt;br&gt; - Nh\u1eadp m\u00e3 \u01b0u \u0111\u00e3i \u0111\u1ea7u ti\u00ean th\u00e0nh c\u00f4ng cho chuy\u1ebfn xe \u0111\u1ea7u ti\u00ean s\u1ebd nh\u1eadn th\u00eam 5 m\u00e3 \u01b0u \u0111\u00e3i c\u00f3 t\u1ed5ng gi\u00e1 tr\u1ecb l\u00ean t\u1edbi 100.000\u0111 v\u00e0 c\u00f3 gi\u00e1 tr\u1ecb s\u1eed d\u1ee5ng trong v\u00f2ng 07 ng\u00e0y k\u1ec3 t\u1eeb ng\u00e0y nh\u1eadn. M\u1ed7i ng\u01b0\u1eddi d\u00f9ng ch\u1ec9 nh\u1eadn c\u00e1c m\u00e3 t\u1eb7ng k\u00e8m m\u1ed9t l\u1ea7n trong su\u1ed1t th\u1eddi gian di\u1ec5n ra ch\u01b0\u01a1ng tr\u00ecnh. &lt;br&gt; - \u01afu \u0111\u00e3i kh\u00f4ng bao g\u1ed3m ph\u1ee5 ph\u00ed, ng\u01b0\u1eddi d\u00f9ng vui l\u00f2ng thanh to\u00e1n ph\u1ee5 ph\u00ed (n\u1ebfu c\u00f3) v\u1edbi \u0110\u1ed1i t\u00e1c t\u00e0i x\u1ebf. &lt;br&gt; - M\u1ed7i ng\u01b0\u1eddi d\u00f9ng \u0111\u01b0\u1ee3c s\u1eed d\u1ee5ng t\u1ed1i \u0111a 01\/ng\u00e0y v\u00e0 02 l\u1ea7n trong su\u1ed1t th\u1eddi gian di\u1ec5n ra ch\u01b0\u01a1ng tr\u00ecnh. &lt;br&gt; - Ch\u1ec9 \u00e1p d\u1ee5ng cho ng\u01b0\u1eddi d\u00f9ng nh\u1eadn \u0111\u01b0\u1ee3c th\u00f4ng b\u00e1o. &lt;br&gt; - Ch\u1ec9 \u00e1p d\u1ee5ng v\u1edbi phi\u00ean b\u1ea3n app m\u1edbi nh\u1ea5t.&lt;br&gt;&quot;}\" data-sheets-userformat=\"{&quot;2&quot;:13249,&quot;3&quot;:{&quot;1&quot;:0},&quot;9&quot;:0,&quot;10&quot;:1,&quot;11&quot;:4,&quot;12&quot;:0,&quot;15&quot;:&quot;Proxima Nova&quot;,&quot;16&quot;:9}\">M\u1ed7i ng\u01b0\u1eddi d\u00f9ng \u0111\u01b0\u1ee3c s\u1eed d\u1ee5ng t\u1ed1i \u0111a 01\/ng\u00e0y v\u00e0 02 l\u1ea7n trong su\u1ed1t th\u1eddi gian di\u1ec5n ra ch\u01b0\u01a1ng tr\u00ecnh.\u00a0<\/span><\/li>\n<li><span data-sheets-value=\"{&quot;1&quot;:2,&quot;2&quot;:&quot;- \u01afu \u0111\u00e3i 20% (t\u1ed1i \u0111a 20.000\u0111) \u00e1p d\u1ee5ng cho d\u1ecbch v\u1ee5 GrabBike\/ GrabBike Plus\/ GrabCar. &lt;br&gt; - \u00c1p d\u1ee5ng t\u1ea1i th\u00e0nh ph\u1ed1 \u0110\u00e0 N\u1eb5ng. &lt;br&gt; - \u00c1p d\u1ee5ng cho m\u1ecdi h\u00ecnh th\u1ee9c thanh to\u00e1n. &lt;br&gt; - Nh\u1eadp m\u00e3 \u01b0u \u0111\u00e3i \u0111\u1ea7u ti\u00ean th\u00e0nh c\u00f4ng cho chuy\u1ebfn xe \u0111\u1ea7u ti\u00ean s\u1ebd nh\u1eadn th\u00eam 5 m\u00e3 \u01b0u \u0111\u00e3i c\u00f3 t\u1ed5ng gi\u00e1 tr\u1ecb l\u00ean t\u1edbi 100.000\u0111 v\u00e0 c\u00f3 gi\u00e1 tr\u1ecb s\u1eed d\u1ee5ng trong v\u00f2ng 07 ng\u00e0y k\u1ec3 t\u1eeb ng\u00e0y nh\u1eadn. M\u1ed7i ng\u01b0\u1eddi d\u00f9ng ch\u1ec9 nh\u1eadn c\u00e1c m\u00e3 t\u1eb7ng k\u00e8m m\u1ed9t l\u1ea7n trong su\u1ed1t th\u1eddi gian di\u1ec5n ra ch\u01b0\u01a1ng tr\u00ecnh. &lt;br&gt; - \u01afu \u0111\u00e3i kh\u00f4ng bao g\u1ed3m ph\u1ee5 ph\u00ed, ng\u01b0\u1eddi d\u00f9ng vui l\u00f2ng thanh to\u00e1n ph\u1ee5 ph\u00ed (n\u1ebfu c\u00f3) v\u1edbi \u0110\u1ed1i t\u00e1c t\u00e0i x\u1ebf. &lt;br&gt; - M\u1ed7i ng\u01b0\u1eddi d\u00f9ng \u0111\u01b0\u1ee3c s\u1eed d\u1ee5ng t\u1ed1i \u0111a 01\/ng\u00e0y v\u00e0 02 l\u1ea7n trong su\u1ed1t th\u1eddi gian di\u1ec5n ra ch\u01b0\u01a1ng tr\u00ecnh. &lt;br&gt; - Ch\u1ec9 \u00e1p d\u1ee5ng cho ng\u01b0\u1eddi d\u00f9ng nh\u1eadn \u0111\u01b0\u1ee3c th\u00f4ng b\u00e1o. &lt;br&gt; - Ch\u1ec9 \u00e1p d\u1ee5ng v\u1edbi phi\u00ean b\u1ea3n app m\u1edbi nh\u1ea5t.&lt;br&gt;&quot;}\" data-sheets-userformat=\"{&quot;2&quot;:13249,&quot;3&quot;:{&quot;1&quot;:0},&quot;9&quot;:0,&quot;10&quot;:1,&quot;11&quot;:4,&quot;12&quot;:0,&quot;15&quot;:&quot;Proxima Nova&quot;,&quot;16&quot;:9}\">Ch\u1ec9 \u00e1p d\u1ee5ng cho ng\u01b0\u1eddi d\u00f9ng nh\u1eadn \u0111\u01b0\u1ee3c th\u00f4ng b\u00e1o.\u00a0<\/span><\/li>\n<li><span data-sheets-value=\"{&quot;1&quot;:2,&quot;2&quot;:&quot;- \u01afu \u0111\u00e3i 20% (t\u1ed1i \u0111a 20.000\u0111) \u00e1p d\u1ee5ng cho d\u1ecbch v\u1ee5 GrabBike\/ GrabBike Plus\/ GrabCar. &lt;br&gt; - \u00c1p d\u1ee5ng t\u1ea1i th\u00e0nh ph\u1ed1 \u0110\u00e0 N\u1eb5ng. &lt;br&gt; - \u00c1p d\u1ee5ng cho m\u1ecdi h\u00ecnh th\u1ee9c thanh to\u00e1n. &lt;br&gt; - Nh\u1eadp m\u00e3 \u01b0u \u0111\u00e3i \u0111\u1ea7u ti\u00ean th\u00e0nh c\u00f4ng cho chuy\u1ebfn xe \u0111\u1ea7u ti\u00ean s\u1ebd nh\u1eadn th\u00eam 5 m\u00e3 \u01b0u \u0111\u00e3i c\u00f3 t\u1ed5ng gi\u00e1 tr\u1ecb l\u00ean t\u1edbi 100.000\u0111 v\u00e0 c\u00f3 gi\u00e1 tr\u1ecb s\u1eed d\u1ee5ng trong v\u00f2ng 07 ng\u00e0y k\u1ec3 t\u1eeb ng\u00e0y nh\u1eadn. M\u1ed7i ng\u01b0\u1eddi d\u00f9ng ch\u1ec9 nh\u1eadn c\u00e1c m\u00e3 t\u1eb7ng k\u00e8m m\u1ed9t l\u1ea7n trong su\u1ed1t th\u1eddi gian di\u1ec5n ra ch\u01b0\u01a1ng tr\u00ecnh. &lt;br&gt; - \u01afu \u0111\u00e3i kh\u00f4ng bao g\u1ed3m ph\u1ee5 ph\u00ed, ng\u01b0\u1eddi d\u00f9ng vui l\u00f2ng thanh to\u00e1n ph\u1ee5 ph\u00ed (n\u1ebfu c\u00f3) v\u1edbi \u0110\u1ed1i t\u00e1c t\u00e0i x\u1ebf. &lt;br&gt; - M\u1ed7i ng\u01b0\u1eddi d\u00f9ng \u0111\u01b0\u1ee3c s\u1eed d\u1ee5ng t\u1ed1i \u0111a 01\/ng\u00e0y v\u00e0 02 l\u1ea7n trong su\u1ed1t th\u1eddi gian di\u1ec5n ra ch\u01b0\u01a1ng tr\u00ecnh. &lt;br&gt; - Ch\u1ec9 \u00e1p d\u1ee5ng cho ng\u01b0\u1eddi d\u00f9ng nh\u1eadn \u0111\u01b0\u1ee3c th\u00f4ng b\u00e1o. &lt;br&gt; - Ch\u1ec9 \u00e1p d\u1ee5ng v\u1edbi phi\u00ean b\u1ea3n app m\u1edbi nh\u1ea5t.&lt;br&gt;&quot;}\" data-sheets-userformat=\"{&quot;2&quot;:13249,&quot;3&quot;:{&quot;1&quot;:0},&quot;9&quot;:0,&quot;10&quot;:1,&quot;11&quot;:4,&quot;12&quot;:0,&quot;15&quot;:&quot;Proxima Nova&quot;,&quot;16&quot;:9}\">Ch\u1ec9 \u00e1p d\u1ee5ng v\u1edbi phi\u00ean b\u1ea3n app m\u1edbi nh\u1ea5t.<\/span><\/li>\n<\/ul>\n<p><strong>\u2705\u00a0\u0110i\u1ec1u ki\u1ec7n\/ \u0110i\u1ec1u kho\u1ea3n \u00e1p d\u1ee5ng \u01b0u \u0111\u00e3i GRADUHI t\u1ea1i Ph\u00fa Qu\u1ed1c:<\/strong><\/p>\n<ul>\n<li>\u01afu \u0111\u00e3i 20% (t\u1ed1i \u0111a 20.000\u0111) \u00e1p d\u1ee5ng cho d\u1ecbch v\u1ee5 GrabCar, GrabTaxi v\u00e0 Grab Tuy\u1ebfn<\/li>\n<li>\u00c1p d\u1ee5ng t\u1ea1i Ph\u00fa Qu\u1ed1c .<\/li>\n<li>\u00c1p d\u1ee5ng cho m\u1ecdi h\u00ecnh th\u1ee9c thanh to\u00e1n.<\/li>\n<li>Nh\u1eadp m\u00e3 \u01b0u \u0111\u00e3i \u0111\u1ea7u ti\u00ean th\u00e0nh c\u00f4ng cho chuy\u1ebfn xe \u0111\u1ea7u ti\u00ean s\u1ebd nh\u1eadn th\u00eam 5 m\u00e3 \u01b0u \u0111\u00e3i c\u00f3 t\u1ed5ng gi\u00e1 tr\u1ecb l\u00ean t\u1edbi 100.000\u0111 v\u00e0 c\u00f3 gi\u00e1 tr\u1ecb s\u1eed d\u1ee5ng trong v\u00f2ng 07 ng\u00e0y k\u1ec3 t\u1eeb ng\u00e0y nh\u1eadn. M\u1ed7i ng\u01b0\u1eddi d\u00f9ng ch\u1ec9 nh\u1eadn c\u00e1c m\u00e3 t\u1eb7ng k\u00e8m m\u1ed9t l\u1ea7n trong su\u1ed1t th\u1eddi gian di\u1ec5n ra ch\u01b0\u01a1ng tr\u00ecnh.<\/li>\n<li>\u00c1p d\u1ee5ng t\u1ea1i Ph\u00fa Qu\u1ed1c.<\/li>\n<li>\u01afu \u0111\u00e3i kh\u00f4ng bao g\u1ed3m ph\u1ee5 ph\u00ed, ng\u01b0\u1eddi d\u00f9ng vui l\u00f2ng thanh to\u00e1n ph\u1ee5 ph\u00ed (n\u1ebfu c\u00f3) v\u1edbi \u0110\u1ed1i t\u00e1c t\u00e0i x\u1ebf.<\/li>\n<li>M\u1ed7i ng\u01b0\u1eddi d\u00f9ng \u0111\u01b0\u1ee3c s\u1eed d\u1ee5ng t\u1ed1i \u0111a 01 l\u1ea7n trong su\u1ed1t th\u1eddi gian di\u1ec5n ra ch\u01b0\u01a1ng tr\u00ecnh.<\/li>\n<li>Ch\u1ec9 \u00e1p d\u1ee5ng cho ng\u01b0\u1eddi d\u00f9ng nh\u1eadn \u0111\u01b0\u1ee3c th\u00f4ng b\u00e1o.<\/li>\n<li>Ch\u1ec9 \u00e1p d\u1ee5ng v\u1edbi phi\u00ean b\u1ea3n app m\u1edbi nh\u1ea5t.<\/li>\n<\/ul>\n<p>#GrabBike #GrabCar #GrabDuHi<\/p>\n","protected":false},"excerpt":{"rendered":"\ud83d\udd25\ud83e\udd73\u00a0X\u00fang x\u00ednh du xu\u00e2n, Grab \u0111\u00f3n t\u1eadn c\u1eeda \ud83c\udf38\ud83c\udf3c Du xu\u00e2n x\u00fang x\u00ednh \u00e1o qu\u1ea7n, n\u1ebfu m\u00e0 \u0111i Grab mu\u00f4n ph\u1ea7n \u0111\u1eb9p xinh. V\u00ec Grab \u0111\u01b0a \u0111\u00f3n t\u1eadn c\u1eeda, gi\u1eef di\u1ec7n m\u1ea1o ch\u1ec9n chu nguy\u00ean m\u00f9a L\u1ec5 T\u1ebft lu\u00f4n n\u00e8! \ud83e\udd73 Nh\u1eadp m\u00e3 GRABDUHI \u0111\u1ec3 nh\u1eadn ngay \u01b0u \u0111\u00e3i 20% t\u1ed1i \u0111a 20.000\u0111 cho chuy\u1ebfn [&hellip;]","protected":false},"author":1428,"featured_media":0,"parent":0,"menu_order":0,"comment_status":"closed","ping_status":"closed","template":"","meta":{"_acf_changed":false,"footnotes":""},"acf":[],"_links":{"self":[{"href":"https:\/\/www.grab.com\/vn\/wp-json\/wp\/v2\/pages\/139474"}],"collection":[{"href":"https:\/\/www.grab.com\/vn\/wp-json\/wp\/v2\/pages"}],"about":[{"href":"https:\/\/www.grab.com\/vn\/wp-json\/wp\/v2\/types\/page"}],"author":[{"embeddable":true,"href":"https:\/\/www.grab.com\/vn\/wp-json\/wp\/v2\/users\/1428"}],"replies":[{"embeddable":true,"href":"https:\/\/www.grab.com\/vn\/wp-json\/wp\/v2\/comments?post=139474"}],"version-history":[{"count":6,"href":"https:\/\/www.grab.com\/vn\/wp-json\/wp\/v2\/pages\/139474\/revisions"}],"predecessor-version":[{"id":139747,"href":"https:\/\/www.grab.com\/vn\/wp-json\/wp\/v2\/pages\/139474\/revisions\/139747"}],"wp:attachment":[{"href":"https:\/\/www.grab.com\/vn\/wp-json\/wp\/v2\/media?parent=139474"}],"curies":[{"name":"wp","href":"https:\/\/api.w.org\/{rel}","templated":true}]}}