{"id":138567,"date":"2022-12-20T12:48:00","date_gmt":"2022-12-20T04:48:00","guid":{"rendered":"https:\/\/www.grab.com\/vn\/?page_id=138567"},"modified":"2022-12-20T12:49:03","modified_gmt":"2022-12-20T04:49:03","slug":"donnammoicunggrab","status":"publish","type":"page","link":"https:\/\/www.grab.com\/vn\/donnammoicunggrab\/","title":{"rendered":"\ud83d\ude95 \u0110\u1eb7t Grab \u0111i ch\u01a1i n\u0103m m\u1edbi, nh\u1eadn \u01b0u \u0111\u00e3i t\u1edbi 50.000\u0111 m\u1ed7i chuy\u1ebfn xe"},"content":{"rendered":"<p><img loading=\"lazy\" decoding=\"async\" width=\"1200\" height=\"600\" class=\"alignnone size-full wp-image-138569\" src=\"https:\/\/assets.grab.com\/wp-content\/uploads\/sites\/11\/2022\/12\/20124855\/1200x600_GC_NamMoi-1.jpg\" alt=\"\" \/><\/p>\n<p><span style=\"font-weight: 400\">\ud83d\udca5 T\u1ea1m g\u1ea1t deadline sang m\u1ed9t b\u00ean, l\u00ean \u0111\u1ed3 \u0111i \u0111\u00f3n n\u0103m m\u1edbi th\u00f4i b\u1ea1n iu \u01a1i!\u00a0<\/span><\/p>\n<p><span style=\"font-weight: 400\">\ud83d\udc9a \u0110i \u201cchill&#8221; b\u1ea5t c\u1ee9 \u0111\u00e2u c\u1ee9 \u0111\u1eb7t Grab \u0111\u00f3n \u0111\u01b0a cho an to\u00e0n l\u1ea1i ti\u1ebft ki\u1ec7m nhe! L\u1ea1i c\u00f2n c\u00f3 \u01b0u \u0111\u00e3i d\u00e0nh ri\u00eang cho anh ch\u1ecb em Tp.HCM v\u00e0 H\u00e0 N\u1ed9i n\u00e8!<\/span><\/p>\n<p><span style=\"font-weight: 400\">\ud83d\udccc Nh\u1eadp m\u00e3 NAMMOI \u0111\u1ec3 nh\u1eadn \u01b0u \u0111\u00e3i 30% t\u1ed1i \u0111a 50.000\u0111 m\u1ed7i chuy\u1ebfn xe GrabBike\/ GrabCar \u0111\u1ebfn Qu\u1eadn 1, Tp.HCM ho\u1eb7c Qu\u1eadn Ho\u00e0n Ki\u1ebfm, H\u00e0 N\u1ed9i vui n\u0103m m\u1edbi nh\u00e9.\u00a0<\/span><\/p>\n<p><span style=\"font-weight: 400\">\ud83e\udd73 L\u00ean k\u00e8o c\u00f9ng h\u1ed9i b\u1ea1n th\u00e2n v\u00e0 \u0111\u1eb7t Grab \u0111\u00f3n li\u1ec1n n\u00e8!\u00a0<\/span><\/p>\n<p>\u0110i\u1ec1u ki\u1ec7n \u0111i\u1ec1u kho\u1ea3n \u00e1p d\u1ee5ng:<\/p>\n<ul>\n<li><span style=\"font-weight: 400\">\u01afu \u0111\u00e3i 30% t\u1ed1i \u0111a 50.000\u0111 \u00e1p d\u1ee5ng cho d\u1ecbch v\u1ee5 GrabCar, GrabBike.<\/span><\/li>\n<li><span style=\"font-weight: 400\">\u00c1p d\u1ee5ng khi \u0111\u1ebfn ho\u1eb7c \u0111i t\u1ea1i t\u1ea5t c\u1ea3 c\u00e1c khu v\u1ef1c \u1edf Qu\u1eadn 1 tp. H\u1ed3 Ch\u00ed Minh v\u00e0 Qu\u1eadn Ho\u00e0n Ki\u1ebfm, tp. H\u00e0 N\u1ed9i.\u00a0<\/span><\/li>\n<li><span style=\"font-weight: 400\">\u00c1p d\u1ee5ng m\u1ecdi h\u00ecnh th\u1ee9c thanh to\u00e1n.<\/span><\/li>\n<li><span style=\"font-weight: 400\">\u00c1p d\u1ee5ng t\u1ed1i \u0111a 02 l\u1ea7n\/ kh\u00e1ch h\u00e0ng trong su\u1ed1t th\u1eddi gian di\u1ec5n ra ch\u01b0\u01a1ng tr\u00ecnh.\u00a0<\/span><\/li>\n<li><span style=\"font-weight: 400\">\u00c1p d\u1ee5ng t\u1eeb 18h ng\u00e0y 31\/12\/2022 \u0111\u1ebfn 2h s\u00e1ng ng\u00e0y 01\/01\/2023.\u00a0<\/span><\/li>\n<\/ul>\n","protected":false},"excerpt":{"rendered":"\ud83d\udca5 T\u1ea1m g\u1ea1t deadline sang m\u1ed9t b\u00ean, l\u00ean \u0111\u1ed3 \u0111i \u0111\u00f3n n\u0103m m\u1edbi th\u00f4i b\u1ea1n iu \u01a1i!\u00a0 \ud83d\udc9a \u0110i \u201cchill&#8221; b\u1ea5t c\u1ee9 \u0111\u00e2u c\u1ee9 \u0111\u1eb7t Grab \u0111\u00f3n \u0111\u01b0a cho an to\u00e0n l\u1ea1i ti\u1ebft ki\u1ec7m nhe! L\u1ea1i c\u00f2n c\u00f3 \u01b0u \u0111\u00e3i d\u00e0nh ri\u00eang cho anh ch\u1ecb em Tp.HCM v\u00e0 H\u00e0 N\u1ed9i n\u00e8! \ud83d\udccc Nh\u1eadp m\u00e3 NAMMOI [&hellip;]","protected":false},"author":1427,"featured_media":0,"parent":0,"menu_order":0,"comment_status":"closed","ping_status":"closed","template":"","meta":{"_acf_changed":false,"footnotes":""},"acf":[],"_links":{"self":[{"href":"https:\/\/www.grab.com\/vn\/wp-json\/wp\/v2\/pages\/138567"}],"collection":[{"href":"https:\/\/www.grab.com\/vn\/wp-json\/wp\/v2\/pages"}],"about":[{"href":"https:\/\/www.grab.com\/vn\/wp-json\/wp\/v2\/types\/page"}],"author":[{"embeddable":true,"href":"https:\/\/www.grab.com\/vn\/wp-json\/wp\/v2\/users\/1427"}],"replies":[{"embeddable":true,"href":"https:\/\/www.grab.com\/vn\/wp-json\/wp\/v2\/comments?post=138567"}],"version-history":[{"count":2,"href":"https:\/\/www.grab.com\/vn\/wp-json\/wp\/v2\/pages\/138567\/revisions"}],"predecessor-version":[{"id":138570,"href":"https:\/\/www.grab.com\/vn\/wp-json\/wp\/v2\/pages\/138567\/revisions\/138570"}],"wp:attachment":[{"href":"https:\/\/www.grab.com\/vn\/wp-json\/wp\/v2\/media?parent=138567"}],"curies":[{"name":"wp","href":"https:\/\/api.w.org\/{rel}","templated":true}]}}