{"id":138100,"date":"2022-12-16T14:34:53","date_gmt":"2022-12-16T06:34:53","guid":{"rendered":"https:\/\/www.grab.com\/vn\/?page_id=138100"},"modified":"2022-12-16T15:43:08","modified_gmt":"2022-12-16T07:43:08","slug":"digrabcarnhanquanoel","status":"publish","type":"page","link":"https:\/\/www.grab.com\/vn\/digrabcarnhanquanoel\/","title":{"rendered":"\ud83c\udf84 \u0110\u1eb7t GrabCar \u0111\u00f3n Gi\u00e1ng Sinh, rinh qu\u00e0 sang x\u1ecbn \ud83d\ude97"},"content":{"rendered":"<p><span style=\"font-weight: 400\">\ud83c\udf84 \u0110\u1eb7t GrabCar \u0111\u00f3n Gi\u00e1ng Sinh, rinh qu\u00e0 sang x\u1ecbn \ud83d\ude97<\/span><\/p>\n<p><span style=\"font-weight: 400\">\u2728 Gi\u00e1ng Sinh n\u00e0y \u0111\u1ec3 GrabCar \u0111\u00f3n \u0111\u01b0a kh\u00f4ng ch\u1ec9 an to\u00e0n, ti\u1ebft ki\u1ec7m m\u00e0 c\u00f2n nh\u1eadn l\u1ea1i c\u00f3 c\u01a1 h\u1ed9i nh\u1eadn combo qu\u00e0 t\u1eb7ng si\u00eau \u0111\u1ec9nh t\u1eeb \u201c\u00d4ng gi\u00e0 Noel\u201d Grab n\u00e8!<\/span><\/p>\n<p><span style=\"font-weight: 400\">\ud83d\udc9a C\u01a1 h\u1ed9i nh\u1eadn ng\u1eabu nhi\u00ean 01 sample \u0111\u1ebfn t\u1eeb m\u1ed9t trong ba th\u01b0\u01a1ng hi\u1ec7u cao c\u1ea5p: Anessa, Issey Miyake v\u00e0 Narciso Rodriguez khi \u0111i GrabCar. M\u00f9a L\u1ec5 n\u00e0y nh\u1ea5t b\u1ea1n nh\u00e9, \u0111\u01b0\u1ee3c vi vu an to\u00e0n, ti\u1ec7n l\u1ee3i, tho\u1ea3i m\u00e1i tr\u00ean GrabCar l\u1ea1i nh\u1eadn \u0111\u01b0\u1ee3c qu\u00e0 x\u1ecbn.\u00a0<\/span><\/p>\n<p><span style=\"font-weight: 400\">\ud83d\udd25 \u0110i ch\u01a1i \u0111\u01b0\u1ee3c \u0111\u00f3n \u0111\u01b0a t\u1eadn n\u01a1i, b\u1ea3o to\u00e0n nhan s\u1eafc l\u1ea1i nh\u1eadn th\u00eam qu\u00e0!<\/span><\/p>\n<p>\u0110i\u1ec1u ki\u1ec7n, \u0111i\u1ec1u kho\u1ea3n \u00e1p d\u1ee5ng:<\/p>\n<ul>\n<li><span style=\"font-weight: 400\">Ch\u01b0\u01a1ng tr\u00ecnh di\u1ec5n ra t\u1eeb 22\/12\/2022-26\/12\/2022 t\u1ea1i th\u00e0nh ph\u1ed1 H\u1ed3 Ch\u00ed Minh v\u00e0 H\u00e0 N\u1ed9i.<\/span><\/li>\n<li>Kh\u00e1ch h\u00e0ng \u0111\u1eb7t v\u00e0 di chuy\u1ec3n b\u1eb1ng d\u1ecbch v\u1ee5 GrabCar c\u00f3 c\u01a1 h\u1ed9i nh\u1eadn 01 ph\u1ea7n qu\u00e0.<\/li>\n<li>S\u1ed1 l\u01b0\u1ee3ng ph\u1ea7n qu\u00e0 c\u00f3 th\u1ec3 h\u1ebft s\u1edbm h\u01a1n d\u1ef1 ki\u1ebfn.<\/li>\n<\/ul>\n<p>Ch\u00fac b\u1ea1n c\u00f3 m\u1ed9t m\u00f9a Gi\u00e1ng Sinh an l\u00e0nh c\u00f9ng Grab!<\/p>\n","protected":false},"excerpt":{"rendered":"\ud83c\udf84 \u0110\u1eb7t GrabCar \u0111\u00f3n Gi\u00e1ng Sinh, rinh qu\u00e0 sang x\u1ecbn \ud83d\ude97 \u2728 Gi\u00e1ng Sinh n\u00e0y \u0111\u1ec3 GrabCar \u0111\u00f3n \u0111\u01b0a kh\u00f4ng ch\u1ec9 an to\u00e0n, ti\u1ebft ki\u1ec7m m\u00e0 c\u00f2n nh\u1eadn l\u1ea1i c\u00f3 c\u01a1 h\u1ed9i nh\u1eadn combo qu\u00e0 t\u1eb7ng si\u00eau \u0111\u1ec9nh t\u1eeb \u201c\u00d4ng gi\u00e0 Noel\u201d Grab n\u00e8! \ud83d\udc9a C\u01a1 h\u1ed9i nh\u1eadn ng\u1eabu nhi\u00ean 01 sample \u0111\u1ebfn t\u1eeb m\u1ed9t [&hellip;]","protected":false},"author":1427,"featured_media":0,"parent":0,"menu_order":0,"comment_status":"closed","ping_status":"closed","template":"","meta":{"_acf_changed":false,"footnotes":""},"acf":[],"_links":{"self":[{"href":"https:\/\/www.grab.com\/vn\/wp-json\/wp\/v2\/pages\/138100"}],"collection":[{"href":"https:\/\/www.grab.com\/vn\/wp-json\/wp\/v2\/pages"}],"about":[{"href":"https:\/\/www.grab.com\/vn\/wp-json\/wp\/v2\/types\/page"}],"author":[{"embeddable":true,"href":"https:\/\/www.grab.com\/vn\/wp-json\/wp\/v2\/users\/1427"}],"replies":[{"embeddable":true,"href":"https:\/\/www.grab.com\/vn\/wp-json\/wp\/v2\/comments?post=138100"}],"version-history":[{"count":2,"href":"https:\/\/www.grab.com\/vn\/wp-json\/wp\/v2\/pages\/138100\/revisions"}],"predecessor-version":[{"id":138216,"href":"https:\/\/www.grab.com\/vn\/wp-json\/wp\/v2\/pages\/138100\/revisions\/138216"}],"wp:attachment":[{"href":"https:\/\/www.grab.com\/vn\/wp-json\/wp\/v2\/media?parent=138100"}],"curies":[{"name":"wp","href":"https:\/\/api.w.org\/{rel}","templated":true}]}}