{"id":137729,"date":"2022-12-13T00:00:13","date_gmt":"2022-12-12T16:00:13","guid":{"rendered":"https:\/\/www.grab.com\/vn\/?page_id=137729"},"modified":"2022-12-15T11:04:48","modified_gmt":"2022-12-15T03:04:48","slug":"thu-thach-di-grabcar-trung-uu-dai-ve-may-bay-bamboo-airways","status":"publish","type":"page","link":"https:\/\/www.grab.com\/vn\/thu-thach-di-grabcar-trung-uu-dai-ve-may-bay-bamboo-airways\/","title":{"rendered":"Th\u1eed th\u00e1ch \u0111i GrabCar tr\u00fang \u01b0u \u0111\u00e3i v\u00e9 m\u00e1y bay Bamboo Airways"},"content":{"rendered":"<p><img loading=\"lazy\" decoding=\"async\" width=\"1200\" height=\"600\" class=\"alignnone size-full wp-image-138030\" src=\"https:\/\/assets.grab.com\/wp-content\/uploads\/sites\/11\/2022\/12\/15104738\/GC_Challenge_1200x600_09122022.jpg\" alt=\"\" \/><\/p>\n<h4><span style=\"font-weight: 400\">\ud83d\udd25 D\u1ecbp cu\u1ed1i n\u0103m qu\u00e1 tr\u1eddi vi\u1ec7c c\u1ea7n di chuy\u1ec3n \u0111i l\u1ea1i, \u0111\u1eb7t Grab \u0111\u00f3n \u0111\u01b0a cho th\u1ea3nh th\u01a1i n\u00e8 b\u1ea1n \u01a1i!<\/span><\/h4>\n<h4><span style=\"font-weight: 400\">\ud83e\udd73 S\u1eb5n ti\u1ec7n tham gia lu\u00f4n Th\u1eed th\u00e1ch \u0111i GrabCar, d\u1ec5 ch\u01a1i l\u1ea1i c\u00f2n c\u00f3 c\u01a1 h\u1ed9i tr\u00fang m\u00e3 \u01b0u \u0111\u00e3i v\u00e9 m\u00e1y bay Bamboo Airways v\u00e0 v\u00f4 v\u00e0n voucher di chuy\u1ec3n c\u00f9ng Grab n\u1eefa! <img loading=\"lazy\" decoding=\"async\" src=\"https:\/\/static.xx.fbcdn.net\/images\/emoji.php\/v9\/t3c\/1\/16\/1f4a1.png\" alt=\"\ud83d\udca1\" width=\"16\" height=\"16\" \/> Ch\u01b0\u01a1ng tr\u00ecnh \u00e1p d\u1ee5ng t\u1ea1i khu v\u1ef1c Th\u00e0nh ph\u1ed1 H\u1ed3 Ch\u00ed Minh, H\u00e0 N\u1ed9i v\u00e0 \u0110\u00e0 N\u1eb5ng.<\/span><\/h4>\n<p><span style=\"font-weight: 400\">\ud83c\udf81 Ch\u1ec9 c\u1ea7n ho\u00e0n th\u00e0nh 3 c\u1ed9t m\u1ed1c th\u1eed th\u00e1ch, b\u1ea1n rinh li\u1ec1n c\u1ea3 kho t\u00e0ng \u01b0u \u0111\u00e3i ch\u1ec9 v\u1edbi 2 b\u01b0\u1edbc:\u00a0<\/span><\/p>\n<p><span style=\"font-weight: 400\"><span class=\"x3nfvp2 x1j61x8r x1fcty0u xdj266r xhhsvwb xat24cr xgzva0m xxymvpz xlup9mm x1kky2od\"><img loading=\"lazy\" decoding=\"async\" src=\"https:\/\/static.xx.fbcdn.net\/images\/emoji.php\/v9\/t7a\/1\/16\/31_20e3.png\" alt=\"1\ufe0f\u20e3\" width=\"16\" height=\"16\" \/><\/span>\u00a0 B\u01b0\u1edbc 1: Ch\u1ecdn m\u1ee5c \u201cTh\u1eed th\u00e1ch\u201d trong \u1ee9ng d\u1ee5ng Grab.<\/span><\/p>\n<p><span style=\"font-weight: 400\"><span class=\"x3nfvp2 x1j61x8r x1fcty0u xdj266r xhhsvwb xat24cr xgzva0m xxymvpz xlup9mm x1kky2od\"><img loading=\"lazy\" decoding=\"async\" src=\"https:\/\/static.xx.fbcdn.net\/images\/emoji.php\/v9\/t99\/1\/16\/32_20e3.png\" alt=\"2\ufe0f\u20e3\" width=\"16\" height=\"16\" \/><\/span>\u00a0 B\u01b0\u1edbc 2: Ch\u1ecdn \u201cTh\u1eed th\u00e1ch \u0111i GrabCar, tr\u00fang m\u00e3 m\u00e3 \u01b0u \u0111\u00e3i v\u00e9 m\u00e1y bay Bamboo Airways\u201d, sau \u0111\u00f3 ch\u1ecdn \u201cCh\u1ea5p nh\u1eadn th\u1eed th\u00e1ch\u201d v\u00e0 ho\u00e0n th\u00e0nh c\u00e1c c\u1ea5p \u0111\u1ed9\u00a0 th\u1eed th\u00e1ch tr\u01b0\u1edbc 23h59\u2019 ng\u00e0y 03\/01\/2023.\u00a0<\/span><\/p>\n<p>&nbsp;<\/p>\n<h3>\ud83d\udc9a\u00a0<strong>C\u00e1c m\u1ed1c v\u00e0 gi\u1ea3i th\u01b0\u1edfng c\u1ee7a th\u1eed th\u00e1ch t\u1ea1i th\u00e0nh ph\u1ed1 H\u1ed3 Ch\u00ed Minh v\u00e0 H\u00e0 N\u1ed9i:\u00a0<\/strong><\/h3>\n<ul>\n<li style=\"font-weight: 400\"><b>C\u1ea5p \u0111\u1ed9 1:<\/b><span style=\"font-weight: 400\"> Ho\u00e0n th\u00e0nh 03 chuy\u1ebfn xe GrabCar\/GrabCar Plus\/GrabCar Protect\u00a0 &#8211; Nh\u1eadn ngay 01 m\u00e3 \u01b0u \u0111\u00e3i gi\u1ea3m 15% c\u01b0\u1edbc ph\u00ed chuy\u1ebfn xe cho l\u1ea7n \u0111\u1eb7t d\u1ecbch v\u1ee5 GrabCar\/GrabCar Plus\/GrabCar Protect ti\u1ebfp theo, gi\u1ea3m t\u1ed1i \u0111a 50.000\u0111.<\/span><\/li>\n<li style=\"font-weight: 400\"><b>C\u1ea5p \u0111\u1ed9 2:<\/b><span style=\"font-weight: 400\"> Ho\u00e0n th\u00e0nh ti\u1ebfp 02 chuy\u1ebfn xe GrabCar\/GrabCar Plus\/GrabCar Protect\u00a0 &#8211; Nh\u1eadn ngay 01 m\u00e3 \u01b0u \u0111\u00e3i gi\u1ea3m 20% c\u01b0\u1edbc ph\u00ed chuy\u1ebfn xe cho l\u1ea7n \u0111\u1eb7t d\u1ecbch v\u1ee5 GrabCar\/GrabCar Plus\/GrabCar Protect ti\u1ebfp theo, m\u1ed7i \u01b0u \u0111\u00e3i gi\u1ea3m t\u1ed1i \u0111a 50.000\u0111.<\/span><\/li>\n<li><span style=\"font-weight: 400\"><b>C\u1ea5p \u0111\u1ed9 3: <\/b>Ho\u00e0n th\u00e0nh ti\u1ebfp 05 chuy\u1ebfn xe GrabCar\/GrabCar Plus\/GrabCar Protect\u00a0 &#8211; Nh\u1eadn ngay (i) 02 m\u00e3 \u01b0u \u0111\u00e3i gi\u1ea3m 20% c\u01b0\u1edbc ph\u00ed chuy\u1ebfn xe cho l\u1ea7n \u0111\u1eb7t d\u1ecbch v\u1ee5 GrabCar\/GrabCar Plus\/GrabCar Protect ti\u1ebfp theo, m\u1ed7i \u01b0u \u0111\u00e3i gi\u1ea3m t\u1ed1i \u0111a 50.000\u0111 v\u00e0 (ii) 01 m\u00e3 \u01b0u \u0111\u00e3i gi\u1ea3m 15% khi mua v\u00e9 m\u00e1y bay tr\u00ean \u1ee9ng d\u1ee5ng ho\u1eb7c website Bamboo Airways.<br \/>\n<\/span><\/li>\n<\/ul>\n<h3><span style=\"font-weight: 400\">\ud83d\udc9a C<strong>\u00e1c m\u1ed1c v\u00e0 gi\u1ea3i th\u01b0\u1edfng c\u1ee7a th\u1eed th\u00e1ch t\u1ea1i th\u00e0nh ph\u1ed1 \u0110\u00e0 N\u1eb5ng:\u00a0<\/strong><\/span><\/h3>\n<ul>\n<li style=\"font-weight: 400\"><b>C\u1ea5p \u0111\u1ed9 1:<\/b><span style=\"font-weight: 400\"> Ho\u00e0n th\u00e0nh 02 chuy\u1ebfn xe GrabCar\/GrabCar Plus &#8211; Nh\u1eadn ngay 01 m\u00e3 \u01b0u \u0111\u00e3i gi\u1ea3m 15% c\u01b0\u1edbc ph\u00ed chuy\u1ebfn xe cho l\u1ea7n \u0111\u1eb7t d\u1ecbch v\u1ee5 GrabCar\/GrabCar Plus ti\u1ebfp theo, gi\u1ea3m t\u1ed1i \u0111a 30.000\u0111.<\/span><\/li>\n<li style=\"font-weight: 400\"><b>C\u1ea5p \u0111\u1ed9 2:<\/b><span style=\"font-weight: 400\"> Ho\u00e0n th\u00e0nh ti\u1ebfp 02 chuy\u1ebfn xe GrabCar\/GrabCar Plus &#8211; Nh\u1eadn ngay 01 m\u00e3 \u01b0u \u0111\u00e3i gi\u1ea3m 15% c\u01b0\u1edbc ph\u00ed chuy\u1ebfn xe cho l\u1ea7n \u0111\u1eb7t d\u1ecbch v\u1ee5 GrabCar\/GrabCar Plus ti\u1ebfp theo, m\u1ed7i \u01b0u \u0111\u00e3i gi\u1ea3m t\u1ed1i \u0111a 30.000\u0111.<\/span><\/li>\n<li><b>C\u1ea5p \u0111\u1ed9 3: <\/b><span style=\"font-weight: 400\">Ho\u00e0n th\u00e0nh ti\u1ebfp 04 chuy\u1ebfn xe GrabCar\/GrabCar Plus &#8211; Nh\u1eadn ngay (i) 02 m\u00e3 \u01b0u \u0111\u00e3i gi\u1ea3m 20% c\u01b0\u1edbc ph\u00ed chuy\u1ebfn xe cho l\u1ea7n \u0111\u1eb7t d\u1ecbch v\u1ee5 GrabCar\/GrabCar Plus ti\u1ebfp theo, m\u1ed7i \u01b0u \u0111\u00e3i gi\u1ea3m t\u1ed1i \u0111a 50.000\u0111 v\u00e0 (ii) 01 m\u00e3 \u01b0u \u0111\u00e3i gi\u1ea3m 10% khi mua v\u00e9 m\u00e1y bay tr\u00ean \u1ee9ng d\u1ee5ng ho\u1eb7c website Bamboo Airways.<\/span><\/li>\n<\/ul>\n<h3><span class=\"x3nfvp2 x1j61x8r x1fcty0u xdj266r xhhsvwb xat24cr xgzva0m xxymvpz xlup9mm x1kky2od\"><img loading=\"lazy\" decoding=\"async\" src=\"https:\/\/static.xx.fbcdn.net\/images\/emoji.php\/v9\/t84\/1\/16\/1f381.png\" alt=\"\ud83c\udf81\" width=\"16\" height=\"16\" \/> <strong>L\u01b0u \u00fd v\u1ec1 c\u00e1c gi\u1ea3i th\u01b0\u1edfng v\u00e0 ch\u01b0\u01a1ng tr\u00ecnh:<\/strong><\/span><\/h3>\n<ul>\n<li style=\"font-weight: 400\"><span style=\"font-weight: 400\">Th\u1eed th\u00e1ch ch\u1ec9 \u00e1p d\u1ee5ng cho ng\u01b0\u1eddi ch\u01a1i t\u1ea1i khu v\u1ef1c th\u00e0nh ph\u1ed1 H\u1ed3 Ch\u00ednh Minh, H\u00e0 N\u1ed9i v\u00e0 \u0110\u00e0 N\u1eb5ng \u0111\u01b0\u1ee3c hi\u1ec3n th\u1ecb \u201cTh\u1eed th\u00e1ch \u0111i GrabCar, tr\u00fang m\u00e3 \u01b0u \u0111\u00e3i v\u00e9 m\u00e1y bay Bamboo Airways\u201d trong m\u1ee5c \u201cTh\u1eed Th\u00e1ch\u201d tr\u00ean \u1ee9ng d\u1ee5ng Grab k\u1ec3 t\u1eeb 00h00\u2019 ng\u00e0y 21\/12\/2022. Theo \u0111\u00f3, ng\u01b0\u1eddi ch\u01a1i c\u1ea7n ch\u1ecdn \u201cCh\u1ea5p nh\u1eadn th\u1eed th\u00e1ch\u201d \u0111\u1ec3 tham gia ch\u01b0\u01a1ng tr\u00ecnh.<\/span><\/li>\n<li style=\"font-weight: 400\"><span style=\"font-weight: 400\">Th\u1eed th\u00e1ch k\u00e9o d\u00e0i t\u1eeb 00h00\u2019 ng\u00e0y 21\/12\/2022 \u0111\u1ebfn 23h59\u2019 ng\u00e0y 03\/01\/2023.<\/span><\/li>\n<li style=\"font-weight: 400\"><span style=\"font-weight: 400\">Th\u1eed th\u00e1ch kh\u00f4ng \u0111\u01b0\u1ee3c th\u1ef1c hi\u1ec7n d\u01b0\u1edbi h\u00ecnh th\u1ee9c chia s\u1ebb. M\u1ed7i Th\u1eed th\u00e1ch ch\u1ec9 d\u00e0nh cho m\u1ed9t t\u00e0i kho\u1ea3n Grab, d\u1ef1a tr\u00ean quy\u1ec1n truy c\u1eadp Th\u1eed th\u00e1ch hi\u1ec3n th\u1ecb tr\u00ean \u1ee9ng d\u1ee5ng.<\/span><\/li>\n<li style=\"font-weight: 400\"><span style=\"font-weight: 400\">Th\u1eed th\u00e1ch n\u00e0y kh\u00f4ng th\u1ec3 \u0111\u01b0\u1ee3c th\u1ef1c hi\u1ec7n l\u1ea1i sau khi \u0111\u00e3 ho\u00e0n th\u00e0nh ho\u1eb7c th\u1eddi gian quy \u0111\u1ecbnh \u0111\u00e3 k\u1ebft th\u00fac.<\/span><\/li>\n<li style=\"font-weight: 400\"><span style=\"font-weight: 400\">M\u00e3 \u01b0u \u0111\u00e3i cho d\u1ecbch v\u1ee5 GrabCar\/GrabCar Plus\/GrabCar Protect \u0111\u01b0\u1ee3c \u00e1p d\u1ee5ng t\u1ea1i khu v\u1ef1c th\u00e0nh ph\u1ed1 H\u1ed3 Ch\u00ednh Minh v\u00e0 H\u00e0 N\u1ed9i. \u00c1p d\u1ee5ng cho h\u00ecnh th\u1ee9c thanh to\u00e1n b\u1eb1ng th\u1ebb\/v\u00ed Moca tr\u00ean \u1ee9ng d\u1ee5ng Grab. Th\u1eddi h\u1ea1n s\u1eed d\u1ee5ng t\u1eeb ng\u00e0y nh\u1eadn \u0111\u01b0\u1ee3c m\u00e3 \u01b0u \u0111\u00e3i \u0111\u1ebfn h\u1ebft ng\u00e0y 31\/01\/2023.<\/span><\/li>\n<li><span style=\"font-weight: 400\">M\u00e3 \u01b0u \u0111\u00e3i cho d\u1ecbch v\u1ee5 GrabCar\/GrabCar Plus \u0111\u01b0\u1ee3c \u00e1p d\u1ee5ng t\u1ea1i khu v\u1ef1c th\u00e0nh ph\u1ed1 \u0110\u00e0 N\u1eb5ng. \u00c1p d\u1ee5ng cho h\u00ecnh th\u1ee9c thanh to\u00e1n b\u1eb1ng th\u1ebb\/v\u00ed Moca tr\u00ean \u1ee9ng d\u1ee5ng Grab. Th\u1eddi h\u1ea1n s\u1eed d\u1ee5ng t\u1eeb ng\u00e0y nh\u1eadn \u0111\u01b0\u1ee3c m\u00e3 \u01b0u \u0111\u00e3i \u0111\u1ebfn h\u1ebft ng\u00e0y 31\/01\/2023. .<\/span><\/li>\n<li style=\"font-weight: 400\"><span style=\"font-weight: 400\">Sau khi ho\u00e0n th\u00e0nh c\u00e1c c\u1ea5p \u0111\u1ed9 1, 2 v\u00e0 3 c\u1ee7a th\u1eed th\u00e1ch, c\u00e1c m\u00e3 \u01b0u \u0111\u00e3i c\u1ee7a d\u1ecbch v\u1ee5 GrabCar\/GrabCar Plus\/GrabCar Protect v\u00e0 \u01b0u \u0111\u00e3i khi mua v\u00e9 tr\u00ean \u1ee9ng d\u1ee5ng ho\u1eb7c website Bamboo Airways s\u1ebd \u0111\u01b0\u1ee3c t\u1ef1 \u0111\u1ed9ng g\u1eedi v\u00e0o m\u1ee5c \u201c\u01afu \u0111\u00e3i c\u1ee7a t\u00f4i\/ My Rewards\u201d c\u1ee7a ng\u01b0\u1eddi ch\u01a1i tr\u00ean \u1ee9ng d\u1ee5ng Grab. Ng\u01b0\u1eddi ch\u01a1i th\u1ef1c hi\u1ec7n theo c\u00e1c b\u01b0\u1edbc sau \u0111\u1ec3 ki\u1ec3m tra c\u00e1c m\u00e3 \u01b0u \u0111\u00e3i:\u00a0<\/span>\n<ul>\n<li style=\"list-style-type: none\">\n<ul>\n<li style=\"font-weight: 400\"><span style=\"font-weight: 400\">B\u01b0\u1edbc 1: V\u00e0o m\u1ee5c \u201cRewards\u201d tr\u00ean \u1ee9ng d\u1ee5ng Grab<\/span><\/li>\n<li style=\"font-weight: 400\"><span style=\"font-weight: 400\">B\u01b0\u1edbc 2: Ch\u1ecdn m\u1ee5c \u201c\u01afu \u0111\u00e3i c\u1ee7a t\u00f4i\/My Rewards\u201d \u0111\u1ec3 ki\u1ec3m tra v\u00e0 s\u1eed d\u1ee5ng c\u00e1c m\u00e3 \u01b0u \u0111\u00e3i\u00a0<\/span><\/li>\n<\/ul>\n<\/li>\n<\/ul>\n<\/li>\n<\/ul>\n<ul>\n<li style=\"font-weight: 400\"><span style=\"font-weight: 400\"><strong>01 m\u00e3 \u01b0u \u0111\u00e3i gi\u1ea3m 15% \u00e1p d\u1ee5ng cho gi\u00e1 v\u00e9 c\u01a1 s\u1edf khi mua v\u00e9 m\u00e1y bay tr\u00ean \u1ee9ng d\u1ee5ng ho\u1eb7c website Bamboo Airways.<\/strong><\/span><\/li>\n<li style=\"font-weight: 400\"><span style=\"font-weight: 400\">\u01afu \u0111\u00e3i \u00e1p d\u1ee5ng cho c\u00e1c ch\u1eb7ng bay n\u1ed9i \u0111\u1ecba, kh\u00f4ng \u00e1p d\u1ee5ng ch\u1eb7ng bay \u0111i\/\u0111\u1ebfn th\u00e0nh ph\u1ed1 H\u1ed3 Ch\u00ed Minh, H\u00e0 N\u1ed9i v\u00e0 huy\u1ec7n C\u00f4n \u0110\u1ea3o.\u00a0\u00a0<\/span>\n<ul>\n<li style=\"list-style-type: none\">\n<ul>\n<li style=\"font-weight: 400\"><span style=\"font-weight: 400\">\u0110\u1ed1i v\u1edbi v\u00e9 m\u00e1y bay kh\u1ee9 h\u1ed3i: (i) gi\u1ea3m t\u1ed1i \u0111a 300.000\u0111 khi mua 1 v\u00e9, (ii) gi\u1ea3m t\u1ed1i \u0111a 600.000\u0111 khi mua 2 v\u00e9, (iii) gi\u1ea3m t\u1ed1i \u0111a 900.000\u0111 khi mua 3 v\u00e9.\u00a0<\/span><\/li>\n<li style=\"font-weight: 400\"><span style=\"font-weight: 400\">\u0110\u1ed1i v\u1edbi v\u00e9 m\u00e1y bay m\u1ed9t chi\u1ec1u: (i) gi\u1ea3m t\u1ed1i \u0111a 150.000\u0111 khi mua 1 v\u00e9, (ii) gi\u1ea3m t\u1ed1i \u0111a 300.000\u0111 khi mua 2 v\u00e9, (iii) gi\u1ea3m t\u1ed1i \u0111a 450.000\u0111 khi mua 3 v\u00e9.\u00a0<\/span><\/li>\n<li style=\"font-weight: 400\"><span style=\"font-weight: 400\">H\u1ea1ng v\u00e9 m\u00e1y bay \u00e1p d\u1ee5ng: Economy Saver, Economy Saver Max<\/span><\/li>\n<li style=\"font-weight: 400\"><span style=\"font-weight: 400\">Th\u1eddi gian Bamboo cung \u1ee9ng m\u00e3: 21\/12\/2022 &#8211; 31\/01\/2023<\/span><\/li>\n<li style=\"font-weight: 400\"><span style=\"font-weight: 400\">Th\u1eddi gian bay \u0111\u01b0\u1ee3c \u00e1p d\u1ee5ng m\u00e3: t\u1eeb ng\u00e0y tri\u1ec3n khai &#8211; 28\/12\/2022\u00a0 v\u00e0 08\/02\/2023 &#8211; 27\/04\/2023<\/span><\/li>\n<li style=\"font-weight: 400\"><span style=\"font-weight: 400\">Th\u1eddi gian \u0111\u1eb7t v\u00e9 m\u00e1y \u0111\u1ec3 \u0111\u01b0\u1ee3c \u00e1p d\u1ee5ng m\u00e3: 21\/12\/2022 &#8211; 15\/02\/2023<\/span><\/li>\n<li style=\"font-weight: 400\"><span style=\"font-weight: 400\">M\u00e3 \u01b0u \u0111\u00e3i kh\u00f4ng \u00e1p d\u1ee5ng v\u1edbi thu\u1ebf, ph\u00ed v\u00e0 ph\u1ee5 thu<\/span><\/li>\n<li style=\"font-weight: 400\"><span style=\"font-weight: 400\">M\u00e3 \u01b0u \u0111\u00e3i kh\u00f4ng c\u00f3 gi\u00e1 tr\u1ecb quy \u0111\u1ed5i th\u00e0nh ti\u1ec1n ho\u1eb7c qu\u00e0 t\u1eb7ng kh\u00e1c. M\u00e3 \u01b0u \u0111\u00e3i c\u00f3 quy\u1ec1n chuy\u1ec3n nh\u01b0\u1ee3ng.\u00a0<\/span><\/li>\n<li style=\"font-weight: 400\"><span style=\"font-weight: 400\">S\u1ed1 l\u01b0\u1ee3ng kh\u00e1ch t\u1ed1i \u0111a trong 01 giao d\u1ecbch l\u00e0 03 kh\u00e1ch\/01 giao d\u1ecbch.<\/span><\/li>\n<\/ul>\n<\/li>\n<\/ul>\n<\/li>\n<li><strong>01 m\u00e3 \u01b0u \u0111\u00e3i gi\u1ea3m 10% \u00e1p d\u1ee5ng cho gi\u00e1 v\u00e9 c\u01a1 s\u1edf khi mua v\u00e9 m\u00e1y bay tr\u00ean \u1ee9ng d\u1ee5ng ho\u1eb7c website Bamboo Airways.<\/strong>\n<ul>\n<li style=\"list-style-type: none\">\n<ul>\n<li><span style=\"font-weight: 400\">\u01afu \u0111\u00e3i \u00e1p d\u1ee5ng cho c\u00e1c ch\u1eb7ng bay n\u1ed9i \u0111\u1ecba, kh\u00f4ng \u00e1p d\u1ee5ng ch\u1eb7ng bay \u0111i\/\u0111\u1ebfn th\u00e0nh ph\u1ed1 H\u1ed3 Ch\u00ed Minh, H\u00e0 N\u1ed9i v\u00e0 huy\u1ec7n C\u00f4n \u0110\u1ea3o.\u00a0\u00a0<\/span><\/li>\n<li style=\"font-weight: 400\"><span style=\"font-weight: 400\">\u0110\u1ed1i v\u1edbi v\u00e9 m\u00e1y bay kh\u1ee9 h\u1ed3i: (i) gi\u1ea3m t\u1ed1i \u0111a 200.000\u0111 khi mua 1 v\u00e9, (ii) gi\u1ea3m t\u1ed1i \u0111a 400.000\u0111 khi mua 2 v\u00e9, (iii) gi\u1ea3m t\u1ed1i \u0111a 600.000\u0111 khi mua 3 v\u00e9.\u00a0<\/span><\/li>\n<li style=\"font-weight: 400\"><span style=\"font-weight: 400\">\u0110\u1ed1i v\u1edbi v\u00e9 m\u00e1y bay m\u1ed9t chi\u1ec1u: (i) gi\u1ea3m t\u1ed1i \u0111a 100.000\u0111 khi mua 1 v\u00e9, (ii) gi\u1ea3m t\u1ed1i \u0111a 200.000\u0111 khi mua 2 v\u00e9, (iii) gi\u1ea3m t\u1ed1i \u0111a 300.000\u0111 khi mua 3 v\u00e9.\u00a0<\/span><\/li>\n<li style=\"font-weight: 400\"><span style=\"font-weight: 400\">H\u1ea1ng v\u00e9 m\u00e1y bay \u00e1p d\u1ee5ng: Economy Saver, Economy Saver Max<\/span><\/li>\n<li style=\"font-weight: 400\"><span style=\"font-weight: 400\">Th\u1eddi gian Bamboo cung \u1ee9ng m\u00e3: 21\/12\/2022 &#8211; 31\/01\/2023<\/span><\/li>\n<li style=\"font-weight: 400\"><span style=\"font-weight: 400\">Th\u1eddi gian bay \u0111\u01b0\u1ee3c \u00e1p d\u1ee5ng m\u00e3: t\u1eeb ng\u00e0y tri\u1ec3n khai &#8211; 28\/12\/2022\u00a0 v\u00e0 08\/02\/2023 &#8211; 27\/04\/2023<\/span><\/li>\n<li style=\"font-weight: 400\"><span style=\"font-weight: 400\">Th\u1eddi gian \u0111\u1eb7t v\u00e9 m\u00e1y \u0111\u1ec3 \u0111\u01b0\u1ee3c \u00e1p d\u1ee5ng m\u00e3: 21\/12\/2022 &#8211; 15\/02\/2023<\/span><\/li>\n<li style=\"font-weight: 400\"><span style=\"font-weight: 400\">M\u00e3 \u01b0u \u0111\u00e3i kh\u00f4ng \u00e1p d\u1ee5ng v\u1edbi thu\u1ebf, ph\u00ed v\u00e0 ph\u1ee5 thu<\/span><\/li>\n<li style=\"font-weight: 400\"><span style=\"font-weight: 400\">M\u00e3 \u01b0u \u0111\u00e3i kh\u00f4ng c\u00f3 gi\u00e1 tr\u1ecb quy \u0111\u1ed5i th\u00e0nh ti\u1ec1n ho\u1eb7c qu\u00e0 t\u1eb7ng kh\u00e1c. M\u00e3 \u01b0u \u0111\u00e3i c\u00f3 quy\u1ec1n chuy\u1ec3n nh\u01b0\u1ee3ng.\u00a0<\/span><\/li>\n<li style=\"font-weight: 400\"><span style=\"font-weight: 400\">S\u1ed1 l\u01b0\u1ee3ng kh\u00e1ch t\u1ed1i \u0111a trong 01 giao d\u1ecbch l\u00e0 03 kh\u00e1ch\/01 giao d\u1ecbch.<\/span><\/li>\n<\/ul>\n<\/li>\n<\/ul>\n<\/li>\n<\/ul>\n<h3><span style=\"font-weight: 400\">\u2757<strong>\u0110i\u1ec1u ki\u1ec7n v\u00e0 \u0111i\u1ec1u kho\u1ea3n kh\u00e1c:<br \/>\n<\/strong><\/span><\/h3>\n<ul>\n<li>Grab c\u00f3 to\u00e0n quy\u1ec1n t\u1eeb ch\u1ed1i trao gi\u1ea3i, t\u01b0\u1edbc quy\u1ec1n tham d\u1ef1 n\u1ebfu nghi ng\u1edd ho\u1eb7c ph\u00e1t hi\u1ec7n ng\u01b0\u1eddi ch\u01a1i th\u1ef1c hi\u1ec7n b\u1ea5t k\u1ef3 h\u00e0nh vi gian l\u1eadn, gi\u1ea3 m\u1ea1o n\u00e0o trong qu\u00e1 tr\u00ecnh tham d\u1ef1 ch\u01b0\u01a1ng tr\u00ecnh d\u01b0\u1edbi b\u1ea5t k\u1ef3 h\u00ecnh th\u1ee9c n\u00e0o ho\u1eb7c qu\u00e1 tr\u00ecnh tham gia ch\u01b0\u01a1ng tr\u00ecnh vi ph\u1ea1m c\u00e1c quy \u0111\u1ecbnh ph\u00e1p lu\u1eadt hi\u1ec7n h\u00e0nh kh\u00e1c v\u00e0\/ ho\u1eb7c quy \u0111\u1ecbnh, ch\u00ednh s\u00e1ch Grab.<\/li>\n<li>Grab c\u00f3 to\u00e0n quy\u1ec1n quy\u1ebft \u0111\u1ecbnh \u0111i\u1ec1u ki\u1ec7n, x\u00e1c \u0111\u1ecbnh ng\u01b0\u1eddi th\u1eafng gi\u1ea3i, thay \u0111\u1ed5i th\u1ec3 l\u1ec7 v\u00e0 \u0111i\u1ec1u kho\u1ea3n c\u1ee7a ch\u01b0\u01a1ng tr\u00ecnh n\u00e0y v\u00e0 c\u00f3 th\u00f4ng b\u00e1o tr\u01b0\u1edbc \u0111\u1ebfn ng\u01b0\u1eddi ch\u01a1i. C\u00e1c n\u1ed9i dung \u0111\u01b0\u1ee3c thay \u0111\u1ed5i n\u00e0y \u0111\u1ea3m b\u1ea3o kh\u00f4ng g\u00e2y b\u1ea5t l\u1ee3i cho ng\u01b0\u1eddi ch\u01a1i v\u00e0 s\u1ebd m\u1eb7c nhi\u00ean c\u00f3 hi\u1ec7u l\u1ef1c v\u00e0 \u0111\u01b0\u1ee3c \u00e1p d\u1ee5ng \u0111\u1ec3 \u0111i\u1ec1u ch\u1ec9nh c\u00e1c v\u1ea5n \u0111\u1ec1 li\u00ean quan \u0111\u1ebfn ch\u01b0\u01a1ng tr\u00ecnh.<\/li>\n<li>T\u1ea5t c\u1ea3 c\u00e1c \u01b0u \u0111\u00e3i\/gi\u1ea3i th\u01b0\u1edfng \u0111\u1ec1u kh\u00f4ng c\u00f3 gi\u00e1 tr\u1ecb chuy\u1ec3n nh\u01b0\u1ee3ng v\u00e0 quy \u0111\u1ed5i th\u00e0nh ti\u1ec1n m\u1eb7t ho\u1eb7c t\u00edn d\u1ee5ng c\u00f3 gi\u00e1 tr\u1ecb t\u01b0\u01a1ng \u0111\u01b0\u01a1ng n\u00e0o.<\/li>\n<li>Ng\u01b0\u1eddi ch\u01a1i \u0111\u1ed3ng \u00fd r\u1eb1ng quy\u1ebft \u0111\u1ecbnh c\u1ee7a Grab l\u00e0 quy\u1ebft \u0111\u1ecbnh cu\u1ed1i c\u00f9ng v\u00e0 c\u00f3 hi\u1ec7u l\u1ef1c \u00e1p d\u1ee5ng. M\u1ecdi tranh ch\u1ea5p gi\u1eefa Grab v\u00e0 ng\u01b0\u1eddi ch\u01a1i ph\u00e1t sinh t\u1eeb ho\u1eb7c li\u00ean quan \u0111\u1ebfn ch\u01b0\u01a1ng tr\u00ecnh (n\u1ebfu c\u00f3) s\u1ebd \u0111\u01b0\u1ee3c gi\u1ea3i quy\u1ebft theo quy tr\u00ecnh do Grab c\u00f4ng b\u1ed1 v\u00e0 \u00e1p d\u1ee5ng t\u1ea1i t\u1eebng th\u1eddi \u0111i\u1ec3m.<\/li>\n<li>Ng\u01b0\u1eddi tr\u00fang th\u01b0\u1edfng ph\u1ea3i \u0111\u1ed5i\/nh\u1eadn t\u1ea5t c\u1ea3 gi\u1ea3i th\u01b0\u1edfng trong th\u1eddi h\u1ea1n \u0111\u01b0\u1ee3c th\u00f4ng b\u00e1o b\u1edfi Grab. M\u1ecdi ph\u1ea7n th\u01b0\u1edfng kh\u00f4ng \u0111\u01b0\u1ee3c \u0111\u1ed5i\/nh\u1eadn trong th\u1eddi gian n\u00e0y s\u1ebd \u0111\u01b0\u1ee3c thu h\u1ed3i ho\u1eb7c ti\u00eau h\u1ee7y ho\u1eb7c quy\u00ean g\u00f3p ho\u1eb7c h\u00ecnh th\u1ee9c kh\u00e1c theo to\u00e0n quy\u1ec1n quy\u1ebft \u0111\u1ecbnh c\u1ee7a Grab ho\u1eb7c theo quy \u0111\u1ecbnh c\u1ee7a ph\u00e1p lu\u1eadt hi\u1ec7n h\u00e0nh. Grab s\u1ebd kh\u00f4ng gi\u1ea3i quy\u1ebft b\u1ea5t k\u00ec khi\u1ebfu n\u1ea1i ho\u1eb7c y\u00eau c\u1ea7u b\u1ed3i th\u01b0\u1eddng n\u00e0o li\u00ean quan \u0111\u1ebfn tr\u01b0\u1eddng h\u1ee3p n\u00e0y.<\/li>\n<li>B\u1eb1ng vi\u1ec7c tham gia ch\u01b0\u01a1ng tr\u00ecnh n\u00e0y, b\u1ea1n x\u00e1c nh\u1eadn \u0111\u00e3 hi\u1ec3u v\u00e0 ch\u1ea5p thu\u1eadn to\u00e0n b\u1ed9 \u0111i\u1ec1u kho\u1ea3n v\u00e0 \u0111i\u1ec1u ki\u1ec7n quy \u0111\u1ecbnh t\u1ea1i th\u1ec3 l\u1ec7 n\u00e0y.<\/li>\n<li><span style=\"font-weight: 400\">Nh\u1eefng \u0111i\u1ec1u kho\u1ea3n v\u00e0 \u0111i\u1ec1u ki\u1ec7n c\u1ee7a ch\u01b0\u01a1ng tr\u00ecnh n\u00e0y \u0111\u01b0\u1ee3c \u0111i\u1ec1u ch\u1ec9nh b\u1edfi ph\u00e1p lu\u1eadt c\u1ee7a Vi\u1ec7t Nam. Trong tr\u01b0\u1eddng h\u1ee3p c\u00f3 tranh ch\u1ea5p, C\u00e1c B\u00ean s\u1ebd \u01b0u ti\u00ean gi\u1ea3i quy\u1ebft b\u1eb1ng h\u00f2a gi\u1ea3i v\u00e0 th\u01b0\u01a1ng l\u01b0\u1ee3ng. Trong tr\u01b0\u1eddng h\u1ee3p C\u00e1c B\u00ean kh\u00f4ng th\u1ecfa thu\u1eadn \u0111\u01b0\u1ee3c v\u1edbi nhau v\u1ec1 vi\u1ec7c gi\u1ea3i quy\u1ebft tranh ch\u1ea5p trong v\u00f2ng 30 (ba m\u01b0\u01a1i) ng\u00e0y k\u1ec3 t\u1eeb ng\u00e0y x\u1ea3y ra Tranh Ch\u1ea5p, C\u00e1c B\u00ean c\u00f3 quy\u1ec1n y\u00eau c\u1ea7u Trung t\u00e2m tr\u1ecdng t\u00e0i qu\u1ed1c t\u1ebf Vi\u1ec7t Nam (\u201cVIAC\u201d) b\u00ean c\u1ea1nh Ph\u00f2ng Th\u01b0\u01a1ng m\u1ea1i v\u00e0 C\u00f4ng nghi\u1ec7p Vi\u1ec7t Nam (\u201cVCCI\u201d) gi\u1ea3i quy\u1ebft theo th\u1ee7 t\u1ee5c t\u1ed1 t\u1ee5ng c\u1ee7a c\u01a1 quan tr\u1ecdng t\u00e0i n\u00e0y. N\u01a1i gi\u1ea3i quy\u1ebft tranh ch\u1ea5p s\u1ebd t\u1ea1i Th\u00e0nh ph\u1ed1 H\u1ed3 Ch\u00ed Minh. Ng\u00f4n ng\u1eef gi\u1ea3i quy\u1ebft tranh ch\u1ea5p s\u1ebd b\u1eb1ng Ti\u1ebfng Vi\u1ec7t.<strong><br \/>\n<\/strong><\/span><\/li>\n<\/ul>\n<p>#GrabCar #BambooAirways<\/p>\n","protected":false},"excerpt":{"rendered":"\ud83d\udd25 D\u1ecbp cu\u1ed1i n\u0103m qu\u00e1 tr\u1eddi vi\u1ec7c c\u1ea7n di chuy\u1ec3n \u0111i l\u1ea1i, \u0111\u1eb7t Grab \u0111\u00f3n \u0111\u01b0a cho th\u1ea3nh th\u01a1i n\u00e8 b\u1ea1n \u01a1i! \ud83e\udd73 S\u1eb5n ti\u1ec7n tham gia lu\u00f4n Th\u1eed th\u00e1ch \u0111i GrabCar, d\u1ec5 ch\u01a1i l\u1ea1i c\u00f2n c\u00f3 c\u01a1 h\u1ed9i tr\u00fang m\u00e3 \u01b0u \u0111\u00e3i v\u00e9 m\u00e1y bay Bamboo Airways v\u00e0 v\u00f4 v\u00e0n voucher di chuy\u1ec3n c\u00f9ng [&hellip;]","protected":false},"author":1428,"featured_media":0,"parent":0,"menu_order":0,"comment_status":"closed","ping_status":"closed","template":"","meta":{"_acf_changed":false,"footnotes":""},"acf":[],"_links":{"self":[{"href":"https:\/\/www.grab.com\/vn\/wp-json\/wp\/v2\/pages\/137729"}],"collection":[{"href":"https:\/\/www.grab.com\/vn\/wp-json\/wp\/v2\/pages"}],"about":[{"href":"https:\/\/www.grab.com\/vn\/wp-json\/wp\/v2\/types\/page"}],"author":[{"embeddable":true,"href":"https:\/\/www.grab.com\/vn\/wp-json\/wp\/v2\/users\/1428"}],"replies":[{"embeddable":true,"href":"https:\/\/www.grab.com\/vn\/wp-json\/wp\/v2\/comments?post=137729"}],"version-history":[{"count":7,"href":"https:\/\/www.grab.com\/vn\/wp-json\/wp\/v2\/pages\/137729\/revisions"}],"predecessor-version":[{"id":138035,"href":"https:\/\/www.grab.com\/vn\/wp-json\/wp\/v2\/pages\/137729\/revisions\/138035"}],"wp:attachment":[{"href":"https:\/\/www.grab.com\/vn\/wp-json\/wp\/v2\/media?parent=137729"}],"curies":[{"name":"wp","href":"https:\/\/api.w.org\/{rel}","templated":true}]}}