{"id":137308,"date":"2022-12-06T18:30:22","date_gmt":"2022-12-06T10:30:22","guid":{"rendered":"https:\/\/www.grab.com\/vn\/?page_id=137308"},"modified":"2022-12-06T18:31:20","modified_gmt":"2022-12-06T10:31:20","slug":"mung-ngay-doi-12-12-goi-hoi-vien-grab-uu-dai-50","status":"publish","type":"page","link":"https:\/\/www.grab.com\/vn\/mung-ngay-doi-12-12-goi-hoi-vien-grab-uu-dai-50\/","title":{"rendered":"M\u1eebng ng\u00e0y \u0111\u00f4i 12.12, G\u00f3i H\u1ed9i Vi\u00ean Grab \u01b0u \u0111\u00e3i 50%"},"content":{"rendered":"<p><img loading=\"lazy\" decoding=\"async\" width=\"1200\" height=\"600\" class=\"alignnone size-full wp-image-137309\" src=\"https:\/\/assets.grab.com\/wp-content\/uploads\/sites\/11\/2022\/12\/06182710\/Grab_DN_1200x600_28112022-1.jpg\" alt=\"\" \/><\/p>\n<p>\ud83c\udf1f M\u1eebng ng\u00e0y \u0111\u00f4i 12.12, G\u00f3i H\u1ed9i Vi\u00ean \u01b0u \u0111\u00e3i 50%<\/p>\n<p>\ud83d\udc49Mua ngay:\u00a0<a href=\"https:\/\/grab.onelink.me\/2695613898\/GoiHoiVien\" target=\"_blank\" rel=\"noopener noreferrer\">https:\/\/grab.onelink.me\/2695613898\/GoiHoiVien<\/a><\/p>\n<p>\ud83d\udc9a\u00a0B\u00e1i bai n\u1ed7i lo m\u1ed7i s\u00e1ng x\u1ebfp h\u00e0ng g\u1eedi xe, chen ch\u00fac gi\u1eefa \u0111\u00e1m \u0111\u00f4ng ch\u1eadt ch\u1ed9i hay kh\u00f3i b\u1ee5i \u0111\u01b0\u1eddng x\u00e1. C\u00f3 g\u00f3i h\u1ed9i vi\u00ean r\u1ed3i, t\u1eeb nay t\u1eadn h\u01b0\u1edfng s\u1ef1 tho\u1ea3i m\u00e1i th\u00f4i! 30 cu\u1ed1c xe v\u1edbi nhi\u1ec1u \u01b0u \u0111\u00e3i, tha h\u1ed3 \u0111i Grab!<\/p>\n<p>\u270c\ufe0fMua ngay G\u00f3i H\u1ed9i Vi\u00ean \u0111i Grab li\u1ec1n anh ch\u1ecb em \u01a1i!<\/p>\n<p><strong>Chi ti\u1ebft t\u1eebng G\u00f3i H\u1ed9i Vi\u00ean:<\/strong><\/p>\n<p>\u270c\ufe0f\u00a0Mua ngay G\u00f3i H\u1ed9i Vi\u00ean \u0111i Grab li\u1ec1n anh ch\u1ecb em \u01a1i!<\/p>\n<p>Chi ti\u1ebft t\u1eebng G\u00f3i H\u1ed9i Vi\u00ean:<\/p>\n<p><strong>\u00a0\ud83d\udef5\u00a0G\u00f3i H\u1ed9i Vi\u00ean GrabBike:<\/strong><\/p>\n<p>\ud83d\udd39 \u01afu \u0111\u00e3i 20% t\u1ed1i \u0111a<strong>\u00a030.000\u0111\u00a0<\/strong><\/p>\n<p>\ud83d\udd39\u00a0Gi\u00e1 \u01b0u \u0111\u00e3i 50%:\u00a0<del datetime=\"2022-11-22T03:48:28+00:00\">60.000\u0111\/g\u00f3i<\/del>\u00a0\ud83d\udc49 30.000\u0111\/g\u00f3i<\/p>\n<p>\ud83d\udd39\u00a0S\u1ed1 l\u01b0\u1ee3ng cu\u1ed1c xe \u0111\u01b0\u1ee3c \u01b0u \u0111\u00e3i: 10 cu\u1ed1c cho m\u1ed7i \u01b0u \u0111\u00e3i.<\/p>\n<p>\ud83d\udd39\u00a0H\u1ea1n s\u1eed d\u1ee5ng: 14 ng\u00e0y.<\/p>\n<p><strong>\ud83d\ude97\u00a0G\u00f3i H\u1ed9i Vi\u00ean GrabCar:<\/strong><\/p>\n<p>\ud83d\udd39 \u01afu \u0111\u00e3i 20% t\u1ed1i \u0111a\u00a0<strong>50.000\u0111<\/strong><\/p>\n<p>\ud83d\udd39 Gi\u00e1 \u01b0u \u0111\u00e3i 50%:\u00a0 1<del datetime=\"2022-11-22T03:48:28+00:00\">00.000\u0111\/g\u00f3i<\/del>\u00a0\ud83d\udc49 50.000\u0111\/g\u00f3i<\/p>\n<p>\ud83d\udd39\u00a0S\u1ed1 l\u01b0\u1ee3ng cu\u1ed1c xe \u0111\u01b0\u1ee3c \u01b0u \u0111\u00e3i: 10 cu\u1ed1c cho m\u1ed7i \u01b0u \u0111\u00e3i.<\/p>\n<p>\ud83d\udd39\u00a0H\u1ea1n s\u1eed d\u1ee5ng: 14 ng\u00e0y.<\/p>\n<p>Mua ngay \u0111\u1ec3 \u0111\u01b0\u1ee3c \u0111\u00f3n \u0111\u01b0a m\u1ed7i ng\u00e0y!<\/p>\n<p><strong>L\u01b0u \u00fd:<\/strong><\/p>\n<p>\ud83d\udd39Ch\u1ec9 \u00e1p d\u1ee5ng thanh to\u00e1n qua Th\u1ebb ng\u00e2n h\u00e0ng\/V\u00ed Moca \u0111\u1ec3 mua G\u00f3i \u01b0u \u0111\u00e3i GrabBike v\u00e0 GrabCar<\/p>\n<p>\ud83d\udd39Ch\u01b0\u01a1ng tr\u00ecnh ch\u1ec9 \u00e1p d\u1ee5ng t\u1ea1i Th\u00e0nh ph\u1ed1 \u0110\u00e0 N\u1eb5ng.<\/p>\n<p>\ud83d\udd39S\u1ed1 l\u01b0\u1ee3ng g\u00f3i \u01b0u \u0111\u00e3i c\u00f3 gi\u1edbi h\u1ea1n v\u00e0 ch\u1ec9 \u00e1p d\u1ee5ng v\u1edbi ng\u01b0\u1eddi ch\u01b0a mua g\u00f3i.<\/p>\n<p>\ud83d\udd39\u0110\u1eb7t Grab, nh\u1edb tr\u1ea3 th\u1ebb\/ v\u00ed Moca \u0111\u1ec3 lu\u00f4n an to\u00e0n v\u00e0 h\u01b0\u1edfng \u01b0u \u0111\u00e3i t\u1ed1t h\u01a1n nha<\/p>\n<p>\ud83d\udd39K\u00edch ho\u1ea1t V\u00ed Moca: https:\/\/grb.to\/KichHoatViMoca ho\u1eb7c li\u00ean k\u1ebft th\u1ebb v\u00e0o Grab ngay: https:\/\/grb.to\/GanTheThanhToanTT<\/p>\n<p><strong>C\u00e1ch s\u1eed d\u1ee5ng G\u00f3i H\u1ed9i vi\u00ean<\/strong><\/p>\n<ul>\n<li>Sau khi mua G\u00f3i \u01afu \u0110\u00e3i, b\u1ea1n s\u1ebd nh\u1eadn \u0111\u01b0\u1ee3c c\u00e1c m\u00e3 \u01b0u \u0111\u00e3i t\u1ea1i m\u1ee5c \u201c\u01afu \u0110\u00e3i C\u1ee7a T\u00f4i\u201d tr\u00ean \u1ee9ng d\u1ee5ng Grab.<\/li>\n<li>\u0110\u1ec3 s\u1eed d\u1ee5ng \u01b0u \u0111\u00e3i, nh\u1ea5n ch\u1ecdn \u201c\u01afu \u0110\u00e3i\u201d trong m\u00e0n h\u00ecnh thanh to\u00e1n, t\u00ecm \u01b0u \u0111\u00e3i t\u01b0\u01a1ng \u1ee9ng t\u1eeb G\u00f3i \u01afu \u0110\u00e3i c\u1ee7a b\u1ea1n v\u00e0 ch\u1ecdn \u201cS\u1eed d\u1ee5ng b\u00e2y gi\u1edd\u201d (\u01b0u \u0111\u00e3i s\u1ebd \u0111\u01b0\u1ee3c t\u1ef1 \u0111\u1ed9ng \u00e1p d\u1ee5ng tr\u00ean m\u1ed7i chuy\u1ebfn xe kh\u00f4ng gi\u1edbi h\u1ea1n). S\u1eed d\u1ee5ng \u0111\u1ec3 t\u1eadn h\u01b0\u1edfng d\u1ecbch v\u1ee5 di chuy\u1ec3n Grab \u0111\u1ec3 ti\u1ebft ki\u1ec7m h\u01a1n!<\/li>\n<\/ul>\n<p><strong>\u0110i\u1ec1u kho\u1ea3n \u0111i\u1ec1u ki\u1ec7n kh\u00e1c:<\/strong><\/p>\n<ul>\n<li>C\u00e1c G\u00f3i \u01afu \u0110\u00e3i ch\u1ec9 c\u00f3 th\u1ec3 \u0111\u01b0\u1ee3c thanh to\u00e1n th\u00f4ng qua V\u00ed \u0111i\u1ec7n t\u1eed Moca\/ Th\u1ebb Ng\u00e2n h\u00e0ng tr\u00ean \u1ee9ng d\u1ee5ng Grab. S\u1ed1 l\u01b0\u1ee3ng m\u1ed7i G\u00f3i \u0111\u1ec1u c\u00f3 gi\u1edbi h\u1ea1n. Khi c\u00e1c G\u00f3i \u0111\u00e3 \u0111\u01b0\u1ee3c mua h\u1ebft, c\u00e1c G\u00f3i s\u1ebd kh\u00f4ng c\u00f2n hi\u1ec3n th\u1ecb trong \u1ee9ng d\u1ee5ng Grab. Xin l\u01b0u \u00fd r\u1eb1ng G\u00f3i \u01afu \u0110\u00e3i kh\u00f4ng th\u1ec3 chuy\u1ec3n nh\u01b0\u1ee3ng, kh\u00f4ng th\u1ec3 trao \u0111\u1ed5i.<\/li>\n<li>B\u1ea1n s\u1ebd kh\u00f4ng nh\u1eadn \u0111\u01b0\u1ee3c \u0111i\u1ec3m th\u01b0\u1edfng GrabRewards khi mua G\u00f3i \u01afu \u0110\u00e3i.<\/li>\n<li>Grab c\u00f3 quy\u1ec1n thay \u0111\u1ed5i c\u00e1c G\u00f3i \u01afu \u0110\u00e3i b\u1ea5t c\u1ee9 l\u00fac n\u00e0o. B\u1ea1n s\u1ebd \u0111\u01b0\u1ee3c th\u00f4ng b\u00e1o tr\u01b0\u1edbc qua email v\u00e0\/ho\u1eb7c th\u00f4ng b\u00e1o trong \u1ee9ng d\u1ee5ng.<\/li>\n<li>Grab c\u00f3 quy\u1ec1n hu\u1ef7 b\u1ecf, thay \u0111\u1ed5i v\u00e0\/ho\u1eb7c \u0111i\u1ec1u ch\u1ec9nh b\u1ea5t k\u1ef3 ph\u1ea7n n\u00e0o ho\u1eb7c to\u00e0n b\u1ed9 c\u00e1c \u0110i\u1ec1u kho\u1ea3n v\u00e0 \u0110i\u1ec1u ki\u1ec7n c\u1ee7a G\u00f3i \u01afu \u0110\u00e3i v\u00e0o b\u1ea5t c\u1ee9 th\u1eddi \u0111i\u1ec3m n\u00e0o m\u00e0 kh\u00f4ng c\u1ea7n th\u00f4ng b\u00e1o tr\u01b0\u1edbc.<\/li>\n<li>Grab c\u0169ng c\u00f3 quy\u1ec1n lo\u1ea1i tr\u1eeb v\u00e0\/ ho\u1eb7c t\u1eeb ch\u1ed1i b\u1ea5t k\u1ef3 ng\u01b0\u1eddi d\u00f9ng n\u00e0o cho c\u00e1c G\u00f3i \u01afu \u0110\u00e3i (gi\u1edbi h\u1ea1n), bao g\u1ed3m nh\u01b0ng kh\u00f4ng gi\u1edbi h\u1ea1n c\u00e1c tr\u01b0\u1eddng h\u1ee3p ng\u01b0\u1eddi d\u00f9ng s\u1eed d\u1ee5ng nhi\u1ec1u thi\u1ebft b\u1ecb \u0111\u00e3 b\u1ecb s\u1eeda \u0111\u1ed5i, thi\u1ebft b\u1ecb kh\u00f4ng c\u00f3 b\u1ea3n quy\u1ec1n ho\u1eb7c thi\u1ebft b\u1ecb c\u00f3 c\u00e0i \u0111\u1eb7t \u1ee9ng d\u1ee5ng \u0111\u00e3 b\u1ecb s\u1eeda \u0111\u1ed5i \u2013 c\u00f3 kh\u1ea3 n\u0103ng thay \u0111\u1ed5i tr\u1ea3i nghi\u1ec7m s\u1eed d\u1ee5ng c\u1ee7a ng\u01b0\u1eddi d\u00f9ng Grab v\u00e0 can thi\u1ec7p v\u00e0o quy\u1ec1n ri\u00eang t\u01b0 v\u00e0 b\u1ea3o m\u1eadt t\u00e0i kho\u1ea3n ng\u01b0\u1eddi d\u00f9ng.<\/li>\n<li>G\u00f3i \u01afu \u0110\u00e3i ch\u1ec9 \u0111\u01b0\u1ee3c hi\u1ec3n th\u1ecb tr\u00ean phi\u00ean b\u1ea3n m\u1edbi nh\u1ea5t c\u1ee7a \u1ee9ng d\u1ee5ng Grab.<\/li>\n<li>G\u00f3i \u01afu \u0110\u00e3i ch\u1ec9 \u00e1p d\u1ee5ng cho nh\u1eefng ng\u01b0\u1eddi d\u00f9ng nh\u1eadn \u0111\u01b0\u1ee3c th\u00f4ng tin G\u00f3i \u01afu \u0110\u00e3i tr\u00ean \u1ee9ng d\u1ee5ng Grab<\/li>\n<\/ul>\n<p>#GrabBike #GrabCar #GoiHoiVien<\/p>\n","protected":false},"excerpt":{"rendered":"\ud83c\udf1f M\u1eebng ng\u00e0y \u0111\u00f4i 12.12, G\u00f3i H\u1ed9i Vi\u00ean \u01b0u \u0111\u00e3i 50% \ud83d\udc49Mua ngay:\u00a0https:\/\/grab.onelink.me\/2695613898\/GoiHoiVien \ud83d\udc9a\u00a0B\u00e1i bai n\u1ed7i lo m\u1ed7i s\u00e1ng x\u1ebfp h\u00e0ng g\u1eedi xe, chen ch\u00fac gi\u1eefa \u0111\u00e1m \u0111\u00f4ng ch\u1eadt ch\u1ed9i hay kh\u00f3i b\u1ee5i \u0111\u01b0\u1eddng x\u00e1. C\u00f3 g\u00f3i h\u1ed9i vi\u00ean r\u1ed3i, t\u1eeb nay t\u1eadn h\u01b0\u1edfng s\u1ef1 tho\u1ea3i m\u00e1i th\u00f4i! 30 cu\u1ed1c xe v\u1edbi nhi\u1ec1u \u01b0u \u0111\u00e3i, [&hellip;]","protected":false},"author":1428,"featured_media":0,"parent":0,"menu_order":0,"comment_status":"closed","ping_status":"closed","template":"","meta":{"_acf_changed":false,"footnotes":""},"acf":[],"_links":{"self":[{"href":"https:\/\/www.grab.com\/vn\/wp-json\/wp\/v2\/pages\/137308"}],"collection":[{"href":"https:\/\/www.grab.com\/vn\/wp-json\/wp\/v2\/pages"}],"about":[{"href":"https:\/\/www.grab.com\/vn\/wp-json\/wp\/v2\/types\/page"}],"author":[{"embeddable":true,"href":"https:\/\/www.grab.com\/vn\/wp-json\/wp\/v2\/users\/1428"}],"replies":[{"embeddable":true,"href":"https:\/\/www.grab.com\/vn\/wp-json\/wp\/v2\/comments?post=137308"}],"version-history":[{"count":2,"href":"https:\/\/www.grab.com\/vn\/wp-json\/wp\/v2\/pages\/137308\/revisions"}],"predecessor-version":[{"id":137311,"href":"https:\/\/www.grab.com\/vn\/wp-json\/wp\/v2\/pages\/137308\/revisions\/137311"}],"wp:attachment":[{"href":"https:\/\/www.grab.com\/vn\/wp-json\/wp\/v2\/media?parent=137308"}],"curies":[{"name":"wp","href":"https:\/\/api.w.org\/{rel}","templated":true}]}}