{"id":136357,"date":"2022-11-24T18:56:35","date_gmt":"2022-11-24T10:56:35","guid":{"rendered":"https:\/\/www.grab.com\/vn\/?page_id=136357"},"modified":"2022-12-09T17:18:35","modified_gmt":"2022-12-09T09:18:35","slug":"dat-grab-di-chill-heineken-refresh-your-music","status":"publish","type":"page","link":"https:\/\/www.grab.com\/vn\/dat-grab-di-chill-heineken-refresh-your-music\/","title":{"rendered":"\u0110\u1eb7t Grab \u0111i &#8221;chill&#8221; Heineken Refresh Your Music"},"content":{"rendered":"<p><img loading=\"lazy\" decoding=\"async\" width=\"1125\" height=\"630\" class=\"alignnone size-full wp-image-136358\" src=\"https:\/\/assets.grab.com\/wp-content\/uploads\/sites\/11\/2022\/11\/24185611\/Grab_HNK_1125x630_241120221.jpg\" alt=\"\" \/><\/p>\n<p><span style=\"font-weight: 400\">\ud83d\udc9a Nh\u1eadn v\u00e9 tham d\u1ef1 Si\u00eau Concert Heineken Refresh v\u00e0 nhi\u1ec1u \u01b0u \u0111\u00e3i h\u1ea5p d\u1eabn ch\u1ec9 v\u1edbi 1.000\u0111<\/span><\/p>\n<p><span style=\"font-weight: 400\">\ud83d\udca5 \u0110\u1ed3ng h\u00e0nh c\u00f9ng Heineken, Grab m\u1edf b\u00e1n combo \u201cHeineken Refresh Your Music\u201d v\u1edbi gi\u00e1 ch\u1ec9 1.000\u0111 t\u1eeb 01\/12 &#8211; 02\/12\/2022.\u00a0<\/span><\/p>\n<p><span style=\"font-weight: 400\">\ud83d\udd25 Mua g\u00f3i th\u00e0nh c\u00f4ng, b\u1ea1n nh\u1eadn ngay v\u00e9 tham gia h\u1ea1ng Silver ho\u1eb7c Fanzone c\u00f9ng voucher \u0111i Grab gi\u1ea3m 50% t\u1ed1i \u0111a 50.000\u0111 khi t\u1edbi s\u1ef1 ki\u1ec7n.<\/span><\/p>\n<p><span style=\"font-weight: 400\">\ud83d\udccc C\u00f3 t\u1edbi 3 combo \u201cHeineken Refresh Your Music\u201d \u0111\u1ec3 b\u1ea1n ch\u1ecdn. Chi ti\u1ebft nh\u01b0 sau:<\/span><\/p>\n<p><span style=\"font-weight: 400\">\u00a0\ud83d\udc49 G\u00f3i \u201cHeineken Refresh Your Music 01\u201d<\/span><\/p>\n<p><span style=\"font-weight: 400\">02 Voucher di chuy\u1ec3n gi\u1ea3m 50% t\u1ed1i \u0111a 50.000\u0111 \u0111\u1ebfn\/\u0111i t\u1eeb s\u1ef1 ki\u1ec7n<\/span><\/p>\n<p><span style=\"font-weight: 400\">01 V\u00e9 Silver v\u00e0 01 \u00e1o Heineken<\/span><\/p>\n<p><span style=\"font-weight: 400\">\u00a0\ud83d\udc49 G\u00f3i \u201cHeineken Refresh Your Music 02\u201d<\/span><\/p>\n<p><span style=\"font-weight: 400\">02 Voucher di chuy\u1ec3n gi\u1ea3m 50% t\u1ed1i \u0111a 50.000\u0111 \u0111\u1ebfn\/\u0111i t\u1eeb s\u1ef1 ki\u1ec7n<\/span><\/p>\n<p><span style=\"font-weight: 400\">01 V\u00e9 Fanzone v\u00e0 01 \u00e1o Heineken<\/span><\/p>\n<p><span style=\"font-weight: 400\">\u00a0\ud83d\udc49 G\u00f3i \u201cHeineken Refresh Your Music 03\u201d<\/span><\/p>\n<p><span style=\"font-weight: 400\">\u00a002 Voucher di chuy\u1ec3n gi\u1ea3m 50% t\u1ed1i \u0111a 50.000\u0111 \u0111\u1ebfn\/\u0111i t\u1eeb s\u1ef1 ki\u1ec7n<\/span><\/p>\n<p><span style=\"font-weight: 400\">\u00a001 \u00e1o Heineken<\/span><\/p>\n<p><span style=\"font-weight: 400\">\ud83e\udd73 N\u00e2ng cao \u00fd th\u1ee9c kh\u00f4ng u\u1ed1ng r\u01b0\u1ee3u bia khi l\u00e1i xe v\u00e0 t\u1ed1i \u01b0u chi ph\u00ed di chuy\u1ec3n v\u1edbi combo \u201cHeineken Refresh Your Music\u201d b\u1ea1n n\u00e8. Ch\u1ec9 1.000\u0111 m\u00e0 qu\u00e1 tr\u1eddi \u01b0u \u0111\u00e3i lu\u00f4n!<\/span><\/p>\n<p><span style=\"font-weight: 400\">\ud83d\udc49 S\u1ed1 l\u01b0\u1ee3ng c\u00f3 h\u1ea1n, s\u0103n ngay k\u1ebbo h\u1ebft nha!<\/span><\/p>\n<p>Mua g\u00f3i t\u1ea1i: <a href=\"https:\/\/grab.onelink.me\/2695613898\/GoiHoiVien\">\u0110\u00c2Y<\/a><\/p>\n<p><span style=\"font-weight: 400\">(*) \u0110i\u1ec1u ki\u1ec7n \u0111i\u1ec1u kho\u1ea3n \u00e1p d\u1ee5ng:<\/span><\/p>\n<p>\u0110\u1ed1i v\u1edbi Voucher<\/p>\n<p>&#8211; 02 voucher di chuy\u1ec3n gi\u1ea3m 50% t\u1ed1i \u0111a 50.000\u0111 v\u1edbi chuy\u1ebfn xe c\u00f3 c\u01b0\u1edbc ph\u00ed t\u1eeb 35.000\u0111.<br \/>\n&#8211; H\u1ea1n s\u1eed d\u1ee5ng: 11 ng\u00e0y sau khi mua g\u00f3i.<br \/>\n&#8211; \u00c1p d\u1ee5ng khi thanh to\u00e1n b\u1eb1ng th\u1ebb\/ v\u00ed Moca.<\/p>\n<p>\u0110\u1ed1i v\u1edbi ph\u1ea7n v\u00e9 v\u00e0 qu\u00e0<\/p>\n<p>-Kh\u00e1ch h\u00e0ng s\u1ebd nh\u1eadn \u0111\u01b0\u1ee3c th\u00f4ng b\u00e1o sau khi mua g\u00f3i v\u00e0 \u0111\u1ea3m b\u1ea3o ho\u00e0n th\u00e0nh vi\u1ec7c cung c\u1ea5p th\u00f4ng tin tr\u01b0\u1edbc 23:59 ngay 04\/12 \u0111\u1ec3 Grab c\u00f3 th\u1ec3 ti\u1ebfn h\u00e0ng chuy\u1ec3n giao qu\u00e0. M\u1ecdi s\u1ef1 ch\u1eadm tr\u1ec5 s\u1ebd kh\u00f4ng \u0111\u01b0\u1ee3c ch\u1ea5p nh\u1eadn.<\/p>\n<p>-Kh\u00e1ch h\u00e0ng c\u1ea7n nh\u1eadp \u0111\u00fang s\u1ed1 \u0111i\u1ec7n tho\u1ea1i s\u1eed d\u1ee5ng \u0111\u1ec3 mua g\u00f3i Heineken <span style=\"font-weight: 400\">Refresh Your Music. Th\u00f4ng tin sai l\u1ec7ch \u0111\u01b0\u1ee3c t\u00ednh l\u00e0 kh\u00f4ng h\u1ee3p l\u1ec7, Grab s\u1ebd kh\u00f4ng g\u1eedi qu\u00e0 cho tr\u01b0\u1eddng h\u1ee3p n\u00e0y.\u00a0<\/span><\/p>\n<p>-Ph\u1ea3n h\u1ed3i v\u1ec1 vi\u1ec7c nh\u1eadn qu\u00e0 c\u1ea7n di\u1ec5n ra tr\u01b0\u1edbc ng\u00e0y di\u1ec5n ra s\u1ef1 ki\u1ec7n 10\/12\/2022 \u0111\u1ec3 Grab c\u00f3 th\u1eddi gian x\u1eed l\u00fd v\u00e0 ph\u1ea3n h\u1ed3i kh\u00e1ch h\u00e0ng t\u1ed1t nh\u1ea5t. Nh\u1eefng t\u00ecnh hu\u1ed1ng di\u1ec5n ra sau ng\u00e0y di\u1ec5n ra s\u1ef1 ki\u1ec7n s\u1ebd kh\u00f4ng \u0111\u01b0\u1ee3c gi\u1ea3i quy\u1ebft.<\/p>\n<p><span style=\"font-weight: 400\">\u00a0<\/span><span style=\"font-weight: 400\">Th\u00f4ng tin s\u1ef1 ki\u1ec7n:<\/span><\/p>\n<p><span style=\"font-weight: 400\">\ud83d\udccd18:30 &#8211; 22:30, Th\u1ee9 7 &#8211; 10\/12\/2022, \u0110\u01af\u1edcNG L\u00ca L\u1ee2I, PH\u01af\u1edcNG B\u1ebeN NGH\u00c9, QU\u1eacN 1, TP.HCM<\/span><\/p>\n<p><span style=\"font-weight: 400\">\ud83d\udccdCh\u01b0\u01a1ng tr\u00ecnh d\u00e0nh cho ng\u01b0\u1eddi \u0111\u1ee7 18 tu\u1ed5i tr\u1edf l\u00ean.<\/span><\/p>\n<p><span style=\"font-weight: 400\">\ud83d\udccd \u0110\u0103ng k\u00ed v\u00e9 Fanzone t\u1ea1i \u0111\u00e2y <\/span><a href=\"https:\/\/bit.ly\/HNKMusic2022_SanVeFanzoneTicket\"><span style=\"font-weight: 400\">https:\/\/bit.ly\/HNKMusic2022_SanVeFanzoneTicket<\/span><\/a><\/p>\n<p><span style=\"font-weight: 400\">\u00a0t\u1eeb 00:00 ng\u00e0y 14\/11\/2022 \u0111\u1ebfn 23:59 ng\u00e0y 08\/12\/2022. Th\u1eddi gian c\u00f4ng b\u1ed1 kh\u00e1ch h\u00e0ng may m\u1eafn tr\u00fang v\u00e9 Fanzone s\u1ebd di\u1ec5n ra v\u00e0o th\u1ee9 6 h\u00e0ng tu\u1ea7n.<\/span><\/p>\n<p>&nbsp;<\/p>\n<p>&nbsp;<\/p>\n","protected":false},"excerpt":{"rendered":"\ud83d\udc9a Nh\u1eadn v\u00e9 tham d\u1ef1 Si\u00eau Concert Heineken Refresh v\u00e0 nhi\u1ec1u \u01b0u \u0111\u00e3i h\u1ea5p d\u1eabn ch\u1ec9 v\u1edbi 1.000\u0111 \ud83d\udca5 \u0110\u1ed3ng h\u00e0nh c\u00f9ng Heineken, Grab m\u1edf b\u00e1n combo \u201cHeineken Refresh Your Music\u201d v\u1edbi gi\u00e1 ch\u1ec9 1.000\u0111 t\u1eeb 01\/12 &#8211; 02\/12\/2022.\u00a0 \ud83d\udd25 Mua g\u00f3i th\u00e0nh c\u00f4ng, b\u1ea1n nh\u1eadn ngay v\u00e9 tham gia h\u1ea1ng Silver ho\u1eb7c Fanzone c\u00f9ng [&hellip;]","protected":false},"author":1427,"featured_media":0,"parent":0,"menu_order":0,"comment_status":"closed","ping_status":"closed","template":"","meta":{"_acf_changed":false,"footnotes":""},"acf":[],"_links":{"self":[{"href":"https:\/\/www.grab.com\/vn\/wp-json\/wp\/v2\/pages\/136357"}],"collection":[{"href":"https:\/\/www.grab.com\/vn\/wp-json\/wp\/v2\/pages"}],"about":[{"href":"https:\/\/www.grab.com\/vn\/wp-json\/wp\/v2\/types\/page"}],"author":[{"embeddable":true,"href":"https:\/\/www.grab.com\/vn\/wp-json\/wp\/v2\/users\/1427"}],"replies":[{"embeddable":true,"href":"https:\/\/www.grab.com\/vn\/wp-json\/wp\/v2\/comments?post=136357"}],"version-history":[{"count":7,"href":"https:\/\/www.grab.com\/vn\/wp-json\/wp\/v2\/pages\/136357\/revisions"}],"predecessor-version":[{"id":137618,"href":"https:\/\/www.grab.com\/vn\/wp-json\/wp\/v2\/pages\/136357\/revisions\/137618"}],"wp:attachment":[{"href":"https:\/\/www.grab.com\/vn\/wp-json\/wp\/v2\/media?parent=136357"}],"curies":[{"name":"wp","href":"https:\/\/api.w.org\/{rel}","templated":true}]}}