{"id":136349,"date":"2022-11-24T18:23:46","date_gmt":"2022-11-24T10:23:46","guid":{"rendered":"https:\/\/www.grab.com\/vn\/?page_id=136349"},"modified":"2022-11-29T14:02:57","modified_gmt":"2022-11-29T06:02:57","slug":"%f0%9f%9a%97%f0%9f%9b%b5dat-grab-gap-duyen-troi-dinh-tren-tinder-giam-20-toi-da-20-000d","status":"publish","type":"page","link":"https:\/\/www.grab.com\/vn\/%f0%9f%9a%97%f0%9f%9b%b5dat-grab-gap-duyen-troi-dinh-tren-tinder-giam-20-toi-da-20-000d\/","title":{"rendered":"\ud83d\ude97\ud83d\udef5\u0110\u1eb7t Grab g\u1eb7p duy\u00ean tr\u1eddi \u0111\u1ecbnh tr\u00ean Tinder, gi\u1ea3m 20% t\u1ed1i \u0111a 20.000\u0111"},"content":{"rendered":"<p><span style=\"font-weight: 400\"><img loading=\"lazy\" decoding=\"async\" width=\"1200\" height=\"600\" class=\"alignnone size-full wp-image-136353\" src=\"https:\/\/assets.grab.com\/wp-content\/uploads\/sites\/11\/2022\/11\/24182054\/1200x600-101.jpg\" alt=\"\" \/> <\/span><\/p>\n<p><strong>\ud83d\udef5\u0110\u1eb7t Grab g\u1eb7p duy\u00ean tr\u1eddi \u0111\u1ecbnh tr\u00ean Tinder, gi\u1ea3m 20% t\u1ed1i \u0111a 20.000\u0111<\/strong><\/p>\n<p>\u01afu \u0111\u00e3i \u00e1p d\u1ee5ng t\u1eeb 1\/12\/2022-31\/12\/2022 trong khung gi\u1edd t\u1eeb 19:00-22:00<\/p>\n<p><span style=\"font-weight: 400\">\u2728\u0110\u1eebng ng\u1ed3i nh\u00e0 ngh\u1ecbch \u0111i\u1ec7n tho\u1ea1i n\u1eefa, \u0111\u1eb7t Grab g\u1eb7p \u00fd trung nh\u00e2n tr\u00ean Tinder li\u1ec1n \u0111i! Bao ng\u00e0y nh\u1eafn tin t\u00ecm hi\u1ec3u nhau r\u1ed3i, c\u1ee9 ch\u1ea7n ch\u1eeb l\u00e0 b\u1ecf l\u1ee1 m\u1ea5t \u0111\u1ecbnh m\u1ec7nh c\u1ee7a cu\u1ed9c \u0111\u1eddi m\u00ecnh \u0111\u00f3!<\/span><\/p>\n<p><span style=\"font-weight: 400\">\ud83d\udca5Nh\u1eadp m\u00e3 GRABTINDER \u0111\u1ec3 \u0111\u01b0\u1ee3c gi\u1ea3m 20%\u00a0 t\u1ed1i \u0111a 20.000\u0111 m\u1ed7i chuy\u1ebfn Grab nhe!<\/span><\/p>\n<p><span style=\"font-weight: 400\">\u2705T\u1ef1 tin \u0111i h\u1eb9n h\u00f2 v\u00ec Grab \u0111\u01b0a \u0111\u00f3n an to\u00e0n. B\u1ea1n ch\u1ec9 vi\u1ec7c xu\u1ea5t hi\u1ec7n t\u1ef1 tin v\u00e0 th\u1ec3 hi\u1ec7n t\u1ed1t nh\u1ea5t trong bu\u1ed5i g\u1eb7p m\u1eb7t th\u00f4i.<\/span><\/p>\n<p><span style=\"font-weight: 400\">\ud83d\udc49Grab l\u1ea1i th\u00e0nh \u0111\u00f4i, h\u1eb9n h\u00f2 ngay th\u00f4i!<\/span><\/p>\n<p><span style=\"font-weight: 400\">\ud83d\udc49\u0110i\u1ec1u ki\u1ec7n \u0111i\u1ec1u kho\u1ea3n \u00e1p d\u1ee5ng \u01b0u \u0111\u00e3i:<\/span><\/p>\n<p>&#8211; \u00c1p d\u1ee5ng cho kh\u00e1ch h\u00e0ng di chuy\u1ec3n b\u1eb1ng GrabCar trong t\u1ea5t c\u1ea3 c\u00e1c khu v\u1ef1c \u1edf TP HCM, HN.<\/p>\n<p>&#8211; \u00c1p d\u1ee5ng cho h\u00ecnh th\u1ee9c thanh to\u00e1n b\u1eb1ng th\u1ebb ho\u1eb7c v\u00ed Moca.<br \/>\n&#8211; \u00c1p d\u1ee5ng trong khung gi\u1edd t\u1eeb 19h-22h.<br \/>\n&#8211; \u01afu \u0111\u00e3i kh\u00f4ng bao g\u1ed3m ph\u1ee5 ph\u00ed, ng\u01b0\u1eddi d\u00f9ng vui l\u00f2ng thanh to\u00e1n ph\u1ee5 ph\u00ed (n\u1ebfu c\u00f3) v\u1edbi \u0110\u1ed1i t\u00e1c t\u00e0i x\u1ebf.<br \/>\n&#8211; M\u1ed7i ng\u01b0\u1eddi d\u00f9ng c\u00f3 th\u1ec3 s\u1eed d\u1ee5ng \u01b0u \u0111\u00e3i t\u1ed1i \u0111a 01 l\u1ea7n trong su\u1ed1t th\u1eddi gian di\u1ec5n ra ch\u01b0\u01a1ng tr\u00ecnh.<br \/>\n&#8211; S\u1ed1 l\u01b0\u1ee3ng \u01b0u \u0111\u00e3i c\u00f3 gi\u1edbi h\u1ea1n.<br \/>\n&#8211; Ch\u1ec9 \u00e1p d\u1ee5ng v\u1edbi phi\u00ean b\u1ea3n app m\u1edbi nh\u1ea5t.<\/p>\n","protected":false},"excerpt":{"rendered":"\ud83d\udef5\u0110\u1eb7t Grab g\u1eb7p duy\u00ean tr\u1eddi \u0111\u1ecbnh tr\u00ean Tinder, gi\u1ea3m 20% t\u1ed1i \u0111a 20.000\u0111 \u01afu \u0111\u00e3i \u00e1p d\u1ee5ng t\u1eeb 1\/12\/2022-31\/12\/2022 trong khung gi\u1edd t\u1eeb 19:00-22:00 \u2728\u0110\u1eebng ng\u1ed3i nh\u00e0 ngh\u1ecbch \u0111i\u1ec7n tho\u1ea1i n\u1eefa, \u0111\u1eb7t Grab g\u1eb7p \u00fd trung nh\u00e2n tr\u00ean Tinder li\u1ec1n \u0111i! Bao ng\u00e0y nh\u1eafn tin t\u00ecm hi\u1ec3u nhau r\u1ed3i, c\u1ee9 ch\u1ea7n ch\u1eeb l\u00e0 b\u1ecf l\u1ee1 [&hellip;]","protected":false},"author":1427,"featured_media":0,"parent":0,"menu_order":0,"comment_status":"closed","ping_status":"closed","template":"","meta":{"_acf_changed":false,"footnotes":""},"acf":[],"_links":{"self":[{"href":"https:\/\/www.grab.com\/vn\/wp-json\/wp\/v2\/pages\/136349"}],"collection":[{"href":"https:\/\/www.grab.com\/vn\/wp-json\/wp\/v2\/pages"}],"about":[{"href":"https:\/\/www.grab.com\/vn\/wp-json\/wp\/v2\/types\/page"}],"author":[{"embeddable":true,"href":"https:\/\/www.grab.com\/vn\/wp-json\/wp\/v2\/users\/1427"}],"replies":[{"embeddable":true,"href":"https:\/\/www.grab.com\/vn\/wp-json\/wp\/v2\/comments?post=136349"}],"version-history":[{"count":4,"href":"https:\/\/www.grab.com\/vn\/wp-json\/wp\/v2\/pages\/136349\/revisions"}],"predecessor-version":[{"id":136588,"href":"https:\/\/www.grab.com\/vn\/wp-json\/wp\/v2\/pages\/136349\/revisions\/136588"}],"wp:attachment":[{"href":"https:\/\/www.grab.com\/vn\/wp-json\/wp\/v2\/media?parent=136349"}],"curies":[{"name":"wp","href":"https:\/\/api.w.org\/{rel}","templated":true}]}}