{"id":136306,"date":"2022-11-24T16:25:23","date_gmt":"2022-11-24T08:25:23","guid":{"rendered":"https:\/\/www.grab.com\/vn\/?page_id=136306"},"modified":"2022-11-24T17:35:19","modified_gmt":"2022-11-24T09:35:19","slug":"dat-grab-di-quay-ravolution-an-toan-tiet-kiem","status":"publish","type":"page","link":"https:\/\/www.grab.com\/vn\/dat-grab-di-quay-ravolution-an-toan-tiet-kiem\/","title":{"rendered":"\u0110\u1eb7t Grab \u0111i &#8220;qu\u1ea9y&#8221; Ravolution an to\u00e0n ti\u1ebft ki\u1ec7m"},"content":{"rendered":"<p><img loading=\"lazy\" decoding=\"async\" width=\"1200\" height=\"600\" class=\"alignnone size-full wp-image-136310\" src=\"https:\/\/assets.grab.com\/wp-content\/uploads\/sites\/11\/2022\/11\/24162124\/Grab_RavolutionBikeCar_1200x600_14112022.jpg\" alt=\"\" \/><\/p>\n<p>\u2728 \u0110\u1eb6T GRAB \u0110I \u201cQU\u1ea8Y\u201d RAVOLUTION, AN TO\u00c0N TI\u1ebeT KI\u1ec6M \u2728<\/p>\n<p><strong>\ud83d\udc49 Duy nh\u1ea5t ng\u00e0y 04\/12\/2022<\/strong>, nh\u1eadp m\u00e3 \u201cRAVOLUTION&#8221; nh\u1eadn \u01b0u \u0111\u00e3i 20% cho 2 chi\u1ec1u GrabCar, GrabBike t\u1edbi tham d\u1ef1 l\u1ec5 h\u1ed9i \u00e2m nh\u1ea1c Ravolution 2022.<\/p>\n<p>\ud83d\udc49 Ch\u1ea7n ch\u1eeb g\u00ec n\u1eefa, \u0111\u1eb7t xe ngay th\u00f4i!<br \/>\nL\u01b0u \u00fd:<br \/>\n\u2705 \u01afu \u0111\u00e3i ch\u1ec9 \u00e1p d\u1ee5ng v\u1edbi c\u00e1c chuy\u1ebfn GrabCar v\u00e0 GrabBike \u0111\u1ebfn s\u1ef1 ki\u1ec7n \u00e2m nh\u1ea1c Ravolution t\u1ea1i TP. HCM ng\u00e0y 04\/12\/2022.<br \/>\n\u2705 \u01afu \u0111\u00e3i gi\u1ea3m 20% t\u1ed1i \u0111a 30.000\u0111, \u00e1p d\u1ee5ng cho ph\u01b0\u01a1ng th\u1ee9c thanh to\u00e1n b\u1eb1ng Th\u1ebb\/V\u00ed Moca.<br \/>\n\u2705 S\u1ed1 l\u01b0\u1ee3ng \u01b0u \u0111\u00e3i c\u00f3 gi\u1edbi h\u1ea1n m\u1ed7i ng\u00e0y v\u00e0 v\u1edbi m\u1ed7i ng\u01b0\u1eddi d\u00f9ng.<br \/>\n\u2705 Ch\u1ec9 \u00e1p d\u1ee5ng v\u1edbi phi\u00ean b\u1ea3n app m\u1edbi nh\u1ea5t.<\/p>\n<p>&nbsp;<\/p>\n<p style=\"text-align: center\"><a href=\"https:\/\/grab.onelink.me\/2695613898\/datxengay\"><img loading=\"lazy\" decoding=\"async\" class=\"alignnone wp-image-109009\" src=\"https:\/\/assets.grab.com\/wp-content\/uploads\/sites\/11\/2022\/01\/20122452\/CTA-012.png\" alt=\"\" width=\"204\" height=\"50\" \/><\/a><\/p>\n<p>&nbsp;<\/p>\n<p>&nbsp;<\/p>\n","protected":false},"excerpt":{"rendered":"\u2728 \u0110\u1eb6T GRAB \u0110I \u201cQU\u1ea8Y\u201d RAVOLUTION, AN TO\u00c0N TI\u1ebeT KI\u1ec6M \u2728 \ud83d\udc49 Duy nh\u1ea5t ng\u00e0y 04\/12\/2022, nh\u1eadp m\u00e3 \u201cRAVOLUTION&#8221; nh\u1eadn \u01b0u \u0111\u00e3i 20% cho 2 chi\u1ec1u GrabCar, GrabBike t\u1edbi tham d\u1ef1 l\u1ec5 h\u1ed9i \u00e2m nh\u1ea1c Ravolution 2022. \ud83d\udc49 Ch\u1ea7n ch\u1eeb g\u00ec n\u1eefa, \u0111\u1eb7t xe ngay th\u00f4i! L\u01b0u \u00fd: \u2705 \u01afu \u0111\u00e3i ch\u1ec9 \u00e1p d\u1ee5ng v\u1edbi [&hellip;]","protected":false},"author":1407,"featured_media":0,"parent":0,"menu_order":0,"comment_status":"closed","ping_status":"closed","template":"","meta":{"_acf_changed":false,"footnotes":""},"acf":[],"_links":{"self":[{"href":"https:\/\/www.grab.com\/vn\/wp-json\/wp\/v2\/pages\/136306"}],"collection":[{"href":"https:\/\/www.grab.com\/vn\/wp-json\/wp\/v2\/pages"}],"about":[{"href":"https:\/\/www.grab.com\/vn\/wp-json\/wp\/v2\/types\/page"}],"author":[{"embeddable":true,"href":"https:\/\/www.grab.com\/vn\/wp-json\/wp\/v2\/users\/1407"}],"replies":[{"embeddable":true,"href":"https:\/\/www.grab.com\/vn\/wp-json\/wp\/v2\/comments?post=136306"}],"version-history":[{"count":1,"href":"https:\/\/www.grab.com\/vn\/wp-json\/wp\/v2\/pages\/136306\/revisions"}],"predecessor-version":[{"id":136312,"href":"https:\/\/www.grab.com\/vn\/wp-json\/wp\/v2\/pages\/136306\/revisions\/136312"}],"wp:attachment":[{"href":"https:\/\/www.grab.com\/vn\/wp-json\/wp\/v2\/media?parent=136306"}],"curies":[{"name":"wp","href":"https:\/\/api.w.org\/{rel}","templated":true}]}}