{"id":135734,"date":"2022-11-17T12:24:12","date_gmt":"2022-11-17T04:24:12","guid":{"rendered":"https:\/\/www.grab.com\/vn\/?page_id=135734"},"modified":"2022-11-17T12:24:12","modified_gmt":"2022-11-17T04:24:12","slug":"uu-dai-di-chuyen-den-trung-tam-thuong-mai","status":"publish","type":"page","link":"https:\/\/www.grab.com\/vn\/uu-dai-di-chuyen-den-trung-tam-thuong-mai\/","title":{"rendered":"\u01afu \u0111\u00e3i di chuy\u1ec3n \u0111\u1ebfn Trung T\u00e2m Th\u01b0\u01a1ng M\u1ea1i"},"content":{"rendered":"<p><span style=\"font-weight: 400\">\ud83c\udf1f Black Friday, th\u1ea3 ga \u0111i mua s\u1eafm v\u1edbi Grab<\/span><\/p>\n<p><span style=\"font-weight: 400\">Mua G\u00f3i H\u1ed9i Vi\u00ean \u0111i Grab trong th\u1eddi gian t\u1eeb 20\/11\/2022-25\/11\/2022 \u0111\u01b0\u1ee3c t\u1eb7ng th\u00eam voucher di chuy\u1ec3n \u01b0u \u0111\u00e3i 50% t\u1ed1i \u0111a 40.000\u0111 cho chuy\u1ebfn xe c\u00f3 c\u01b0\u1edbc ph\u00ed t\u1ed1i thi\u1ec3u 35.000\u0111. Tha h\u1ed3 \u0111\u1eb7t Grab \u0111i \u0111\u1ebfn c\u00e1c Trung T\u00e2m Th\u01b0\u01a1ng M\u1ea1i, s\u0103n sale d\u1ecbp Black Friday n\u00e0y nh\u00e9!\u00a0<\/span><\/p>\n<p><span style=\"font-weight: 400\">S\u0103n sale tay x\u00e1ch, n\u00e1ch mang, \u0111\u1eb7t Grab \u0111i cho kho\u1ebb!<\/span><\/p>\n<p>\u0110i\u1ec1u ki\u1ec7n \u0111i\u1ec1u kho\u1ea3n \u00e1p d\u1ee5ng:<\/p>\n<p>\ud83d\udd39\u01afu \u0111\u00e3i gi\u1ea3m 50% t\u1ed1i \u0111a 40.000\u0111 (v\u1edbi chuy\u1ebfn xe t\u1ed1i thi\u1ec3u t\u1eeb 35.000\u0111).<br \/>\n\ud83d\udd39\u00c1p d\u1ee5ng cho ng\u01b0\u1eddi d\u00f9ng mua G\u00f3i H\u1ed9i Vi\u00ean t\u1eeb 20\/11\/2022-25\/11\/2022.<br \/>\n\ud83d\udd39\u00c1p d\u1ee5ng khi thanh to\u00e1n b\u1eb1ng v\u00ed\/ th\u1ebb.<br \/>\n\ud83d\udd39M\u1ed7i ng\u01b0\u1eddi d\u00f9ng \u0111\u01b0\u1ee3c s\u1eed d\u1ee5ng voucher 2 l\u1ea7n trong th\u1eddi gian 25\/11-28\/11.<br \/>\n\ud83d\udd39\u00c1p d\u1ee5ng khung gi\u1edd 17h-22h.<\/p>\n<p>\ud83d\udd39Voucher s\u1ebd hi\u1ec3n th\u1ecb trong th\u1eddi gian 25\/11\/2022-28\/11\/2022 v\u00e0 trong m\u1ee5c \u01afu \u0111\u00e3i\/Offer khi ng\u01b0\u1eddi d\u00f9ng \u0111\u1eb7t xe<br \/>\n\ud83d\udd39\u00c1p d\u1ee5ng khi \u0111\u1ebfn ho\u1eb7c \u0111i t\u1eeb c\u00e1c Trung t\u00e2m th\u01b0\u01a1ng m\u1ea1i:<\/p>\n<table dir=\"ltr\" style=\"width: 909px;height: 480px\" border=\"1\" cellspacing=\"0\" cellpadding=\"0\">\n<colgroup>\n<col width=\"320\" \/>\n<col width=\"205\" \/><\/colgroup>\n<tbody>\n<tr style=\"height: 24px\">\n<td style=\"width: 320px;height: 24px\" data-sheets-value=\"{&quot;1&quot;:2,&quot;2&quot;:&quot;Vincom Center Landmark 81&quot;}\">Vincom Center Landmark 81<\/td>\n<td style=\"width: 589px;height: 24px\" data-sheets-value=\"{&quot;1&quot;:2,&quot;2&quot;:&quot;772 \u0110i\u1ec7n Bi\u00ean Ph\u1ee7, ph\u01b0\u1eddng 22, Qu\u1eadn B\u00ecnh Th\u1ea1nh&quot;}\">772 \u0110i\u1ec7n Bi\u00ean Ph\u1ee7, ph\u01b0\u1eddng 22, Qu\u1eadn B\u00ecnh Th\u1ea1nh<\/td>\n<\/tr>\n<tr style=\"height: 24px\">\n<td style=\"width: 320px;height: 24px\" data-sheets-value=\"{&quot;1&quot;:2,&quot;2&quot;:&quot;Vincom Mega Mall Th\u1ea3o \u0110i\u1ec1n &quot;}\">Vincom Mega Mall Th\u1ea3o \u0110i\u1ec1n<\/td>\n<td style=\"width: 589px;height: 24px\" data-sheets-value=\"{&quot;1&quot;:2,&quot;2&quot;:&quot;S\u1ed1 161 Xa L\u1ed9 H\u00e0 N\u1ed9i, P. Th\u1ea3o \u0110i\u1ec1n, Q. 2, Tp.HCM&quot;}\">S\u1ed1 161 Xa L\u1ed9 H\u00e0 N\u1ed9i, P. Th\u1ea3o \u0110i\u1ec1n, Q. 2, Tp.HCM<\/td>\n<\/tr>\n<tr style=\"height: 24px\">\n<td style=\"width: 320px;height: 24px\" data-sheets-value=\"{&quot;1&quot;:2,&quot;2&quot;:&quot;Saigon Centre (Takashimaya)&quot;}\">Saigon Centre (Takashimaya)<\/td>\n<td style=\"width: 589px;height: 24px\" data-sheets-value=\"{&quot;1&quot;:2,&quot;2&quot;:&quot;92 \u2013 94 Nam K\u1ef3 Kh\u1edfi Ngh\u0129a, P. B\u1ebfn Ngh\u00e9, Qu\u1eadn 1, TP. HCM&quot;}\">92 \u2013 94 Nam K\u1ef3 Kh\u1edfi Ngh\u0129a, P. B\u1ebfn Ngh\u00e9, Qu\u1eadn 1, TP. HCM<\/td>\n<\/tr>\n<tr style=\"height: 24px\">\n<td style=\"width: 320px;height: 24px\" data-sheets-value=\"{&quot;1&quot;:2,&quot;2&quot;:&quot;Crescent Mall &quot;}\">Crescent Mall<\/td>\n<td style=\"width: 589px;height: 24px\" data-sheets-value=\"{&quot;1&quot;:2,&quot;2&quot;:&quot;101 T\u00f4n D\u1eadt Ti\u00ean, P. T\u00e2n Ph\u00fa, Qu\u1eadn 7, TP. HCM&quot;}\">101 T\u00f4n D\u1eadt Ti\u00ean, P. T\u00e2n Ph\u00fa, Qu\u1eadn 7, TP. HCM<\/td>\n<\/tr>\n<tr style=\"height: 24px\">\n<td style=\"width: 320px;height: 24px\" data-sheets-value=\"{&quot;1&quot;:2,&quot;2&quot;:&quot;SC VivoCity Shopping Center&quot;}\">SC VivoCity Shopping Center<\/td>\n<td style=\"width: 589px;height: 24px\" data-sheets-value=\"{&quot;1&quot;:2,&quot;2&quot;:&quot;1058 Nguy\u1ec5n V\u0103n Linh, KP. 1, P. T\u00e2n Phong, Qu\u1eadn 7, TP. HCM&quot;}\">1058 Nguy\u1ec5n V\u0103n Linh, KP. 1, P. T\u00e2n Phong, Qu\u1eadn 7, TP. HCM<\/td>\n<\/tr>\n<tr style=\"height: 24px\">\n<td style=\"width: 320px;height: 24px\" data-sheets-value=\"{&quot;1&quot;:2,&quot;2&quot;:&quot;V\u1ea1n H\u1ea1nh Mall&quot;}\">V\u1ea1n H\u1ea1nh Mall<\/td>\n<td style=\"width: 589px;height: 24px\" data-sheets-value=\"{&quot;1&quot;:2,&quot;2&quot;:&quot;11 S\u01b0 V\u1ea1n H\u1ea1nh, Qu\u1eadn 10, TP.HCM&quot;}\">11 S\u01b0 V\u1ea1n H\u1ea1nh, Qu\u1eadn 10, TP.HCM<\/td>\n<\/tr>\n<tr style=\"height: 24px\">\n<td style=\"width: 320px;height: 24px\" data-sheets-value=\"{&quot;1&quot;:2,&quot;2&quot;:&quot;Aeon Mall Shopping Center&quot;}\">Aeon Mall Shopping Center<\/td>\n<td style=\"width: 589px;height: 24px\" data-sheets-value=\"{&quot;1&quot;:2,&quot;2&quot;:&quot;30 B\u1edd Bao T\u00e2n Th\u1eafng, P. S\u01a1n K\u1ef3, Qu\u1eadn T\u00e2n Ph\u00fa, TP. HCM&quot;}\">30 B\u1edd Bao T\u00e2n Th\u1eafng, P. S\u01a1n K\u1ef3, Qu\u1eadn T\u00e2n Ph\u00fa, TP. HCM<\/td>\n<\/tr>\n<tr style=\"height: 24px\">\n<td style=\"width: 320px;height: 24px\" data-sheets-value=\"{&quot;1&quot;:2,&quot;2&quot;:&quot;Saigon Garden&quot;}\">Saigon Garden<\/td>\n<td style=\"width: 589px;height: 24px\" data-sheets-value=\"{&quot;1&quot;:2,&quot;2&quot;:&quot;99 Nguy\u1ec5n Hu\u1ec7 , Qu\u1eadn 1, TP. HCM.&quot;}\">99 Nguy\u1ec5n Hu\u1ec7 , Qu\u1eadn 1, TP. HCM.<\/td>\n<\/tr>\n<tr style=\"height: 24px\">\n<td style=\"width: 320px;height: 24px\" data-sheets-value=\"{&quot;1&quot;:2,&quot;2&quot;:&quot;Vincom \u0110\u1ed3ng Kh\u1edfi&quot;}\">Vincom \u0110\u1ed3ng Kh\u1edfi<\/td>\n<td style=\"width: 589px;height: 24px\" data-sheets-value=\"{&quot;1&quot;:2,&quot;2&quot;:&quot;72 L\u00ea Th\u00e1nh T\u00f4n, B\u1ebfn Ngh\u00e9, Qu\u1eadn 1, TP. HCM.&quot;}\">72 L\u00ea Th\u00e1nh T\u00f4n, B\u1ebfn Ngh\u00e9, Qu\u1eadn 1, TP. HCM.<\/td>\n<\/tr>\n<tr style=\"height: 24px\">\n<td style=\"width: 320px;height: 24px\" data-sheets-value=\"{&quot;1&quot;:2,&quot;2&quot;:&quot;Diamond Plaza Shopping Center&quot;}\">Diamond Plaza Shopping Center<\/td>\n<td style=\"width: 589px;height: 24px\" data-sheets-value=\"{&quot;1&quot;:2,&quot;2&quot;:&quot;34 L\u00ea Du\u1ea9n, P. B\u1ebfn Ngh\u00e9, Qu\u1eadn 1, TP. HCM&quot;}\">34 L\u00ea Du\u1ea9n, P. B\u1ebfn Ngh\u00e9, Qu\u1eadn 1, TP. HCM<\/td>\n<\/tr>\n<tr style=\"height: 24px\">\n<td style=\"width: 320px;height: 24px\" data-sheets-value=\"{&quot;1&quot;:2,&quot;2&quot;:&quot;Vinhomes Royal City&quot;}\">Vinhomes Royal City<\/td>\n<td style=\"width: 589px;height: 24px\" data-sheets-value=\"{&quot;1&quot;:2,&quot;2&quot;:&quot;72A \u0110. Nguy\u1ec5n Tr\u00e3i, Th\u01b0\u1ee3ng \u0110\u00ecnh, Thanh Xu\u00e2n, H\u00e0 N\u1ed9i&quot;}\">72A \u0110. Nguy\u1ec5n Tr\u00e3i, Th\u01b0\u1ee3ng \u0110\u00ecnh, Thanh Xu\u00e2n, H\u00e0 N\u1ed9i<\/td>\n<\/tr>\n<tr style=\"height: 24px\">\n<td style=\"width: 320px;height: 24px\" data-sheets-value=\"{&quot;1&quot;:2,&quot;2&quot;:&quot;Vincom Center B\u00e0 Tri\u1ec7u&quot;}\">Vincom Center B\u00e0 Tri\u1ec7u<\/td>\n<td style=\"width: 589px;height: 24px\" data-sheets-value=\"{&quot;1&quot;:2,&quot;2&quot;:&quot;191 B\u00e0 Tri\u1ec7u, L\u00ea \u0110\u1ea1i H\u00e0nh, Hai B\u00e0 Tr\u01b0ng, H\u00e0 N\u1ed9i H\u00e0 N\u1ed9i Hanoi City&quot;}\">191 B\u00e0 Tri\u1ec7u, L\u00ea \u0110\u1ea1i H\u00e0nh, Hai B\u00e0 Tr\u01b0ng, H\u00e0 N\u1ed9i<\/td>\n<\/tr>\n<tr style=\"height: 24px\">\n<td style=\"width: 320px;height: 24px\" data-sheets-value=\"{&quot;1&quot;:2,&quot;2&quot;:&quot;Vincom Mega Mall Times City&quot;}\">Vincom Mega Mall Times City<\/td>\n<td style=\"width: 589px;height: 24px\" data-sheets-value=\"{&quot;1&quot;:2,&quot;2&quot;:&quot;P. Minh Khai, Khu \u0111\u00f4 th\u1ecb Times City, Hai B\u00e0 Tr\u01b0ng, H\u00e0 N\u1ed9i&quot;}\">P. Minh Khai, Khu \u0111\u00f4 th\u1ecb Times City, Hai B\u00e0 Tr\u01b0ng, H\u00e0 N\u1ed9i<\/td>\n<\/tr>\n<tr style=\"height: 24px\">\n<td style=\"width: 320px;height: 24px\" data-sheets-value=\"{&quot;1&quot;:2,&quot;2&quot;:&quot;Trung T\u00e2m Th\u01b0\u01a1ng M\u1ea1i H\u00e0ng Da&quot;}\">Trung T\u00e2m Th\u01b0\u01a1ng M\u1ea1i H\u00e0ng Da<\/td>\n<td style=\"width: 589px;height: 24px\" data-sheets-value=\"{&quot;1&quot;:2,&quot;2&quot;:&quot;01 P. H\u00e0ng Da, C\u1eeda \u0110\u00f4ng, Ho\u00e0n Ki\u1ebfm, H\u00e0 N\u1ed9i&quot;}\">01 P. H\u00e0ng Da, C\u1eeda \u0110\u00f4ng, Ho\u00e0n Ki\u1ebfm, H\u00e0 N\u1ed9i<\/td>\n<\/tr>\n<tr style=\"height: 24px\">\n<td style=\"width: 320px;height: 24px\" data-sheets-value=\"{&quot;1&quot;:2,&quot;2&quot;:&quot;Trung T\u00e2m Th\u01b0\u01a1ng M\u1ea1i ARTEMIS&quot;}\">Trung T\u00e2m Th\u01b0\u01a1ng M\u1ea1i ARTEMIS<\/td>\n<td style=\"width: 589px;height: 24px\" data-sheets-value=\"{&quot;1&quot;:2,&quot;2&quot;:&quot;3 P. L\u00ea Tr\u1ecdng T\u1ea5n, Kh\u01b0\u01a1ng Mai, Thanh Xu\u00e2n, H\u00e0 N\u1ed9i&quot;}\">3 P. L\u00ea Tr\u1ecdng T\u1ea5n, Kh\u01b0\u01a1ng Mai, Thanh Xu\u00e2n, H\u00e0 N\u1ed9i<\/td>\n<\/tr>\n<tr style=\"height: 24px\">\n<td style=\"width: 320px;height: 24px\" data-sheets-value=\"{&quot;1&quot;:2,&quot;2&quot;:&quot;Trang Tien Plaza&quot;}\">Trang Tien Plaza<\/td>\n<td style=\"width: 589px;height: 24px\" data-sheets-value=\"{&quot;1&quot;:2,&quot;2&quot;:&quot;24 P. Hai B\u00e0 Tr\u01b0ng, Tr\u00e0ng Ti\u1ec1n, Ho\u00e0n Ki\u1ebfm, H\u00e0 N\u1ed9i&quot;}\">24 P. Hai B\u00e0 Tr\u01b0ng, Tr\u00e0ng Ti\u1ec1n, Ho\u00e0n Ki\u1ebfm, H\u00e0 N\u1ed9i<\/td>\n<\/tr>\n<tr style=\"height: 24px\">\n<td style=\"width: 320px;height: 24px\" data-sheets-value=\"{&quot;1&quot;:2,&quot;2&quot;:&quot;The Garden Shopping Center&quot;}\">The Garden Shopping Center<\/td>\n<td style=\"width: 589px;height: 24px\" data-sheets-value=\"{&quot;1&quot;:2,&quot;2&quot;:&quot;TTTM The Garden, khu \u0111\u00f4 th\u1ecb, \u0110. M\u1ec5 Tr\u00ec, M\u1ef9 \u0110\u00ecnh, Nam T\u1eeb Li\u00eam, H\u00e0 N\u1ed9i&quot;}\">TTTM The Garden, khu \u0111\u00f4 th\u1ecb, \u0110. M\u1ec5 Tr\u00ec, M\u1ef9 \u0110\u00ecnh, Nam T\u1eeb Li\u00eam, H\u00e0 N\u1ed9i<\/td>\n<\/tr>\n<tr style=\"height: 24px\">\n<td style=\"width: 320px;height: 24px\" data-sheets-value=\"{&quot;1&quot;:2,&quot;2&quot;:&quot;Vincom Center&quot;}\">Vincom Center<\/td>\n<td style=\"width: 589px;height: 24px\" data-sheets-value=\"{&quot;1&quot;:2,&quot;2&quot;:&quot;119 \u0110. Tr\u1ea7n Duy H\u01b0ng, Trung Ho\u00e0, C\u1ea7u Gi\u1ea5y, H\u00e0 N\u1ed9i&quot;}\">119 \u0110. Tr\u1ea7n Duy H\u01b0ng, Trung Ho\u00e0, C\u1ea7u Gi\u1ea5y, H\u00e0 N\u1ed9i<\/td>\n<\/tr>\n<tr style=\"height: 24px\">\n<td style=\"width: 320px;height: 24px\" data-sheets-value=\"{&quot;1&quot;:2,&quot;2&quot;:&quot;Vincom Center Metropolis&quot;}\">Vincom Center Metropolis<\/td>\n<td style=\"width: 589px;height: 24px\" data-sheets-value=\"{&quot;1&quot;:2,&quot;2&quot;:&quot;29 P. Li\u1ec5u Giai, P, Ba \u0110\u00ecnh, H\u00e0 N\u1ed9i&quot;}\">29 P. Li\u1ec5u Giai, P, Ba \u0110\u00ecnh, H\u00e0 N\u1ed9i<\/td>\n<\/tr>\n<tr style=\"height: 24px\">\n<td style=\"width: 320px;height: 24px\" data-sheets-value=\"{&quot;1&quot;:2,&quot;2&quot;:&quot;Aeon Mall H\u00e0 \u0110\u00f4ng&quot;}\">Aeon Mall H\u00e0 \u0110\u00f4ng<\/td>\n<td style=\"width: 589px;height: 24px\" data-sheets-value=\"{&quot;1&quot;:2,&quot;2&quot;:&quot;D\u01b0\u01a1ng N\u1ed9i, H\u00e0 \u0110\u00f4ng, Hanoi&quot;}\">D\u01b0\u01a1ng N\u1ed9i, H\u00e0 \u0110\u00f4ng, Hanoi<\/td>\n<\/tr>\n<\/tbody>\n<\/table>\n<p>&nbsp;<\/p>\n","protected":false},"excerpt":{"rendered":"\ud83c\udf1f Black Friday, th\u1ea3 ga \u0111i mua s\u1eafm v\u1edbi Grab Mua G\u00f3i H\u1ed9i Vi\u00ean \u0111i Grab trong th\u1eddi gian t\u1eeb 20\/11\/2022-25\/11\/2022 \u0111\u01b0\u1ee3c t\u1eb7ng th\u00eam voucher di chuy\u1ec3n \u01b0u \u0111\u00e3i 50% t\u1ed1i \u0111a 40.000\u0111 cho chuy\u1ebfn xe c\u00f3 c\u01b0\u1edbc ph\u00ed t\u1ed1i thi\u1ec3u 35.000\u0111. Tha h\u1ed3 \u0111\u1eb7t Grab \u0111i \u0111\u1ebfn c\u00e1c Trung T\u00e2m Th\u01b0\u01a1ng M\u1ea1i, s\u0103n sale [&hellip;]","protected":false},"author":1427,"featured_media":0,"parent":0,"menu_order":0,"comment_status":"closed","ping_status":"closed","template":"","meta":{"_acf_changed":false,"footnotes":""},"acf":[],"_links":{"self":[{"href":"https:\/\/www.grab.com\/vn\/wp-json\/wp\/v2\/pages\/135734"}],"collection":[{"href":"https:\/\/www.grab.com\/vn\/wp-json\/wp\/v2\/pages"}],"about":[{"href":"https:\/\/www.grab.com\/vn\/wp-json\/wp\/v2\/types\/page"}],"author":[{"embeddable":true,"href":"https:\/\/www.grab.com\/vn\/wp-json\/wp\/v2\/users\/1427"}],"replies":[{"embeddable":true,"href":"https:\/\/www.grab.com\/vn\/wp-json\/wp\/v2\/comments?post=135734"}],"version-history":[{"count":1,"href":"https:\/\/www.grab.com\/vn\/wp-json\/wp\/v2\/pages\/135734\/revisions"}],"predecessor-version":[{"id":135735,"href":"https:\/\/www.grab.com\/vn\/wp-json\/wp\/v2\/pages\/135734\/revisions\/135735"}],"wp:attachment":[{"href":"https:\/\/www.grab.com\/vn\/wp-json\/wp\/v2\/media?parent=135734"}],"curies":[{"name":"wp","href":"https:\/\/api.w.org\/{rel}","templated":true}]}}