{"id":135215,"date":"2022-11-08T18:55:00","date_gmt":"2022-11-08T10:55:00","guid":{"rendered":"https:\/\/www.grab.com\/vn\/?page_id=135215"},"modified":"2022-11-09T18:12:49","modified_gmt":"2022-11-09T10:12:49","slug":"uu-dai-di-chuyen-tu-grab-tai-da-nang-khanh-hoa-binh-duong-va-dong-nai","status":"publish","type":"page","link":"https:\/\/www.grab.com\/vn\/uu-dai-di-chuyen-tu-grab-tai-da-nang-khanh-hoa-binh-duong-va-dong-nai\/","title":{"rendered":"\u01afu \u0111\u00e3i di chuy\u1ec3n t\u1eeb Grab t\u1ea1i \u0110\u00e0 N\u1eb5ng, Kh\u00e1nh H\u00f2a, B\u00ecnh D\u01b0\u01a1ng v\u00e0 \u0110\u1ed3ng Nai"},"content":{"rendered":"<p><span style=\"font-weight: 400\">\u0110i g\u1ea7n \u0111i xa, \u01b0u \u0111\u00e3i <\/span><span style=\"font-weight: 400\">Grab<\/span><span style=\"font-weight: 400\"> c\u00e2n h\u1ebft b\u1ea1n nha. T\u1ef1 tin m\u1edf <\/span><span style=\"font-weight: 400\">Grab<\/span><span style=\"font-weight: 400\">, \u0111\u1eb7t xe, nh\u1eadp m\u00e3 v\u00e0 ch\u1edd b\u00e1c t\u00e0i \u0111\u1ebfn \u0111\u00f3n th\u00f4i n\u00e8!<\/span><\/p>\n<p><span style=\"font-weight: 400\">Xem ngay danh s\u00e1ch m\u00e3 khuy\u1ebfn m\u00e3i t\u1ea1i c\u00e1c th\u00e0nh ph\u1ed1 \u0110\u00e0 N\u1eb5ng, Kh\u00e1nh H\u00f2a, \u0110\u1ed3ng Nai v\u00e0 B\u00ecnh D\u01b0\u01a1ng b\u1ea1n nha!\u00a0<\/span><\/p>\n<p>&nbsp;<\/p>\n<p><span style=\"font-weight: 400\">\ud83d\udccd <\/span><b>C\u00e1c \u01b0u \u0111\u00e3i \u00e1p d\u1ee5ng t\u1ea1i th\u00e0nh ph\u1ed1 \u0110\u00e0 N\u1eb5ng\u00a0<\/b><\/p>\n<p><span style=\"font-weight: 400\">\ud83d\udef5 <\/span><b>C\u00e1c m\u00e3 \u01b0u \u0111\u00e3i \u00e1p d\u1ee5ng cho d\u1ecbch v\u1ee5 GrabBike:\u00a0<\/b><\/p>\n<ul>\n<li><b>M\u00e3 DNBIKE<\/b><b>:<\/b><\/li>\n<\/ul>\n<p><span style=\"font-weight: 400\">\u2714\ufe0f \u01afu \u0111\u00e3i 15% (t\u1ed1i \u0111a 30.000\u0111) \u00e1p d\u1ee5ng cho d\u1ecbch v\u1ee5 GrabBike t\u1ea1i \u0110\u00e0 N\u1eb5ng.<\/span><\/p>\n<p><span style=\"font-weight: 400\">\u2714\ufe0f M\u00e3 khuy\u1ebfn m\u00e3i \u0111\u01b0\u1ee3c \u00e1p d\u1ee5ng 02\/ng\u00e0y trong su\u1ed1t th\u1eddi gian di\u1ec5n ra ch\u01b0\u01a1ng tr\u00ecnh.<\/span><\/p>\n<p><span style=\"font-weight: 400\">\u2714\ufe0f \u00c1p d\u1ee5ng cho t\u1ea5t c\u1ea3 c\u00e1c ph\u01b0\u01a1ng th\u1ee9c thanh to\u00e1n.<\/span><\/p>\n<ul>\n<li><b>M\u00e3 DNBIKEMOCA:\u00a0<\/b><\/li>\n<\/ul>\n<p><span style=\"font-weight: 400\">\u2714\ufe0f \u01afu \u0111\u00e3i 15% (t\u1ed1i \u0111a 40.000\u0111) \u00e1p d\u1ee5ng cho d\u1ecbch v\u1ee5 GrabBike t\u1ea1i \u0110\u00e0 N\u1eb5ng.<\/span><\/p>\n<p><span style=\"font-weight: 400\">\u2714\ufe0f M\u00e3 khuy\u1ebfn m\u00e3i \u0111\u01b0\u1ee3c \u00e1p d\u1ee5ng 02\/ng\u00e0y trong su\u1ed1t th\u1eddi gian di\u1ec5n ra ch\u01b0\u01a1ng tr\u00ecnh.<\/span><\/p>\n<p><span style=\"font-weight: 400\">\u2714\ufe0f \u00c1p d\u1ee5ng cho ph\u01b0\u01a1ng th\u1ee9c thanh to\u00e1n qua th\u1ebb ho\u1eb7c v\u00ed Moca.<\/span><\/p>\n<p><b>\ud83d\ude97 <\/b><b>C\u00e1c m\u00e3 \u01b0u \u0111\u00e3i \u00e1p d\u1ee5ng cho c\u00e1c d\u1ecbch v\u1ee5 GrabCar:\u00a0<\/b><\/p>\n<ul>\n<li><b>M\u00e3 DNCAR<\/b><b>:<\/b><\/li>\n<\/ul>\n<p><span style=\"font-weight: 400\">\u2714\ufe0f \u01afu \u0111\u00e3i 15% (t\u1ed1i \u0111a 50.000\u0111) \u00e1p d\u1ee5ng cho d\u1ecbch v\u1ee5 GrabCar, GrabTaxi v\u00e0 JustGrab t\u1ea1i \u0110\u00e0 N\u1eb5ng.<\/span><\/p>\n<p><span style=\"font-weight: 400\">\u2714\ufe0f M\u00e3 khuy\u1ebfn m\u00e3i \u0111\u01b0\u1ee3c \u00e1p d\u1ee5ng 02\/ng\u00e0y trong su\u1ed1t th\u1eddi gian di\u1ec5n ra ch\u01b0\u01a1ng tr\u00ecnh.<\/span><\/p>\n<p><span style=\"font-weight: 400\">\u2714\ufe0f \u00c1p d\u1ee5ng cho t\u1ea5t c\u1ea3 c\u00e1c ph\u01b0\u01a1ng th\u1ee9c thanh to\u00e1n.<\/span><\/p>\n<ul>\n<li><b>M\u00e3 DNCARMOCA:\u00a0<\/b><\/li>\n<\/ul>\n<p><span style=\"font-weight: 400\">\u2714\ufe0f \u01afu \u0111\u00e3i 20% (t\u1ed1i \u0111a 50.000\u0111) \u00e1p d\u1ee5ng cho d\u1ecbch v\u1ee5 GrabCar, GrabTaxi v\u00e0 JustGrab t\u1ea1i \u0110\u00e0 N\u1eb5ng.<\/span><\/p>\n<p><span style=\"font-weight: 400\">\u2714\ufe0f M\u00e3 khuy\u1ebfn m\u00e3i \u0111\u01b0\u1ee3c \u00e1p d\u1ee5ng 02\/ng\u00e0y trong su\u1ed1t th\u1eddi gian di\u1ec5n ra ch\u01b0\u01a1ng tr\u00ecnh.<\/span><\/p>\n<p><span style=\"font-weight: 400\">\u2714\ufe0f \u00c1p d\u1ee5ng cho ph\u01b0\u01a1ng th\u1ee9c thanh to\u00e1n qua th\u1ebb ho\u1eb7c v\u00ed Moca.\u00a0<\/span><\/p>\n<p>&nbsp;<\/p>\n<p><span style=\"font-weight: 400\">\ud83d\udccd <\/span><b>C\u00e1c \u01b0u \u0111\u00e3i \u00e1p d\u1ee5ng t\u1ea1i th\u00e0nh ph\u1ed1 Kh\u00e1nh H\u00f2a\u00a0<\/b><\/p>\n<p><span style=\"font-weight: 400\">\ud83d\udef5 <\/span><b>C\u00e1c m\u00e3 \u01b0u \u0111\u00e3i \u00e1p d\u1ee5ng cho d\u1ecbch v\u1ee5 GrabBike:\u00a0<\/b><\/p>\n<ul>\n<li><b>M\u00e3 KHBIKE<\/b><b>:<\/b><\/li>\n<\/ul>\n<p><span style=\"font-weight: 400\">\u2714\ufe0f \u01afu \u0111\u00e3i 15% (t\u1ed1i \u0111a 30.000\u0111) \u00e1p d\u1ee5ng cho d\u1ecbch v\u1ee5 GrabBike t\u1ea1i Kh\u00e1nh H\u00f2a.\u00a0<\/span><\/p>\n<p><span style=\"font-weight: 400\">\u2714\ufe0f M\u00e3 khuy\u1ebfn m\u00e3i \u0111\u01b0\u1ee3c \u00e1p d\u1ee5ng 02\/ng\u00e0y trong su\u1ed1t th\u1eddi gian di\u1ec5n ra ch\u01b0\u01a1ng tr\u00ecnh.<\/span><\/p>\n<p><span style=\"font-weight: 400\">\u2714\ufe0f \u00c1p d\u1ee5ng cho t\u1ea5t c\u1ea3 c\u00e1c ph\u01b0\u01a1ng th\u1ee9c thanh to\u00e1n.<\/span><\/p>\n<p><b>\ud83d\ude97 <\/b><b>C\u00e1c m\u00e3 \u01b0u \u0111\u00e3i \u00e1p d\u1ee5ng cho c\u00e1c d\u1ecbch v\u1ee5 GrabCar:\u00a0<\/b><\/p>\n<ul>\n<li><b>M\u00e3 KHCAR<\/b><b>:<\/b><\/li>\n<\/ul>\n<p><span style=\"font-weight: 400\">\u2714\ufe0f \u01afu \u0111\u00e3i 15% (t\u1ed1i \u0111a 50.000\u0111) \u00e1p d\u1ee5ng cho d\u1ecbch v\u1ee5 GrabCar, GrabTaxi v\u00e0 JustGrab t\u1ea1i Kh\u00e1nh H\u00f2a.<\/span><\/p>\n<p><span style=\"font-weight: 400\">\u2714\ufe0f M\u00e3 khuy\u1ebfn m\u00e3i \u0111\u01b0\u1ee3c \u00e1p d\u1ee5ng 02\/ng\u00e0y trong su\u1ed1t th\u1eddi gian di\u1ec5n ra ch\u01b0\u01a1ng tr\u00ecnh.<\/span><\/p>\n<p><span style=\"font-weight: 400\">\u2714\ufe0f \u00c1p d\u1ee5ng cho t\u1ea5t c\u1ea3 c\u00e1c ph\u01b0\u01a1ng th\u1ee9c thanh to\u00e1n.<\/span><\/p>\n<p>&nbsp;<\/p>\n<p><span style=\"font-weight: 400\">\ud83d\udccd <\/span><b>C\u00e1c \u01b0u \u0111\u00e3i \u00e1p d\u1ee5ng t\u1ea1i B\u00ecnh D\u01b0\u01a1ng v\u00e0 \u0110\u1ed3ng Nai\u00a0\u00a0<\/b><\/p>\n<p><span style=\"font-weight: 400\">\ud83d\udef5 <\/span><b>C\u00e1c m\u00e3 \u01b0u \u0111\u00e3i \u00e1p d\u1ee5ng cho c\u00e1c d\u1ecbch v\u1ee5 GrabBike:\u00a0<\/b><\/p>\n<ul>\n<li><b>M\u00e3 DNBDBIKE<\/b><b>:<\/b><\/li>\n<\/ul>\n<p><span style=\"font-weight: 400\">\u2714\ufe0f \u01afu \u0111\u00e3i 20% (t\u1ed1i \u0111a 30.000\u0111) \u00e1p d\u1ee5ng cho d\u1ecbch v\u1ee5 GrabBike, GrabBike Plus, GrabBike Premium t\u1ea1i \u0110\u1ed3ng Nai v\u00e0 B\u00ecnh D\u01b0\u01a1ng.\u00a0<\/span><\/p>\n<p><span style=\"font-weight: 400\">\u2714\ufe0f M\u00e3 khuy\u1ebfn m\u00e3i \u0111\u01b0\u1ee3c \u00e1p d\u1ee5ng 02\/ng\u00e0y trong su\u1ed1t th\u1eddi gian di\u1ec5n ra ch\u01b0\u01a1ng tr\u00ecnh.<\/span><\/p>\n<p><span style=\"font-weight: 400\">\u2714\ufe0f \u00c1p d\u1ee5ng cho t\u1ea5t c\u1ea3 c\u00e1c ph\u01b0\u01a1ng th\u1ee9c thanh to\u00e1n.<\/span><\/p>\n<p><b>\ud83d\ude97 <\/b><b>C\u00e1c m\u00e3 \u01b0u \u0111\u00e3i \u00e1p d\u1ee5ng cho c\u00e1c d\u1ecbch v\u1ee5 GrabCar:\u00a0<\/b><\/p>\n<ul>\n<li><b>M\u00e3 DNBDCAR<\/b><b>:<\/b><\/li>\n<\/ul>\n<p><span style=\"font-weight: 400\">\u2714\ufe0f \u01afu \u0111\u00e3i 20% (t\u1ed1i \u0111a 80.000\u0111) \u00e1p d\u1ee5ng cho d\u1ecbch v\u1ee5 GrabCar, GrabTaxi v\u00e0 JustGrab t\u1ea1i \u0110\u1ed3ng Nai v\u00e0 B\u00ecnh D\u01b0\u01a1ng.\u00a0<\/span><\/p>\n<p><span style=\"font-weight: 400\">\u2714\ufe0f M\u00e3 khuy\u1ebfn m\u00e3i \u0111\u01b0\u1ee3c \u00e1p d\u1ee5ng 02\/ng\u00e0y trong su\u1ed1t th\u1eddi gian di\u1ec5n ra ch\u01b0\u01a1ng tr\u00ecnh.<\/span><\/p>\n<p><span style=\"font-weight: 400\">\u2714\ufe0f \u00c1p d\u1ee5ng cho t\u1ea5t c\u1ea3 c\u00e1c ph\u01b0\u01a1ng th\u1ee9c thanh to\u00e1n.<\/span><\/p>\n<ul>\n<li><b>M\u00e3 DIXA25<\/b><b>:<\/b><\/li>\n<\/ul>\n<p><span style=\"font-weight: 400\">\u2714\ufe0f \u01afu \u0111\u00e3i 25% (t\u1ed1i \u0111a 100.000\u0111) cho chuy\u1ebfn xe t\u1eeb 200.000\u0111 \u00e1p d\u1ee5ng cho d\u1ecbch v\u1ee5 GrabCar, GrabTaxi v\u00e0 JustGrab t\u1ea1i \u0110\u1ed3ng Nai v\u00e0 B\u00ecnh D\u01b0\u01a1ng.\u00a0<\/span><\/p>\n<p><span style=\"font-weight: 400\">\u2714\ufe0f M\u00e3 khuy\u1ebfn m\u00e3i \u0111\u01b0\u1ee3c \u00e1p d\u1ee5ng 02\/ng\u00e0y trong su\u1ed1t th\u1eddi gian di\u1ec5n ra ch\u01b0\u01a1ng tr\u00ecnh.<\/span><\/p>\n<p><span style=\"font-weight: 400\">\u2714\ufe0f \u00c1p d\u1ee5ng cho t\u1ea5t c\u1ea3 c\u00e1c ph\u01b0\u01a1ng th\u1ee9c thanh to\u00e1n.<\/span><\/p>\n<p>&nbsp;<\/p>\n<p><b>\u0110i\u1ec1u ki\u1ec7n v\u00e0 \u0111i\u1ec1u kho\u1ea3n \u00e1p d\u1ee5ng chung c\u1ee7a c\u00e1c m\u00e3 \u01b0u \u0111\u00e3i:<\/b><\/p>\n<p><span style=\"font-weight: 400\">\u2714\ufe0f S\u1ed1 l\u01b0\u1ee3t \u01b0u \u0111\u00e3i c\u00f3 gi\u1edbi h\u1ea1n m\u1ed7i ng\u00e0y.<\/span><\/p>\n<p><span style=\"font-weight: 400\">\u2714\ufe0f M\u00e3 khuy\u1ebfn m\u00e3i kh\u00f4ng bao g\u1ed3m ph\u1ee5 ph\u00ed, kh\u00e1ch h\u00e0ng vui l\u00f2ng thanh to\u00e1n ph\u1ea7n ph\u1ee5 ph\u00ed n\u00e0y v\u1edbi t\u00e0i x\u1ebf.<\/span><\/p>\n<p><span style=\"font-weight: 400\">\u2714\ufe0f M\u00e3 ch\u1ec9 \u00e1p d\u1ee5ng v\u1edbi phi\u00ean b\u1ea3n \u1ee9ng d\u1ee5ng m\u1edbi nh\u1ea5t.<\/span><\/p>\n<p>#GrabBike #GrabCar<\/p>\n","protected":false},"excerpt":{"rendered":"\u0110i g\u1ea7n \u0111i xa, \u01b0u \u0111\u00e3i Grab c\u00e2n h\u1ebft b\u1ea1n nha. T\u1ef1 tin m\u1edf Grab, \u0111\u1eb7t xe, nh\u1eadp m\u00e3 v\u00e0 ch\u1edd b\u00e1c t\u00e0i \u0111\u1ebfn \u0111\u00f3n th\u00f4i n\u00e8! Xem ngay danh s\u00e1ch m\u00e3 khuy\u1ebfn m\u00e3i t\u1ea1i c\u00e1c th\u00e0nh ph\u1ed1 \u0110\u00e0 N\u1eb5ng, Kh\u00e1nh H\u00f2a, \u0110\u1ed3ng Nai v\u00e0 B\u00ecnh D\u01b0\u01a1ng b\u1ea1n nha!\u00a0 &nbsp; \ud83d\udccd C\u00e1c \u01b0u \u0111\u00e3i \u00e1p [&hellip;]","protected":false},"author":1428,"featured_media":0,"parent":0,"menu_order":0,"comment_status":"closed","ping_status":"closed","template":"","meta":{"_acf_changed":false,"footnotes":""},"acf":[],"_links":{"self":[{"href":"https:\/\/www.grab.com\/vn\/wp-json\/wp\/v2\/pages\/135215"}],"collection":[{"href":"https:\/\/www.grab.com\/vn\/wp-json\/wp\/v2\/pages"}],"about":[{"href":"https:\/\/www.grab.com\/vn\/wp-json\/wp\/v2\/types\/page"}],"author":[{"embeddable":true,"href":"https:\/\/www.grab.com\/vn\/wp-json\/wp\/v2\/users\/1428"}],"replies":[{"embeddable":true,"href":"https:\/\/www.grab.com\/vn\/wp-json\/wp\/v2\/comments?post=135215"}],"version-history":[{"count":4,"href":"https:\/\/www.grab.com\/vn\/wp-json\/wp\/v2\/pages\/135215\/revisions"}],"predecessor-version":[{"id":135353,"href":"https:\/\/www.grab.com\/vn\/wp-json\/wp\/v2\/pages\/135215\/revisions\/135353"}],"wp:attachment":[{"href":"https:\/\/www.grab.com\/vn\/wp-json\/wp\/v2\/media?parent=135215"}],"curies":[{"name":"wp","href":"https:\/\/api.w.org\/{rel}","templated":true}]}}