{"id":133279,"date":"2022-10-13T16:17:52","date_gmt":"2022-10-13T08:17:52","guid":{"rendered":"https:\/\/www.grab.com\/vn\/?page_id=133279"},"modified":"2022-10-18T12:05:13","modified_gmt":"2022-10-18T04:05:13","slug":"grabcar-tung-bo-ma-mung-ngay-phu-nu-viet-nam-20-10","status":"publish","type":"page","link":"https:\/\/www.grab.com\/vn\/grabcar-tung-bo-ma-mung-ngay-phu-nu-viet-nam-20-10\/","title":{"rendered":"GrabCar tung b\u1ed9 m\u00e3 m\u1eebng ng\u00e0y Ph\u1ee5 N\u1eef Vi\u1ec7t Nam 20\/10"},"content":{"rendered":"<p><img loading=\"lazy\" decoding=\"async\" width=\"1200\" height=\"600\" class=\"alignnone size-full wp-image-133280\" src=\"https:\/\/assets.grab.com\/wp-content\/uploads\/sites\/11\/2022\/10\/13161531\/GC_1200x600_07102022.png\" alt=\"\" srcset=\"https:\/\/assets.grab.com\/wp-content\/uploads\/sites\/11\/2022\/10\/13161531\/GC_1200x600_07102022.png 1200w, https:\/\/assets.grab.com\/wp-content\/uploads\/sites\/11\/2022\/10\/13161531\/GC_1200x600_07102022-250x125.png 250w, https:\/\/assets.grab.com\/wp-content\/uploads\/sites\/11\/2022\/10\/13161531\/GC_1200x600_07102022-700x350.png 700w, https:\/\/assets.grab.com\/wp-content\/uploads\/sites\/11\/2022\/10\/13161531\/GC_1200x600_07102022-768x384.png 768w, https:\/\/assets.grab.com\/wp-content\/uploads\/sites\/11\/2022\/10\/13161531\/GC_1200x600_07102022-120x60.png 120w\" sizes=\"(max-width: 1200px) 100vw, 1200px\" \/><\/p>\n<p><b>\ud83c\udf8a <\/b><b>G\u1ea6N XA N\u00d4 N\u1ee8C Y\u1ebeN ANH, <\/b><b>CH\u1eca EM S\u1eaeM S\u1eecA B\u1ed8 H\u00c0NH \u0110I GRAB \u01afU \u0110\u00c3I T\u1edaI 100.000\u0110\u00a0<\/b><\/p>\n<p><b>\ud83d\udc9a <\/b>M\u1eebng ng\u00e0y Ph\u1ee5 N\u1eef Vi\u1ec7t Nam 20\/10 ch\u1ecb em l\u00ean GrabCar gi\u1ea3m li\u1ec1n 20% (t\u1ed1i \u0111a 100.000\u0111) c\u01b0\u1edbc ph\u00ed khi b\u1ed9 nh\u1eadp m\u00e3 <b>DANGYEU, CHIEUCHUONG, DETTINI<\/b>.<\/p>\n<p><span style=\"font-weight: 400\">\u0110i h\u1ecdc \u0111i l\u00e0m \u0111i ch\u01a1i \u0111i &#8220;chill&#8221; ch\u1ed7 n\u00e0o GrabCar chi\u1ec1u ch\u1ed7 \u0111\u00f3. \u0110\u1eb7t xe li\u1ec1n m\u1ea5y ch\u1ecb em \u01a1i!!<\/span><\/p>\n<p><span style=\"font-weight: 400\">\u2014&#8212;&#8212;&#8212;&#8212;-<\/span><\/p>\n<p><strong>*L\u01b0u \u00fd:<\/strong><\/p>\n<p><span style=\"font-weight: 400\"> <span class=\"x3nfvp2 x1j61x8r x1fcty0u xdj266r xhhsvwb xat24cr xgzva0m xxymvpz xlup9mm x1kky2od\"><img loading=\"lazy\" decoding=\"async\" src=\"https:\/\/static.xx.fbcdn.net\/images\/emoji.php\/v9\/t33\/1\/16\/2705.png\" alt=\"\u2705\" width=\"16\" height=\"16\" \/> <\/span>\u00c1p d\u1ee5ng cho c\u00e1c d\u1ecbch v\u1ee5 GrabCar t\u1ea1i \u0110\u00e0 N\u1eb5ng, Kh\u00e1nh H\u00f2a, B\u00ecnh D\u01b0\u01a1ng, \u0110\u1ed3ng Nai v\u00e0 L\u00e2m \u0110\u1ed3ng.\u00a0<\/span><\/p>\n<p><span style=\"font-weight: 400\"> <span class=\"x3nfvp2 x1j61x8r x1fcty0u xdj266r xhhsvwb xat24cr xgzva0m xxymvpz xlup9mm x1kky2od\"><img loading=\"lazy\" decoding=\"async\" src=\"https:\/\/static.xx.fbcdn.net\/images\/emoji.php\/v9\/t33\/1\/16\/2705.png\" alt=\"\u2705\" width=\"16\" height=\"16\" \/> <\/span>Ch\u01b0\u01a1ng tr\u00ecnh \u00e1p d\u1ee5ng t\u1eeb 10\/10 \u0111\u1ebfn h\u1ebft 20\/10\/2022<\/span><\/p>\n<p><span style=\"font-weight: 400\"><span class=\"x3nfvp2 x1j61x8r x1fcty0u xdj266r xhhsvwb xat24cr xgzva0m xxymvpz xlup9mm x1kky2od\"><img loading=\"lazy\" decoding=\"async\" src=\"https:\/\/static.xx.fbcdn.net\/images\/emoji.php\/v9\/t33\/1\/16\/2705.png\" alt=\"\u2705\" width=\"16\" height=\"16\" \/> <\/span>M\u1ed7i ng\u01b0\u1eddi d\u00f9ng \u0111\u01b0\u1ee3c s\u1eed d\u1ee5ng \u01b0u \u0111\u00e3i t\u1ed1i \u0111a 01 l\u1ea7n trong th\u1eddi gian di\u1ec5n ra ch\u01b0\u01a1ng tr\u00ecnh<\/span><\/p>\n<p><span style=\"font-weight: 400\"> <span class=\"x3nfvp2 x1j61x8r x1fcty0u xdj266r xhhsvwb xat24cr xgzva0m xxymvpz xlup9mm x1kky2od\"><img loading=\"lazy\" decoding=\"async\" src=\"https:\/\/static.xx.fbcdn.net\/images\/emoji.php\/v9\/t33\/1\/16\/2705.png\" alt=\"\u2705\" width=\"16\" height=\"16\" \/> <\/span>S\u1ed1 l\u01b0\u1ee3ng m\u00e3 \u01b0u \u0111\u00e3i c\u00f3 gi\u1edbi h\u1ea1n m\u1ed7i ng\u00e0y<\/span><\/p>\n<p><span style=\"font-weight: 400\"> <span class=\"x3nfvp2 x1j61x8r x1fcty0u xdj266r xhhsvwb xat24cr xgzva0m xxymvpz xlup9mm x1kky2od\"><img loading=\"lazy\" decoding=\"async\" src=\"https:\/\/static.xx.fbcdn.net\/images\/emoji.php\/v9\/t33\/1\/16\/2705.png\" alt=\"\u2705\" width=\"16\" height=\"16\" \/> <\/span>Ch\u1ec9 \u00e1p d\u1ee5ng v\u1edbi phi\u00ean b\u1ea3n app m\u1edbi nh\u1ea5t<\/span><\/p>\n<p>&nbsp;<\/p>\n<p><span style=\"font-weight: 400\">#Grab #GrabCar #GrabChiEm<\/span><\/p>\n<p>&nbsp;<\/p>\n","protected":false},"excerpt":{"rendered":"\ud83c\udf8a G\u1ea6N XA N\u00d4 N\u1ee8C Y\u1ebeN ANH, CH\u1eca EM S\u1eaeM S\u1eecA B\u1ed8 H\u00c0NH \u0110I GRAB \u01afU \u0110\u00c3I T\u1edaI 100.000\u0110\u00a0 \ud83d\udc9a M\u1eebng ng\u00e0y Ph\u1ee5 N\u1eef Vi\u1ec7t Nam 20\/10 ch\u1ecb em l\u00ean GrabCar gi\u1ea3m li\u1ec1n 20% (t\u1ed1i \u0111a 100.000\u0111) c\u01b0\u1edbc ph\u00ed khi b\u1ed9 nh\u1eadp m\u00e3 DANGYEU, CHIEUCHUONG, DETTINI. \u0110i h\u1ecdc \u0111i l\u00e0m \u0111i ch\u01a1i \u0111i &#8220;chill&#8221; ch\u1ed7 [&hellip;]","protected":false},"author":1428,"featured_media":0,"parent":0,"menu_order":0,"comment_status":"closed","ping_status":"closed","template":"","meta":{"_acf_changed":false,"footnotes":""},"acf":[],"_links":{"self":[{"href":"https:\/\/www.grab.com\/vn\/wp-json\/wp\/v2\/pages\/133279"}],"collection":[{"href":"https:\/\/www.grab.com\/vn\/wp-json\/wp\/v2\/pages"}],"about":[{"href":"https:\/\/www.grab.com\/vn\/wp-json\/wp\/v2\/types\/page"}],"author":[{"embeddable":true,"href":"https:\/\/www.grab.com\/vn\/wp-json\/wp\/v2\/users\/1428"}],"replies":[{"embeddable":true,"href":"https:\/\/www.grab.com\/vn\/wp-json\/wp\/v2\/comments?post=133279"}],"version-history":[{"count":6,"href":"https:\/\/www.grab.com\/vn\/wp-json\/wp\/v2\/pages\/133279\/revisions"}],"predecessor-version":[{"id":133689,"href":"https:\/\/www.grab.com\/vn\/wp-json\/wp\/v2\/pages\/133279\/revisions\/133689"}],"wp:attachment":[{"href":"https:\/\/www.grab.com\/vn\/wp-json\/wp\/v2\/media?parent=133279"}],"curies":[{"name":"wp","href":"https:\/\/api.w.org\/{rel}","templated":true}]}}