{"id":132740,"date":"2022-10-10T11:33:59","date_gmt":"2022-10-10T03:33:59","guid":{"rendered":"https:\/\/www.grab.com\/vn\/?page_id=132740"},"modified":"2022-10-10T11:35:16","modified_gmt":"2022-10-10T03:35:16","slug":"binh-duong-va-dong-nai-oi-di-lam-xa-co-grab-luon-dong-hanh","status":"publish","type":"page","link":"https:\/\/www.grab.com\/vn\/binh-duong-va-dong-nai-oi-di-lam-xa-co-grab-luon-dong-hanh\/","title":{"rendered":"\u0110\u01b0\u1eddng \u0111i l\u00e0m xa v\u1ea5t v\u1ea3, \u0111i Grab ti\u1ec7n l\u1ee3i v\u00e0 nhi\u1ec1u \u01b0u \u0111\u00e3i!"},"content":{"rendered":"<p><img loading=\"lazy\" decoding=\"async\" width=\"1200\" height=\"600\" class=\"alignnone size-full wp-image-132741\" src=\"https:\/\/assets.grab.com\/wp-content\/uploads\/sites\/11\/2022\/10\/10110640\/Grab_Route-Di-Lam-Xa_In-app_Hinh-2.jpg\" alt=\"\" srcset=\"https:\/\/assets.grab.com\/wp-content\/uploads\/sites\/11\/2022\/10\/10110640\/Grab_Route-Di-Lam-Xa_In-app_Hinh-2.jpg 1200w, https:\/\/assets.grab.com\/wp-content\/uploads\/sites\/11\/2022\/10\/10110640\/Grab_Route-Di-Lam-Xa_In-app_Hinh-2-250x125.jpg 250w, https:\/\/assets.grab.com\/wp-content\/uploads\/sites\/11\/2022\/10\/10110640\/Grab_Route-Di-Lam-Xa_In-app_Hinh-2-700x350.jpg 700w, https:\/\/assets.grab.com\/wp-content\/uploads\/sites\/11\/2022\/10\/10110640\/Grab_Route-Di-Lam-Xa_In-app_Hinh-2-768x384.jpg 768w, https:\/\/assets.grab.com\/wp-content\/uploads\/sites\/11\/2022\/10\/10110640\/Grab_Route-Di-Lam-Xa_In-app_Hinh-2-120x60.jpg 120w\" sizes=\"(max-width: 1200px) 100vw, 1200px\" \/><\/p>\n<p><span style=\"font-weight: 400\">\u2728 B\u00ecnh D\u01b0\u01a1ng, \u0110\u1ed3ng Nai \u01a1i! Ai \u0111i l\u00e0m xa, l\u00ean xe Grab cho kh\u1ecfe n\u00e8 \ud83d\udef5\ud83d\ude97<\/span><\/p>\n<p><span style=\"font-weight: 400\">\ud83d\udd25 S\u00e1ng s\u1edbm th\u1ee9c d\u1eady m\u00e0 ngh\u0129 t\u1edbi c\u1ea3nh ph\u1ea3i ch\u1ea1y xe bon bon h\u01a1n ch\u1ee5c c\u00e2y s\u1ed1 t\u1edbi c\u00f4ng ty, ta n\u00f3i n\u00f3 m\u1ec7t mu\u1ed1n x\u1ec9u.<\/span><\/p>\n<p><span style=\"font-weight: 400\">\ud83e\udd29 Th\u00f4i \u0111i Grab cho th\u1ea3nh th\u01a1i, m\u00ecnh d\u00e0nh th\u00eam ch\u00fat th\u1eddi gi\u1edd ngh\u1ec9 ng\u01a1i nha.<\/span><\/p>\n<p><span style=\"font-weight: 400\">\ud83d\udc9a Nh\u1eadp li\u1ec1n b\u1ed9 m\u00e3 b\u00ean d\u01b0\u1edbi \u0111\u1ec3 h\u01b0\u1edfng ngay \u01b0u \u0111\u00e3i di chuy\u1ec3n b\u1ea1n \u01a1i!<\/span><\/p>\n<p><span style=\"font-weight: 400\">\ud83d\udc49 GrabBike m\u00ecnh d\u00f9ng GBXA &amp; GBGAN gi\u1ea3m t\u1edbi 25.000\u0111.<\/span><\/p>\n<p><span style=\"font-weight: 400\">\ud83d\udc49 GrabCar m\u00ecnh d\u00f9ng GCXA &amp; GCGAN gi\u1ea3m t\u1edbi 100.000\u0111.<\/span><\/p>\n<p><span style=\"font-weight: 400\">\u00a0<\/span><\/p>\n<p><span style=\"font-weight: 400\">\u2705 <\/span><b>\u0110i\u1ec1u ki\u1ec7n v\u00e0 \u0111i\u1ec1u kho\u1ea3n \u00e1p d\u1ee5ng c\u1ee7a c\u00e1c m\u00e3 khuy\u1ebfn m\u00e3i \u00e1p d\u1ee5ng cho d\u1ecbch GrabCar t\u1ea1i B\u00ecnh D\u01b0\u01a1ng v\u00e0 \u0110\u1ed3ng Nai:\u00a0\u00a0<\/b><\/p>\n<ul>\n<li style=\"font-weight: 400\"><span style=\"font-weight: 400\">M\u00e3 GCXA:\u00a0 \u01afu \u0111\u00e3i 20% (t\u1ed1i \u0111a 100.000\u0111) cho chuy\u1ebfn t\u1eeb 80.000\u0111\u00a0 \u00e1p d\u1ee5ng cho d\u1ecbch v\u1ee5 GrabCar. M\u1ed7i ng\u01b0\u1eddi d\u00f9ng \u0111\u01b0\u1ee3c s\u1eed d\u1ee5ng \u01b0u \u0111\u00e3i t\u1ed1i \u0111a 02 l\u1ea7n m\u1ed7i ng\u00e0y v\u00e0 04 l\u1ea7n trong su\u1ed1t th\u1eddi gian di\u1ec5n ra ch\u01b0\u01a1ng tr\u00ecnh<\/span><\/li>\n<li style=\"font-weight: 400\"><span style=\"font-weight: 400\">M\u00e3 GCXA25: \u01afu \u0111\u00e3i 25% (t\u1ed1i \u0111a 100.000\u0111) cho chuy\u1ebfn t\u1eeb 200.000\u0111\u00a0 \u00e1p d\u1ee5ng cho d\u1ecbch GrabCar. M\u1ed7i ng\u01b0\u1eddi d\u00f9ng \u0111\u01b0\u1ee3c s\u1eed d\u1ee5ng \u01b0u \u0111\u00e3i t\u1ed1i \u0111a 02 l\u1ea7n m\u1ed7i ng\u00e0y v\u00e0 04 l\u1ea7n trong su\u1ed1t th\u1eddi gian di\u1ec5n ra ch\u01b0\u01a1ng tr\u00ecnh<\/span><\/li>\n<li style=\"font-weight: 400\"><span style=\"font-weight: 400\">M\u00e3 GCGAN: \u01afu \u0111\u00e3i 15% (t\u1ed1i \u0111a 15.000\u0111)\u00a0 \u00e1p d\u1ee5ng cho d\u1ecbch GrabCar. M\u1ed7i ng\u01b0\u1eddi d\u00f9ng \u0111\u01b0\u1ee3c s\u1eed d\u1ee5ng \u01b0u \u0111\u00e3i t\u1ed1i \u0111a 01 l\u1ea7n m\u1ed7i ng\u00e0y v\u00e0 02 l\u1ea7n trong su\u1ed1t th\u1eddi gian di\u1ec5n ra ch\u01b0\u01a1ng tr\u00ecnh.\u00a0<\/span><\/li>\n<\/ul>\n<p><span style=\"font-weight: 400\">\u2705 <\/span><b>\u0110i\u1ec1u ki\u1ec7n v\u00e0 \u0111i\u1ec1u kho\u1ea3n \u00e1p d\u1ee5ng c\u1ee7a c\u00e1c m\u00e3 khuy\u1ebfn m\u00e3i \u00e1p d\u1ee5ng cho d\u1ecbch GrabBike t\u1ea1i B\u00ecnh D\u01b0\u01a1ng v\u00e0 \u0110\u1ed3ng Nai:\u00a0<\/b><\/p>\n<ul>\n<li style=\"font-weight: 400\"><span style=\"font-weight: 400\">M\u00e3 GBXA: \u01afu \u0111\u00e3i 20% (t\u1ed1i \u0111a 20.000\u0111) \u00e1p d\u1ee5ng cho d\u1ecbch v\u1ee5 GrabBike c\u00f3 c\u01b0\u1edbc ph\u00ed t\u1ed1i thi\u1ec3u 50.000\u0111.<\/span><\/li>\n<li style=\"font-weight: 400\"><span style=\"font-weight: 400\">M\u00e3 GBGAN:\u00a0 \u01afu \u0111\u00e3i 15% (t\u1ed1i \u0111a 15.000\u0111) \u00e1p d\u1ee5ng cho d\u1ecbch v\u1ee5 GrabBike.<\/span><\/li>\n<\/ul>\n<p><span style=\"font-weight: 400\">\u2013 \u01afu \u0111\u00e3i kh\u00f4ng bao g\u1ed3m ph\u1ee5 ph\u00ed, ng\u01b0\u1eddi d\u00f9ng vui l\u00f2ng thanh to\u00e1n ph\u1ee5 ph\u00ed (n\u1ebfu c\u00f3) v\u1edbi \u0110\u1ed1i t\u00e1c t\u00e0i x\u1ebf.<\/span><\/p>\n<p><span style=\"font-weight: 400\">\u2013 S\u1ed1 l\u01b0\u1ee3ng \u01b0u \u0111\u00e3i c\u00f3 gi\u1edbi h\u1ea1n m\u1ed7i ng\u00e0y.<\/span><\/p>\n<p><span style=\"font-weight: 400\">\u2013 Ch\u1ec9 \u00e1p d\u1ee5ng cho ng\u01b0\u1eddi d\u00f9ng nh\u1eadn \u0111\u01b0\u1ee3c th\u00f4ng b\u00e1o.<\/span><\/p>\n<p><span style=\"font-weight: 400\">\u2013 Ch\u1ec9 \u00e1p d\u1ee5ng v\u1edbi phi\u00ean b\u1ea3n app m\u1edbi nh\u1ea5t.<\/span><\/p>\n<p>&nbsp;<\/p>\n<p><span style=\"font-weight: 400\">#Grab #GrabCar #GCXA #GCGAN<\/span><\/p>\n<p>&nbsp;<\/p>\n","protected":false},"excerpt":{"rendered":"\u2728 B\u00ecnh D\u01b0\u01a1ng, \u0110\u1ed3ng Nai \u01a1i! Ai \u0111i l\u00e0m xa, l\u00ean xe Grab cho kh\u1ecfe n\u00e8 \ud83d\udef5\ud83d\ude97 \ud83d\udd25 S\u00e1ng s\u1edbm th\u1ee9c d\u1eady m\u00e0 ngh\u0129 t\u1edbi c\u1ea3nh ph\u1ea3i ch\u1ea1y xe bon bon h\u01a1n ch\u1ee5c c\u00e2y s\u1ed1 t\u1edbi c\u00f4ng ty, ta n\u00f3i n\u00f3 m\u1ec7t mu\u1ed1n x\u1ec9u. \ud83e\udd29 Th\u00f4i \u0111i Grab cho th\u1ea3nh th\u01a1i, m\u00ecnh d\u00e0nh th\u00eam ch\u00fat [&hellip;]","protected":false},"author":1428,"featured_media":0,"parent":0,"menu_order":0,"comment_status":"closed","ping_status":"closed","template":"","meta":{"_acf_changed":false,"footnotes":""},"acf":[],"_links":{"self":[{"href":"https:\/\/www.grab.com\/vn\/wp-json\/wp\/v2\/pages\/132740"}],"collection":[{"href":"https:\/\/www.grab.com\/vn\/wp-json\/wp\/v2\/pages"}],"about":[{"href":"https:\/\/www.grab.com\/vn\/wp-json\/wp\/v2\/types\/page"}],"author":[{"embeddable":true,"href":"https:\/\/www.grab.com\/vn\/wp-json\/wp\/v2\/users\/1428"}],"replies":[{"embeddable":true,"href":"https:\/\/www.grab.com\/vn\/wp-json\/wp\/v2\/comments?post=132740"}],"version-history":[{"count":3,"href":"https:\/\/www.grab.com\/vn\/wp-json\/wp\/v2\/pages\/132740\/revisions"}],"predecessor-version":[{"id":132781,"href":"https:\/\/www.grab.com\/vn\/wp-json\/wp\/v2\/pages\/132740\/revisions\/132781"}],"wp:attachment":[{"href":"https:\/\/www.grab.com\/vn\/wp-json\/wp\/v2\/media?parent=132740"}],"curies":[{"name":"wp","href":"https:\/\/api.w.org\/{rel}","templated":true}]}}