{"id":132395,"date":"2022-10-06T13:56:00","date_gmt":"2022-10-06T05:56:00","guid":{"rendered":"https:\/\/www.grab.com\/vn\/?page_id=132395"},"modified":"2022-12-16T12:05:06","modified_gmt":"2022-12-16T04:05:06","slug":"%f0%9f%8c%9f-sieu-sale-10-10-goi-hoi-vien-di-grab-giam-50","status":"publish","type":"page","link":"https:\/\/www.grab.com\/vn\/%f0%9f%8c%9f-sieu-sale-10-10-goi-hoi-vien-di-grab-giam-50\/","title":{"rendered":"\ud83c\udf1f Si\u00eau Sale G\u00f3i H\u1ed9i Vi\u00ean \u0111i Grab gi\u1ea3m 50%"},"content":{"rendered":"<p><span style=\"font-weight: 400\"><img loading=\"lazy\" decoding=\"async\" width=\"1920\" height=\"1080\" class=\"alignnone size-full wp-image-135372\" src=\"https:\/\/assets.grab.com\/wp-content\/uploads\/sites\/11\/2022\/11\/10142616\/GC_1920x1080_10102022.jpg\" alt=\"\" srcset=\"https:\/\/assets.grab.com\/wp-content\/uploads\/sites\/11\/2022\/11\/10142616\/GC_1920x1080_10102022.jpg 1920w, https:\/\/assets.grab.com\/wp-content\/uploads\/sites\/11\/2022\/11\/10142616\/GC_1920x1080_10102022-250x141.jpg 250w, https:\/\/assets.grab.com\/wp-content\/uploads\/sites\/11\/2022\/11\/10142616\/GC_1920x1080_10102022-700x394.jpg 700w, https:\/\/assets.grab.com\/wp-content\/uploads\/sites\/11\/2022\/11\/10142616\/GC_1920x1080_10102022-768x432.jpg 768w, https:\/\/assets.grab.com\/wp-content\/uploads\/sites\/11\/2022\/11\/10142616\/GC_1920x1080_10102022-1536x864.jpg 1536w, https:\/\/assets.grab.com\/wp-content\/uploads\/sites\/11\/2022\/11\/10142616\/GC_1920x1080_10102022-120x68.jpg 120w\" sizes=\"(max-width: 1920px) 100vw, 1920px\" \/><\/span><\/p>\n<p><strong>\ud83c\udf1f G\u00f3i H\u1ed9i Vi\u00ean \u0111i Grab, \u01b0u \u0111\u00e3i tr\u1ecdn g\u00f3i \u0111\u1ebf 3 tri\u1ec7u \u0111\u1ed3ng<\/strong><\/p>\n<p><span style=\"font-weight: 400\">\ud83d\udc9aT\u1ea1m bi\u1ec7t m\u1ec7t m\u1ecfi v\u00ec \u0111i \u201cph\u01b0\u1ee3t&#8221; ch\u1ee5c c\u00e2y s\u1ed1 t\u1eeb nh\u00e0 l\u00ean c\u00f4ng ty, t\u1ef1 tin r\u1ea1ng ng\u1eddi t\u1eeb \u0111\u1ea7u t\u1edbi ch\u00e2n khi \u0111i ch\u01a1i v\u00ec \u0111\u00e3 c\u00f3 Grab \u0111\u01b0a r\u01b0\u1edbc tr\u00ean m\u1ecdi cung \u0111\u01b0\u1eddng.<\/span><\/p>\n<p><span style=\"font-weight: 400\">Ngo\u00e0i ra, \u01b0u \u0111\u00e3i c\u00f3 th\u1ec3 s\u1eed d\u1ee5ng tr\u00ean to\u00e0n qu\u1ed1c, \u0111i \u0111\u1ebfn \u0111\u00e2u c\u0169ng c\u00f3 Grab bao tr\u1ecdn.<\/span><\/p>\n<div class=\"x11i5rnm xat24cr x1mh8g0r x1vvkbs xtlvy1s x126k92a\">\n<div dir=\"auto\">Chi ti\u1ebft t\u1eebng G\u00f3i H\u1ed9i Vi\u00ean:<\/div>\n<\/div>\n<div dir=\"auto\"><\/div>\n<div class=\"x11i5rnm xat24cr x1mh8g0r x1vvkbs xtlvy1s x126k92a\">\n<div dir=\"auto\"><span class=\"x3nfvp2 x1j61x8r x1fcty0u xdj266r xhhsvwb xat24cr xgzva0m xxymvpz xlup9mm x1kky2od\"><img loading=\"lazy\" decoding=\"async\" src=\"https:\/\/static.xx.fbcdn.net\/images\/emoji.php\/v9\/tdd\/1\/16\/1f6f5.png\" alt=\"\ud83d\udef5\" width=\"16\" height=\"16\" \/><\/span> G\u00f3i H\u1ed9i Vi\u00ean GrabBike:<\/div>\n<\/div>\n<div dir=\"auto\"><\/div>\n<div dir=\"auto\"><\/div>\n<div class=\"x11i5rnm xat24cr x1mh8g0r x1vvkbs xtlvy1s x126k92a\">\n<div dir=\"auto\">\n<div dir=\"auto\"><span class=\"x3nfvp2 x1j61x8r x1fcty0u xdj266r xhhsvwb xat24cr xgzva0m xxymvpz xlup9mm x1kky2od\"><img loading=\"lazy\" decoding=\"async\" src=\"https:\/\/static.xx.fbcdn.net\/images\/emoji.php\/v9\/tf3\/1\/16\/1f539.png\" alt=\"\ud83d\udd39\" width=\"16\" height=\"16\" \/><\/span> Gi\u00e1 \u01b0u \u0111\u00e3i 50%: 1\u03350\u03350\u0335.\u03350\u03350\u03350\u0335\u0111\u0335\/\u0335g\u0335\u00f3\u0335i\u0335\u0335 <span class=\"x3nfvp2 x1j61x8r x1fcty0u xdj266r xhhsvwb xat24cr xgzva0m xxymvpz xlup9mm x1kky2od\"><img loading=\"lazy\" decoding=\"async\" src=\"https:\/\/static.xx.fbcdn.net\/images\/emoji.php\/v9\/t51\/1\/16\/1f449.png\" alt=\"\ud83d\udc49\" width=\"16\" height=\"16\" \/><\/span> 50.000\u0111<\/div>\n<div dir=\"auto\"><span class=\"x3nfvp2 x1j61x8r x1fcty0u xdj266r xhhsvwb xat24cr xgzva0m xxymvpz xlup9mm x1kky2od\"><img loading=\"lazy\" decoding=\"async\" src=\"https:\/\/static.xx.fbcdn.net\/images\/emoji.php\/v9\/tf3\/1\/16\/1f539.png\" alt=\"\ud83d\udd39\" width=\"16\" height=\"16\" \/><\/span> H\u1ea1n s\u1eed d\u1ee5ng: 1 th\u00e1ng t\u1eeb ng\u00e0y mua g\u00f3i<\/div>\n<\/div>\n<\/div>\n<div dir=\"auto\"><\/div>\n<div dir=\"auto\"><\/div>\n<div class=\"x11i5rnm xat24cr x1mh8g0r x1vvkbs xtlvy1s x126k92a\">\n<div dir=\"auto\">\n<div dir=\"auto\">Bao g\u1ed3m c\u00e1c \u01b0u \u0111\u00e3i sau:<\/div>\n<\/div>\n<div dir=\"auto\">1. \u01afu \u0111\u00e3i di chuy\u1ec3n 8% v\u00e0 20%<\/div>\n<div dir=\"auto\"><span class=\"x3nfvp2 x1j61x8r x1fcty0u xdj266r xhhsvwb xat24cr xgzva0m xxymvpz xlup9mm x1kky2od\"><img loading=\"lazy\" decoding=\"async\" src=\"https:\/\/static.xx.fbcdn.net\/images\/emoji.php\/v9\/tf3\/1\/16\/1f539.png\" alt=\"\ud83d\udd39\" width=\"16\" height=\"16\" \/><\/span> \u01afu \u0111\u00e3i 8% t\u1ed1i \u0111a 5\ud835\udfec.\ud835\udfec\ud835\udfec\ud835\udfec\u0111 v\u00e0 \u01b0u \u0111\u00e3i 20% t\u1ed1i \u0111a \ud835\udff1\ud835\udfec.\ud835\udfec\ud835\udfec\ud835\udfec\u0111 cho cu\u1ed1c xe c\u00f3 gi\u00e1 tr\u1ecb t\u1eeb 20.000\u0111.<\/div>\n<div dir=\"auto\"><span class=\"x3nfvp2 x1j61x8r x1fcty0u xdj266r xhhsvwb xat24cr xgzva0m xxymvpz xlup9mm x1kky2od\"><img loading=\"lazy\" decoding=\"async\" src=\"https:\/\/static.xx.fbcdn.net\/images\/emoji.php\/v9\/tf3\/1\/16\/1f539.png\" alt=\"\ud83d\udd39\" width=\"16\" height=\"16\" \/><\/span> S\u1ed1 l\u01b0\u1ee3ng cu\u1ed1c xe \u0111\u01b0\u1ee3c \u01b0u \u0111\u00e3i: 30 cu\u1ed1c cho m\u1ed7i \u01b0u \u0111\u00e3i.<\/div>\n<\/div>\n<div dir=\"auto\"><\/div>\n<div dir=\"auto\"><\/div>\n<div class=\"x11i5rnm xat24cr x1mh8g0r x1vvkbs xtlvy1s x126k92a\">\n<div dir=\"auto\">2. \u01afu \u0111\u00e3i di chuy\u1ec3n ra B\u1ebfn xe, S\u00e2n bay:<\/div>\n<div dir=\"auto\"><span class=\"x3nfvp2 x1j61x8r x1fcty0u xdj266r xhhsvwb xat24cr xgzva0m xxymvpz xlup9mm x1kky2od\"><img loading=\"lazy\" decoding=\"async\" src=\"https:\/\/static.xx.fbcdn.net\/images\/emoji.php\/v9\/tf3\/1\/16\/1f539.png\" alt=\"\ud83d\udd39\" width=\"16\" height=\"16\" \/> \u01afu \u0111\u00e3i di chuy\u1ec3n\u00a0 v\u1edbi d\u1ecbch v\u1ee5 GrabCar, gi\u1ea3m 30% t\u1ed1i \u0111a 100K cho c\u00e1c chuy\u1ebfn xe \u0111\u1ebfn v\u00e0 \u0111i t\u1eeb \u00a0B\u1ebfn xe, S\u00e2n bay tr\u00ean to\u00e0n qu\u1ed1c.<\/span><\/div>\n<div dir=\"auto\"><span class=\"x3nfvp2 x1j61x8r x1fcty0u xdj266r xhhsvwb xat24cr xgzva0m xxymvpz xlup9mm x1kky2od\"><img loading=\"lazy\" decoding=\"async\" src=\"https:\/\/static.xx.fbcdn.net\/images\/emoji.php\/v9\/tf3\/1\/16\/1f539.png\" alt=\"\ud83d\udd39\" width=\"16\" height=\"16\" \/><\/span> S\u1ed1 l\u01b0\u1ee3ng cu\u1ed1c xe \u0111\u01b0\u1ee3c \u01b0u \u0111\u00e3i: 4 cu\u1ed1c xe<\/div>\n<div dir=\"auto\"><\/div>\n<div dir=\"auto\"><\/div>\n<\/div>\n<div class=\"x11i5rnm xat24cr x1mh8g0r x1vvkbs xtlvy1s x126k92a\">\n<div dir=\"auto\"><span class=\"x3nfvp2 x1j61x8r x1fcty0u xdj266r xhhsvwb xat24cr xgzva0m xxymvpz xlup9mm x1kky2od\"><img loading=\"lazy\" decoding=\"async\" src=\"https:\/\/static.xx.fbcdn.net\/images\/emoji.php\/v9\/tec\/1\/16\/1f697.png\" alt=\"\ud83d\ude97\" width=\"16\" height=\"16\" \/><\/span> G\u00f3i H\u1ed9i Vi\u00ean GrabCar:<\/div>\n<div dir=\"auto\">\n<div class=\"x11i5rnm xat24cr x1mh8g0r x1vvkbs xtlvy1s x126k92a\">\n<div dir=\"auto\"><span class=\"x3nfvp2 x1j61x8r x1fcty0u xdj266r xhhsvwb xat24cr xgzva0m xxymvpz xlup9mm x1kky2od\"><img loading=\"lazy\" decoding=\"async\" src=\"https:\/\/static.xx.fbcdn.net\/images\/emoji.php\/v9\/tf3\/1\/16\/1f539.png\" alt=\"\ud83d\udd39\" width=\"16\" height=\"16\" \/><\/span> Gi\u00e1 \u01b0u \u0111\u00e3i 50%: \u03352\u03350\u03350\u0335.\u03350\u03350\u03350\u0335\u0111\u0335\/\u0335g\u0335\u00f3\u0335i\u0335 <span class=\"x3nfvp2 x1j61x8r x1fcty0u xdj266r xhhsvwb xat24cr xgzva0m xxymvpz xlup9mm x1kky2od\"><img loading=\"lazy\" decoding=\"async\" src=\"https:\/\/static.xx.fbcdn.net\/images\/emoji.php\/v9\/t51\/1\/16\/1f449.png\" alt=\"\ud83d\udc49\" width=\"16\" height=\"16\" \/><\/span> 100.000\u0111<\/div>\n<\/div>\n<div dir=\"auto\"><span class=\"x3nfvp2 x1j61x8r x1fcty0u xdj266r xhhsvwb xat24cr xgzva0m xxymvpz xlup9mm x1kky2od\"><img loading=\"lazy\" decoding=\"async\" src=\"https:\/\/static.xx.fbcdn.net\/images\/emoji.php\/v9\/tf3\/1\/16\/1f539.png\" alt=\"\ud83d\udd39\" width=\"16\" height=\"16\" \/><\/span> H\u1ea1n s\u1eed d\u1ee5ng: 1 th\u00e1ng t\u1eeb ng\u00e0y mua g\u00f3i<\/div>\n<div dir=\"auto\">Bao g\u1ed3m c\u00e1c \u01b0u \u0111\u00e3i sau:<\/div>\n<div dir=\"auto\">1. \u01afu \u0111\u00e3i di chuy\u1ec3n 8% v\u00e0 20%<\/div>\n<\/div>\n<div dir=\"auto\"><span class=\"x3nfvp2 x1j61x8r x1fcty0u xdj266r xhhsvwb xat24cr xgzva0m xxymvpz xlup9mm x1kky2od\"><img loading=\"lazy\" decoding=\"async\" src=\"https:\/\/static.xx.fbcdn.net\/images\/emoji.php\/v9\/tf3\/1\/16\/1f539.png\" alt=\"\ud83d\udd39\" width=\"16\" height=\"16\" \/><\/span> \u01afu \u0111\u00e3i 8% t\u1ed1i \u0111a \ud835\udfcf\ud835\udfce\ud835\udfce.\ud835\udfce\ud835\udfce\ud835\udfce\u0111 v\u00e0 20% t\u1ed1i \u0111a \ud835\udfcf\ud835\udfce\ud835\udfce.\ud835\udfce\ud835\udfce\ud835\udfce\u0111 cho cu\u1ed1c xe c\u00f3 gi\u00e1 tr\u1ecb t\u1eeb 35.000\u0111.<\/div>\n<div dir=\"auto\"><span class=\"x3nfvp2 x1j61x8r x1fcty0u xdj266r xhhsvwb xat24cr xgzva0m xxymvpz xlup9mm x1kky2od\"><img loading=\"lazy\" decoding=\"async\" src=\"https:\/\/static.xx.fbcdn.net\/images\/emoji.php\/v9\/tf3\/1\/16\/1f539.png\" alt=\"\ud83d\udd39\" width=\"16\" height=\"16\" \/><\/span> S\u1ed1 l\u01b0\u1ee3ng cu\u1ed1c xe \u0111\u01b0\u1ee3c \u01b0u \u0111\u00e3i: 30 cu\u1ed1c cho m\u1ed7i \u01b0u \u0111\u00e3i.<\/div>\n<\/div>\n<div dir=\"auto\">2. \u01afu \u0111\u00e3i di chuy\u1ec3n ra B\u1ebfn xe, S\u00e2n bay:<\/div>\n<div dir=\"auto\">\n<div dir=\"auto\"><span class=\"x3nfvp2 x1j61x8r x1fcty0u xdj266r xhhsvwb xat24cr xgzva0m xxymvpz xlup9mm x1kky2od\"><img loading=\"lazy\" decoding=\"async\" src=\"https:\/\/static.xx.fbcdn.net\/images\/emoji.php\/v9\/tf3\/1\/16\/1f539.png\" alt=\"\ud83d\udd39\" width=\"16\" height=\"16\" \/> \u01afu \u0111\u00e3i di chuy\u1ec3n\u00a0 v\u1edbi d\u1ecbch v\u1ee5 GrabCar, gi\u1ea3m 30% t\u1ed1i \u0111a 100K cho c\u00e1c chuy\u1ebfn xe \u0111\u1ebfn v\u00e0 \u0111i t\u1eeb \u00a0B\u1ebfn xe, S\u00e2n bay tr\u00ean to\u00e0n qu\u1ed1c.<\/span><\/div>\n<div dir=\"auto\"><span class=\"x3nfvp2 x1j61x8r x1fcty0u xdj266r xhhsvwb xat24cr xgzva0m xxymvpz xlup9mm x1kky2od\"><img loading=\"lazy\" decoding=\"async\" src=\"https:\/\/static.xx.fbcdn.net\/images\/emoji.php\/v9\/tf3\/1\/16\/1f539.png\" alt=\"\ud83d\udd39\" width=\"16\" height=\"16\" \/><\/span> S\u1ed1 l\u01b0\u1ee3ng cu\u1ed1c xe \u0111\u01b0\u1ee3c \u01b0u \u0111\u00e3i: 4 cu\u1ed1c xe<\/div>\n<div dir=\"auto\"><\/div>\n<\/div>\n<div class=\"x11i5rnm xat24cr x1mh8g0r x1vvkbs xtlvy1s x126k92a\"><\/div>\n<div dir=\"auto\"><\/div>\n<p><span style=\"font-weight: 400\">Mua ngay \u0111\u1ec3 \u0111\u01b0\u1ee3c \u0111\u00f3n \u0111\u01b0a m\u1ed7i ng\u00e0y!<\/span><\/p>\n<p><span style=\"font-weight: 400\">L\u01b0u \u00fd:<\/span><\/p>\n<p><span style=\"font-weight: 400\">\ud83d\udd39Ch\u1ec9 \u00e1p d\u1ee5ng thanh to\u00e1n qua Th\u1ebb ng\u00e2n h\u00e0ng\/V\u00ed Moca \u0111\u1ec3 mua G\u00f3i \u01b0u \u0111\u00e3i GrabBike, GrabCar<\/span><\/p>\n<p><span style=\"font-weight: 400\">\ud83d\udd39Ch\u01b0\u01a1ng tr\u00ecnh ch\u1ec9 \u00e1p d\u1ee5ng t\u1ea1i Th\u00e0nh ph\u1ed1 H\u1ed3 Ch\u00ed Minh v\u00e0 H\u00e0 N\u1ed9i<\/span><\/p>\n<p><span style=\"font-weight: 400\">\ud83d\udd39S\u1ed1 l\u01b0\u1ee3ng g\u00f3i \u01b0u \u0111\u00e3i c\u00f3 gi\u1edbi h\u1ea1n.<\/span><\/p>\n<p><span style=\"font-weight: 400\">\ud83d\udd39\u0110\u1eb7t Grab, nh\u1edb tr\u1ea3 th\u1ebb\/ v\u00ed Moca \u0111\u1ec3 lu\u00f4n an to\u00e0n v\u00e0 h\u01b0\u1edfng \u01b0u \u0111\u00e3i t\u1ed1t h\u01a1n nha.<\/span><\/p>\n<p><span style=\"font-weight: 400\">\ud83d\udd39K\u00edch ho\u1ea1t V\u00ed Moca: https:\/\/grb.to\/KichHoatViMoca<\/span><\/p>\n<p><span style=\"font-weight: 400\">ho\u1eb7c li\u00ean k\u1ebft th\u1ebb v\u00e0o Grab ngay: https:\/\/grb.to\/GanTheThanhToanTT<\/span><\/p>\n<p><span style=\"font-weight: 400\">#GrabBike #GrabCar #GoiHoiVien<\/span><\/p>\n<p>&nbsp;<\/p>\n","protected":false},"excerpt":{"rendered":"\ud83c\udf1f G\u00f3i H\u1ed9i Vi\u00ean \u0111i Grab, \u01b0u \u0111\u00e3i tr\u1ecdn g\u00f3i \u0111\u1ebf 3 tri\u1ec7u \u0111\u1ed3ng \ud83d\udc9aT\u1ea1m bi\u1ec7t m\u1ec7t m\u1ecfi v\u00ec \u0111i \u201cph\u01b0\u1ee3t&#8221; ch\u1ee5c c\u00e2y s\u1ed1 t\u1eeb nh\u00e0 l\u00ean c\u00f4ng ty, t\u1ef1 tin r\u1ea1ng ng\u1eddi t\u1eeb \u0111\u1ea7u t\u1edbi ch\u00e2n khi \u0111i ch\u01a1i v\u00ec \u0111\u00e3 c\u00f3 Grab \u0111\u01b0a r\u01b0\u1edbc tr\u00ean m\u1ecdi cung \u0111\u01b0\u1eddng. Ngo\u00e0i ra, \u01b0u \u0111\u00e3i c\u00f3 [&hellip;]","protected":false},"author":1427,"featured_media":0,"parent":0,"menu_order":0,"comment_status":"closed","ping_status":"closed","template":"","meta":{"_acf_changed":false,"footnotes":""},"acf":[],"_links":{"self":[{"href":"https:\/\/www.grab.com\/vn\/wp-json\/wp\/v2\/pages\/132395"}],"collection":[{"href":"https:\/\/www.grab.com\/vn\/wp-json\/wp\/v2\/pages"}],"about":[{"href":"https:\/\/www.grab.com\/vn\/wp-json\/wp\/v2\/types\/page"}],"author":[{"embeddable":true,"href":"https:\/\/www.grab.com\/vn\/wp-json\/wp\/v2\/users\/1427"}],"replies":[{"embeddable":true,"href":"https:\/\/www.grab.com\/vn\/wp-json\/wp\/v2\/comments?post=132395"}],"version-history":[{"count":9,"href":"https:\/\/www.grab.com\/vn\/wp-json\/wp\/v2\/pages\/132395\/revisions"}],"predecessor-version":[{"id":138110,"href":"https:\/\/www.grab.com\/vn\/wp-json\/wp\/v2\/pages\/132395\/revisions\/138110"}],"wp:attachment":[{"href":"https:\/\/www.grab.com\/vn\/wp-json\/wp\/v2\/media?parent=132395"}],"curies":[{"name":"wp","href":"https:\/\/api.w.org\/{rel}","templated":true}]}}