{"id":132019,"date":"2022-10-03T10:32:26","date_gmt":"2022-10-03T02:32:26","guid":{"rendered":"https:\/\/www.grab.com\/vn\/?page_id=132019"},"modified":"2022-10-03T10:32:26","modified_gmt":"2022-10-03T02:32:26","slug":"%f0%9f%8c%9f-sieu-sale-10-10-goi-hoi-vien-di-grab-giam-soc-50","status":"publish","type":"page","link":"https:\/\/www.grab.com\/vn\/%f0%9f%8c%9f-sieu-sale-10-10-goi-hoi-vien-di-grab-giam-soc-50\/","title":{"rendered":"\ud83c\udf1f Si\u00eau sale 10.10, G\u00f3i H\u1ed9i Vi\u00ean \u0111i Grab gi\u1ea3m s\u1ed1c 50%"},"content":{"rendered":"<p><span style=\"font-weight: 400\"><img loading=\"lazy\" decoding=\"async\" width=\"1165\" height=\"630\" class=\"alignnone size-full wp-image-132020\" src=\"https:\/\/assets.grab.com\/wp-content\/uploads\/sites\/11\/2022\/10\/03103009\/Grab_GHV_Cover_1165x630_01102022.jpg\" alt=\"\" srcset=\"https:\/\/assets.grab.com\/wp-content\/uploads\/sites\/11\/2022\/10\/03103009\/Grab_GHV_Cover_1165x630_01102022.jpg 1165w, https:\/\/assets.grab.com\/wp-content\/uploads\/sites\/11\/2022\/10\/03103009\/Grab_GHV_Cover_1165x630_01102022-250x135.jpg 250w, https:\/\/assets.grab.com\/wp-content\/uploads\/sites\/11\/2022\/10\/03103009\/Grab_GHV_Cover_1165x630_01102022-700x379.jpg 700w, https:\/\/assets.grab.com\/wp-content\/uploads\/sites\/11\/2022\/10\/03103009\/Grab_GHV_Cover_1165x630_01102022-768x415.jpg 768w, https:\/\/assets.grab.com\/wp-content\/uploads\/sites\/11\/2022\/10\/03103009\/Grab_GHV_Cover_1165x630_01102022-120x65.jpg 120w\" sizes=\"(max-width: 1165px) 100vw, 1165px\" \/><\/span><\/p>\n<p><span style=\"font-weight: 400\">M\u1ecfi m\u1ec7t v\u00ec m\u1ed7i ng\u00e0y \u0111i ph\u01b0\u1ee3t t\u1eeb nh\u00e0 \u0111\u1ebfn c\u00f4ng ty? \u0110i ch\u01a1i \u01b0\u1edbc g\u00ec c\u00f3 ng\u01b0\u1eddi \u0111\u00f3n \u0111\u01b0a \u0111\u1ec3 \u0111\u01b0\u1ee3c \u0111\u1eb9p t\u1eeb t\u00f3c \u0111\u1ebfn ch\u00e2n?<\/span><\/p>\n<p><span style=\"font-weight: 400\">Chuy\u1ec7n nh\u1ecf m\u00e0, mua G\u00f3i H\u1ed9i Vi\u00ean \u0111i Grab \u0111\u1ec3 ng\u00e0y ng\u00e0y \u0111\u1ec1u nh\u1eb9 nh\u00e0ng, tho\u1ea3i m\u00e1i m\u00e0 l\u1ea1i an to\u00e0n, ti\u1ebft ki\u1ec7m.\u00a0<\/span><\/p>\n<p>&nbsp;<\/p>\n<p><span style=\"font-weight: 400\">\u2705 10.10 n\u00e0y G\u00f3i H\u1ed9i Vi\u00ean sale \u0111\u1eadm gi\u1eefa th\u00e1ng, si\u00eau nhi\u1ec1u \u01b0u \u0111\u00e3i cho m\u1ed7i cu\u1ed1c xe! C\u00f2n ch\u1edd g\u00ec m\u00e0 kh\u00f4ng mua.<\/span><\/p>\n<p><span style=\"font-weight: 400\">Chi ti\u1ebft t\u1eebng G\u00f3i H\u1ed9i Vi\u00ean:<\/span><\/p>\n<p><span style=\"font-weight: 400\">\u00a0\ud83d\udef5G\u00f3i H\u1ed9i Vi\u00ean GrabBike:<\/span><\/p>\n<p><span style=\"font-weight: 400\">\u00a0\ud83d\udd39\u01afu \u0111\u00e3i 8% t\u1ed1i \u0111a \ud835\udfef\ud835\udfec.\ud835\udfec\ud835\udfec\ud835\udfec\u0111 v\u00e0 \u01b0u \u0111\u00e3i 20% t\u1ed1i \u0111a \ud835\udff1\ud835\udfec.\ud835\udfec\ud835\udfec\ud835\udfec\u0111 cho cu\u1ed1c xe c\u00f3 gi\u00e1 tr\u1ecb t\u1eeb 40.000\u0111.<\/span><\/p>\n<p><span style=\"font-weight: 400\">\u00a0\ud83d\udd39Gi\u00e1 \u01b0u \u0111\u00e3i 50%: 1\u03350\u03350\u0335.\u03350\u03350\u03350\u0335\u0111\u0335\/\u0335g\u0335\u00f3\u0335i\u0335\u0335 \ud83d\udc49 50.000\u0111<\/span><\/p>\n<p><span style=\"font-weight: 400\">\u00a0\ud83d\udd39S\u1ed1 l\u01b0\u1ee3ng cu\u1ed1c xe \u0111\u01b0\u1ee3c \u01b0u \u0111\u00e3i: 30 cu\u1ed1c cho m\u1ed7i \u01b0u \u0111\u00e3i.<\/span><\/p>\n<p><span style=\"font-weight: 400\">\u00a0\ud83d\udd39H\u1ea1n s\u1eed d\u1ee5ng: 1 th\u00e1ng.<\/span><span style=\"font-weight: 400\"><\/p>\n<p><\/span><\/p>\n<p><span style=\"font-weight: 400\">\ud83d\ude97 G\u00f3i H\u1ed9i Vi\u00ean GrabCar:<\/span><\/p>\n<p><span style=\"font-weight: 400\">\u00a0\ud83d\udd39\u01afu \u0111\u00e3i 8% t\u1ed1i \u0111a \ud835\udff1\ud835\udfec.\ud835\udfec\ud835\udfec\ud835\udfec\u0111 v\u00e0 20% t\u1ed1i \u0111a \ud835\udfcf\ud835\udfce\ud835\udfce.\ud835\udfce\ud835\udfce\ud835\udfce\u0111 cho cu\u1ed1c xe c\u00f3 gi\u00e1 tr\u1ecb t\u1eeb 80.000\u0111.<\/span><\/p>\n<p><span style=\"font-weight: 400\">\u00a0\ud83d\udd39Gi\u00e1 \u01b0u \u0111\u00e3i 50%:\u00a0 \u03352\u03350\u03350\u0335.\u03350\u03350\u03350\u0335\u0111\u0335\/\u0335g\u0335\u00f3\u0335i\u0335 \ud83d\udc49 100.000\u0111<\/span><\/p>\n<p><span style=\"font-weight: 400\">\u00a0\ud83d\udd39S\u1ed1 l\u01b0\u1ee3ng cu\u1ed1c xe \u0111\u01b0\u1ee3c \u01b0u \u0111\u00e3i: 30 cu\u1ed1c cho m\u1ed7i \u01b0u \u0111\u00e3i.<\/span><\/p>\n<p><span style=\"font-weight: 400\">\u00a0\ud83d\udd39H\u1ea1n s\u1eed d\u1ee5ng: 1 th\u00e1ng.<\/span><\/p>\n<p><span style=\"font-weight: 400\">\u2757Th\u1eddi gian \u01b0u \u0111\u00e3i c\u00f3 h\u1ea1n, ch\u1ec9 5 ng\u00e0y duy nh\u1ea5t: 10\/10\/2022 &#8211; 16\/10\/2022\u00a0<\/span><\/p>\n<p><span style=\"font-weight: 400\">Mua ngay \u0111\u1ec3 \u0111\u01b0\u1ee3c \u0111\u00f3n \u0111\u01b0a m\u1ed7i ng\u00e0y!<\/span><\/p>\n<p>&nbsp;<\/p>\n<p><span style=\"font-weight: 400\">L\u01b0u \u00fd:<\/span><\/p>\n<p><span style=\"font-weight: 400\">\ud83d\udd39Ch\u1ec9 \u00e1p d\u1ee5ng thanh to\u00e1n qua Th\u1ebb ng\u00e2n h\u00e0ng\/V\u00ed Moca \u0111\u1ec3 mua G\u00f3i \u01b0u \u0111\u00e3i GrabBike, GrabCar<\/span><\/p>\n<p><span style=\"font-weight: 400\">\ud83d\udd39C\u01b0\u01a1ng tr\u00ecnh ch\u1ec9 \u00e1p d\u1ee5ng t\u1ea1i Th\u00e0nh ph\u1ed1 H\u1ed3 Ch\u00ed Minh v\u00e0 H\u00e0 N\u1ed9i.<\/span><\/p>\n<p><span style=\"font-weight: 400\">\ud83d\udd39S\u1ed1 l\u01b0\u1ee3ng g\u00f3i \u01b0u \u0111\u00e3i c\u00f3 gi\u1edbi h\u1ea1n v\u00e0 ch\u1ec9 \u00e1p d\u1ee5ng v\u1edbi ng\u01b0\u1eddi ch\u01b0a mua g\u00f3i.<\/span><\/p>\n<p><span style=\"font-weight: 400\">\ud83d\udd39\u0110\u1eb7t Grab, nh\u1edb tr\u1ea3 th\u1ebb\/ v\u00ed Moca \u0111\u1ec3 lu\u00f4n an to\u00e0n v\u00e0 h\u01b0\u1edfng \u01b0u \u0111\u00e3i t\u1ed1t h\u01a1n nha.<\/span><\/p>\n<p><span style=\"font-weight: 400\">\ud83d\udd39K\u00edch ho\u1ea1t V\u00ed Moca: https:\/\/grb.to\/KichHoatViMoca<\/span><\/p>\n<p><span style=\"font-weight: 400\">ho\u1eb7c li\u00ean k\u1ebft th\u1ebb v\u00e0o Grab ngay:https:\/\/grb.to\/GanTheThanhToanTT<\/span><\/p>\n<p>&nbsp;<\/p>\n<p><strong>Xem chi ti\u1ebft G\u00f3i H\u1ed9i vi\u00ean GrabBike<\/strong><\/p>\n<p>\u2013 <span style=\"font-weight: 400\">\u01afu \u0111\u00e3i 8% t\u1ed1i \u0111a \ud835\udfef\ud835\udfec.\ud835\udfec\ud835\udfec\ud835\udfec\u0111 v\u00e0 \u01b0u \u0111\u00e3i 20% t\u1ed1i \u0111a \ud835\udff1\ud835\udfec.\ud835\udfec\ud835\udfec\ud835\udfec\u0111 cho cu\u1ed1c xe c\u00f3 gi\u00e1 tr\u1ecb t\u1eeb 40.000\u0111<\/span>\u00a0t\u1ea1i th\u00e0nh ph\u1ed1 H\u1ed3 Ch\u00ed Minh v\u00e0 H\u00e0 N\u1ed9i.<\/p>\n<p>\u2013 \u01afu \u0111\u00e3i \u00e1p d\u1ee5ng cho c\u00e1c chuy\u1ebfn xe \u0111\u01b0\u1ee3c thanh to\u00e1n b\u1eb1ng m\u1ecdi ph\u01b0\u01a1ng th\u1ee9c thanh to\u00e1n.<\/p>\n<p>\u2013 C\u00e1c \u01b0u \u0111\u00e3i kh\u00f4ng bao g\u1ed3m ph\u1ee5 ph\u00ed, ng\u01b0\u1eddi d\u00f9ng vui l\u00f2ng thanh to\u00e1n Ph\u00ed c\u1ea7u \u0111\u01b0\u1eddng v\u00e0 ph\u1ee5 ph\u00ed kh\u00e1c (n\u1ebfu c\u00f3) v\u1edbi \u0110\u1ed1i t\u00e1c t\u00e0i x\u1ebf.<\/p>\n<p>\u2013 \u01afu \u0111\u00e3i kh\u00f4ng \u00e1p d\u1ee5ng c\u00f9ng l\u00fac v\u1edbi c\u00e1c ch\u01b0\u01a1ng tr\u00ecnh khuy\u1ebfn m\u00e3i v\u00e0\/ ho\u1eb7c \u01b0u \u0111\u00e3i kh\u00e1c c\u1ee7a Grab.<\/p>\n<p>&nbsp;<\/p>\n<p><strong>Xem chi ti\u1ebft G\u00f3i H\u1ed9i vi\u00ean GrabCar<\/strong><\/p>\n<p>\u2013 <span style=\"font-weight: 400\">\u01afu \u0111\u00e3i 8% t\u1ed1i \u0111a \ud835\udff1\ud835\udfec.\ud835\udfec\ud835\udfec\ud835\udfec\u0111 v\u00e0 20% t\u1ed1i \u0111a \ud835\udfcf\ud835\udfce\ud835\udfce.\ud835\udfce\ud835\udfce\ud835\udfce\u0111 cho cu\u1ed1c xe c\u00f3 gi\u00e1 tr\u1ecb t\u1eeb 80.000\u0111<\/span>\u00a0t\u1ea1i th\u00e0nh ph\u1ed1 H\u1ed3 Ch\u00ed Minh v\u00e0 H\u00e0 N\u1ed9i.<\/p>\n<p>\u2013 \u01afu \u0111\u00e3i \u00e1p d\u1ee5ng cho c\u00e1c chuy\u1ebfn xe \u0111\u01b0\u1ee3c thanh to\u00e1n b\u1eb1ng m\u1ecdi ph\u01b0\u01a1ng th\u1ee9c thanh to\u00e1n.<\/p>\n<p>\u2013 C\u00e1c \u01b0u \u0111\u00e3i kh\u00f4ng bao g\u1ed3m ph\u1ee5 ph\u00ed, ng\u01b0\u1eddi d\u00f9ng vui l\u00f2ng thanh to\u00e1n Ph\u00ed c\u1ea7u \u0111\u01b0\u1eddng v\u00e0 ph\u1ee5 ph\u00ed kh\u00e1c (n\u1ebfu c\u00f3) v\u1edbi \u0110\u1ed1i t\u00e1c t\u00e0i x\u1ebf.<\/p>\n<p>\u2013 \u01afu \u0111\u00e3i kh\u00f4ng \u00e1p d\u1ee5ng c\u00f9ng l\u00fac v\u1edbi c\u00e1c ch\u01b0\u01a1ng tr\u00ecnh khuy\u1ebfn m\u00e3i v\u00e0\/ ho\u1eb7c \u01b0u \u0111\u00e3i kh\u00e1c c\u1ee7a Grab.<\/p>\n<p>&nbsp;<\/p>\n","protected":false},"excerpt":{"rendered":"M\u1ecfi m\u1ec7t v\u00ec m\u1ed7i ng\u00e0y \u0111i ph\u01b0\u1ee3t t\u1eeb nh\u00e0 \u0111\u1ebfn c\u00f4ng ty? \u0110i ch\u01a1i \u01b0\u1edbc g\u00ec c\u00f3 ng\u01b0\u1eddi \u0111\u00f3n \u0111\u01b0a \u0111\u1ec3 \u0111\u01b0\u1ee3c \u0111\u1eb9p t\u1eeb t\u00f3c \u0111\u1ebfn ch\u00e2n? Chuy\u1ec7n nh\u1ecf m\u00e0, mua G\u00f3i H\u1ed9i Vi\u00ean \u0111i Grab \u0111\u1ec3 ng\u00e0y ng\u00e0y \u0111\u1ec1u nh\u1eb9 nh\u00e0ng, tho\u1ea3i m\u00e1i m\u00e0 l\u1ea1i an to\u00e0n, ti\u1ebft ki\u1ec7m.\u00a0 &nbsp; \u2705 10.10 n\u00e0y G\u00f3i [&hellip;]","protected":false},"author":1427,"featured_media":0,"parent":0,"menu_order":0,"comment_status":"closed","ping_status":"closed","template":"","meta":{"_acf_changed":false,"footnotes":""},"acf":[],"_links":{"self":[{"href":"https:\/\/www.grab.com\/vn\/wp-json\/wp\/v2\/pages\/132019"}],"collection":[{"href":"https:\/\/www.grab.com\/vn\/wp-json\/wp\/v2\/pages"}],"about":[{"href":"https:\/\/www.grab.com\/vn\/wp-json\/wp\/v2\/types\/page"}],"author":[{"embeddable":true,"href":"https:\/\/www.grab.com\/vn\/wp-json\/wp\/v2\/users\/1427"}],"replies":[{"embeddable":true,"href":"https:\/\/www.grab.com\/vn\/wp-json\/wp\/v2\/comments?post=132019"}],"version-history":[{"count":1,"href":"https:\/\/www.grab.com\/vn\/wp-json\/wp\/v2\/pages\/132019\/revisions"}],"predecessor-version":[{"id":132021,"href":"https:\/\/www.grab.com\/vn\/wp-json\/wp\/v2\/pages\/132019\/revisions\/132021"}],"wp:attachment":[{"href":"https:\/\/www.grab.com\/vn\/wp-json\/wp\/v2\/media?parent=132019"}],"curies":[{"name":"wp","href":"https:\/\/api.w.org\/{rel}","templated":true}]}}