{"id":13194,"date":"2017-08-18T11:44:28","date_gmt":"2017-08-18T03:44:28","guid":{"rendered":"https:\/\/www.grab.com\/vn\/?page_id=13194"},"modified":"2017-08-25T16:31:41","modified_gmt":"2017-08-25T08:31:41","slug":"cam-on-ban-da-tham-gia-vong-quay-may-man-cung-grab","status":"publish","type":"page","link":"https:\/\/www.grab.com\/vn\/cam-on-ban-da-tham-gia-vong-quay-may-man-cung-grab\/","title":{"rendered":"C\u1ea3m \u01a1n b\u1ea1n \u0111\u00e3 tham gia V\u00f2ng Quay May M\u1eafn c\u00f9ng Grab!"},"content":{"rendered":"<p style=\"text-align: center\">Grab hy v\u1ecdng ch\u01b0\u01a1ng tr\u00ecnh \u0111\u00e3 mang \u0111\u1ebfn cho b\u1ea1n tr\u1ea3i nghi\u1ec7m th\u00fa v\u1ecb.<\/p>\n<p style=\"text-align: center\">L\u01b0\u1ee3t quay c\u1ee7a b\u1ea1n v\u00e0 c\u00e1c m\u00e3 khuy\u1ebfn m\u00e3i li\u00ean quan \u0111\u1ebfn ch\u01b0\u01a1ng tr\u00ecnh \u0111\u00e3 h\u1ebft hi\u1ec7u l\u1ef1c.<\/p>\n<p style=\"text-align: center\">H\u00e3y lu\u00f4n \u0111\u1ed3ng h\u00e0nh c\u00f9ng Grab v\u00e0 \u0111\u00f3n ch\u1edd nh\u1eefng \u01b0u \u0111\u00e3i l\u1ea7n sau.<\/p>\n","protected":false},"excerpt":{"rendered":"Grab hy v\u1ecdng ch\u01b0\u01a1ng tr\u00ecnh \u0111\u00e3 mang \u0111\u1ebfn cho b\u1ea1n tr\u1ea3i nghi\u1ec7m th\u00fa v\u1ecb. L\u01b0\u1ee3t quay c\u1ee7a b\u1ea1n v\u00e0 c\u00e1c m\u00e3 khuy\u1ebfn m\u00e3i li\u00ean quan \u0111\u1ebfn ch\u01b0\u01a1ng tr\u00ecnh \u0111\u00e3 h\u1ebft hi\u1ec7u l\u1ef1c. H\u00e3y lu\u00f4n \u0111\u1ed3ng h\u00e0nh c\u00f9ng Grab v\u00e0 \u0111\u00f3n ch\u1edd nh\u1eefng \u01b0u \u0111\u00e3i l\u1ea7n sau.","protected":false},"author":592,"featured_media":0,"parent":0,"menu_order":4,"comment_status":"closed","ping_status":"closed","template":"tpl\/tpl-page-elements.php","meta":{"_acf_changed":false,"footnotes":""},"acf":[],"_links":{"self":[{"href":"https:\/\/www.grab.com\/vn\/wp-json\/wp\/v2\/pages\/13194"}],"collection":[{"href":"https:\/\/www.grab.com\/vn\/wp-json\/wp\/v2\/pages"}],"about":[{"href":"https:\/\/www.grab.com\/vn\/wp-json\/wp\/v2\/types\/page"}],"author":[{"embeddable":true,"href":"https:\/\/www.grab.com\/vn\/wp-json\/wp\/v2\/users\/592"}],"replies":[{"embeddable":true,"href":"https:\/\/www.grab.com\/vn\/wp-json\/wp\/v2\/comments?post=13194"}],"version-history":[{"count":3,"href":"https:\/\/www.grab.com\/vn\/wp-json\/wp\/v2\/pages\/13194\/revisions"}],"predecessor-version":[{"id":13421,"href":"https:\/\/www.grab.com\/vn\/wp-json\/wp\/v2\/pages\/13194\/revisions\/13421"}],"wp:attachment":[{"href":"https:\/\/www.grab.com\/vn\/wp-json\/wp\/v2\/media?parent=13194"}],"curies":[{"name":"wp","href":"https:\/\/api.w.org\/{rel}","templated":true}]}}