{"id":129359,"date":"2022-08-31T17:19:40","date_gmt":"2022-08-31T09:19:40","guid":{"rendered":"https:\/\/www.grab.com\/vn\/?page_id=129359"},"modified":"2022-08-31T17:20:00","modified_gmt":"2022-08-31T09:20:00","slug":"%f0%9f%8e%89hoa-khach-du-lich-dat-grab-vi-vu-choi-le-2","status":"publish","type":"page","link":"https:\/\/www.grab.com\/vn\/%f0%9f%8e%89hoa-khach-du-lich-dat-grab-vi-vu-choi-le-2\/","title":{"rendered":"\ud83c\udf89H\u00f3a kh\u00e1ch du l\u1ecbch, \u0111\u1eb7t Grab vi vu ch\u01a1i l\u1ec5"},"content":{"rendered":"<p><img loading=\"lazy\" decoding=\"async\" width=\"1800\" height=\"1206\" class=\"alignnone size-full wp-image-129437\" src=\"https:\/\/assets.grab.com\/wp-content\/uploads\/sites\/11\/2022\/08\/31171850\/cover-2.png\" alt=\"\" srcset=\"https:\/\/assets.grab.com\/wp-content\/uploads\/sites\/11\/2022\/08\/31171850\/cover-2.png 1800w, https:\/\/assets.grab.com\/wp-content\/uploads\/sites\/11\/2022\/08\/31171850\/cover-2-250x168.png 250w, https:\/\/assets.grab.com\/wp-content\/uploads\/sites\/11\/2022\/08\/31171850\/cover-2-700x469.png 700w, https:\/\/assets.grab.com\/wp-content\/uploads\/sites\/11\/2022\/08\/31171850\/cover-2-768x515.png 768w, https:\/\/assets.grab.com\/wp-content\/uploads\/sites\/11\/2022\/08\/31171850\/cover-2-1536x1029.png 1536w, https:\/\/assets.grab.com\/wp-content\/uploads\/sites\/11\/2022\/08\/31171850\/cover-2-120x80.png 120w\" sizes=\"(max-width: 1800px) 100vw, 1800px\" \/><\/p>\n<p><strong>\ud83c\udf89H\u00f3a kh\u00e1ch du l\u1ecbch, \u0111\u1eb7t Grab vi vu ch\u01a1i l\u1ec5<\/strong><\/p>\n<p>\ud83d\ude97\ud83d\udef5D\u1ecbp l\u1ec5 kh\u00f4ng \u0111i \u0111\u00e2u xa, th\u00ec m\u00ecnh d\u1ea1o ch\u01a1i quanh H\u00e0 N\u1ed9i! H\u00e3y bi\u1ebfn chuy\u1ebfn d\u1ea1o ch\u01a1i tr\u1edf n\u00ean m\u1edbi m\u1ebb h\u01a1n b\u1eb1ng vi\u1ec7c th\u1eed h\u00f3a th\u00e2n l\u00e0m kh\u00e1ch du l\u1ecbch tr\u00ean ch\u00ednh H\u00e0 N\u1ed9i th\u00e2n y\u00eau!<\/p>\n<p>\ud83c\udf3f\u0110\u1eb7t Grab vi vu qu\u1eadn Ho\u00e0n Ki\u1ebfm, gh\u00e9 l\u1ea1i nh\u1eefng \u0111i\u1ec3m vui ch\u01a1i quen thu\u1ed9c d\u01b0\u1edbi t\u00e2m th\u1ebf kh\u00e1ch du l\u1ecbch &#8211; k\u1ef3 ngh\u1ec9 l\u1ec5 n\u0103m nay s\u1ebd kh\u00e1c l\u1eafm!<\/p>\n<p>\ud83d\udc9aNh\u1eadp m\u00e3 <strong>HOANKIEM<\/strong> \u0111\u1ec3 \u0111\u01b0\u1ee3c \u01b0u \u0111\u00e3i 20% t\u1ed1i \u0111a 25.000\u0111 cho m\u1ed7i chuy\u1ebfn GrabBike v\u00e0 GrabCar quanh khu v\u1ef1c qu\u1eadn Ho\u00e0n Ki\u1ebfm b\u1ea1n nha!<\/p>\n<p>Grab g\u1ee3i \u00fd 3 \u0111\u1ecba \u0111i\u1ec3m b\u1ea1n n\u00ean kh\u00e1m ph\u00e1 m\u00f9a l\u1ec5 n\u00e0y:<br \/>\n\u2705\u0110\u1ebfn Nh\u00e0 h\u00e1t Th\u0103ng Long, xem m\u00faa r\u1ed1i tu\u1ed5i th\u01a1<br \/>\n\u2705Gh\u00e9 th\u0103m Nh\u00e0 Th\u1edd L\u1edbn, c\u1ea3m nh\u1eadn nh\u1ecbp b\u00ecnh y\u00ean<br \/>\n\u2705Th\u1eed \u0111i xe bu\u00fdt 2 t\u1ea7ng, ng\u1eafm tr\u1ecdn view th\u00e0nh ph\u1ed1<\/p>\n<p>\u2728Klook \u0111ang c\u00f3 \u01b0u \u0111\u00e3i v\u00e9 v\u00e0o c\u1ed5ng cho c\u00e1c \u0111\u1ecba \u0111i\u1ec3m tr\u00ean. M\u1edf m\u1ee5c Tr\u1ea3i nghi\u1ec7m trong \u1ee9ng d\u1ee5ng Grab \u0111\u1ec3 s\u0103n \u01b0u \u0111\u00e3i t\u1eeb Klook, t\u1ed1i \u01b0u chuy\u1ebfn \u0111i ch\u01a1i m\u00f9a l\u1ec5 n\u1eefa n\u00e8.<\/p>\n<p>\ud83d\udc49\u0110\u1eb7t Grab vi vu ngay!<\/p>\n<p>(*) \u0110i\u1ec1u ki\u1ec7n \u0111i\u1ec1u kho\u1ea3n \u00e1p d\u1ee5ng:<br \/>\n\ud83d\udccc\u00c1p d\u1ee5ng cho c\u00e1c chuy\u1ebfn xe c\u00f3 \u0111i\u1ec3m th\u1ea3 kh\u00e1ch t\u1ea1i qu\u1eadn Ho\u00e0n Ki\u1ebfm, th\u1ee7 \u0111\u00f4 H\u00e0 N\u1ed9i<br \/>\n\ud83d\udcccKhung gi\u1edd \u00e1p d\u1ee5ng \u01b0u \u0111\u00e3i t\u1eeb 9h t\u1edbi 22h m\u1ed7i ng\u00e0y.<br \/>\n\ud83d\udccc\u00c1p d\u1ee5ng cho m\u1ecdi h\u00ecnh th\u1ee9c thanh to\u00e1n.<br \/>\n\ud83d\udccc\u01afu \u0111\u00e3i kh\u00f4ng bao g\u1ed3m ph\u1ee5 ph\u00ed, ng\u01b0\u1eddi d\u00f9ng vui l\u00f2ng thanh to\u00e1n ph\u1ee5 ph\u00ed (n\u1ebfu c\u00f3) v\u1edbi \u0110\u1ed1i t\u00e1c t\u00e0i x\u1ebf.<br \/>\n\ud83d\udcccM\u1ed7i ng\u01b0\u1eddi d\u00f9ng c\u00f3 th\u1ec3 s\u1eed d\u1ee5ng \u01b0u \u0111\u00e3i t\u1ed1i \u0111a 01 l\u1ea7n\/ ng\u00e0y v\u00e0 10 l\u1ea7n trong su\u1ed1t th\u1eddi gian di\u1ec5n ra ch\u01b0\u01a1ng tr\u00ecnh.<br \/>\n\ud83d\udcccS\u1ed1 l\u01b0\u1ee3ng \u01b0u \u0111\u00e3i c\u00f3 gi\u1edbi h\u1ea1n m\u1ed7i ng\u00e0y.<br \/>\n\ud83d\udcccCh\u1ec9 \u00e1p d\u1ee5ng cho ng\u01b0\u1eddi d\u00f9ng nh\u1eadn \u0111\u01b0\u1ee3c th\u00f4ng b\u00e1o.<br \/>\n\ud83d\udcccCh\u1ec9 \u00e1p d\u1ee5ng v\u1edbi phi\u00ean b\u1ea3n app m\u1edbi nh\u1ea5t.<\/p>\n<p>&nbsp;<\/p>\n","protected":false},"excerpt":{"rendered":"\ud83c\udf89H\u00f3a kh\u00e1ch du l\u1ecbch, \u0111\u1eb7t Grab vi vu ch\u01a1i l\u1ec5 \ud83d\ude97\ud83d\udef5D\u1ecbp l\u1ec5 kh\u00f4ng \u0111i \u0111\u00e2u xa, th\u00ec m\u00ecnh d\u1ea1o ch\u01a1i quanh H\u00e0 N\u1ed9i! H\u00e3y bi\u1ebfn chuy\u1ebfn d\u1ea1o ch\u01a1i tr\u1edf n\u00ean m\u1edbi m\u1ebb h\u01a1n b\u1eb1ng vi\u1ec7c th\u1eed h\u00f3a th\u00e2n l\u00e0m kh\u00e1ch du l\u1ecbch tr\u00ean ch\u00ednh H\u00e0 N\u1ed9i th\u00e2n y\u00eau! \ud83c\udf3f\u0110\u1eb7t Grab vi vu qu\u1eadn Ho\u00e0n Ki\u1ebfm, [&hellip;]","protected":false},"author":1427,"featured_media":0,"parent":0,"menu_order":0,"comment_status":"closed","ping_status":"closed","template":"","meta":{"_acf_changed":false,"footnotes":""},"acf":[],"_links":{"self":[{"href":"https:\/\/www.grab.com\/vn\/wp-json\/wp\/v2\/pages\/129359"}],"collection":[{"href":"https:\/\/www.grab.com\/vn\/wp-json\/wp\/v2\/pages"}],"about":[{"href":"https:\/\/www.grab.com\/vn\/wp-json\/wp\/v2\/types\/page"}],"author":[{"embeddable":true,"href":"https:\/\/www.grab.com\/vn\/wp-json\/wp\/v2\/users\/1427"}],"replies":[{"embeddable":true,"href":"https:\/\/www.grab.com\/vn\/wp-json\/wp\/v2\/comments?post=129359"}],"version-history":[{"count":2,"href":"https:\/\/www.grab.com\/vn\/wp-json\/wp\/v2\/pages\/129359\/revisions"}],"predecessor-version":[{"id":129439,"href":"https:\/\/www.grab.com\/vn\/wp-json\/wp\/v2\/pages\/129359\/revisions\/129439"}],"wp:attachment":[{"href":"https:\/\/www.grab.com\/vn\/wp-json\/wp\/v2\/media?parent=129359"}],"curies":[{"name":"wp","href":"https:\/\/api.w.org\/{rel}","templated":true}]}}