{"id":129188,"date":"2022-08-30T14:32:41","date_gmt":"2022-08-30T06:32:41","guid":{"rendered":"https:\/\/www.grab.com\/vn\/?page_id=129188"},"modified":"2022-08-30T14:44:50","modified_gmt":"2022-08-30T06:44:50","slug":"sieu-sale-9-9-exp","status":"publish","type":"page","link":"https:\/\/www.grab.com\/vn\/sieu-sale-9-9-exp\/","title":{"rendered":"\ud83c\udf8a Si\u00eau sale 9.9 Grab t\u1eb7ng b\u1ea1n m\u1edbi \u01b0u \u0111\u00e3i c\u1ef1c hot!"},"content":{"rendered":"<p><img loading=\"lazy\" decoding=\"async\" width=\"1200\" height=\"600\" class=\"alignnone size-full wp-image-129140\" src=\"https:\/\/assets.grab.com\/wp-content\/uploads\/sites\/11\/2022\/08\/30110921\/1200x600_Grab99_TPT.jpg\" alt=\"\" srcset=\"https:\/\/assets.grab.com\/wp-content\/uploads\/sites\/11\/2022\/08\/30110921\/1200x600_Grab99_TPT.jpg 1200w, https:\/\/assets.grab.com\/wp-content\/uploads\/sites\/11\/2022\/08\/30110921\/1200x600_Grab99_TPT-250x125.jpg 250w, https:\/\/assets.grab.com\/wp-content\/uploads\/sites\/11\/2022\/08\/30110921\/1200x600_Grab99_TPT-700x350.jpg 700w, https:\/\/assets.grab.com\/wp-content\/uploads\/sites\/11\/2022\/08\/30110921\/1200x600_Grab99_TPT-768x384.jpg 768w, https:\/\/assets.grab.com\/wp-content\/uploads\/sites\/11\/2022\/08\/30110921\/1200x600_Grab99_TPT-120x60.jpg 120w\" sizes=\"(max-width: 1200px) 100vw, 1200px\" \/><\/p>\n<p><strong>\ud83c\udf8a\u00a0Si\u00eau sale 9.9, Grab \u0111\u00f3n m\u1eebng b\u1ea1n m\u1edbi!<\/strong><\/p>\n<p><span style=\"font-weight: 400\">\ud83e\udd73 <\/span><span style=\"font-weight: 400\">Si\u00eau \u01b0u \u0111\u00e3i 9.9 \u0111\u1eb7c bi\u1ec7t t\u1eb7ng cho b\u1ea1n m\u1edbi khi s\u1eed d\u1ee5ng d\u1ecbch v\u1ee5 di chuy\u1ec3n GrabBike, GrabCar trong th\u00e1ng 09. Tha h\u1ed3 di chuy\u1ec3n mu\u00f4n n\u01a1i v\u1eeba an to\u00e0n, ti\u1ec7n l\u1ee3i l\u1ea1i c\u00f2n si\u00eau ti\u1ebft ki\u1ec7m!\u00a0<\/span><\/p>\n<p><span style=\"font-weight: 400\">\ud83d\udef5 <strong>BANMOI1KGB<\/strong> &#8211; \u0111\u1ed3ng gi\u00e1 1K chuy\u1ebfn GrabBike \u0111\u1ea7u ti\u00ean, \u00e1p d\u1ee5ng cho chuy\u1ebfn xe d\u01b0\u1edbi ho\u1eb7c b\u1eb1ng 20.000\u0111.\u00a0<\/span><\/p>\n<p><span style=\"font-weight: 400\">\ud83d\ude97\u00a0<strong>BANMOIGC<\/strong> &#8211; gi\u1ea3m 50% t\u1ed1i \u0111a 40.000\u0111 cho chuy\u1ebfn \u0111\u1ea7u ti\u00ean<\/span><\/p>\n<p>\u2728<span style=\"font-weight: 400\">Ch\u01b0\u01a1ng tr\u00ecnh di\u1ec5n ra t\u1eeb 01\/09 \u0111\u1ebfn h\u1ebft 30\/09\/2022. T\u1ea3i app \u0111\u1eb7t xe, \u01b0u \u0111\u00e3i \u0111\u1ec3 Grab lo nhaaa!<\/span><\/p>\n<p>L\u01b0u \u00fd:<br \/>\n\u2705(*) \u01afu \u0111\u00e3i \u00e1p d\u1ee5ng to\u00e0n qu\u1ed1c, ngo\u1ea1i tr\u1eeb Th\u00e0nh ph\u1ed1 H\u1ed3 Ch\u00ed Minh v\u00e0 H\u00e0 N\u1ed9i<br \/>\n\u2705(*) S\u1ed1 l\u01b0\u1ee3ng gi\u1edbi h\u1ea1n m\u1ed7i ng\u00e0y.<\/p>\n<p>#GrabBike #GrabCar #SieuSale99<\/p>\n<p>&nbsp;<\/p>\n<p><strong>Xem chi ti\u1ebft ch\u01b0\u01a1ng tr\u00ecnh \u01b0u \u0111\u00e3i GrabBike t\u1ea1i \u0111\u00e2y<\/strong><\/p>\n<p>\u2013 \u01afu \u0111\u00e3i \u0111\u1ed3ng gi\u00e1 1.000\u0111 cho c\u00e1c chuy\u1ebfn xe c\u00f3 c\u01b0\u1edbc ph\u00ed d\u01b0\u1edbi ho\u1eb7c b\u1eb1ng 20.000\u0111. V\u1edbi c\u00e1c chuy\u1ebfn xe c\u00f3 c\u01b0\u1edbc ph\u00ed t\u1eeb 21.000\u0111 tr\u1edf l\u00ean, \u01b0u \u0111\u00e3i t\u1ed1i \u0111a 19.000\u0111 \u00e1p d\u1ee5ng cho h\u00e0nh kh\u00e1ch l\u1ea7n \u0111\u1ea7u s\u1eed d\u1ee5ng c\u00e1c d\u1ecbch v\u1ee5 di chuy\u1ec3n GrabBike<\/p>\n<p>\u2013 \u00c1p d\u1ee5ng cho h\u00e0nh kh\u00e1ch l\u1ea7n \u0111\u1ea7u s\u1eed d\u1ee5ng c\u00e1c d\u1ecbch v\u1ee5 di chuy\u1ec3n GrabBike t\u1ea1i H\u1ea3i Ph\u00f2ng, Nha Trang, B\u00ecnh D\u01b0\u01a1ng, \u0110\u1ed3ng Nai, C\u1ea7n Th\u01a1, V\u0169ng T\u00e0u, L\u00e2m \u0110\u1ed3ng, \u0110\u1eafk L\u1eafk v\u00e0 \u0110\u00e0 N\u1eb5ng<\/p>\n<p>\u2013 \u00c1p d\u1ee5ng cho m\u1ecdi ph\u01b0\u01a1ng th\u1ee9c thanh to\u00e1n.<\/p>\n<p>\u2013 \u01afu \u0111\u00e3i kh\u00f4ng bao g\u1ed3m ph\u1ee5 ph\u00ed, ng\u01b0\u1eddi d\u00f9ng vui l\u00f2ng thanh to\u00e1n ph\u1ee5 ph\u00ed (n\u1ebfu c\u00f3) v\u1edbi \u0110\u1ed1i t\u00e1c t\u00e0i x\u1ebf.<\/p>\n<p>\u2013 M\u1ed7i ng\u01b0\u1eddi d\u00f9ng c\u00f3 th\u1ec3 s\u1eed d\u1ee5ng \u01b0u \u0111\u00e3i t\u1ed1i \u0111a 01 l\u1ea7n trong su\u1ed1t th\u1eddi gian di\u1ec5n ra ch\u01b0\u01a1ng tr\u00ecnh.<\/p>\n<p>\u2013 S\u1ed1 l\u01b0\u1ee3ng \u01b0u \u0111\u00e3i c\u00f3 gi\u1edbi h\u1ea1n m\u1ed7i ng\u00e0y.<\/p>\n<p>\u2013 Ch\u1ec9 \u00e1p d\u1ee5ng cho ng\u01b0\u1eddi d\u00f9ng nh\u1eadn \u0111\u01b0\u1ee3c th\u00f4ng b\u00e1o.<\/p>\n<p>\u2013 Ch\u1ec9 \u00e1p d\u1ee5ng v\u1edbi phi\u00ean b\u1ea3n app m\u1edbi nh\u1ea5t.<\/p>\n<p>&nbsp;<\/p>\n<p><strong>Xem chi ti\u1ebft ch\u01b0\u01a1ng tr\u00ecnh \u01b0u \u0111\u00e3i GrabCar t\u1ea1i \u0111\u00e2y<\/strong><\/p>\n<p>\u2013 \u01afu \u0111\u00e3i 50% (t\u1ed1i \u0111a 40.000\u0111) \u00e1p d\u1ee5ng cho d\u1ecbch v\u1ee5 GrabCar\/ GrabCar Plus\/ GrabCar Taxi<\/p>\n<p>\u2013 \u00c1p d\u1ee5ng tr\u00ean to\u00e0n qu\u1ed1c ngo\u1ea1i tr\u1eeb th\u00e0nh ph\u1ed1 H\u1ed3 Ch\u00ed Minh, H\u00e0 N\u1ed9i, Long An, \u0110\u1ed3ng Nai, B\u00ecnh D\u01b0\u01a1ng, V\u0129nh Ph\u00fac, B\u1eafc Ninh<\/p>\n<p>\u2013 \u00c1p d\u1ee5ng cho m\u1ecdi ph\u01b0\u01a1ng th\u1ee9c thanh to\u00e1n.<\/p>\n<p>\u2013 \u01afu \u0111\u00e3i kh\u00f4ng bao g\u1ed3m ph\u00ed c\u1ea7u \u0111\u01b0\u1eddng v\u00e0 c\u00e1c ph\u1ee5 ph\u00ed kh\u00e1c, ng\u01b0\u1eddi d\u00f9ng vui l\u00f2ng thanh to\u00e1n ph\u1ee5 ph\u00ed (n\u1ebfu c\u00f3) v\u1edbi \u0110\u1ed1i t\u00e1c t\u00e0i x\u1ebf.<\/p>\n<p>\u2013 Ch\u1ec9 \u00e1p d\u1ee5ng cho ng\u01b0\u1eddi d\u00f9ng nh\u1eadn \u0111\u01b0\u1ee3c th\u00f4ng b\u00e1o<\/p>\n<p>\u2013 S\u1ed1 l\u01b0\u1ee3ng \u01b0u \u0111\u00e3i c\u00f3 gi\u1edbi h\u1ea1n m\u1ed7i ng\u00e0y.<\/p>\n<p>\u2013 Ch\u1ec9 \u00e1p d\u1ee5ng v\u1edbi phi\u00ean b\u1ea3n app m\u1edbi nh\u1ea5t.<\/p>\n<p>&nbsp;<\/p>\n<p>#GrabBike #GrabCar #SieuSale99<\/p>\n","protected":false},"excerpt":{"rendered":"\ud83c\udf8a\u00a0Si\u00eau sale 9.9, Grab \u0111\u00f3n m\u1eebng b\u1ea1n m\u1edbi! \ud83e\udd73 Si\u00eau \u01b0u \u0111\u00e3i 9.9 \u0111\u1eb7c bi\u1ec7t t\u1eb7ng cho b\u1ea1n m\u1edbi khi s\u1eed d\u1ee5ng d\u1ecbch v\u1ee5 di chuy\u1ec3n GrabBike, GrabCar trong th\u00e1ng 09. Tha h\u1ed3 di chuy\u1ec3n mu\u00f4n n\u01a1i v\u1eeba an to\u00e0n, ti\u1ec7n l\u1ee3i l\u1ea1i c\u00f2n si\u00eau ti\u1ebft ki\u1ec7m!\u00a0 \ud83d\udef5 BANMOI1KGB &#8211; \u0111\u1ed3ng gi\u00e1 1K chuy\u1ebfn GrabBike [&hellip;]","protected":false},"author":1428,"featured_media":0,"parent":0,"menu_order":0,"comment_status":"closed","ping_status":"closed","template":"","meta":{"_acf_changed":false,"footnotes":""},"acf":[],"_links":{"self":[{"href":"https:\/\/www.grab.com\/vn\/wp-json\/wp\/v2\/pages\/129188"}],"collection":[{"href":"https:\/\/www.grab.com\/vn\/wp-json\/wp\/v2\/pages"}],"about":[{"href":"https:\/\/www.grab.com\/vn\/wp-json\/wp\/v2\/types\/page"}],"author":[{"embeddable":true,"href":"https:\/\/www.grab.com\/vn\/wp-json\/wp\/v2\/users\/1428"}],"replies":[{"embeddable":true,"href":"https:\/\/www.grab.com\/vn\/wp-json\/wp\/v2\/comments?post=129188"}],"version-history":[{"count":5,"href":"https:\/\/www.grab.com\/vn\/wp-json\/wp\/v2\/pages\/129188\/revisions"}],"predecessor-version":[{"id":129199,"href":"https:\/\/www.grab.com\/vn\/wp-json\/wp\/v2\/pages\/129188\/revisions\/129199"}],"wp:attachment":[{"href":"https:\/\/www.grab.com\/vn\/wp-json\/wp\/v2\/media?parent=129188"}],"curies":[{"name":"wp","href":"https:\/\/api.w.org\/{rel}","templated":true}]}}