{"id":128888,"date":"2022-08-25T12:47:01","date_gmt":"2022-08-25T04:47:01","guid":{"rendered":"https:\/\/www.grab.com\/vn\/?page_id=128888"},"modified":"2022-08-30T10:56:40","modified_gmt":"2022-08-30T02:56:40","slug":"1k-goi-hoi-vien-di-grab-1-thang-uu-dai-khong-gioi-han-chuyen-xe","status":"publish","type":"page","link":"https:\/\/www.grab.com\/vn\/1k-goi-hoi-vien-di-grab-1-thang-uu-dai-khong-gioi-han-chuyen-xe\/","title":{"rendered":"\u0110\u1ed3ng gi\u00e1 1K, g\u00f3i h\u1ed9i vi\u00ean \u0111i Grab 1 th\u00e1ng, \u01b0u \u0111\u00e3i kh\u00f4ng gi\u1edbi h\u1ea1n chuy\u1ebfn xe"},"content":{"rendered":"<p><img loading=\"lazy\" decoding=\"async\" width=\"1125\" height=\"630\" class=\"alignnone size-full wp-image-128890\" src=\"https:\/\/assets.grab.com\/wp-content\/uploads\/sites\/11\/2022\/08\/25124637\/Grab_DongGia1K_1125x630_17082022.jpg\" alt=\"\" srcset=\"https:\/\/assets.grab.com\/wp-content\/uploads\/sites\/11\/2022\/08\/25124637\/Grab_DongGia1K_1125x630_17082022.jpg 1125w, https:\/\/assets.grab.com\/wp-content\/uploads\/sites\/11\/2022\/08\/25124637\/Grab_DongGia1K_1125x630_17082022-250x140.jpg 250w, https:\/\/assets.grab.com\/wp-content\/uploads\/sites\/11\/2022\/08\/25124637\/Grab_DongGia1K_1125x630_17082022-700x392.jpg 700w, https:\/\/assets.grab.com\/wp-content\/uploads\/sites\/11\/2022\/08\/25124637\/Grab_DongGia1K_1125x630_17082022-768x430.jpg 768w, https:\/\/assets.grab.com\/wp-content\/uploads\/sites\/11\/2022\/08\/25124637\/Grab_DongGia1K_1125x630_17082022-120x67.jpg 120w\" sizes=\"(max-width: 1125px) 100vw, 1125px\" \/>\ud83d\ude0d\u00a0C\u00f2n g\u00ec tuy\u1ec7t h\u01a1n khi nh\u1eefng ng\u00e0y th\u00e1ng v\u1ec1 sau, b\u1ea1n mu\u1ed1n \u0111i \u0111\u00e2u \u2013 Grab c\u0169ng \u0111\u01b0a t\u1edbi \u0111\u00f3! Di chuy\u1ec3n t\u1edbi \u0111\u00e2u c\u0169ng an to\u00e0n, l\u1ea1i c\u00f2n \u0111\u01b0\u1ee3c \u00e1p d\u1ee5ng \u01b0u \u0111\u00e3i tr\u00ean t\u1eebng chuy\u1ebfn xe si\u00eau ti\u1ebft ki\u1ec7m!<\/p>\n<p><span style=\"font-weight: 400\">\ud83d\udef5 G\u00f3i H\u1ed9i vi\u00ean GrabBike:<\/span><\/p>\n<p><span style=\"font-weight: 400\">\ud83d\udd38 \u01afu \u0111\u00e3i 5% t\u1ed1i \u0111a 15.000\u0111 v\u00e0 \u01afu \u0111\u00e3i 15% t\u1ed1i \u0111a 50.000\u0111 (\u00e1p d\u1ee5ng cho cu\u1ed1c xe c\u00f3 gi\u00e1 tr\u1ecb t\u1eeb 50.000\u0111)<\/span><\/p>\n<p><span style=\"font-weight: 400\">\ud83d\udd38 Gi\u00e1: <\/span><span style=\"font-weight: 400\">90.000\u0111\/g\u00f3i<\/span><span style=\"font-weight: 400\"> \ud83d\udc49 1.000\u0111\/g\u00f3i<\/span><\/p>\n<p><span style=\"font-weight: 400\">\ud83d\udd38 S\u1ed1 l\u01b0\u1ee3ng cu\u1ed1c xe \u0111\u01b0\u1ee3c \u01b0u \u0111\u00e3i: Kh\u00f4ng gi\u1edbi h\u1ea1n<\/span><\/p>\n<p><span style=\"font-weight: 400\">\ud83d\udd38 H\u1ea1n s\u1eed d\u1ee5ng: 1 th\u00e1ng<\/span><\/p>\n<p>\ud83d\ude98\u00a0G\u00f3i H\u1ed9i vi\u00ean GrabCar:<\/p>\n<p>\ud83d\udd38\u00a0\u01afu \u0111\u00e3i 5% t\u1ed1i \u0111a 30.000\u0111 v\u00e0 15% t\u1ed1i \u0111a 100.000\u0111 (\u00e1p d\u1ee5ng cho cu\u1ed1c xe c\u00f3 gi\u00e1 tr\u1ecb t\u1eeb 100.000\u0111)<\/p>\n<p>\ud83d\udd38 Gi\u00e1: 180.000\u0111\/g\u00f3i \ud83d\udc49 1.000\u0111\/g\u00f3i<\/p>\n<p>\ud83d\udd38\u00a0S\u1ed1 l\u01b0\u1ee3ng cu\u1ed1c xe \u0111\u01b0\u1ee3c \u01b0u \u0111\u00e3i: Kh\u00f4ng gi\u1edbi h\u1ea1n<\/p>\n<p>\ud83d\udd38\u00a0H\u1ea1n s\u1eed d\u1ee5ng: 1 th\u00e1ng<\/p>\n<p>Th\u1eddi gian \u01b0u \u0111\u00e3i c\u00f3 h\u1ea1n, ch\u1ec9 1 tu\u1ea7n duy nh\u1ea5t: <strong>01\/09-07\/09\/2022<\/strong><\/p>\n<p>\ud83d\udc49Mua ngay\u00a0<a href=\"https:\/\/grab.onelink.me\/2695613898\/GoiHoiVien\">https:\/\/grab.onelink.me\/2695613898\/GoiHoiVien<\/a><\/p>\n<p><strong>\u0110i\u1ec1u ki\u1ec7n \u00e1p d\u1ee5ng g\u00f3i G\u00f3i H\u1ed9i vi\u00ean \u0111i GrabCar 01 th\u00e1ng:<\/strong><\/p>\n<ul>\n<li>\u01afu \u0111\u00e3i \u00e1p d\u1ee5ng cho c\u00e1c chuy\u1ebfn xe \u0111\u01b0\u1ee3c thanh to\u00e1n b\u1eb1ng m\u1ecdi ph\u01b0\u01a1ng th\u1ee9c thanh to\u00e1n.<\/li>\n<li>C\u00e1c \u01b0u \u0111\u00e3i kh\u00f4ng bao g\u1ed3m ph\u1ee5 ph\u00ed, ng\u01b0\u1eddi d\u00f9ng vui l\u00f2ng thanh to\u00e1n Ph\u00ed c\u1ea7u \u0111\u01b0\u1eddng v\u00e0 ph\u1ee5 ph\u00ed kh\u00e1c (n\u1ebfu c\u00f3) v\u1edbi \u0110\u1ed1i t\u00e1c t\u00e0i x\u1ebf.<\/li>\n<li>\u01afu \u0111\u00e3i kh\u00f4ng \u00e1p d\u1ee5ng c\u00f9ng l\u00fac v\u1edbi c\u00e1c ch\u01b0\u01a1ng tr\u00ecnh khuy\u1ebfn m\u00e3i v\u00e0\/ ho\u1eb7c \u01b0u \u0111\u00e3i kh\u00e1c c\u1ee7a Grab.<\/li>\n<li>G\u00f3i n\u00e0y kh\u00f4ng \u0111\u01b0\u1ee3c t\u1ef1 \u0111\u1ed9ng gia h\u1ea1n. N\u1ebfu s\u1eed d\u1ee5ng h\u1ebft \u01b0u \u0111\u00e3i\/ ho\u1eb7c h\u1ebft h\u1ea1n s\u1eed d\u1ee5ng th\u00ec c\u00f3 th\u1ec3 mua G\u00f3i m\u1edbi \u0111\u1ec3 nh\u1eadn th\u00eam \u01b0u \u0111\u00e3i.<\/li>\n<li>G\u00f3i n\u00e0y s\u1ebd kh\u00f4ng \u0111\u01b0\u1ee3c ho\u00e0n tr\u1ea3 ho\u1eb7c quy \u0111\u1ed5i th\u00e0nh ti\u1ec1n m\u1eb7t sau khi mua.<\/li>\n<\/ul>\n<p><strong>C\u00e1ch s\u1eed d\u1ee5ng G\u00f3i H\u1ed9i vi\u00ean<\/strong><\/p>\n<ul>\n<li>Sau khi mua G\u00f3i \u01afu \u0110\u00e3i, b\u1ea1n s\u1ebd nh\u1eadn \u0111\u01b0\u1ee3c c\u00e1c m\u00e3 \u01b0u \u0111\u00e3i t\u1ea1i m\u1ee5c \u201c\u01afu \u0110\u00e3i C\u1ee7a T\u00f4i\u201d tr\u00ean \u1ee9ng d\u1ee5ng Grab.<\/li>\n<li>\u0110\u1ec3 s\u1eed d\u1ee5ng \u01b0u \u0111\u00e3i, nh\u1ea5n ch\u1ecdn \u201c\u01afu \u0110\u00e3i\u201d trong m\u00e0n h\u00ecnh thanh to\u00e1n, t\u00ecm \u01b0u \u0111\u00e3i t\u01b0\u01a1ng \u1ee9ng t\u1eeb G\u00f3i \u01afu \u0110\u00e3i c\u1ee7a b\u1ea1n v\u00e0 ch\u1ecdn \u201cS\u1eed d\u1ee5ng b\u00e2y gi\u1edd\u201d (\u01b0u \u0111\u00e3i s\u1ebd \u0111\u01b0\u1ee3c t\u1ef1 \u0111\u1ed9ng \u00e1p d\u1ee5ng tr\u00ean m\u1ed7i chuy\u1ebfn xe kh\u00f4ng gi\u1edbi h\u1ea1n). S\u1eed d\u1ee5ng \u0111\u1ec3 t\u1eadn h\u01b0\u1edfng d\u1ecbch v\u1ee5 di chuy\u1ec3n Grab \u0111\u1ec3 ti\u1ebft ki\u1ec7m h\u01a1n!<\/li>\n<\/ul>\n<p><strong>\u0110i\u1ec1u kho\u1ea3n \u0111i\u1ec1u ki\u1ec7n kh\u00e1c:<\/strong><\/p>\n<ul>\n<li>C\u00e1c G\u00f3i \u01afu \u0110\u00e3i ch\u1ec9 c\u00f3 th\u1ec3 \u0111\u01b0\u1ee3c thanh to\u00e1n th\u00f4ng qua V\u00ed \u0111i\u1ec7n t\u1eed Moca\/ Th\u1ebb Ng\u00e2n h\u00e0ng tr\u00ean \u1ee9ng d\u1ee5ng Grab. S\u1ed1 l\u01b0\u1ee3ng m\u1ed7i G\u00f3i \u0111\u1ec1u c\u00f3 gi\u1edbi h\u1ea1n. Khi c\u00e1c G\u00f3i \u0111\u00e3 \u0111\u01b0\u1ee3c mua h\u1ebft, c\u00e1c G\u00f3i s\u1ebd kh\u00f4ng c\u00f2n hi\u1ec3n th\u1ecb trong \u1ee9ng d\u1ee5ng Grab. Xin l\u01b0u \u00fd r\u1eb1ng G\u00f3i \u01afu \u0110\u00e3i kh\u00f4ng th\u1ec3 chuy\u1ec3n nh\u01b0\u1ee3ng, kh\u00f4ng th\u1ec3 trao \u0111\u1ed5i.<\/li>\n<li>B\u1ea1n s\u1ebd kh\u00f4ng nh\u1eadn \u0111\u01b0\u1ee3c \u0111i\u1ec3m th\u01b0\u1edfng GrabRewards khi mua G\u00f3i \u01afu \u0110\u00e3i.<\/li>\n<li>Grab c\u00f3 quy\u1ec1n thay \u0111\u1ed5i c\u00e1c G\u00f3i \u01afu \u0110\u00e3i b\u1ea5t c\u1ee9 l\u00fac n\u00e0o. B\u1ea1n s\u1ebd \u0111\u01b0\u1ee3c th\u00f4ng b\u00e1o tr\u01b0\u1edbc qua email v\u00e0\/ho\u1eb7c th\u00f4ng b\u00e1o trong \u1ee9ng d\u1ee5ng.<\/li>\n<li>Grab c\u00f3 quy\u1ec1n hu\u1ef7 b\u1ecf, thay \u0111\u1ed5i v\u00e0\/ho\u1eb7c \u0111i\u1ec1u ch\u1ec9nh b\u1ea5t k\u1ef3 ph\u1ea7n n\u00e0o ho\u1eb7c to\u00e0n b\u1ed9 c\u00e1c \u0110i\u1ec1u kho\u1ea3n v\u00e0 \u0110i\u1ec1u ki\u1ec7n c\u1ee7a G\u00f3i \u01afu \u0110\u00e3i v\u00e0o b\u1ea5t c\u1ee9 th\u1eddi \u0111i\u1ec3m n\u00e0o m\u00e0 kh\u00f4ng c\u1ea7n th\u00f4ng b\u00e1o tr\u01b0\u1edbc.<\/li>\n<li>Grab c\u0169ng c\u00f3 quy\u1ec1n lo\u1ea1i tr\u1eeb v\u00e0\/ ho\u1eb7c t\u1eeb ch\u1ed1i b\u1ea5t k\u1ef3 ng\u01b0\u1eddi d\u00f9ng n\u00e0o cho c\u00e1c G\u00f3i \u01afu \u0110\u00e3i (gi\u1edbi h\u1ea1n), bao g\u1ed3m nh\u01b0ng kh\u00f4ng gi\u1edbi h\u1ea1n c\u00e1c tr\u01b0\u1eddng h\u1ee3p ng\u01b0\u1eddi d\u00f9ng s\u1eed d\u1ee5ng nhi\u1ec1u thi\u1ebft b\u1ecb \u0111\u00e3 b\u1ecb s\u1eeda \u0111\u1ed5i, thi\u1ebft b\u1ecb kh\u00f4ng c\u00f3 b\u1ea3n quy\u1ec1n ho\u1eb7c thi\u1ebft b\u1ecb c\u00f3 c\u00e0i \u0111\u1eb7t \u1ee9ng d\u1ee5ng \u0111\u00e3 b\u1ecb s\u1eeda \u0111\u1ed5i \u2013 c\u00f3 kh\u1ea3 n\u0103ng thay \u0111\u1ed5i tr\u1ea3i nghi\u1ec7m s\u1eed d\u1ee5ng c\u1ee7a ng\u01b0\u1eddi d\u00f9ng Grab v\u00e0 can thi\u1ec7p v\u00e0o quy\u1ec1n ri\u00eang t\u01b0 v\u00e0 b\u1ea3o m\u1eadt t\u00e0i kho\u1ea3n ng\u01b0\u1eddi d\u00f9ng.<\/li>\n<li>G\u00f3i \u01afu \u0110\u00e3i ch\u1ec9 \u0111\u01b0\u1ee3c hi\u1ec3n th\u1ecb tr\u00ean phi\u00ean b\u1ea3n m\u1edbi nh\u1ea5t c\u1ee7a \u1ee9ng d\u1ee5ng Grab.<\/li>\n<li>G\u00f3i \u01afu \u0110\u00e3i ch\u1ec9 \u00e1p d\u1ee5ng cho nh\u1eefng ng\u01b0\u1eddi d\u00f9ng nh\u1eadn \u0111\u01b0\u1ee3c th\u00f4ng tin G\u00f3i \u01afu \u0110\u00e3i tr\u00ean \u1ee9ng d\u1ee5ng Grab.<\/li>\n<\/ul>\n","protected":false},"excerpt":{"rendered":"\ud83d\ude0d\u00a0C\u00f2n g\u00ec tuy\u1ec7t h\u01a1n khi nh\u1eefng ng\u00e0y th\u00e1ng v\u1ec1 sau, b\u1ea1n mu\u1ed1n \u0111i \u0111\u00e2u \u2013 Grab c\u0169ng \u0111\u01b0a t\u1edbi \u0111\u00f3! Di chuy\u1ec3n t\u1edbi \u0111\u00e2u c\u0169ng an to\u00e0n, l\u1ea1i c\u00f2n \u0111\u01b0\u1ee3c \u00e1p d\u1ee5ng \u01b0u \u0111\u00e3i tr\u00ean t\u1eebng chuy\u1ebfn xe si\u00eau ti\u1ebft ki\u1ec7m! \ud83d\udef5 G\u00f3i H\u1ed9i vi\u00ean GrabBike: \ud83d\udd38 \u01afu \u0111\u00e3i 5% t\u1ed1i \u0111a 15.000\u0111 v\u00e0 \u01afu [&hellip;]","protected":false},"author":1427,"featured_media":0,"parent":0,"menu_order":0,"comment_status":"closed","ping_status":"closed","template":"","meta":{"_acf_changed":false,"footnotes":""},"acf":[],"_links":{"self":[{"href":"https:\/\/www.grab.com\/vn\/wp-json\/wp\/v2\/pages\/128888"}],"collection":[{"href":"https:\/\/www.grab.com\/vn\/wp-json\/wp\/v2\/pages"}],"about":[{"href":"https:\/\/www.grab.com\/vn\/wp-json\/wp\/v2\/types\/page"}],"author":[{"embeddable":true,"href":"https:\/\/www.grab.com\/vn\/wp-json\/wp\/v2\/users\/1427"}],"replies":[{"embeddable":true,"href":"https:\/\/www.grab.com\/vn\/wp-json\/wp\/v2\/comments?post=128888"}],"version-history":[{"count":4,"href":"https:\/\/www.grab.com\/vn\/wp-json\/wp\/v2\/pages\/128888\/revisions"}],"predecessor-version":[{"id":129136,"href":"https:\/\/www.grab.com\/vn\/wp-json\/wp\/v2\/pages\/128888\/revisions\/129136"}],"wp:attachment":[{"href":"https:\/\/www.grab.com\/vn\/wp-json\/wp\/v2\/media?parent=128888"}],"curies":[{"name":"wp","href":"https:\/\/api.w.org\/{rel}","templated":true}]}}