{"id":12874,"date":"2017-08-10T12:27:22","date_gmt":"2017-08-10T04:27:22","guid":{"rendered":"https:\/\/www.grab.com\/vn\/?page_id=12874"},"modified":"2017-08-25T16:27:36","modified_gmt":"2017-08-25T08:27:36","slug":"thu-lai-lan-nua-nao-ban","status":"publish","type":"page","link":"https:\/\/www.grab.com\/vn\/thu-lai-lan-nua-nao-ban\/","title":{"rendered":"Th\u1eed l\u1ea1i l\u1ea7n n\u1eefa n\u00e0o b\u1ea1n"},"content":{"rendered":"<p><span style=\"font-weight: 400\">Ti\u1ebfc qu\u00e1, c\u00e2u tr\u1ea3 l\u1eddi c\u1ee7a b\u1ea1n ch\u01b0a ch\u00ednh x\u00e1c!<\/span><\/p>\n<p><span style=\"font-weight: 400\">\u0110\u1ec3 ch\u01a1i l\u1ea1i v\u00e0 (ch\u1eafc ch\u1eafn) gi\u00e0nh gi\u1ea3i th\u01b0\u1edfng, h\u00e3y \u0111\u1ecdc l\u1ea1i tin nh\u1eafn v\u1edbi t\u1ef1a \u0111\u1ec1 \u201c<strong><span style=\"color: #009d3b\">V\u00f2ng Quay May M\u1eafn<\/span><\/strong>&#8221; trong m\u1ee5c Th\u00f4ng b\u00e1o\/ Notification<\/span><\/p>\n<p><img loading=\"lazy\" decoding=\"async\" width=\"250\" height=\"445\" class=\"alignnone size-medium wp-image-12985\" src=\"https:\/\/www.grab.com\/vn\/wp-content\/uploads\/sites\/11\/2017\/08\/4-WOF-250x445.png\" alt=\"\" srcset=\"https:\/\/www.grab.com\/vn\/wp-content\/uploads\/sites\/11\/2017\/08\/4-WOF-250x445.png 250w, https:\/\/www.grab.com\/vn\/wp-content\/uploads\/sites\/11\/2017\/08\/4-WOF-700x1245.png 700w, https:\/\/www.grab.com\/vn\/wp-content\/uploads\/sites\/11\/2017\/08\/4-WOF-120x213.png 120w, https:\/\/www.grab.com\/vn\/wp-content\/uploads\/sites\/11\/2017\/08\/4-WOF.png 750w\" sizes=\"(max-width: 250px) 100vw, 250px\" \/><\/p>\n","protected":false},"excerpt":{"rendered":"Ti\u1ebfc qu\u00e1, c\u00e2u tr\u1ea3 l\u1eddi c\u1ee7a b\u1ea1n ch\u01b0a ch\u00ednh x\u00e1c! \u0110\u1ec3 ch\u01a1i l\u1ea1i v\u00e0 (ch\u1eafc ch\u1eafn) gi\u00e0nh gi\u1ea3i th\u01b0\u1edfng, h\u00e3y \u0111\u1ecdc l\u1ea1i tin nh\u1eafn v\u1edbi t\u1ef1a \u0111\u1ec1 \u201cV\u00f2ng Quay May M\u1eafn&#8221; trong m\u1ee5c Th\u00f4ng b\u00e1o\/ Notification","protected":false},"author":592,"featured_media":0,"parent":0,"menu_order":4,"comment_status":"closed","ping_status":"closed","template":"tpl\/tpl-page-elements.php","meta":{"_acf_changed":false,"footnotes":""},"acf":[],"_links":{"self":[{"href":"https:\/\/www.grab.com\/vn\/wp-json\/wp\/v2\/pages\/12874"}],"collection":[{"href":"https:\/\/www.grab.com\/vn\/wp-json\/wp\/v2\/pages"}],"about":[{"href":"https:\/\/www.grab.com\/vn\/wp-json\/wp\/v2\/types\/page"}],"author":[{"embeddable":true,"href":"https:\/\/www.grab.com\/vn\/wp-json\/wp\/v2\/users\/592"}],"replies":[{"embeddable":true,"href":"https:\/\/www.grab.com\/vn\/wp-json\/wp\/v2\/comments?post=12874"}],"version-history":[{"count":3,"href":"https:\/\/www.grab.com\/vn\/wp-json\/wp\/v2\/pages\/12874\/revisions"}],"predecessor-version":[{"id":13417,"href":"https:\/\/www.grab.com\/vn\/wp-json\/wp\/v2\/pages\/12874\/revisions\/13417"}],"wp:attachment":[{"href":"https:\/\/www.grab.com\/vn\/wp-json\/wp\/v2\/media?parent=12874"}],"curies":[{"name":"wp","href":"https:\/\/api.w.org\/{rel}","templated":true}]}}