{"id":127174,"date":"2022-08-05T16:19:52","date_gmt":"2022-08-05T08:19:52","guid":{"rendered":"https:\/\/www.grab.com\/vn\/?page_id=127174"},"modified":"2022-08-09T18:40:43","modified_gmt":"2022-08-09T10:40:43","slug":"trai-nghiem-60-ngay-chay-cung-grab","status":"publish","type":"page","link":"https:\/\/www.grab.com\/vn\/trai-nghiem-60-ngay-chay-cung-grab\/","title":{"rendered":"Tr\u1ea3i nghi\u1ec7m 60 ng\u00e0y ch\u1ea1y c\u00f9ng Grab"},"content":{"rendered":"<p><img loading=\"lazy\" decoding=\"async\" class=\"alignnone wp-image-127448 size-full\" src=\"https:\/\/assets.grab.com\/wp-content\/uploads\/sites\/11\/2022\/08\/09184027\/1200x600-6.jpg\" alt=\"\" width=\"1200\" height=\"600\" srcset=\"https:\/\/assets.grab.com\/wp-content\/uploads\/sites\/11\/2022\/08\/09184027\/1200x600-6.jpg 1200w, https:\/\/assets.grab.com\/wp-content\/uploads\/sites\/11\/2022\/08\/09184027\/1200x600-6-250x125.jpg 250w, https:\/\/assets.grab.com\/wp-content\/uploads\/sites\/11\/2022\/08\/09184027\/1200x600-6-700x350.jpg 700w, https:\/\/assets.grab.com\/wp-content\/uploads\/sites\/11\/2022\/08\/09184027\/1200x600-6-768x384.jpg 768w, https:\/\/assets.grab.com\/wp-content\/uploads\/sites\/11\/2022\/08\/09184027\/1200x600-6-120x60.jpg 120w\" sizes=\"(max-width: 1200px) 100vw, 1200px\" \/><\/p>\n<p>\ud83d\ude97 B\u1eb1ng h\u1eefu \u0111\u01b0\u1eddng d\u00e0i cho B\u00e1c t\u00e0i v\u1eefng l\u00e1i<\/p>\n<p>\ud83d\udd25 C\u00e1c anh em b\u1eb1ng h\u1eefu g\u1ea7n xa \u01a1i, th\u00e1ng 8 n\u00e0y Grab ra m\u1eaft ch\u01b0\u01a1ng tr\u00ecnh \u201cTr\u1ea3i nghi\u1ec7m 60 ng\u00e0y ch\u1ea1y c\u00f9ng Grab\u201d, \u00e1p d\u1ee5ng cho c\u00e1c anh em b\u1eb1ng h\u1eefu m\u1edbi \u0111\u0103ng k\u00fd ch\u1ea1y GrabCar.<\/p>\n<p>\u0110\u00e2y l\u00e0 ch\u01b0\u01a1ng tr\u00ecnh gi\u00fap c\u00e1c B\u00e1c t\u00e0i \u201cy\u00ean t\u00e2m v\u1eefng l\u00e1i\u201d khi \u0111\u00e3 c\u00f3 Grab \u0111\u1ed3ng h\u00e0nh \u201c\u0111\u01b0\u1eddng d\u00e0i\u201d. Ch\u01b0\u01a1ng tr\u00ecnh h\u1ed7 tr\u1ee3 anh em b\u1eb1ng h\u1eefu v\u1edbi c\u00e1c \u201c\u0111\u1eb7c quy\u1ec1n\u201d d\u01b0\u1edbi \u0111\u00e2y\ud83d\udc47<br \/>\n\u2705 \u0110\u1ea3m b\u1ea3o thu nh\u1eadp \u1ed5n \u0111\u1ecbnh khi ho\u1ea1t \u0111\u1ed9ng \u00edt nh\u1ea5t 8 ti\u1ebfng m\u1ed7i ng\u00e0y<br \/>\n&gt;&gt; Thu nh\u1eadp l\u00ean t\u1edbi 2.500.000\u0111\/ ng\u00e0y \u0111\u1ed1i v\u1edbi khu v\u1ef1c t\u1ea1i th\u00e0nh ph\u1ed1 H\u1ed3 Ch\u00ed Minh<br \/>\n&gt;&gt; Thu nh\u1eadp l\u00ean t\u1edbi 2.000.000\u0111\/ ng\u00e0y \u0111\u1ed1i v\u1edbi kh\u00fac v\u1ef1c t\u1ea1i H\u00e0 N\u1ed9i<br \/>\n\u2705 \u0110\u1ea3m b\u1ea3o nh\u1eadn \u0111\u01b0\u1ee3c c\u00e1c quy\u1ec1n l\u1ee3i h\u1ea5p d\u1eabn (*) gi\u00fap t\u1ed1i \u01b0u chi ph\u00ed ho\u1ea1t \u0111\u1ed9ng nh\u01b0 \u01b0u \u0111\u00e3i thay nh\u1edbt, s\u1eeda xe, r\u1eeda xe,.. cho t\u1edbi \u01b0u \u0111\u00e3i \u0103n u\u1ed1ng, mua s\u1eafm, b\u1ea3o hi\u1ec3m s\u1ee9c kh\u1ecfe v\u00e0 b\u1ea3o hi\u1ec3m tai n\u1ea1n.<br \/>\n\u2705 \u0110\u1ea3m b\u1ea3o nh\u1eadn \u0111\u01b0\u1ee3c s\u1ef1 h\u1ed7 tr\u1ee3 nhi\u1ec7t t\u00ecnh t\u1eeb \u0111\u1ed9i ng\u0169 Grab sau 7 ng\u00e0y v\u00e0 30 ng\u00e0y k\u1ec3 t\u1eeb ng\u00e0y \u0110\u1ed1i t\u00e1c t\u00e0i x\u1ebf ch\u00ednh th\u1ee9c ho\u1ea1t \u0111\u1ed9ng. \u0110\u1ed1i t\u00e1c t\u00e0i x\u1ebf \u0111\u01b0\u1ee3c h\u1ed7 tr\u1ee3 th\u00f4ng qua h\u00ecnh th\u1ee9c tin nh\u1eafn v\u00e0 g\u1ecdi \u0111i\u1ec7n tho\u1ea1i nh\u1eb1m h\u01b0\u1edbng d\u1eabn c\u00e1c anh em nh\u1eadn th\u01b0\u1edfng c\u0169ng nh\u01b0 gi\u1ea3i quy\u1ebft kh\u00f3 kh\u0103n trong c\u00f4ng vi\u1ec7c.<\/p>\n<p>\ud83d\udc9a M\u1ecdi h\u00e0nh tr\u00ecnh \u0111\u1ec1u su\u00f4n s\u1ebb v\u00e0 t\u1ef1 tin h\u01a1n khi c\u00f3 ng\u01b0\u1eddi b\u1ea1n \u0111\u1ed3ng h\u00e0nh. V\u00e0 Grab tin r\u1eb1ng m\u00ecnh l\u00e0 b\u1eb1ng h\u1eefu \u0111\u01b0\u1eddng d\u00e0i \u0111\u00e1ng tin c\u1eady gi\u00fap m\u1ecdi b\u00e1c t\u00e0i v\u1eefng l\u00e1i, \u0111\u1ea1t \u0111\u01b0\u1ee3c m\u1ee5c ti\u00eau l\u00e2u d\u00e0i.<\/p>\n<p>\ud83d\udc49\u0110\u0103ng k\u00fd tham gia ngay!<\/p>\n<p>\u0110i\u1ec1u kho\u1ea3n \u0111i\u1ec1u ki\u1ec7n \u00e1p d\u1ee5ng<br \/>\n\ud83d\udd30 Ch\u01b0\u01a1ng tr\u00ecnh \u00e1p d\u1ee5ng cho c\u00e1c \u0110\u1ed1i t\u00e1c t\u00e0i x\u1ebf \u0111\u0103ng k\u00fd m\u1edbi t\u1eeb ng\u00e0y 01\/08 \u0111\u1ebfn h\u1ebft ng\u00e0y 30\/09\/2022.<br \/>\n\ud83d\udd30 Ch\u01b0\u01a1ng tr\u00ecnh \u00e1p d\u1ee5ng cho c\u00e1c \u0110\u1ed1i t\u00e1c t\u00e0i x\u1ebf m\u1edbi \u0111\u0103ng k\u00fd ch\u1ea1y d\u1ecbch v\u1ee5 GrabCar<br \/>\n\ud83d\udd30 Ch\u01b0\u01a1ng tr\u00ecnh \u00e1p d\u1ee5ng t\u1ea1i th\u00e0nh ph\u1ed1 H\u1ed3 Ch\u00ed Minh v\u00e0 H\u00e0 N\u1ed9i.<br \/>\n\ud83d\udd30 C\u00e1c \u01b0u \u0111\u00e3i trong quy\u1ec1n l\u1ee3i h\u1ea5p d\u1eabn s\u1ebd nh\u1eadn \u0111\u01b0\u1ee3c sau 7 ng\u00e0y k\u1ec3 t\u1eeb ng\u00e0y \u0110\u1ed1i t\u00e1c t\u00e0i x\u1ebf ch\u00ednh th\u1ee9c ho\u1ea1t \u0111\u1ed9ng.<\/p>\n<p>#GrabCar #Trainghiem60ngaychaycungGrab<\/p>\n<p><!--more--><\/p>\n<p style=\"text-align: center\"><span style=\"color: #339966\"><strong>CHI TI\u1ebeT CH\u01af\u01a0NG TR\u00ccNH TH\u01af\u1edeNG CHO T\u00c0I X\u1ebe M\u1edaI<\/strong><\/span><\/p>\n<p><strong>Th\u1eddi gian tri\u1ec3n khai<\/strong>: t\u1eeb ng\u00e0y 01\/8\/2022 \u0111\u1ebfn ng\u00e0y 30\/9\/2022<br \/>\n<strong>\u0110\u1ecba \u0111i\u1ec3m tri\u1ec3n khai<\/strong>: TP. H\u1ed3 Ch\u00ed Minh, H\u00e0 N\u1ed9i<br \/>\n<strong>\u0110\u1ed1i t\u01b0\u1ee3ng \u00e1p d\u1ee5ng<\/strong>: \u0110\u1ed1i t\u00e1c \u0111\u0103ng k\u00fd m\u1edbi, t\u00e1i ho\u1ea1t \u0111\u1ed9ng, chuy\u1ec3n \u0111\u1ed5i v\u00f9ng ho\u1ea1t \u0111\u1ed9ng, chuy\u1ec3n \u0111\u1ed5i d\u1ecbch v\u1ee5 ho\u1ea1t \u0111\u1ed9ng<br \/>\n<strong>D\u1ecbch v\u1ee5 \u00e1p d\u1ee5ng<\/strong>: GrabCar<\/p>\n<p><b>\u0110i\u1ec1u ki\u1ec7n x\u00e9t th\u01b0\u1edfng<\/b><\/p>\n<p><img loading=\"lazy\" decoding=\"async\" class=\"wp-image-127184 size-full aligncenter\" src=\"https:\/\/assets.grab.com\/wp-content\/uploads\/sites\/11\/2022\/08\/05162430\/Screenshot-2022-08-05-152347.png\" alt=\"\" width=\"814\" height=\"289\" srcset=\"https:\/\/assets.grab.com\/wp-content\/uploads\/sites\/11\/2022\/08\/05162430\/Screenshot-2022-08-05-152347.png 814w, https:\/\/assets.grab.com\/wp-content\/uploads\/sites\/11\/2022\/08\/05162430\/Screenshot-2022-08-05-152347-250x89.png 250w, https:\/\/assets.grab.com\/wp-content\/uploads\/sites\/11\/2022\/08\/05162430\/Screenshot-2022-08-05-152347-700x249.png 700w, https:\/\/assets.grab.com\/wp-content\/uploads\/sites\/11\/2022\/08\/05162430\/Screenshot-2022-08-05-152347-768x273.png 768w, https:\/\/assets.grab.com\/wp-content\/uploads\/sites\/11\/2022\/08\/05162430\/Screenshot-2022-08-05-152347-120x43.png 120w\" sizes=\"(max-width: 814px) 100vw, 814px\" \/><\/p>\n<p>&nbsp;<\/p>\n<p><strong>Th\u1eddi gian tr\u1ea3 th\u01b0\u1edfng<\/strong><\/p>\n<p><img loading=\"lazy\" decoding=\"async\" class=\"aligncenter wp-image-127186 size-full\" src=\"https:\/\/assets.grab.com\/wp-content\/uploads\/sites\/11\/2022\/08\/05162822\/Screenshot-2022-08-05-152758.png\" alt=\"\" width=\"706\" height=\"475\" srcset=\"https:\/\/assets.grab.com\/wp-content\/uploads\/sites\/11\/2022\/08\/05162822\/Screenshot-2022-08-05-152758.png 706w, https:\/\/assets.grab.com\/wp-content\/uploads\/sites\/11\/2022\/08\/05162822\/Screenshot-2022-08-05-152758-250x168.png 250w, https:\/\/assets.grab.com\/wp-content\/uploads\/sites\/11\/2022\/08\/05162822\/Screenshot-2022-08-05-152758-700x471.png 700w, https:\/\/assets.grab.com\/wp-content\/uploads\/sites\/11\/2022\/08\/05162822\/Screenshot-2022-08-05-152758-120x81.png 120w\" sizes=\"(max-width: 706px) 100vw, 706px\" \/><\/p>\n<p>L\u01b0u \u00fd:<\/p>\n<ul>\n<li>S\u1ed1 chuy\u1ebfn xe m\u00e0 \u0110\u1ed1i t\u00e1c ho\u00e0n th\u00e0nh ph\u1ea3i n\u1eb1m trong th\u1eddi gian x\u00e9t th\u01b0\u1edfng v\u00e0 t\u00e0i kho\u1ea3n Grab Driver c\u1ee7a \u0110\u1ed1i t\u00e1c ph\u1ea3i \u0111\u01b0\u1ee3c k\u00edch ho\u1ea1t trong m\u1ed1c th\u1eddi gian t\u01b0\u01a1ng \u1ee9ng. N\u1ebfu \u0110\u1ed1i t\u00e1c k\u00edch ho\u1ea1t t\u00e0i kho\u1ea3n, nh\u01b0ng kh\u00f4ng th\u1ef1c hi\u1ec7n chuy\u1ebfn xe trong giai \u0111o\u1ea1n x\u00e9t th\u01b0\u1edfng t\u01b0\u01a1ng \u1ee9ng, m\u00e0 th\u1ef1c hi\u1ec7n chuy\u1ebfn xe \u1edf giai \u0111o\u1ea1n x\u00e9t th\u01b0\u1edfng kh\u00e1c th\u00ec k\u1ebft qu\u1ea3 s\u1ebd \u0111\u01b0\u1ee3c t\u00ednh l\u00e0 KH\u00d4NG H\u1ee2P L\u1ec6.<\/li>\n<li>Ti\u1ec1n th\u01b0\u1edfng s\u1ebd \u0111\u01b0\u1ee3c thanh to\u00e1n v\u00e0o V\u00ed D\u01b0\u1edbi c\u1ee7a \u0110\u1ed1i t\u00e1c sau khi k\u1ebft th\u00fac th\u1eddi gian x\u00e9t th\u01b0\u1edfng.<\/li>\n<li>\u00c1p d\u1ee5ng \u0111\u1ed3ng th\u1eddi c\u00f9ng v\u1edbi c\u00e1c ch\u01b0\u01a1ng tr\u00ecnh th\u01b0\u1edfng kh\u00e1c.<\/li>\n<li>Trong qu\u00e1 tr\u00ecnh tri\u1ec3n khai ch\u01b0\u01a1ng tr\u00ecnh, trong tr\u01b0\u1eddng h\u1ee3p Grab c\u00f3 \u0111\u1ee7 c\u01a1 s\u1edf \u0111\u1ec3 x\u00e1c minh \u0110\u1ed1i t\u00e1c c\u00f3 h\u00e0nh vi gian l\u1eadn ho\u1eb7c b\u1ecb nghi ng\u1edd th\u1ef1c hi\u1ec7n h\u00e0nh vi gian l\u1eadn, \u0110\u1ed1i t\u00e1c s\u1ebd kh\u00f4ng \u0111\u01b0\u1ee3c ti\u1ebfp t\u1ee5c tham gia ch\u01b0\u01a1ng tr\u00ecnh.<\/li>\n<li>C\u00e1c tr\u01b0\u1eddng h\u1ee3p vi ph\u1ea1m d\u1eabn \u0111\u1ebfn b\u1ecb kh\u00f3a t\u00e0i kho\u1ea3n v\u0129nh vi\u1ec5n s\u1ebd kh\u00f4ng \u0111\u01b0\u1ee3c nh\u1eadn th\u01b0\u1edfng t\u1eeb ch\u01b0\u01a1ng tr\u00ecnh.<\/li>\n<li>C\u00e1c kho\u1ea3n thu\u1ebf ph\u00e1t sinh (n\u1ebfu c\u00f3) s\u1ebd \u0111\u01b0\u1ee3c Grab kh\u1ea5u tr\u1eeb tr\u01b0\u1edbc khi chuy\u1ec3n tr\u1ea3 cho \u0110\u1ed1i t\u00e1c theo quy \u0111\u1ecbnh c\u1ee7a ph\u00e1p lu\u1eadt.<\/li>\n<li>Ch\u01b0\u01a1ng tr\u00ecnh th\u01b0\u1edfng c\u00f3 gi\u1edbi h\u1ea1n s\u1ed1 l\u01b0\u1ee3ng v\u1ec1 \u0110\u1ed1i t\u00e1c k\u00edch ho\u1ea1t m\u1edbi v\u00e0 c\u00f3 th\u1ec3 k\u1ebft th\u00fac s\u1edbm h\u01a1n so v\u1edbi th\u1eddi gian d\u1ef1 ki\u1ebfn ban \u0111\u1ea7u.<\/li>\n<li>M\u1ecdi tranh ch\u1ea5p gi\u1eefa Grab v\u00e0 ng\u01b0\u1eddi tham gia ph\u00e1t sinh t\u1eeb ho\u1eb7c li\u00ean quan \u0111\u1ebfn ch\u01b0\u01a1ng tr\u00ecnh (n\u1ebfu c\u00f3) s\u1ebd \u0111\u01b0\u1ee3c gi\u1ea3i quy\u1ebft theo quy tr\u00ecnh do Grab c\u00f4ng b\u1ed1 v\u00e0 \u00e1p d\u1ee5ng t\u1ea1i t\u1eebng th\u1eddi \u0111i\u1ec3m v\u00e0 Grab s\u1ebd gi\u1ea3i quy\u1ebft tr\u00ean tinh th\u1ea7n h\u1ee3p t\u00e1c \u0111\u00f4i b\u00ean c\u00f9ng c\u00f3 l\u1ee3i. Trong tr\u01b0\u1eddng h\u1ee3p kh\u00f4ng th\u1ed1ng nh\u1ea5t \u0111\u01b0\u1ee3c h\u01b0\u1edbng gi\u1ea3i quy\u1ebft, quy\u1ebft \u0111\u1ecbnh c\u1ee7a Grab l\u00e0 quy\u1ebft \u0111\u1ecbnh cu\u1ed1i c\u00f9ng.<\/li>\n<\/ul>\n<p><!--more--><\/p>\n","protected":false},"excerpt":{"rendered":"\ud83d\ude97 B\u1eb1ng h\u1eefu \u0111\u01b0\u1eddng d\u00e0i cho B\u00e1c t\u00e0i v\u1eefng l\u00e1i \ud83d\udd25 C\u00e1c anh em b\u1eb1ng h\u1eefu g\u1ea7n xa \u01a1i, th\u00e1ng 8 n\u00e0y Grab ra m\u1eaft ch\u01b0\u01a1ng tr\u00ecnh \u201cTr\u1ea3i nghi\u1ec7m 60 ng\u00e0y ch\u1ea1y c\u00f9ng Grab\u201d, \u00e1p d\u1ee5ng cho c\u00e1c anh em b\u1eb1ng h\u1eefu m\u1edbi \u0111\u0103ng k\u00fd ch\u1ea1y GrabCar. \u0110\u00e2y l\u00e0 ch\u01b0\u01a1ng tr\u00ecnh gi\u00fap c\u00e1c B\u00e1c t\u00e0i [&hellip;]","protected":false},"author":1407,"featured_media":0,"parent":0,"menu_order":0,"comment_status":"closed","ping_status":"closed","template":"","meta":{"_acf_changed":false,"footnotes":""},"acf":[],"_links":{"self":[{"href":"https:\/\/www.grab.com\/vn\/wp-json\/wp\/v2\/pages\/127174"}],"collection":[{"href":"https:\/\/www.grab.com\/vn\/wp-json\/wp\/v2\/pages"}],"about":[{"href":"https:\/\/www.grab.com\/vn\/wp-json\/wp\/v2\/types\/page"}],"author":[{"embeddable":true,"href":"https:\/\/www.grab.com\/vn\/wp-json\/wp\/v2\/users\/1407"}],"replies":[{"embeddable":true,"href":"https:\/\/www.grab.com\/vn\/wp-json\/wp\/v2\/comments?post=127174"}],"version-history":[{"count":9,"href":"https:\/\/www.grab.com\/vn\/wp-json\/wp\/v2\/pages\/127174\/revisions"}],"predecessor-version":[{"id":127449,"href":"https:\/\/www.grab.com\/vn\/wp-json\/wp\/v2\/pages\/127174\/revisions\/127449"}],"wp:attachment":[{"href":"https:\/\/www.grab.com\/vn\/wp-json\/wp\/v2\/media?parent=127174"}],"curies":[{"name":"wp","href":"https:\/\/api.w.org\/{rel}","templated":true}]}}