{"id":126523,"date":"2022-07-31T20:00:50","date_gmt":"2022-07-31T12:00:50","guid":{"rendered":"https:\/\/www.grab.com\/vn\/?page_id=126523"},"modified":"2022-07-31T20:02:14","modified_gmt":"2022-07-31T12:02:14","slug":"ship-hang-deu-tay-hoan-tien-deu-dan","status":"publish","type":"page","link":"https:\/\/www.grab.com\/vn\/ship-hang-deu-tay-hoan-tien-deu-dan\/","title":{"rendered":"Ship h\u00e0ng \u0111\u1ec1u tay, ho\u00e0n ti\u1ec1n \u0111\u1ec1u \u0111\u1eb7n d\u00e0nh cho ch\u1ee7 shop GrabExpress"},"content":{"rendered":"<p><img decoding=\"async\" src=\"https:\/\/assets.grab.com\/wp-content\/uploads\/sites\/11\/2022\/07\/31191721\/Cashback.jpg\" \/><\/p>\n<p>&nbsp;<\/p>\n<p><span style=\"font-weight: 400\">\ud83e\udd11 Bi\u1ebft tin m\u1ed7i th\u00e1ng ch\u1ee7 shop nh\u00e0 m\u00ecnh c\u0169ng r\u1ef1c l\u1eeda \u0111ua \u0111\u01a1n th\u0103ng h\u1ea1ng, GrabExpress quy\u1ebft \u0111\u1ecbnh \u0111\u01b0a ch\u01b0\u01a1ng tr\u00ecnh \u201cTh\u0103ng h\u1ea1ng ho\u00e0n ti\u1ec1n\u201d tr\u1edf th\u00e0nh quy\u1ec1n l\u1ee3i ti\u00eau chu\u1ea9n h\u00e0ng th\u00e1ng cho Ch\u1ee7 Shop th\u00e2n y\u00eau!<\/span><\/p>\n<p>&nbsp;<\/p>\n<p><span style=\"font-weight: 400\">\ud83d\udd25<\/span><span style=\"font-weight: 400\"> Anh ch\u1ecb em s\u1ebd nh\u1eadn ho\u00e0n ti\u1ec1n t\u1edbi 500.000\u0111 khi ship h\u00e0ng \u0111\u1ec1u tay trong 30 ng\u00e0y c\u00f9ng GrabExpress, th\u1ee9 h\u1ea1ng c\u00e0ng cao, h\u01b0\u1edfng ho\u00e0n c\u00e0ng nhi\u1ec1u. Chi ti\u1ebft ch\u01b0\u01a1ng tr\u00ecnh nh\u01b0 sau:<\/span><\/p>\n<p>&nbsp;<\/p>\n<p><span style=\"font-weight: 400\">\ud83d\udce6 Ch\u1ee7 Shop B\u1ea1ch Kim<\/span><span style=\"font-weight: 400\"> ho\u00e0n th\u00e0nh 120 chuy\u1ebfn: Ho\u00e0n li\u1ec1n tay 500.000\u0111<\/span><\/p>\n<p><span style=\"font-weight: 400\">\ud83d\udce6 <\/span><span style=\"font-weight: 400\">Ch\u1ee7 Shop V\u00e0ng ho\u00e0n th\u00e0nh 75 chuy\u1ebfn: Ho\u00e0n li\u1ec1n tay 200.000\u0111<\/span><\/p>\n<p><span style=\"font-weight: 400\">\ud83d\udce6 Ch\u1ee7 Shop B\u1ea1c <\/span><span style=\"font-weight: 400\">ho\u00e0n th\u00e0nh 30 chuy\u1ebfn: Ho\u00e0n li\u1ec1n tay 80.000\u0111\u00a0<\/span><\/p>\n<p><span style=\"font-weight: 400\">\ud83e\udd11 Ti\u1ec1n ho\u00e0n tr\u1ef1c ti\u1ebfp v\u1ec1 v\u00ed Moca khi ch\u1ee7 shop ho\u00e0n th\u00e0nh \u0111\u1ee7 \u0111\u01a1n (Ch\u1ee7 shop c\u00f3 th\u1ec3 r\u00fat ti\u1ec1n t\u1eeb v\u00ed Moca v\u1ec1 ng\u00e2n h\u00e0ng).<\/span><\/p>\n<p>&nbsp;<\/p>\n<p><span style=\"font-weight: 400\">\ud83e\udd73 C\u00e1ch h\u01b0\u1edfng quy\u1ec1n l\u1ee3i ho\u00e0n ti\u1ec1n:<\/span><\/p>\n<p>&nbsp;<\/p>\n<p><span style=\"font-weight: 400\">\u2705 Ch\u01b0\u01a1ng tr\u00ecnh ho\u00e0n ti\u1ec1n di\u1ec5n ra d\u01b0\u1edbi h\u00ecnh th\u1ee9c \u0111\u01b0\u1eddng \u0111ua, ch\u1ee7 shop truy c\u1eadp m\u1ee5c \u201cTh\u1eed th\u00e1ch\u201d tr\u00ean \u1ee9ng d\u1ee5ng Grab \u0111\u1ec3 c\u1eadp nh\u1eadt ti\u1ebfn tr\u00ecnh ho\u00e0n ti\u1ec1n c\u1ee7a m\u00ecnh.<\/span><\/p>\n<p><span style=\"font-weight: 400\">\u2705 Ngay khi \u0111\u1eb7t \u0111\u01a1n \u0111\u1ea7u ti\u00ean k\u1ec3 t\u1eeb ng\u00e0y di\u1ec5n ra th\u1eed th\u00e1ch, ch\u1ee7 shop s\u1ebd \u0111\u01b0\u1ee3c t\u1ef1 \u0111\u1ed9ng \u0111\u0103ng k\u00fd \u0111\u1ec3 tham gia ch\u01b0\u01a1ng tr\u00ecnh.<\/span><\/p>\n<p><span style=\"font-weight: 400\">\u23f0 Th\u1eed th\u00e1ch m\u1ed7i th\u00e1ng k\u00e9o d\u00e0i 30 ng\u00e0y, b\u1eaft \u0111\u1ea7u t\u1eeb ng\u00e0y 03 h\u00e0ng th\u00e1ng. Ch\u1ee7 Shop c\u1ea7n ho\u00e0n th\u00e0nh th\u1eed th\u00e1ch trong th\u1eddi gian quy \u0111\u1ecbnh \u0111\u1ec3 nh\u1eadn ho\u00e0n ti\u1ec1n.\u00a0<\/span><\/p>\n<p><span style=\"font-weight: 400\">\u2705 S\u1ed1 l\u01b0\u1ee3ng ph\u1ea7n th\u01b0\u1edfng c\u00f3 h\u1ea1n.<\/span><\/p>\n<p><span style=\"font-weight: 400\">\u2705 L\u01b0u \u00fd: Quy\u1ec1n l\u1ee3i ho\u00e0n 500.000\u0111 khi ho\u00e0n th\u00e0nh 120 chuy\u1ebfn c\u1ee7a ch\u1ee7 shop B\u1ea1ch Kim \u0111\u00e3 \u0111\u01b0\u1ee3c t\u00edch h\u1ee3p v\u00e0o ch\u01b0\u01a1ng tr\u00ecnh n\u00e0y.<\/span><\/p>\n<p>&nbsp;<\/p>\n<p><span style=\"font-weight: 400\">\u2728 Ch\u01b0a h\u1ebft, <\/span><span style=\"font-weight: 400\">\u0111\u1eb7t giao \u0111\u1ee7 chuy\u1ebfn, anh ch\u1ecb em kh\u00f4ng nh\u1eefng nh\u1eadn \u201cting ting\u201d c\u1ef1c m\u00ea m\u00e0 c\u00f2n \u0111\u01b0\u1ee3c th\u0103ng h\u1ea1ng h\u1ed9i vi\u00ean, h\u01b0\u1edfng th\u00eam bao \u01b0u \u0111\u00e3i h\u1ea5p d\u1eabn n\u1eefa!<\/span><\/p>\n<p><span style=\"font-weight: 400\">\ud83d\udcb0 <\/span><span style=\"font-weight: 400\">Ship h\u00e0ng \u0111\u1ec1u tay, ho\u00e0n ti\u1ec1n \u0111\u1ec1u \u0111\u1eb7n, m\u00ea qu\u00e1 m\u00ea lu\u00f4n ch\u1ee7 shop \u01a1i <\/span><span style=\"font-weight: 400\">\ud83d\udcb0 <\/span><\/p>\n","protected":false},"excerpt":{"rendered":"&nbsp; \ud83e\udd11 Bi\u1ebft tin m\u1ed7i th\u00e1ng ch\u1ee7 shop nh\u00e0 m\u00ecnh c\u0169ng r\u1ef1c l\u1eeda \u0111ua \u0111\u01a1n th\u0103ng h\u1ea1ng, GrabExpress quy\u1ebft \u0111\u1ecbnh \u0111\u01b0a ch\u01b0\u01a1ng tr\u00ecnh \u201cTh\u0103ng h\u1ea1ng ho\u00e0n ti\u1ec1n\u201d tr\u1edf th\u00e0nh quy\u1ec1n l\u1ee3i ti\u00eau chu\u1ea9n h\u00e0ng th\u00e1ng cho Ch\u1ee7 Shop th\u00e2n y\u00eau! &nbsp; \ud83d\udd25 Anh ch\u1ecb em s\u1ebd nh\u1eadn ho\u00e0n ti\u1ec1n t\u1edbi 500.000\u0111 khi ship h\u00e0ng \u0111\u1ec1u [&hellip;]","protected":false},"author":1419,"featured_media":0,"parent":0,"menu_order":0,"comment_status":"closed","ping_status":"closed","template":"","meta":{"_acf_changed":false,"footnotes":""},"acf":[],"_links":{"self":[{"href":"https:\/\/www.grab.com\/vn\/wp-json\/wp\/v2\/pages\/126523"}],"collection":[{"href":"https:\/\/www.grab.com\/vn\/wp-json\/wp\/v2\/pages"}],"about":[{"href":"https:\/\/www.grab.com\/vn\/wp-json\/wp\/v2\/types\/page"}],"author":[{"embeddable":true,"href":"https:\/\/www.grab.com\/vn\/wp-json\/wp\/v2\/users\/1419"}],"replies":[{"embeddable":true,"href":"https:\/\/www.grab.com\/vn\/wp-json\/wp\/v2\/comments?post=126523"}],"version-history":[{"count":4,"href":"https:\/\/www.grab.com\/vn\/wp-json\/wp\/v2\/pages\/126523\/revisions"}],"predecessor-version":[{"id":153104,"href":"https:\/\/www.grab.com\/vn\/wp-json\/wp\/v2\/pages\/126523\/revisions\/153104"}],"wp:attachment":[{"href":"https:\/\/www.grab.com\/vn\/wp-json\/wp\/v2\/media?parent=126523"}],"curies":[{"name":"wp","href":"https:\/\/api.w.org\/{rel}","templated":true}]}}