{"id":126327,"date":"2022-07-29T17:37:50","date_gmt":"2022-07-29T09:37:50","guid":{"rendered":"https:\/\/www.grab.com\/vn\/?page_id=126327"},"modified":"2022-07-29T17:37:50","modified_gmt":"2022-07-29T09:37:50","slug":"dat-grab-toi-hay-thoai-mai-phieu-nhac","status":"publish","type":"page","link":"https:\/\/www.grab.com\/vn\/dat-grab-toi-hay-thoai-mai-phieu-nhac\/","title":{"rendered":"\u0110\u1eb7t Grab t\u1edbi Hay, tho\u1ea3i m\u00e1i phi\u00eau nh\u1ea1c"},"content":{"rendered":"<p><img loading=\"lazy\" decoding=\"async\" class=\"alignnone wp-image-126328 size-full\" src=\"https:\/\/assets.grab.com\/wp-content\/uploads\/sites\/11\/2022\/07\/29173522\/1125x630.jpg\" alt=\"\" width=\"1125\" height=\"630\" srcset=\"https:\/\/assets.grab.com\/wp-content\/uploads\/sites\/11\/2022\/07\/29173522\/1125x630.jpg 1125w, https:\/\/assets.grab.com\/wp-content\/uploads\/sites\/11\/2022\/07\/29173522\/1125x630-250x140.jpg 250w, https:\/\/assets.grab.com\/wp-content\/uploads\/sites\/11\/2022\/07\/29173522\/1125x630-700x392.jpg 700w, https:\/\/assets.grab.com\/wp-content\/uploads\/sites\/11\/2022\/07\/29173522\/1125x630-768x430.jpg 768w, https:\/\/assets.grab.com\/wp-content\/uploads\/sites\/11\/2022\/07\/29173522\/1125x630-120x67.jpg 120w\" sizes=\"(max-width: 1125px) 100vw, 1125px\" \/><\/p>\n<p>&nbsp;<\/p>\n<p>\ud83c\udf8a\u0110\u1eb7t Grab t\u1edbi HAY, tho\u1ea3i m\u00e1i phi\u00eau nh\u1ea1c<\/p>\n<p>\ud83d\udd256\/8 n\u00e0y, m\u00ecnh \u0111i \u0111\u00e2u? \u0110i t\u1edbi HAYFest \u201cch\u00e1y\u201d h\u1ebft m\u00ecnh c\u00f9ng \u00e2m nh\u1ea1c ch\u1ee9 sao!<br \/>\n\ud83d\ude97\ud83d\udef5V\u00e0 \u0111i GrabCar, GrabBike \u0111\u1ec3 di chuy\u1ec3n an to\u00e0n, thanh to\u00e1n kh\u00f4ng d\u00f9ng ti\u1ec1n m\u1eb7t nhanh ch\u00f3ng, tho\u1ea3i m\u00e1i phi\u00eau nh\u1ea1c trong l\u1ec5 h\u1ed9i lu\u00f4n n\u00e8!<\/p>\n<p>\ud83d\udce3Duy nh\u1ea5t ng\u00e0y 06\/08\/2022, nh\u1eadp m\u00e3 \ud835\uddda\ud835\udde5\ud835\uddd4\ud835\uddd5\ud835\udddb\ud835\uddd4\ud835\uddec v\u00e0 ch\u1ecdn thanh to\u00e1n qua Th\u1ebb\/ V\u00ed Moca, b\u1ea1n nh\u1eadn \u0111\u01b0\u1ee3c \u01b0u \u0111\u00e3i 20%, t\u1ed1i \u0111a 30.000\u0111 cho m\u1ed7i cu\u1ed1c GrabCar\/GrabBike t\u1edbi s\u1ef1 ki\u1ec7n \u00e2m nh\u1ea1c HAYFest.<\/p>\n<p>\ud83d\udc83B\u1ea1n c\u1ee9 ch\u01a1i tho\u1ea3i m\u00e1i, \u0111\u00f3n \u0111\u01b0a \u0111\u1ec3 Grab lo. D\u00f9 \u0111i \u0111\u01a1n l\u1ebb hay c\u1ea3 h\u1ed9i, Grab c\u0169ng chi\u1ec1u t\u1ea5t.<\/p>\n<p>\ud83d\udc49L\u01b0u m\u00e3 v\u00e0 \u0111\u1eb7t Grab \u0111i HAYFest nha!<\/p>\n<p>\u2014&#8212;&#8212;-<br \/>\nNhanh tay k\u00edch ho\u1ea1t V\u00ed \u0111i\u1ec7n t\u1eed Moca h\u00f4m nay \u0111\u1ec3 s\u0103n v\u00e9 HayFest nha. K\u00edch ho\u1ea1t ngay https:\/\/grb.to\/KichHoatViMoca.<\/p>\n<p>#GrabCar #MoGrabdungMoca #HayFest #DacQuyenKhongTienMat<\/p>\n<p>&nbsp;<\/p>\n<p><strong>Xem chi ti\u1ebft ch\u01b0\u01a1ng tr\u00ecnh t\u1ea1i \u0111\u00e2y<\/strong><\/p>\n<p>&#8211; \u01afu \u0111\u00e3i 20% (t\u1ed1i \u0111a 30.000\u0111) \u00e1p d\u1ee5ng cho d\u1ecbch v\u1ee5 GrabBike\/ GrabCar\/ GrabCar Plus.<\/p>\n<p>&#8211; \u00c1p d\u1ee5ng t\u1ea1i th\u00e0nh ph\u1ed1 H\u00e0 N\u1ed9i.<\/p>\n<p>&#8211; \u00c1p d\u1ee5ng cho c\u00e1c chuy\u1ebfn xe c\u00f3 \u0111i\u1ec3m \u0111\u00f3n ho\u1eb7c \u0111\u1ebfn t\u1ea1i C\u00f4ng vi\u00ean Y\u00ean S\u1edf, th\u00e0nh ph\u1ed1 H\u00e0 N\u1ed9i.<\/p>\n<p>&#8211; \u00c1p d\u1ee5ng h\u00ecnh th\u1ee9c thanh to\u00e1n qua th\u1ebb\/v\u00ed Moca.<\/p>\n<p>&#8211; \u01afu \u0111\u00e3i kh\u00f4ng bao g\u1ed3m ph\u1ee5 ph\u00ed, ng\u01b0\u1eddi d\u00f9ng vui l\u00f2ng thanh to\u00e1n ph\u1ee5 ph\u00ed (n\u1ebfu c\u00f3) v\u1edbi \u0110\u1ed1i t\u00e1c t\u00e0i x\u1ebf.<\/p>\n<p>&#8211; M\u1ed7i ng\u01b0\u1eddi d\u00f9ng c\u00f3 th\u1ec3 s\u1eed d\u1ee5ng \u01b0u \u0111\u00e3i t\u1ed1i \u0111a 02 l\u1ea7n trong su\u1ed1t th\u1eddi gian di\u1ec5n ra ch\u01b0\u01a1ng tr\u00ecnh.<\/p>\n<p>&#8211; S\u1ed1 l\u01b0\u1ee3ng \u01b0u \u0111\u00e3i c\u00f3 gi\u1edbi h\u1ea1n m\u1ed7i ng\u00e0y<\/p>\n<p>&#8211; Ch\u1ec9 \u00e1p d\u1ee5ng cho ng\u01b0\u1eddi d\u00f9ng nh\u1eadn \u0111\u01b0\u1ee3c th\u00f4ng b\u00e1o.<\/p>\n<p>&#8211; Ch\u1ec9 \u00e1p d\u1ee5ng v\u1edbi phi\u00ean b\u1ea3n app m\u1edbi nh\u1ea5t.<\/p>\n","protected":false},"excerpt":{"rendered":"&nbsp; \ud83c\udf8a\u0110\u1eb7t Grab t\u1edbi HAY, tho\u1ea3i m\u00e1i phi\u00eau nh\u1ea1c \ud83d\udd256\/8 n\u00e0y, m\u00ecnh \u0111i \u0111\u00e2u? \u0110i t\u1edbi HAYFest \u201cch\u00e1y\u201d h\u1ebft m\u00ecnh c\u00f9ng \u00e2m nh\u1ea1c ch\u1ee9 sao! \ud83d\ude97\ud83d\udef5V\u00e0 \u0111i GrabCar, GrabBike \u0111\u1ec3 di chuy\u1ec3n an to\u00e0n, thanh to\u00e1n kh\u00f4ng d\u00f9ng ti\u1ec1n m\u1eb7t nhanh ch\u00f3ng, tho\u1ea3i m\u00e1i phi\u00eau nh\u1ea1c trong l\u1ec5 h\u1ed9i lu\u00f4n n\u00e8! \ud83d\udce3Duy nh\u1ea5t ng\u00e0y 06\/08\/2022, [&hellip;]","protected":false},"author":1407,"featured_media":0,"parent":0,"menu_order":0,"comment_status":"closed","ping_status":"closed","template":"","meta":{"_acf_changed":false,"footnotes":""},"acf":[],"_links":{"self":[{"href":"https:\/\/www.grab.com\/vn\/wp-json\/wp\/v2\/pages\/126327"}],"collection":[{"href":"https:\/\/www.grab.com\/vn\/wp-json\/wp\/v2\/pages"}],"about":[{"href":"https:\/\/www.grab.com\/vn\/wp-json\/wp\/v2\/types\/page"}],"author":[{"embeddable":true,"href":"https:\/\/www.grab.com\/vn\/wp-json\/wp\/v2\/users\/1407"}],"replies":[{"embeddable":true,"href":"https:\/\/www.grab.com\/vn\/wp-json\/wp\/v2\/comments?post=126327"}],"version-history":[{"count":1,"href":"https:\/\/www.grab.com\/vn\/wp-json\/wp\/v2\/pages\/126327\/revisions"}],"predecessor-version":[{"id":126329,"href":"https:\/\/www.grab.com\/vn\/wp-json\/wp\/v2\/pages\/126327\/revisions\/126329"}],"wp:attachment":[{"href":"https:\/\/www.grab.com\/vn\/wp-json\/wp\/v2\/media?parent=126327"}],"curies":[{"name":"wp","href":"https:\/\/api.w.org\/{rel}","templated":true}]}}