{"id":126194,"date":"2022-07-28T16:53:34","date_gmt":"2022-07-28T08:53:34","guid":{"rendered":"https:\/\/www.grab.com\/vn\/?page_id=126194"},"modified":"2022-08-01T17:40:31","modified_gmt":"2022-08-01T09:40:31","slug":"8-nam-tho-nhip-viet-nam-grab-tang-uu-dai-di-chuyen","status":"publish","type":"page","link":"https:\/\/www.grab.com\/vn\/8-nam-tho-nhip-viet-nam-grab-tang-uu-dai-di-chuyen\/","title":{"rendered":"8 n\u0103m th\u1edf nh\u1ecbp Vi\u1ec7t Nam, Grab t\u1eb7ng \u01b0u \u0111\u00e3i di chuy\u1ec3n"},"content":{"rendered":"<p><img loading=\"lazy\" decoding=\"async\" class=\"alignnone wp-image-126569 size-full\" src=\"https:\/\/assets.grab.com\/wp-content\/uploads\/sites\/11\/2022\/08\/01174017\/1200x600-12.jpg\" alt=\"\" width=\"2000\" height=\"1000\" srcset=\"https:\/\/assets.grab.com\/wp-content\/uploads\/sites\/11\/2022\/08\/01174017\/1200x600-12.jpg 2000w, https:\/\/assets.grab.com\/wp-content\/uploads\/sites\/11\/2022\/08\/01174017\/1200x600-12-250x125.jpg 250w, https:\/\/assets.grab.com\/wp-content\/uploads\/sites\/11\/2022\/08\/01174017\/1200x600-12-700x350.jpg 700w, https:\/\/assets.grab.com\/wp-content\/uploads\/sites\/11\/2022\/08\/01174017\/1200x600-12-768x384.jpg 768w, https:\/\/assets.grab.com\/wp-content\/uploads\/sites\/11\/2022\/08\/01174017\/1200x600-12-1536x768.jpg 1536w, https:\/\/assets.grab.com\/wp-content\/uploads\/sites\/11\/2022\/08\/01174017\/1200x600-12-120x60.jpg 120w\" sizes=\"(max-width: 2000px) 100vw, 2000px\" \/><\/p>\n<p>&nbsp;<\/p>\n<p>\ud83d\udc9a8 n\u0103m th\u1edf nh\u1ecbp Vi\u1ec7t Nam, Grab t\u1eb7ng \u01b0u \u0111\u00e3i di chuy\u1ec3n<\/p>\n<p>\ud83d\ude97\ud83d\udef5\u0110\u00f3n c\u1ed9t m\u1ed1c 8 n\u0103m th\u1edf nh\u1ecbp Vi\u1ec7t Nam, Grab t\u1eb7ng kh\u00e1ch iu \u01b0u \u0111\u00e3i tha h\u1ed3 \u0111i GrabBike v\u00e0 GrabCar trong th\u00e1ng 8 n\u00e0y.<\/p>\n<p>\ud83d\udd25T\u1eeb ng\u00e0y 25\/07 \u0111\u1ebfn h\u1ebft 31\/08 khi \u0111i GrabBike v\u00e0 GrabCar nh\u1edb nh\u1eadp m\u00e3 \ud835\udc06\ud835\udc11\ud835\udc00\ud835\udc01\ud835\udfd6, nh\u1eadn ngay \u01b0u \u0111\u00e3i 8% t\u1ed1i \u0111a 28.000\u0111 (*)<br \/>\n\ud83d\udd25\u0110\u1eb7c bi\u1ec7t t\u1eeb ng\u00e0y 05\/8 \u0111\u1ebfn h\u1ebft 08\/08 khi \u0111i GrabBike nh\u1eadp m\u00e3 \ud835\udfd6\ud835\udc0d\ud835\udc00\ud835\udc0c\ud835\udc06\ud835\udc01 nh\u1eadn ngay \u01b0u \u0111\u00e3i \u0111\u1ed3ng gi\u00e1 8.000\u0111 cho chuy\u1ebfn xe c\u00f3 c\u01b0\u1edbc ph\u00ed d\u01b0\u1edbi 16.000\u0111 v\u00e0 gi\u1ea3m 8.000\u0111 v\u1edbi c\u00e1c chuy\u1ebfn xe c\u00f3 c\u01b0\u1edbc ph\u00ed tr\u00ean 16.000\u0111 (*)<\/p>\n<p>\ud83d\udc49L\u01b0u m\u00e3 v\u00e0 \u0111\u1eb7t Grab ngay!<\/p>\n<p>&nbsp;<\/p>\n<p><strong>\u0110i\u1ec1u ki\u1ec7n \u0111i\u1ec1u kho\u1ea3n \u00e1p d\u1ee5ng m\u00e3 GRAB8<\/strong><\/p>\n<p>&#8211; Nh\u1eadp m\u00e3 GRAB8 &#8211; \u01afu \u0111\u00e3i 8% (t\u1ed1i \u0111a 28.000\u0111) cho m\u1ed7i chuy\u1ebfn xe GrabBike\/ GrabCar.<br \/>\n&#8211; \u00c1p d\u1ee5ng cho t\u1ea5t c\u1ea3 h\u00ecnh th\u1ee9c thanh to\u00e1n.<br \/>\n&#8211; \u00c1p d\u1ee5ng t\u1ea1i TP.H\u1ed3 Ch\u00ed Minh, H\u00e0 N\u1ed9i.<br \/>\n&#8211; \u00c1p d\u1ee5ng cho c\u00e1c d\u1ecbch v\u1ee5 GrabBike, GrabCar, GrabCar Plus, GrabCar Protect<br \/>\n&#8211; \u01afu \u0111\u00e3i kh\u00f4ng bao g\u1ed3m ph\u1ee5 ph\u00ed, h\u00e0nh kh\u00e1ch vui l\u00f2ng thanh to\u00e1n ph\u1ee5 ph\u00ed (n\u1ebfu c\u00f3) v\u1edbi t\u00e0i x\u1ebf.<br \/>\n&#8211; M\u1ed7i kh\u00e1ch h\u00e0ng c\u00f3 th\u1ec3 s\u1eed d\u1ee5ng \u01b0u \u0111\u00e3i t\u1ed1i \u0111a 1 l\u1ea7n\/ ng\u00e0y v\u00e0 10 l\u1ea7n trong su\u1ed1t th\u1eddi gian di\u1ec5n ra ch\u01b0\u01a1ng tr\u00ecnh.<br \/>\n&#8211; \u01afu \u0111\u00e3i c\u00f3 h\u1ea1n s\u1eed d\u1ee5ng \u0111\u1ebfn h\u1ebft ng\u00e0y 31\/08\/2022.<\/p>\n<p>&nbsp;<\/p>\n<p><strong>\u0110i\u1ec1u ki\u1ec7n \u0111i\u1ec1u kho\u1ea3n \u00e1p d\u1ee5ng m\u00e3 8NAMGB<\/strong><\/p>\n<p>&#8211; \u0110\u1ed3ng gi\u00e1 8.000\u0111 cho chuy\u1ebfn xe GrabBike c\u00f3 c\u01b0\u1edbc ph\u00ed d\u01b0\u1edbi 16.000\u0111<br \/>\n&#8211; V\u1edbi c\u00e1c chuy\u1ebfn xe c\u00f3 c\u01b0\u1edbc ph\u00ed tr\u00ean 16.000\u0111, gi\u1ea3m t\u1ed1i \u0111a 8.000\u0111<br \/>\n&#8211; \u00c1p d\u1ee5ng cho t\u1ea5t c\u1ea3 h\u00ecnh th\u1ee9c thanh to\u00e1n.<br \/>\n&#8211; \u00c1p d\u1ee5ng t\u1ea1i TP.H\u1ed3 Ch\u00ed Minh, H\u00e0 N\u1ed9i<br \/>\n&#8211; \u00c1p d\u1ee5ng cho c\u00e1c d\u1ecbch v\u1ee5 GrabBike, GrabBike Plus.<br \/>\n&#8211; \u01afu \u0111\u00e3i kh\u00f4ng bao g\u1ed3m ph\u1ee5 ph\u00ed, h\u00e0nh kh\u00e1ch vui l\u00f2ng thanh to\u00e1n ph\u1ee5 ph\u00ed (n\u1ebfu c\u00f3) v\u1edbi t\u00e0i x\u1ebf.<br \/>\n&#8211; M\u1ed7i kh\u00e1ch h\u00e0ng c\u00f3 th\u1ec3 s\u1eed d\u1ee5ng \u01b0u \u0111\u00e3i t\u1ed1i \u0111a 1 l\u1ea7n\/ ng\u00e0y v\u00e0 2 l\u1ea7n trong su\u1ed1t th\u1eddi gian di\u1ec5n ra ch\u01b0\u01a1ng tr\u00ecnh.<br \/>\n&#8211; \u01afu \u0111\u00e3i c\u00f3 gi\u00e1 tr\u1ecb s\u1eed d\u1ee5ng t\u1eeb 9:00-17:00 ng\u00e0y 05\/08\/2022 \u0111\u1ebfn h\u1ebft ng\u00e0y 08\/08\/2022.<\/p>\n<p>&nbsp;<\/p>\n<p style=\"text-align: center\"><a href=\"https:\/\/grab.onelink.me\/2695613898\/datxengay\"><img loading=\"lazy\" decoding=\"async\" class=\"alignnone wp-image-109009\" src=\"https:\/\/assets.grab.com\/wp-content\/uploads\/sites\/11\/2022\/01\/20122452\/CTA-012.png\" alt=\"\" width=\"204\" height=\"50\" \/><\/a><\/p>\n","protected":false},"excerpt":{"rendered":"&nbsp; \ud83d\udc9a8 n\u0103m th\u1edf nh\u1ecbp Vi\u1ec7t Nam, Grab t\u1eb7ng \u01b0u \u0111\u00e3i di chuy\u1ec3n \ud83d\ude97\ud83d\udef5\u0110\u00f3n c\u1ed9t m\u1ed1c 8 n\u0103m th\u1edf nh\u1ecbp Vi\u1ec7t Nam, Grab t\u1eb7ng kh\u00e1ch iu \u01b0u \u0111\u00e3i tha h\u1ed3 \u0111i GrabBike v\u00e0 GrabCar trong th\u00e1ng 8 n\u00e0y. \ud83d\udd25T\u1eeb ng\u00e0y 25\/07 \u0111\u1ebfn h\u1ebft 31\/08 khi \u0111i GrabBike v\u00e0 GrabCar nh\u1edb nh\u1eadp m\u00e3 \ud835\udc06\ud835\udc11\ud835\udc00\ud835\udc01\ud835\udfd6, nh\u1eadn ngay [&hellip;]","protected":false},"author":1407,"featured_media":0,"parent":0,"menu_order":0,"comment_status":"closed","ping_status":"closed","template":"","meta":{"_acf_changed":false,"footnotes":""},"acf":[],"_links":{"self":[{"href":"https:\/\/www.grab.com\/vn\/wp-json\/wp\/v2\/pages\/126194"}],"collection":[{"href":"https:\/\/www.grab.com\/vn\/wp-json\/wp\/v2\/pages"}],"about":[{"href":"https:\/\/www.grab.com\/vn\/wp-json\/wp\/v2\/types\/page"}],"author":[{"embeddable":true,"href":"https:\/\/www.grab.com\/vn\/wp-json\/wp\/v2\/users\/1407"}],"replies":[{"embeddable":true,"href":"https:\/\/www.grab.com\/vn\/wp-json\/wp\/v2\/comments?post=126194"}],"version-history":[{"count":2,"href":"https:\/\/www.grab.com\/vn\/wp-json\/wp\/v2\/pages\/126194\/revisions"}],"predecessor-version":[{"id":126570,"href":"https:\/\/www.grab.com\/vn\/wp-json\/wp\/v2\/pages\/126194\/revisions\/126570"}],"wp:attachment":[{"href":"https:\/\/www.grab.com\/vn\/wp-json\/wp\/v2\/media?parent=126194"}],"curies":[{"name":"wp","href":"https:\/\/api.w.org\/{rel}","templated":true}]}}