{"id":124889,"date":"2022-07-13T18:40:29","date_gmt":"2022-07-13T10:40:29","guid":{"rendered":"https:\/\/www.grab.com\/vn\/?page_id=124889"},"modified":"2022-07-29T12:38:13","modified_gmt":"2022-07-29T04:38:13","slug":"dat-grab-di-lam-nhan-voucher-grabfood-len-den-35k","status":"publish","type":"page","link":"https:\/\/www.grab.com\/vn\/dat-grab-di-lam-nhan-voucher-grabfood-len-den-35k\/","title":{"rendered":"\u0110\u1eb7t Grab \u0111i l\u00e0m, nh\u1eadn voucher GrabFood l\u00ean \u0111\u1ebfn 35K"},"content":{"rendered":"<p><img loading=\"lazy\" decoding=\"async\" class=\"aligncenter wp-image-124984 size-full\" src=\"https:\/\/assets.grab.com\/wp-content\/uploads\/sites\/11\/2022\/07\/14153518\/1200X600.-3.png\" alt=\"\" width=\"1200\" height=\"600\" srcset=\"https:\/\/assets.grab.com\/wp-content\/uploads\/sites\/11\/2022\/07\/14153518\/1200X600.-3.png 1200w, https:\/\/assets.grab.com\/wp-content\/uploads\/sites\/11\/2022\/07\/14153518\/1200X600.-3-250x125.png 250w, https:\/\/assets.grab.com\/wp-content\/uploads\/sites\/11\/2022\/07\/14153518\/1200X600.-3-700x350.png 700w, https:\/\/assets.grab.com\/wp-content\/uploads\/sites\/11\/2022\/07\/14153518\/1200X600.-3-768x384.png 768w, https:\/\/assets.grab.com\/wp-content\/uploads\/sites\/11\/2022\/07\/14153518\/1200X600.-3-120x60.png 120w\" sizes=\"(max-width: 1200px) 100vw, 1200px\" \/><\/p>\n<p>\ud83d\ude0d\u0110\u00eam ch\u1ea1y deadline, chi\u1ec1u tan l\u00e0m mu\u1ed9n c\u1ee9 \u0111\u1ec3 Grab \u0111\u01b0a \u0111i \u0111\u00f3n v\u1ec1 t\u1eadn n\u01a1i an to\u00e0n l\u1ea1i c\u00f2n nh\u1eadn th\u00eam voucher GrabFood. \u0110i Grab qu\u00e1 l\u00e0 h\u1eddi!!!<\/p>\n<p>\ud83d\udc47T\u1eeb ng\u00e0y 08\/08 \u0111\u1ebfn h\u1ebft ng\u00e0y 14\/08 khi \u0111i GrabBike ho\u1eb7c GrabCar s\u1ebd nh\u1eadn \u0111\u01b0\u1ee3c \u01b0u \u0111\u00e3i GrabFood sau m\u1ed7i chuy\u1ebfn xe si\u00eau h\u1ea5p d\u1eabn<br \/>\n\ud83c\udf57\u01afu \u0111\u00e3i t\u1edbi 30.000\u0111 cho \u0111\u01a1n h\u00e0ng t\u1eeb 60.000\u0111<br \/>\n\ud83c\udf5c\u01afu \u0111\u00e3i t\u1edbi 35.000\u0111 cho \u0111\u01a1n h\u00e0ng t\u1eeb 150.000\u0111<br \/>\n\ud83e\udd57\u01afu \u0111\u00e3i t\u1edbi 20.000\u0111 cho \u0111\u01a1n h\u00e0ng b\u1ea5t k\u1ef3<\/p>\n<p>\ud83c\udf81 Sau khi ho\u00e0n th\u00e0nh cu\u1ed1c xe, \u0111\u1eebng qu\u00ean ki\u1ec3m tra th\u00f4ng b\u00e1o \u201c\u01afu \u0111\u00e3i sau m\u1ed7i chuy\u1ebfn xe\u201d ho\u1eb7c m\u1ee5c \u201c\u01afu \u0111\u00e3i c\u1ee7a t\u00f4i\/ My rewards\u201d \u0111\u1ec3 nh\u1eadn ngay voucher c\u1ee7a GrabFood nh\u00e9.<\/p>\n<p>\ud83d\udc49\u0110\u1eb7t xe ngay.<\/p>\n<p>&nbsp;<\/p>\n<p><strong>Xem chi ti\u1ebft ch\u01b0\u01a1ng tr\u00ecnh \u01b0u \u0111\u00e3i 20.000\u0111 t\u1ea1i \u0111\u00e2y<\/strong><\/p>\n<p>&#8211; \u01afu \u0111\u00e3i gi\u1ea3m 20K cho \u0111\u01a1n h\u00e0ng b\u1ea5t k\u00ec, \u0111\u1ea7u ti\u00ean tr\u00ean GrabFood<br \/>\n&#8211; \u00c1p d\u1ee5ng cho t\u1ea5t c\u1ea3 h\u00ecnh th\u1ee9c thanh to\u00e1n.<br \/>\n&#8211; \u00c1p d\u1ee5ng t\u1ea5t c\u1ea3 \u0111\u1ed1i t\u00e1c nh\u00e0 h\u00e0ng tr\u00ean GrabFood<br \/>\n&#8211; \u00c1p d\u1ee5ng tr\u00ean gi\u00e1 tr\u1ecb \u0111\u01a1n h\u00e0ng, kh\u00f4ng \u00e1p d\u1ee5ng tr\u00ean ph\u00ed v\u1eadn chuy\u1ec3n.<br \/>\n&#8211; M\u1ed7i kh\u00e1ch h\u00e0ng c\u00f3 th\u1ec3 s\u1eed d\u1ee5ng \u01b0u \u0111\u00e3i t\u1ed1i \u0111a 01 l\u1ea7n trong su\u1ed1t th\u1eddi gian di\u1ec5n ra ch\u01b0\u01a1ng tr\u00ecnh.<br \/>\n&#8211; Kh\u00f4ng \u00e1p d\u1ee5ng \u0111\u1ed3ng th\u1eddi c\u00e1c ch\u01b0\u01a1ng tr\u00ecnh \u01b0u \u0111\u00e3i kh\u00e1c.<\/p>\n<p>&nbsp;<\/p>\n<p><strong>Xem chi ti\u1ebft ch\u01b0\u01a1ng tr\u00ecnh \u01b0u \u0111\u00e3i 35.000\u0111 t\u1ea1i \u0111\u00e2y<\/strong><\/p>\n<p>&#8211; \u01afu \u0111\u00e3i 35.000\u0111 cho \u0111\u01a1n h\u00e0ng t\u1eeb 150.000\u0111.<br \/>\n&#8211; \u00c1p d\u1ee5ng cho t\u1ea5t c\u1ea3 h\u00ecnh th\u1ee9c thanh to\u00e1n.<br \/>\n&#8211; \u00c1p d\u1ee5ng cho c\u00e1c c\u1eeda h\u00e0ng c\u00f3 hi\u1ec3n th\u1ecb \u01b0u \u0111\u00e3i tr\u00ean GrabFood.<br \/>\n&#8211; \u00c1p d\u1ee5ng tr\u00ean gi\u00e1 tr\u1ecb \u0111\u01a1n h\u00e0ng, kh\u00f4ng \u00e1p d\u1ee5ng tr\u00ean ph\u00ed giao h\u00e0ng.<br \/>\n&#8211; \u01afu \u0111\u00e3i d\u00e0nh ri\u00eang cho kh\u00e1ch h\u00e0ng nh\u1eadn th\u00f4ng b\u00e1o.<br \/>\n&#8211; Kh\u00f4ng \u00e1p d\u1ee5ng \u0111\u1ed3ng th\u1eddi c\u00e1c ch\u01b0\u01a1ng tr\u00ecnh \u01b0u \u0111\u00e3i kh\u00e1c.<\/p>\n<p>&nbsp;<\/p>\n<p><strong>Xem chi ti\u1ebft ch\u01b0\u01a1ng tr\u00ecnh \u01b0u \u0111\u00e3i 30.000\u0111 t\u1ea1i \u0111\u00e2y<\/strong><\/p>\n<p>&#8211; \u01afu \u0111\u00e3i 30.000\u0111 cho \u0111\u01a1n h\u00e0ng t\u1eeb 60.000\u0111.<br \/>\n&#8211; \u00c1p d\u1ee5ng cho t\u1ea5t c\u1ea3 h\u00ecnh th\u1ee9c thanh to\u00e1n.<br \/>\n&#8211; \u00c1p d\u1ee5ng t\u1ea5t c\u1ea3 \u0111\u1ed1i t\u00e1c nh\u00e0 h\u00e0ng tr\u00ean GrabFood<br \/>\n&#8211; \u00c1p d\u1ee5ng tr\u00ean gi\u00e1 tr\u1ecb \u0111\u01a1n h\u00e0ng, kh\u00f4ng \u00e1p d\u1ee5ng tr\u00ean ph\u00ed v\u1eadn chuy\u1ec3n.<br \/>\n&#8211; M\u1ed7i kh\u00e1ch h\u00e0ng c\u00f3 th\u1ec3 s\u1eed d\u1ee5ng \u01b0u \u0111\u00e3i t\u1ed1i \u0111a 01 l\u1ea7n trong su\u1ed1t th\u1eddi gian di\u1ec5n ra ch\u01b0\u01a1ng tr\u00ecnh.<br \/>\n&#8211; Kh\u00f4ng \u00e1p d\u1ee5ng \u0111\u1ed3ng th\u1eddi c\u00e1c ch\u01b0\u01a1ng tr\u00ecnh \u01b0u \u0111\u00e3i kh\u00e1c.<\/p>\n<p><!--more--><\/p>\n<p><a href=\"https:\/\/grab.onelink.me\/2695613898\/datxengay\"><img loading=\"lazy\" decoding=\"async\" class=\"aligncenter wp-image-109009\" src=\"https:\/\/assets.grab.com\/wp-content\/uploads\/sites\/11\/2022\/01\/20122452\/CTA-012.png\" alt=\"\" width=\"204\" height=\"50\" \/><\/a><\/p>\n","protected":false},"excerpt":{"rendered":"\ud83d\ude0d\u0110\u00eam ch\u1ea1y deadline, chi\u1ec1u tan l\u00e0m mu\u1ed9n c\u1ee9 \u0111\u1ec3 Grab \u0111\u01b0a \u0111i \u0111\u00f3n v\u1ec1 t\u1eadn n\u01a1i an to\u00e0n l\u1ea1i c\u00f2n nh\u1eadn th\u00eam voucher GrabFood. \u0110i Grab qu\u00e1 l\u00e0 h\u1eddi!!! \ud83d\udc47T\u1eeb ng\u00e0y 08\/08 \u0111\u1ebfn h\u1ebft ng\u00e0y 14\/08 khi \u0111i GrabBike ho\u1eb7c GrabCar s\u1ebd nh\u1eadn \u0111\u01b0\u1ee3c \u01b0u \u0111\u00e3i GrabFood sau m\u1ed7i chuy\u1ebfn xe si\u00eau h\u1ea5p d\u1eabn \ud83c\udf57\u01afu [&hellip;]","protected":false},"author":1250,"featured_media":0,"parent":0,"menu_order":0,"comment_status":"closed","ping_status":"closed","template":"","meta":{"_acf_changed":false,"footnotes":""},"acf":[],"_links":{"self":[{"href":"https:\/\/www.grab.com\/vn\/wp-json\/wp\/v2\/pages\/124889"}],"collection":[{"href":"https:\/\/www.grab.com\/vn\/wp-json\/wp\/v2\/pages"}],"about":[{"href":"https:\/\/www.grab.com\/vn\/wp-json\/wp\/v2\/types\/page"}],"author":[{"embeddable":true,"href":"https:\/\/www.grab.com\/vn\/wp-json\/wp\/v2\/users\/1250"}],"replies":[{"embeddable":true,"href":"https:\/\/www.grab.com\/vn\/wp-json\/wp\/v2\/comments?post=124889"}],"version-history":[{"count":7,"href":"https:\/\/www.grab.com\/vn\/wp-json\/wp\/v2\/pages\/124889\/revisions"}],"predecessor-version":[{"id":126259,"href":"https:\/\/www.grab.com\/vn\/wp-json\/wp\/v2\/pages\/124889\/revisions\/126259"}],"wp:attachment":[{"href":"https:\/\/www.grab.com\/vn\/wp-json\/wp\/v2\/media?parent=124889"}],"curies":[{"name":"wp","href":"https:\/\/api.w.org\/{rel}","templated":true}]}}