{"id":123465,"date":"2022-06-30T15:39:11","date_gmt":"2022-06-30T07:39:11","guid":{"rendered":"https:\/\/www.grab.com\/vn\/?page_id=123465"},"modified":"2022-06-30T15:40:06","modified_gmt":"2022-06-30T07:40:06","slug":"7-7-sieu-sale-he-exp","status":"publish","type":"page","link":"https:\/\/www.grab.com\/vn\/7-7-sieu-sale-he-exp\/","title":{"rendered":"\ud83c\udf8a Si\u00eau sale 7.7 Grab h\u00e8 ng\u00e0n \u01b0u \u0111\u00e3i"},"content":{"rendered":"<p><span style=\"font-weight: 400\">\ud83d\ude98 \ud83d\udef5 Si\u00eau \u01b0u \u0111\u00e3i 7.7 \u0111\u1eb7c bi\u1ec7t t\u1eb7ng cho b\u1ea1n m\u1edbi khi s\u1eed d\u1ee5ng d\u1ecbch v\u1ee5 di chuy\u1ec3n GrabBike, GrabCar trong th\u00e1ng 07.<\/span><\/p>\n<p><span style=\"font-weight: 400\">\ud83e\udd73 \u0110\u1ed3ng gi\u00e1 \ud835\udfed.\ud835\udfec\ud835\udfec\ud835\udfec\u0111\/ chuy\u1ebfn <strong>GrabBike<\/strong> \u0111\u1ea7u ti\u00ean khi nh\u1eadp m\u00e3 <strong>BANMOI1KGB<\/strong>, \u00e1p d\u1ee5ng cho chuy\u1ebfn xe d\u01b0\u1edbi 19.000\u0111. Tha h\u1ed3 di chuy\u1ec3n mu\u00f4n n\u01a1i v\u1eeba an to\u00e0n, ti\u1ec7n l\u1ee3i l\u1ea1i si\u00eau ti\u1ebft ki\u1ec7m.<\/span><\/p>\n<p><span style=\"font-weight: 400\">\ud83e\udd29 \u01afu \u0111\u00e3i l\u00ean \u0111\u1ebfn 50%, t\u1ed1i \u0111a \ud835\udff0\ud835\udfec.\ud835\udfec\ud835\udfec\ud835\udfec\u0111 cho l\u1ea7n \u0111\u1ea7u s\u1eed d\u1ee5ng <strong>GrabCar<\/strong>\u00a0khi nh\u1eadp m\u00e3 <strong>BANMOIGC<\/strong>, kh\u1ecfi lo n\u1eafng m\u01b0a, th\u1eddi ti\u1ebft kh\u00f3 chi\u1ec1u.<br \/>\n<\/span><span style=\"font-weight: 400\"><br \/>\n<\/span><span style=\"font-weight: 400\">\ud83d\udcf1 Ch\u01b0\u01a1ng tr\u00ecnh di\u1ec5n ra t\u1eeb 30\/06 \u0111\u1ebfn h\u1ebft 31\/07\/2022. T\u1ea3i app \u0111\u1eb7t xe, \u01b0u \u0111\u00e3i \u0111\u1ec3 Grab lo nhaaa!<\/span><\/p>\n<p><a href=\"https:\/\/grab.onelink.me\/2695613898\/datxengay\"><img loading=\"lazy\" decoding=\"async\" class=\"aligncenter wp-image-109009\" src=\"https:\/\/assets.grab.com\/wp-content\/uploads\/sites\/11\/2022\/01\/20122452\/CTA-012.png\" alt=\"\" width=\"204\" height=\"50\" \/><\/a><\/p>\n<p><span style=\"font-weight: 400\"><span style=\"text-decoration: underline\"><strong>\u0110i\u1ec1u ki\u1ec7n v\u00e0 \u0111i\u1ec1u kho\u1ea3n:<\/strong><\/span><br \/>\n<em>&#8211; M\u00e3 BANMOI1KGB:\u00a0<\/em><\/span><\/p>\n<p><span style=\"font-weight: 400\">\u2705\u0110\u1ed3ng gi\u00e1 1.000\u0111 cho c\u00e1c chuy\u1ebfn GrabBike c\u00f3 c\u01b0\u1edbc ph\u00ed d\u01b0\u1edbi ho\u1eb7c b\u1eb1ng 20.000\u0111. V\u1edbi c\u00e1c chuy\u1ebfn xe c\u00f3 c\u01b0\u1edbc ph\u00ed t\u1eeb 21.000\u0111 tr\u1edf l\u00ean, \u01b0u \u0111\u00e3i t\u1ed1i \u0111a 19.000\u0111.<\/span><\/p>\n<p><span style=\"font-weight: 400\">\u2705\u01afu \u0111\u00e3i \u00e1p d\u1ee5ng cho ng\u01b0\u1eddi d\u00f9ng l\u1ea7n \u0111\u1ea7u s\u1eed d\u1ee5ng c\u00e1c d\u1ecbch v\u1ee5 di chuy\u1ec3n GrabBike, GrabBike Premium tr\u00ean c\u1ea3 n\u01b0\u1edbc tr\u1eeb th\u00e0nh ph\u1ed1 H\u1ed3 Ch\u00ed Minh v\u00e0 H\u00e0 N\u1ed9i.<\/span><\/p>\n<p><span style=\"font-weight: 400\">\u2705M\u1ed7i ng\u01b0\u1eddi d\u00f9ng \u0111\u01b0\u1ee3c s\u1eed d\u1ee5ng \u01b0u \u0111\u00e3i t\u1ed1i \u0111a 01 l\u1ea7n trong su\u1ed1t th\u1eddi gian di\u1ec5n ra ch\u01b0\u01a1ng tr\u00ecnh.<\/span><\/p>\n<p><span style=\"font-weight: 400\">\u2705S\u1ed1 l\u01b0\u1ee3ng \u01b0u \u0111\u00e3i c\u00f3 gi\u1edbi h\u1ea1n m\u1ed7i ng\u00e0y.<\/span><\/p>\n<p><span style=\"font-weight: 400\">\u2705\u01afu \u0111\u00e3i kh\u00f4ng bao g\u1ed3m ph\u1ee5 ph\u00ed, ng\u01b0\u1eddi d\u00f9ng vui l\u00f2ng thanh to\u00e1n ph\u1ea7n ph\u1ee5 ph\u00ed n\u00e0y v\u1edbi t\u00e0i x\u1ebf.<\/span><\/p>\n<p><span style=\"font-weight: 400\">\u2705Ch\u1ec9 \u00e1p d\u1ee5ng v\u1edbi phi\u00ean b\u1ea3n app m\u1edbi nh\u1ea5t.<\/span><\/p>\n<p><em>&#8211; M\u00e3 BANMOIGC:<br \/>\n\u2705Gi\u1ea3m 50% (t\u1ed1i \u0111a 40.000\u0111) x 1 chuy\u1ebfn Grab.<\/em><\/p>\n<p><span style=\"font-weight: 400\"><em>\u2705\u01afu \u0111\u00e3i \u00e1p d\u1ee5ng cho h\u00e0nh kh\u00e1ch l\u1ea7n \u0111\u1ea7u s\u1eed d\u1ee5ng c\u00e1c d\u1ecbch v\u1ee5 di chuy\u1ec3n c\u1ee7a Grab (GrabBike, GrabBike Premium, GrabCar, GrabCar Plus, GrabTaxi) tr\u00ean to\u00e0n qu\u1ed1c ngo\u1ea1i tr\u1eeb th\u00e0nh ph\u1ed1 H\u1ed3 Ch\u00ed Minh, H\u00e0 N\u1ed9i, Long An, \u0110\u1ed3ng Nai, B\u00ecnh D\u01b0\u01a1ng, V\u0129nh Ph\u00fac, B\u1eafc Ninh. <\/em><\/span><\/p>\n<p><span style=\"font-weight: 400\"><em>\u2705\u00c1p d\u1ee5ng cho m\u1ecdi ph\u01b0\u01a1ng th\u1ee9c thanh to\u00e1n.<\/em><\/span><\/p>\n<p><span style=\"font-weight: 400\"><em>\u2705M\u1ed7i ng\u01b0\u1eddi d\u00f9ng \u0111\u01b0\u1ee3c s\u1eed d\u1ee5ng \u01b0u \u0111\u00e3i t\u1ed1i \u0111a 01 l\u1ea7n trong su\u1ed1t th\u1eddi gian di\u1ec5n ra ch\u01b0\u01a1ng tr\u00ecnh.<\/em><\/span><\/p>\n<p><span style=\"font-weight: 400\"><em>\u2705\u01afu \u0111\u00e3i kh\u00f4ng bao g\u1ed3m ph\u00ed c\u1ea7u \u0111\u01b0\u1eddng v\u00e0 c\u00e1c ph\u1ee5 ph\u00ed kh\u00e1c (n\u1ebfu c\u00f3) v\u1edbi \u0110\u1ed1i t\u00e1c t\u00e0i x\u1ebf.\u00a0<\/em><\/span><\/p>\n<p><span style=\"font-weight: 400\"><em> \u2705S\u1ed1 l\u01b0\u1ee3ng \u01b0u \u0111\u00e3i c\u00f3 gi\u1edbi h\u1ea1n m\u1ed7i ng\u00e0y.<\/em><br \/>\n<\/span><\/p>\n","protected":false},"excerpt":{"rendered":"\ud83d\ude98 \ud83d\udef5 Si\u00eau \u01b0u \u0111\u00e3i 7.7 \u0111\u1eb7c bi\u1ec7t t\u1eb7ng cho b\u1ea1n m\u1edbi khi s\u1eed d\u1ee5ng d\u1ecbch v\u1ee5 di chuy\u1ec3n GrabBike, GrabCar trong th\u00e1ng 07. \ud83e\udd73 \u0110\u1ed3ng gi\u00e1 \ud835\udfed.\ud835\udfec\ud835\udfec\ud835\udfec\u0111\/ chuy\u1ebfn GrabBike \u0111\u1ea7u ti\u00ean khi nh\u1eadp m\u00e3 BANMOI1KGB, \u00e1p d\u1ee5ng cho chuy\u1ebfn xe d\u01b0\u1edbi 19.000\u0111. Tha h\u1ed3 di chuy\u1ec3n mu\u00f4n n\u01a1i v\u1eeba an to\u00e0n, ti\u1ec7n l\u1ee3i l\u1ea1i [&hellip;]","protected":false},"author":1123,"featured_media":0,"parent":0,"menu_order":0,"comment_status":"closed","ping_status":"closed","template":"","meta":{"_acf_changed":false,"footnotes":""},"acf":[],"_links":{"self":[{"href":"https:\/\/www.grab.com\/vn\/wp-json\/wp\/v2\/pages\/123465"}],"collection":[{"href":"https:\/\/www.grab.com\/vn\/wp-json\/wp\/v2\/pages"}],"about":[{"href":"https:\/\/www.grab.com\/vn\/wp-json\/wp\/v2\/types\/page"}],"author":[{"embeddable":true,"href":"https:\/\/www.grab.com\/vn\/wp-json\/wp\/v2\/users\/1123"}],"replies":[{"embeddable":true,"href":"https:\/\/www.grab.com\/vn\/wp-json\/wp\/v2\/comments?post=123465"}],"version-history":[{"count":2,"href":"https:\/\/www.grab.com\/vn\/wp-json\/wp\/v2\/pages\/123465\/revisions"}],"predecessor-version":[{"id":123480,"href":"https:\/\/www.grab.com\/vn\/wp-json\/wp\/v2\/pages\/123465\/revisions\/123480"}],"wp:attachment":[{"href":"https:\/\/www.grab.com\/vn\/wp-json\/wp\/v2\/media?parent=123465"}],"curies":[{"name":"wp","href":"https:\/\/api.w.org\/{rel}","templated":true}]}}