{"id":121682,"date":"2022-06-09T19:15:55","date_gmt":"2022-06-09T11:15:55","guid":{"rendered":"https:\/\/www.grab.com\/vn\/?page_id=121682"},"modified":"2022-06-17T14:01:23","modified_gmt":"2022-06-17T06:01:23","slug":"dung-loi-tat-chuan-trai-nghiem-giao-dien-phim-tat-cua-grab-cho-phep-ban-dat-xe-ngay-tren-man-hinh-chinh","status":"publish","type":"page","link":"https:\/\/www.grab.com\/vn\/dung-loi-tat-chuan-trai-nghiem-giao-dien-phim-tat-cua-grab-cho-phep-ban-dat-xe-ngay-tren-man-hinh-chinh\/","title":{"rendered":"\u0110\u00fang l\u1ed1i t\u1eaft, chu\u1ea9n tr\u1ea3i nghi\u1ec7m. Giao di\u1ec7n ph\u00edm t\u1eaft c\u1ee7a Grab cho ph\u00e9p b\u1ea1n \u0111\u1eb7t xe ngay tr\u00ean m\u00e0n h\u00ecnh ch\u00ednh."},"content":{"rendered":"<p><img loading=\"lazy\" decoding=\"async\" width=\"1440\" height=\"700\" class=\"aligncenter size-full wp-image-121683\" src=\"https:\/\/assets.grab.com\/wp-content\/uploads\/sites\/11\/2022\/06\/09190726\/FA_blog_VN.png\" alt=\"\" srcset=\"https:\/\/assets.grab.com\/wp-content\/uploads\/sites\/11\/2022\/06\/09190726\/FA_blog_VN.png 1440w, https:\/\/assets.grab.com\/wp-content\/uploads\/sites\/11\/2022\/06\/09190726\/FA_blog_VN-250x122.png 250w, https:\/\/assets.grab.com\/wp-content\/uploads\/sites\/11\/2022\/06\/09190726\/FA_blog_VN-700x340.png 700w, https:\/\/assets.grab.com\/wp-content\/uploads\/sites\/11\/2022\/06\/09190726\/FA_blog_VN-768x373.png 768w, https:\/\/assets.grab.com\/wp-content\/uploads\/sites\/11\/2022\/06\/09190726\/FA_blog_VN-120x58.png 120w\" sizes=\"(max-width: 1440px) 100vw, 1440px\" \/><\/p>\n<p>&nbsp;<\/p>\n<p>Ng\u01b0\u1eddi \u01b0a l\u1ed1i t\u1eaft, th\u00edch s\u1ef1 ti\u1ec7n l\u1ee3i \u01a1i!<\/p>\n<p>Ng\u01b0\u1eddi th\u00e0nh c\u00f4ng lu\u00f4n c\u00f3 l\u1ed1i \u0111i ri\u00eang, ch\u00fang t\u00f4i bi\u1ebft b\u1ea1n lu\u00f4n t\u00ecm ki\u1ebfm gi\u1ea3i ph\u00e1p nhanh v\u00e0 d\u1ec5 d\u00e0ng nh\u1ea5t cho m\u1ecdi v\u1ea5n \u0111\u1ec1.<br \/>\nKh\u00f4ng c\u1ea7n t\u00ecm \u0111\u00e2u xa, Grab nay \u0111\u00e3 t\u1ea1o ri\u00eang cho b\u1ea1n ph\u00edm t\u1eaft Grab!<\/p>\n<p>C\u1ea3i ti\u1ebfn m\u1edbi n\u00e0y gi\u00fap b\u1ea1n \u0111\u1eb7t xe ch\u1ec9 sau 3 c\u00fa ch\u1ea1m, ti\u1ebft ki\u1ec7m th\u1eddi gian h\u01a1n tr\u01b0\u1edbc. B\u1ea1n c\u00f3 th\u1ec3 \u0111\u1eb7t xe ngay qua ph\u00edm t\u1eaft ngay tr\u00ean m\u00e0n h\u00ecnh ch\u00ednh r\u1ed3i di chuy\u1ec3n nhanh ch\u00f3ng t\u1edbi \u0111\u1ecba \u0111i\u1ec3m \u0111\u00e3 l\u01b0u.<\/p>\n<p>Ch\u1ea7n ch\u1eeb g\u00ec n\u1eefa, tr\u1ea3i nghi\u1ec7m ngay! Di chuy\u1ec3n d\u1ec5 d\u00e0ng v\u00e0 nhanh ch\u00f3ng v\u1edbi ph\u00edm t\u1eaft Grab. B\u1eaft \u0111\u1ea7u v\u1edbi:<\/p>\n<p><strong>C\u00e1ch \u0111\u1eb7t xe<\/strong><\/p>\n<p><img loading=\"lazy\" decoding=\"async\" class=\"aligncenter wp-image-122295 size-full\" src=\"https:\/\/assets.grab.com\/wp-content\/uploads\/sites\/11\/2022\/06\/15174120\/how-to-book_IOS_VN1.gif\" alt=\"\" width=\"1080\" height=\"1920\" \/><\/p>\n<ol>\n<li>Nh\u1ea5n v\u00e0o m\u1ed9t trong nh\u1eefng \u0111i\u1ec3m b\u1ea1n \u0111\u00e3 l\u01b0u<\/li>\n<li>Nh\u1ea5n \u2018X\u00e1c nh\u1eadn \u0111i\u1ec3m \u0111\u00f3n\u2019<\/li>\n<li>\u0110\u1eb7t xe v\u00e0 s\u1eb5n s\u00e0ng l\u00ean \u0111\u01b0\u1eddng!<\/li>\n<\/ol>\n<p>Th\u00eam ph\u00edm t\u1eaft Grab v\u00e0o m\u00e0n h\u00ecnh ch\u00ednh v\u00e0 l\u01b0u l\u1ea1i nh\u1eefng \u0111\u1ecba \u0111i\u1ec3m b\u1ea1n hay gh\u00e9 qua. Chi ti\u1ebft c\u00e1ch th\u1ef1c hi\u1ec7n g\u1ed3m:<\/p>\n<p>&nbsp;<\/p>\n<p><strong>C\u00e1ch \u0111\u1ec3 th\u00eam ph\u00edm t\u1eaft Grab tr\u00ean \u0111i\u1ec7n tho\u1ea1i<\/strong><\/p>\n<p><img loading=\"lazy\" decoding=\"async\" class=\"aligncenter wp-image-122297 size-full\" src=\"https:\/\/assets.grab.com\/wp-content\/uploads\/sites\/11\/2022\/06\/15174817\/IOS-add-widget_VN3.gif\" alt=\"\" width=\"1080\" height=\"1920\" \/><\/p>\n<p style=\"text-align: center\"><strong>IOS<\/strong><\/p>\n<ol>\n<li style=\"font-weight: 400\"><span style=\"font-weight: 400\">Ch\u1ea1m v\u00e0 gi\u1eef m\u00e0n h\u00ecnh ch\u00ednh<\/span><\/li>\n<li style=\"font-weight: 400\"><span style=\"font-weight: 400\">Nh\u1ea5n v\u00e0o bi\u1ec3u t\u01b0\u1ee3ng \u2018+\u2019 \u1edf ph\u00eda tr\u00ean b\u00ean tr\u00e1i<\/span><\/li>\n<li style=\"font-weight: 400\"><span style=\"font-weight: 400\">G\u00f5 \u2018Grab&#8217; tr\u00ean thanh c\u00f4ng c\u1ee5 T\u00ecm ki\u1ebfm<\/span><\/li>\n<li style=\"font-weight: 400\"><span style=\"font-weight: 400\">Ch\u1ecdn Grab v\u00e0 th\u00eam v\u00e0o m\u00e0n h\u00ecnh ch\u00ednh<\/span><\/li>\n<li style=\"font-weight: 400\"><span style=\"font-weight: 400\">\u0110\u1ec3 th\u00eam \u0111i\u1ec3m \u0111\u1ebfn, nh\u1ea5n v\u00e0 gi\u1eef v\u00e0o bi\u1ec3u t\u01b0\u1ee3ng Grab<\/span><\/li>\n<\/ol>\n<p>&nbsp;<\/p>\n<p><img loading=\"lazy\" decoding=\"async\" class=\"aligncenter wp-image-122298 size-full\" src=\"https:\/\/assets.grab.com\/wp-content\/uploads\/sites\/11\/2022\/06\/15174911\/IOS-add-widget_VN4.gif\" alt=\"\" width=\"1080\" height=\"1920\" \/><\/p>\n<p style=\"text-align: center\"><strong>Android<\/strong><\/p>\n<p>&nbsp;<\/p>\n<ol>\n<li style=\"font-weight: 400\"><span style=\"font-weight: 400\">Ch\u1ea1m v\u00e0 gi\u1eef m\u00e0n h\u00ecnh ch\u00ednh<\/span><\/li>\n<li style=\"font-weight: 400\"><span style=\"font-weight: 400\">M\u1edf danh s\u00e1ch ph\u00edm ti\u1ec7n \u00edch\u00a0<\/span><\/li>\n<li style=\"font-weight: 400\"><span style=\"font-weight: 400\">Ch\u1ecdn Grab v\u00e0 th\u00eam v\u00e0o m\u00e0n h\u00ecnh ch\u00ednh<\/span><\/li>\n<li style=\"font-weight: 400\"><span style=\"font-weight: 400\">Nh\u1ea5n v\u00e0o bi\u1ec3u t\u01b0\u1ee3ng Grab \u0111\u1ec3 c\u00e0i \u0111\u1eb7t c\u00e1c \u0111\u1ecba \u0111i\u1ec3m mu\u1ed1n l\u01b0u<\/span><\/li>\n<\/ol>\n<p>&nbsp;<\/p>\n<p>&nbsp;<\/p>\n","protected":false},"excerpt":{"rendered":"&nbsp; Ng\u01b0\u1eddi \u01b0a l\u1ed1i t\u1eaft, th\u00edch s\u1ef1 ti\u1ec7n l\u1ee3i \u01a1i! Ng\u01b0\u1eddi th\u00e0nh c\u00f4ng lu\u00f4n c\u00f3 l\u1ed1i \u0111i ri\u00eang, ch\u00fang t\u00f4i bi\u1ebft b\u1ea1n lu\u00f4n t\u00ecm ki\u1ebfm gi\u1ea3i ph\u00e1p nhanh v\u00e0 d\u1ec5 d\u00e0ng nh\u1ea5t cho m\u1ecdi v\u1ea5n \u0111\u1ec1. Kh\u00f4ng c\u1ea7n t\u00ecm \u0111\u00e2u xa, Grab nay \u0111\u00e3 t\u1ea1o ri\u00eang cho b\u1ea1n ph\u00edm t\u1eaft Grab! C\u1ea3i ti\u1ebfn m\u1edbi n\u00e0y [&hellip;]","protected":false},"author":1250,"featured_media":0,"parent":0,"menu_order":0,"comment_status":"closed","ping_status":"closed","template":"","meta":{"_acf_changed":false,"footnotes":""},"acf":[],"_links":{"self":[{"href":"https:\/\/www.grab.com\/vn\/wp-json\/wp\/v2\/pages\/121682"}],"collection":[{"href":"https:\/\/www.grab.com\/vn\/wp-json\/wp\/v2\/pages"}],"about":[{"href":"https:\/\/www.grab.com\/vn\/wp-json\/wp\/v2\/types\/page"}],"author":[{"embeddable":true,"href":"https:\/\/www.grab.com\/vn\/wp-json\/wp\/v2\/users\/1250"}],"replies":[{"embeddable":true,"href":"https:\/\/www.grab.com\/vn\/wp-json\/wp\/v2\/comments?post=121682"}],"version-history":[{"count":19,"href":"https:\/\/www.grab.com\/vn\/wp-json\/wp\/v2\/pages\/121682\/revisions"}],"predecessor-version":[{"id":122481,"href":"https:\/\/www.grab.com\/vn\/wp-json\/wp\/v2\/pages\/121682\/revisions\/122481"}],"wp:attachment":[{"href":"https:\/\/www.grab.com\/vn\/wp-json\/wp\/v2\/media?parent=121682"}],"curies":[{"name":"wp","href":"https:\/\/api.w.org\/{rel}","templated":true}]}}