{"id":121647,"date":"2022-06-09T11:52:00","date_gmt":"2022-06-09T03:52:00","guid":{"rendered":"https:\/\/www.grab.com\/vn\/?page_id=121647"},"modified":"2022-06-09T12:12:32","modified_gmt":"2022-06-09T04:12:32","slug":"mung-ngay-cua-cha-va-ngay-gia-dinh-viet-nam-dat-grabcar-gan-ket-ca-nha","status":"publish","type":"page","link":"https:\/\/www.grab.com\/vn\/mung-ngay-cua-cha-va-ngay-gia-dinh-viet-nam-dat-grabcar-gan-ket-ca-nha\/","title":{"rendered":"M\u1eebng ng\u00e0y c\u1ee7a Cha v\u00e0 ng\u00e0y Gia \u0111\u00ecnh Vi\u1ec7t Nam, \u0111\u1eb7t GrabCar g\u1eafn k\u1ebft c\u1ea3 nh\u00e0"},"content":{"rendered":"<p><img loading=\"lazy\" decoding=\"async\" width=\"1200\" height=\"600\" class=\"aligncenter size-full wp-image-121648\" src=\"https:\/\/assets.grab.com\/wp-content\/uploads\/sites\/11\/2022\/06\/09114859\/1200x600-16.jpg\" alt=\"\" srcset=\"https:\/\/assets.grab.com\/wp-content\/uploads\/sites\/11\/2022\/06\/09114859\/1200x600-16.jpg 1200w, https:\/\/assets.grab.com\/wp-content\/uploads\/sites\/11\/2022\/06\/09114859\/1200x600-16-250x125.jpg 250w, https:\/\/assets.grab.com\/wp-content\/uploads\/sites\/11\/2022\/06\/09114859\/1200x600-16-700x350.jpg 700w, https:\/\/assets.grab.com\/wp-content\/uploads\/sites\/11\/2022\/06\/09114859\/1200x600-16-768x384.jpg 768w, https:\/\/assets.grab.com\/wp-content\/uploads\/sites\/11\/2022\/06\/09114859\/1200x600-16-120x60.jpg 120w\" sizes=\"(max-width: 1200px) 100vw, 1200px\" \/><\/p>\n<p>&nbsp;<\/p>\n<p>\ud83d\udc68\u200d\ud83d\udc69\u200d\ud83d\udc67\u200d\ud83d\udc66 M\u1eebng ng\u00e0y c\u1ee7a Cha v\u00e0 ng\u00e0y Gia \u0111\u00ecnh Vi\u1ec7t Nam, \u0111\u1eb7t GrabCar g\u1eafn k\u1ebft c\u1ea3 nh\u00e0<\/p>\n<p>\ud83d\udc9a \u0110\u00e3 bao l\u00e2u r\u1ed3i c\u1ea3 gia \u0111\u00ecnh ch\u01b0a qu\u00e2y qu\u1ea7n b\u00ean nhau n\u00e8? V\u1eady th\u00ec nh\u00e2n ng\u00e0y c\u1ee7a Cha v\u00e0 ng\u00e0y Gia \u0111\u00ecnh Vi\u1ec7t Nam, c\u1ea3 nh\u00e0 ra ngo\u00e0i vui ch\u01a1i \u0103n u\u1ed1ng \u0111\u1ec3 th\u00eam g\u1eafn k\u1ebft nha.<\/p>\n<p>\ud83d\ude97 Ch\u1eb3ng lo m\u01b0a n\u1eafng l\u00e0m phi\u1ec1n, \u0111i ch\u01a1i b\u1eb1ng GrabCar bao ti\u1ec7n l\u1ee3i. \u0110\u1eebng qu\u00ean nh\u1eadp m\u00e3 FAMILY \u0111\u1ec3 nh\u1eadn \u01b0u \u0111\u00e3i 20% t\u1ed1i \u0111a 20.000\u0111 (*) nha.<\/p>\n<p>&nbsp;<\/p>\n<p><strong>Xem chi ti\u1ebft ch\u01b0\u01a1ng tr\u00ecnh t\u1ea1i \u0111\u00e2y<\/strong><\/p>\n<p>&#8211; \u01afu \u0111\u00e3i 20% (t\u1ed1i \u0111a 20.000\u0111) \u00e1p d\u1ee5ng cho d\u1ecbch v\u1ee5 GrabCar\/ GrabCar Plus\/ GrabCar Protect.<\/p>\n<p>&#8211; \u00c1p d\u1ee5ng t\u1ea1i Tp.H\u1ed3 Ch\u00ed Minh, H\u00e0 N\u1ed9i.<\/p>\n<p>&#8211; \u00c1p d\u1ee5ng cho m\u1ecdi ph\u01b0\u01a1ng th\u1ee9c thanh to\u00e1n.<\/p>\n<p>&#8211; \u01afu \u0111\u00e3i kh\u00f4ng bao g\u1ed3m ph\u1ee5 ph\u00ed, ng\u01b0\u1eddi d\u00f9ng vui l\u00f2ng thanh to\u00e1n ph\u1ee5 ph\u00ed (n\u1ebfu c\u00f3) v\u1edbi \u0110\u1ed1i t\u00e1c t\u00e0i x\u1ebf.<\/p>\n<p>&#8211; M\u1ed7i ng\u01b0\u1eddi d\u00f9ng c\u00f3 th\u1ec3 s\u1eed d\u1ee5ng \u01b0u \u0111\u00e3i t\u1ed1i \u0111a 01 l\u1ea7n\/ng\u00e0y v\u00e0 10 l\u1ea7n trong su\u1ed1t th\u1eddi gian di\u1ec5n ra ch\u01b0\u01a1ng tr\u00ecnh.<\/p>\n<p>&#8211; S\u1ed1 l\u01b0\u1ee3ng \u01b0u \u0111\u00e3i c\u00f3 gi\u1edbi h\u1ea1n m\u1ed7i ng\u00e0y.<\/p>\n<p>&#8211; Ch\u1ec9 \u00e1p d\u1ee5ng cho ng\u01b0\u1eddi d\u00f9ng nh\u1eadn \u0111\u01b0\u1ee3c th\u00f4ng b\u00e1o.<\/p>\n<p>&#8211; Ch\u1ec9 \u00e1p d\u1ee5ng v\u1edbi phi\u00ean b\u1ea3n app m\u1edbi nh\u1ea5t.<\/p>\n<p>&nbsp;<\/p>\n<p><!--more--><\/p>\n<p><a href=\"https:\/\/grab.onelink.me\/2695613898\/datxengay\"><img loading=\"lazy\" decoding=\"async\" class=\"aligncenter wp-image-109009\" src=\"https:\/\/assets.grab.com\/wp-content\/uploads\/sites\/11\/2022\/01\/20122452\/CTA-012.png\" alt=\"\" width=\"204\" height=\"50\" \/><\/a><\/p>\n<p>&nbsp;<\/p>\n","protected":false},"excerpt":{"rendered":"&nbsp; \ud83d\udc68\u200d\ud83d\udc69\u200d\ud83d\udc67\u200d\ud83d\udc66 M\u1eebng ng\u00e0y c\u1ee7a Cha v\u00e0 ng\u00e0y Gia \u0111\u00ecnh Vi\u1ec7t Nam, \u0111\u1eb7t GrabCar g\u1eafn k\u1ebft c\u1ea3 nh\u00e0 \ud83d\udc9a \u0110\u00e3 bao l\u00e2u r\u1ed3i c\u1ea3 gia \u0111\u00ecnh ch\u01b0a qu\u00e2y qu\u1ea7n b\u00ean nhau n\u00e8? V\u1eady th\u00ec nh\u00e2n ng\u00e0y c\u1ee7a Cha v\u00e0 ng\u00e0y Gia \u0111\u00ecnh Vi\u1ec7t Nam, c\u1ea3 nh\u00e0 ra ngo\u00e0i vui ch\u01a1i \u0103n u\u1ed1ng \u0111\u1ec3 th\u00eam g\u1eafn [&hellip;]","protected":false},"author":1250,"featured_media":0,"parent":0,"menu_order":0,"comment_status":"closed","ping_status":"closed","template":"","meta":{"_acf_changed":false,"footnotes":""},"acf":[],"_links":{"self":[{"href":"https:\/\/www.grab.com\/vn\/wp-json\/wp\/v2\/pages\/121647"}],"collection":[{"href":"https:\/\/www.grab.com\/vn\/wp-json\/wp\/v2\/pages"}],"about":[{"href":"https:\/\/www.grab.com\/vn\/wp-json\/wp\/v2\/types\/page"}],"author":[{"embeddable":true,"href":"https:\/\/www.grab.com\/vn\/wp-json\/wp\/v2\/users\/1250"}],"replies":[{"embeddable":true,"href":"https:\/\/www.grab.com\/vn\/wp-json\/wp\/v2\/comments?post=121647"}],"version-history":[{"count":4,"href":"https:\/\/www.grab.com\/vn\/wp-json\/wp\/v2\/pages\/121647\/revisions"}],"predecessor-version":[{"id":121654,"href":"https:\/\/www.grab.com\/vn\/wp-json\/wp\/v2\/pages\/121647\/revisions\/121654"}],"wp:attachment":[{"href":"https:\/\/www.grab.com\/vn\/wp-json\/wp\/v2\/media?parent=121647"}],"curies":[{"name":"wp","href":"https:\/\/api.w.org\/{rel}","templated":true}]}}