{"id":121413,"date":"2022-06-06T16:56:06","date_gmt":"2022-06-06T08:56:06","guid":{"rendered":"https:\/\/www.grab.com\/vn\/?page_id=121413"},"modified":"2022-06-06T17:32:41","modified_gmt":"2022-06-06T09:32:41","slug":"dat-xe-la-co-qua-nhan-lien-sau-moi-chuyen","status":"publish","type":"page","link":"https:\/\/www.grab.com\/vn\/dat-xe-la-co-qua-nhan-lien-sau-moi-chuyen\/","title":{"rendered":"Nh\u1eadn nhi\u1ec1u h\u01a1n qua m\u1ed7i chuy\u1ebfn xe"},"content":{"rendered":"<p><img loading=\"lazy\" decoding=\"async\" class=\"wp-image-121414 size-full aligncenter\" src=\"https:\/\/assets.grab.com\/wp-content\/uploads\/sites\/11\/2022\/06\/06165404\/KV-GTP-1200x600-1.jpg\" alt=\"\" width=\"1200\" height=\"600\" srcset=\"https:\/\/assets.grab.com\/wp-content\/uploads\/sites\/11\/2022\/06\/06165404\/KV-GTP-1200x600-1.jpg 1200w, https:\/\/assets.grab.com\/wp-content\/uploads\/sites\/11\/2022\/06\/06165404\/KV-GTP-1200x600-1-250x125.jpg 250w, https:\/\/assets.grab.com\/wp-content\/uploads\/sites\/11\/2022\/06\/06165404\/KV-GTP-1200x600-1-700x350.jpg 700w, https:\/\/assets.grab.com\/wp-content\/uploads\/sites\/11\/2022\/06\/06165404\/KV-GTP-1200x600-1-768x384.jpg 768w, https:\/\/assets.grab.com\/wp-content\/uploads\/sites\/11\/2022\/06\/06165404\/KV-GTP-1200x600-1-120x60.jpg 120w\" sizes=\"(max-width: 1200px) 100vw, 1200px\" \/><\/p>\n<p>&nbsp;<\/p>\n<p><span style=\"font-weight: 400\">\u2728 \u0110\u1eb7t xe l\u00e0 c\u00f3 \u201cqu\u00e0\u201d, nh\u1eadn li\u1ec1n sau m\u1ed7i chuy\u1ebfn \u2728<\/span><\/p>\n<p><span style=\"font-weight: 400\">\u0110\u00f3n h\u00e8 ph\u01a1i ph\u1edbi, \u0111\u1eb7t GrabBike, GrabCar \u0111i \u0111\u00e2u c\u0169ng tho\u1ea3i m\u00e1i, ti\u1ec7n l\u1ee3i l\u1ea1i nh\u1eadn \u0111\u01b0\u1ee3c nhi\u1ec1u \u01b0u \u0111\u00e3i t\u1eeb GrabFood, GrabMart, V\u00ed Moca v\u00e0 c\u00e1c \u0111\u1ed1i t\u00e1c c\u1ee7a Grab sau m\u1ed7i chuy\u1ebfn xe:<\/span><\/p>\n<p><span style=\"font-weight: 400\">\ufe0f\ud83c\udf8a C\u1ee9 k\u1ebft th\u00fac m\u1ed9t chuy\u1ebfn GrabBike hay GrabCar l\u00e0 \u0111\u01b0\u1ee3c t\u1eb7ng ngay \u01b0u \u0111\u00e3i c\u1ef1c h\u1ea5p d\u1eabn t\u1eeb GrabFood, GrabMart v\u00e0 V\u00ed Moca nha<\/span><\/p>\n<p><span style=\"font-weight: 400\">\ufe0f\ud83c\udf8a \u0110\u1eb7c bi\u1ec7t, khi gh\u00e9 c\u00e1c c\u1eeda h\u00e0ng, trung t\u00e2m th\u01b0\u01a1ng m\u1ea1i l\u00e0 \u0111\u1ed1i t\u00e1c c\u1ee7a Grab s\u1ebd nh\u1eadn \u0111\u01b0\u1ee3c \u01b0u \u0111\u00e3i k\u00e9p. Th\u00e1ng 6 n\u00e0y Grab c\u00f9ng Burger King, Gong cha, Morico s\u1ebd mang \u0111\u1ebfn cho b\u1ea1n nh\u1eefng \u01b0u \u0111\u00e3i GrabBike, GrabCar v\u00e0 gi\u1ea3m gi\u00e1 ho\u00e1 \u0111\u01a1n \u0103n u\u1ed1ng c\u1ef1c h\u1ea5p d\u1eabn\u00a0<\/span><\/p>\n<p><span style=\"font-weight: 400\">\ud83c\udf81 \u0110\u1eb7t GrabBike, GrabCar ngay \u0111\u1ec3 nh\u1eadn nhi\u1ec1u h\u01a1n qua m\u1ed7i chuy\u1ebfn xe b\u1ea1n \u01a1i!\u00a0<\/span><\/p>\n<p><span style=\"font-weight: 400\">#GrabBike #GrabCar #Uudaisaumoichuyenxe #Uudaidiemden<\/span><\/p>\n","protected":false},"excerpt":{"rendered":"&nbsp; \u2728 \u0110\u1eb7t xe l\u00e0 c\u00f3 \u201cqu\u00e0\u201d, nh\u1eadn li\u1ec1n sau m\u1ed7i chuy\u1ebfn \u2728 \u0110\u00f3n h\u00e8 ph\u01a1i ph\u1edbi, \u0111\u1eb7t GrabBike, GrabCar \u0111i \u0111\u00e2u c\u0169ng tho\u1ea3i m\u00e1i, ti\u1ec7n l\u1ee3i l\u1ea1i nh\u1eadn \u0111\u01b0\u1ee3c nhi\u1ec1u \u01b0u \u0111\u00e3i t\u1eeb GrabFood, GrabMart, V\u00ed Moca v\u00e0 c\u00e1c \u0111\u1ed1i t\u00e1c c\u1ee7a Grab sau m\u1ed7i chuy\u1ebfn xe: \ufe0f\ud83c\udf8a C\u1ee9 k\u1ebft th\u00fac m\u1ed9t chuy\u1ebfn GrabBike [&hellip;]","protected":false},"author":1336,"featured_media":0,"parent":0,"menu_order":0,"comment_status":"closed","ping_status":"closed","template":"","meta":{"_acf_changed":false,"footnotes":""},"acf":[],"_links":{"self":[{"href":"https:\/\/www.grab.com\/vn\/wp-json\/wp\/v2\/pages\/121413"}],"collection":[{"href":"https:\/\/www.grab.com\/vn\/wp-json\/wp\/v2\/pages"}],"about":[{"href":"https:\/\/www.grab.com\/vn\/wp-json\/wp\/v2\/types\/page"}],"author":[{"embeddable":true,"href":"https:\/\/www.grab.com\/vn\/wp-json\/wp\/v2\/users\/1336"}],"replies":[{"embeddable":true,"href":"https:\/\/www.grab.com\/vn\/wp-json\/wp\/v2\/comments?post=121413"}],"version-history":[{"count":6,"href":"https:\/\/www.grab.com\/vn\/wp-json\/wp\/v2\/pages\/121413\/revisions"}],"predecessor-version":[{"id":121432,"href":"https:\/\/www.grab.com\/vn\/wp-json\/wp\/v2\/pages\/121413\/revisions\/121432"}],"wp:attachment":[{"href":"https:\/\/www.grab.com\/vn\/wp-json\/wp\/v2\/media?parent=121413"}],"curies":[{"name":"wp","href":"https:\/\/api.w.org\/{rel}","templated":true}]}}